{"id":1565,"date":"2025-12-01T08:32:03","date_gmt":"2025-12-01T11:32:03","guid":{"rendered":"https:\/\/clientehostix.com.br\/pharmacosmeticos\/?post_type=product&#038;p=1565"},"modified":"2025-12-12T14:28:17","modified_gmt":"2025-12-12T17:28:17","slug":"locao-hidratante-corporal-doux-buriti-e-amendoas","status":"publish","type":"product","link":"https:\/\/clientehostix.com.br\/pharmacosmeticos\/produto\/locao-hidratante-corporal-doux-buriti-e-amendoas\/","title":{"rendered":"LO\u00c7\u00c3O HIDRATANTE CORPORAL DOUX"},"content":{"rendered":"<p><b>VOLUME:<\/b><span style=\"font-weight: 400;\"> 200ml\u00a0<\/span><\/p>\n<p><b>PESO L\u00cdQUIDO:<\/b><span style=\"font-weight: 400;\"> 200g\u00a0<\/span><\/p>\n<p><b>PESO BRUTO:<\/b><span style=\"font-weight: 400;\"> 220g\u00a0<\/span><\/p>\n<p><b>PESO DA CAIXA (VAZIA): <\/b><span style=\"font-weight: 400;\">105g\u00a0<\/span><\/p>\n<p><b>MEDIDAS DA CAIXA: <\/b><span style=\"font-weight: 400;\">27cm (C) x 14cm (L) 10,5 cm (A)\u00a0<\/span><\/p>\n<p><b>BENEF\u00cdCIOS:<\/b><span style=\"font-weight: 400;\">\u00a0<\/span><\/p>\n<ul>\n<li style=\"font-weight: 400;\" aria-level=\"1\"><span style=\"font-weight: 400;\">Pele macia e perfumada<\/span><\/li>\n<li style=\"font-weight: 400;\" aria-level=\"1\"><span style=\"font-weight: 400;\">Hidrata\u00e7\u00e3o intensa<\/span><\/li>\n<\/ul>\n<p>&nbsp;<\/p>\n<p><b>PRA QUEM \u00c9 INDICADO:<\/b><span style=\"font-weight: 400;\"> Pessoas que queiram hidratar e perfumar suavemente a pele.<\/span><\/p>\n<p><b>MODO DE USAR:<\/b><span style=\"font-weight: 400;\"> Aplicar em todo o corpo.<\/span><\/p>\n<p><b>ADVERT\u00caNCIAS: <\/b><span style=\"font-weight: 400;\">Uso externo. Manter fora do alcance das crian\u00e7as. N\u00e3o aplicar em mucosas. Havendo irrita\u00e7\u00e3o suspenda o uso e procure orienta\u00e7\u00e3o m\u00e9dica.<\/span><\/p>\n<p><b>COMPOSI\u00c7\u00c3O (BURITI E AM\u00caNDOAS): <\/b><span style=\"font-weight: 400;\">AQUA, CETEARYL ALCOHOL, PARAFFINUM LIQUIDUM, CETEARETH-20, GLYCERIN, COCOS NUCIFERA OIL, PARFUM (ALPHA-ISOMETHYL IONONE, BUTYLPHENYL METHYLPROPIONAL, CITRONELLOL, GERANIOL, HEXYL CINNAMAL, LIMONENE, LINALOOL), PRUNUS AMYGDALUS DULCIS OIL, TRIETHANOLAMINE, MAURITIA FLEXUOSA FRUIT OIL, CARBOMER, DISODIUM EDTA, PROPYLPARABEN, METHYLCHLOROISO- THIAZOLINONE \/\u00a0 METHYLISOTHIAZOLINONE.<\/span><\/p>\n<p><b>COMPOSI\u00c7\u00c3O (\u00d3LEO DE COCO E CH\u00c1 VERDE): <\/b><span style=\"font-weight: 400;\">AQUA, CETEARYL ALCOHOL, PARAFFINUM LIQUIDUM, CETEARETH-20, GLYCERIN, COCOS NUCIFERA OIL, PARFUM (ALPHA-ISOMETHYL IONONE, BENZYL SALICYLATE, BUTYLPHENYL METHYLPROPIONAL, CITRONELLOL, COUMARIN, HYDROXYCITRONELLAL, HYDROXYISOHEXYL 3- CYCLOHEXENE CARBOXALDEHYDE, LIMONENE), TRIETHANOLAMINE, CAMELLIA SINENSIS LEAF EXTRACT, CARBOMER, DISODIUM EDTA, PROPYLPARABEN, METHYLCHLOROISO- THIAZOLINONE \/\u00a0 METHYLISOTHIAZOLINONE.<\/span><\/p>\n","protected":false},"excerpt":{"rendered":"<p><span style=\"font-weight: 400;\">A Lo\u00e7\u00e3o Hidratante Doux foi desenvolvida para todos os tipos de pele a fim de deixar a pele aveludada, macia e perfumada. Sua f\u00f3rmula foi especialmente desenvolvida para reduzir a aspereza da pele, hidratar e ajudar a manter a sua camada protetora natural.<\/span><\/p>\n","protected":false},"featured_media":1566,"comment_status":"open","ping_status":"closed","template":"","meta":{"_monsterinsights_skip_tracking":false,"_monsterinsights_sitenote_active":false,"_monsterinsights_sitenote_note":"","_monsterinsights_sitenote_category":0},"product_brand":[],"product_cat":[46,47,36],"product_tag":[],"class_list":{"0":"post-1565","1":"product","2":"type-product","3":"status-publish","4":"has-post-thumbnail","6":"product_cat-protecao","7":"product_cat-tratamento","8":"product_cat-cosmeticos","10":"first","11":"instock","12":"taxable","13":"shipping-taxable","14":"purchasable","15":"product-type-simple"},"_links":{"self":[{"href":"https:\/\/clientehostix.com.br\/pharmacosmeticos\/wp-json\/wp\/v2\/product\/1565","targetHints":{"allow":["GET"]}}],"collection":[{"href":"https:\/\/clientehostix.com.br\/pharmacosmeticos\/wp-json\/wp\/v2\/product"}],"about":[{"href":"https:\/\/clientehostix.com.br\/pharmacosmeticos\/wp-json\/wp\/v2\/types\/product"}],"replies":[{"embeddable":true,"href":"https:\/\/clientehostix.com.br\/pharmacosmeticos\/wp-json\/wp\/v2\/comments?post=1565"}],"wp:featuredmedia":[{"embeddable":true,"href":"https:\/\/clientehostix.com.br\/pharmacosmeticos\/wp-json\/wp\/v2\/media\/1566"}],"wp:attachment":[{"href":"https:\/\/clientehostix.com.br\/pharmacosmeticos\/wp-json\/wp\/v2\/media?parent=1565"}],"wp:term":[{"taxonomy":"product_brand","embeddable":true,"href":"https:\/\/clientehostix.com.br\/pharmacosmeticos\/wp-json\/wp\/v2\/product_brand?post=1565"},{"taxonomy":"product_cat","embeddable":true,"href":"https:\/\/clientehostix.com.br\/pharmacosmeticos\/wp-json\/wp\/v2\/product_cat?post=1565"},{"taxonomy":"product_tag","embeddable":true,"href":"https:\/\/clientehostix.com.br\/pharmacosmeticos\/wp-json\/wp\/v2\/product_tag?post=1565"}],"curies":[{"name":"wp","href":"https:\/\/api.w.org\/{rel}","templated":true}]}}