{"id":1542,"date":"2025-11-28T14:49:41","date_gmt":"2025-11-28T17:49:41","guid":{"rendered":"https:\/\/clientehostix.com.br\/pharmacosmeticos\/?post_type=product&#038;p=1542"},"modified":"2025-12-04T14:33:22","modified_gmt":"2025-12-04T17:33:22","slug":"reparador-de-pontas-nutry-bambu","status":"publish","type":"product","link":"https:\/\/clientehostix.com.br\/pharmacosmeticos\/produto\/reparador-de-pontas-nutry-bambu\/","title":{"rendered":"REPARADOR DE PONTAS NUTRY BAMBU"},"content":{"rendered":"<p><b>PESO L\u00cdQUIDO:<\/b><span style=\"font-weight: 400;\"> 30g \/ 360g<\/span><\/p>\n<p><b>PESO BRUTO:<\/b><span style=\"font-weight: 400;\"> 50g \/ 630g<\/span><\/p>\n<p><b>PESO DA CAIXA (VAZIA): <\/b><span style=\"font-weight: 400;\">105g\u00a0<\/span><\/p>\n<p><b>MEDIDAS DA CAIXA: <\/b><span style=\"font-weight: 400;\">27cm (C) x 14cm (L) 10,5 cm (A)\u00a0<\/span><\/p>\n<p>&nbsp;<\/p>\n<p><b>PRA QUEM \u00c9 INDICADO:<\/b><span style=\"font-weight: 400;\"> Adultos.\u00a0<\/span><\/p>\n<p><b>MODO DE USAR:<\/b><span style=\"font-weight: 400;\"> Aplique algumas gotas na palma da m\u00e3o fazendo uma massagem nas pontas dos cabelos.<\/span><\/p>\n<p>&nbsp;<\/p>\n<p><b>ADVERT\u00caNCIAS: <\/b><span style=\"font-weight: 400;\">Manter fora do alcance das crian\u00e7as. Evitar contato com os olhos. Em caso acidental com os olhos, enxaguar abundantemente. Uso externo. Conservar ao abrigo da luz e do calor.<\/span><\/p>\n<p><b>COMPOSI\u00c7\u00c3O (BAMBU): <\/b><span style=\"font-weight: 400;\">PARAFFINUM LIQUIDUM, HYDROGENATED BUTYLENE\/ ETHYLENE\/STYRENE COPOLYMER, HYDROGENATED ETHYLENE\/ PROPYLENE\/ STYRENE COPOLYMER, PARAFFINUM LIQUIDUM, PARFUM (BENZYL SALICYLATE, BUTYLPHENYL METHYLPROPIONAL, HYDROXYISOHEXYL 3-CYCLOHEXENE CARBOX- ALDEHYDE), BAMBUSA VULGARIS SHOOT EXTRACT.\u00a0<\/span><\/p>\n<p><b>COMPOSI\u00c7\u00c3O (CERAMIDAS): <\/b><span style=\"font-weight: 400;\">PARAFFINUM LIQUIDUM, HYDROGENATED BUTYLENE\/ETHYLENE\/STYRENE COPOLYMER, HYDROGENATED ETHYLENE\/ PROPYLENE\/STYRENE COPOLYMER, PARAFFINUM LIQUIDUM, PARFUM (BENZYL SALICYLATE, BUTYLPHENYL METHYLPROPIONAL, HYDROXYISOHEXYL 3-CYCLOHEXENE CARBOXALDEHYDE), CERAMIDE 3.<\/span><\/p>\n<p><b>COMPOSI\u00c7\u00c3O (TRADICIONAL): <\/b><span style=\"font-weight: 400;\">PARAFFINUM LIQUIDUM, HYDROGENATED BUTYLENE\/ ETHYLENE\/STYRENE COPOLYMER, HYDROGENATED ETHYLENE\/PROPYLENE\/ STYRENE COPOLYMER, PARAFFINUM LIQUIDUM, PARFUM (BENZYL SALICYLATE, BUTYLPHENYL METHYLPROPIONAL, HYDROXYISOHEXYL 3-CYCLOHEXENE CARBOXALDEHYDE).<\/span><\/p>\n","protected":false},"excerpt":{"rendered":"<p><span style=\"font-weight: 400;\">O Reparador de Pontas Nutry forma uma pel\u00edcula protetora em volta dos fios do cabelo, evitando a forma\u00e7\u00e3o de pontas duplas. Al\u00e9m disso, devolve brilho e maciez aos cabelos.<\/span><\/p>\n","protected":false},"featured_media":1543,"comment_status":"open","ping_status":"closed","template":"","meta":{"_monsterinsights_skip_tracking":false,"_monsterinsights_sitenote_active":false,"_monsterinsights_sitenote_note":"","_monsterinsights_sitenote_category":0},"product_brand":[],"product_cat":[41,46,47,37,36],"product_tag":[],"class_list":{"0":"post-1542","1":"product","2":"type-product","3":"status-publish","4":"has-post-thumbnail","6":"product_cat-cabelos","7":"product_cat-protecao","8":"product_cat-tratamento","9":"product_cat-cuidados-diario","10":"product_cat-cosmeticos","12":"first","13":"instock","14":"taxable","15":"shipping-taxable","16":"purchasable","17":"product-type-simple"},"_links":{"self":[{"href":"https:\/\/clientehostix.com.br\/pharmacosmeticos\/wp-json\/wp\/v2\/product\/1542","targetHints":{"allow":["GET"]}}],"collection":[{"href":"https:\/\/clientehostix.com.br\/pharmacosmeticos\/wp-json\/wp\/v2\/product"}],"about":[{"href":"https:\/\/clientehostix.com.br\/pharmacosmeticos\/wp-json\/wp\/v2\/types\/product"}],"replies":[{"embeddable":true,"href":"https:\/\/clientehostix.com.br\/pharmacosmeticos\/wp-json\/wp\/v2\/comments?post=1542"}],"wp:featuredmedia":[{"embeddable":true,"href":"https:\/\/clientehostix.com.br\/pharmacosmeticos\/wp-json\/wp\/v2\/media\/1543"}],"wp:attachment":[{"href":"https:\/\/clientehostix.com.br\/pharmacosmeticos\/wp-json\/wp\/v2\/media?parent=1542"}],"wp:term":[{"taxonomy":"product_brand","embeddable":true,"href":"https:\/\/clientehostix.com.br\/pharmacosmeticos\/wp-json\/wp\/v2\/product_brand?post=1542"},{"taxonomy":"product_cat","embeddable":true,"href":"https:\/\/clientehostix.com.br\/pharmacosmeticos\/wp-json\/wp\/v2\/product_cat?post=1542"},{"taxonomy":"product_tag","embeddable":true,"href":"https:\/\/clientehostix.com.br\/pharmacosmeticos\/wp-json\/wp\/v2\/product_tag?post=1542"}],"curies":[{"name":"wp","href":"https:\/\/api.w.org\/{rel}","templated":true}]}}