{"id":1536,"date":"2025-11-28T14:25:58","date_gmt":"2025-11-28T17:25:58","guid":{"rendered":"https:\/\/clientehostix.com.br\/pharmacosmeticos\/?post_type=product&#038;p=1536"},"modified":"2025-12-17T15:22:37","modified_gmt":"2025-12-17T18:22:37","slug":"sabonete-liquido-com-colageno-erva-doce","status":"publish","type":"product","link":"https:\/\/clientehostix.com.br\/pharmacosmeticos\/produto\/sabonete-liquido-com-colageno-erva-doce\/","title":{"rendered":"SABONETE L\u00cdQUIDO COM COL\u00c1GENO ERVA-DOCE"},"content":{"rendered":"<p><b>VOLUME:<\/b><span style=\"font-weight: 400;\"> 500ml\u00a0<\/span><\/p>\n<p><b>PESO L\u00cdQUIDO:<\/b><span style=\"font-weight: 400;\"> 500g\u00a0<\/span><\/p>\n<p><b>PESO BRUTO:<\/b><span style=\"font-weight: 400;\"> 580g\u00a0<\/span><\/p>\n<p><b>PESO DA CAIXA (VAZIA): <\/b><span style=\"font-weight: 400;\">105g\u00a0<\/span><\/p>\n<p><b>MEDIDAS DA CAIXA: <\/b><span style=\"font-weight: 400;\">27cm (C) x 14cm (L) 10,5 cm (A)\u00a0<\/span><\/p>\n<p><b>BENEF\u00cdCIOS:<\/b><span style=\"font-weight: 400;\">\u00a0<\/span><\/p>\n<ul>\n<li style=\"font-weight: 400;\" aria-level=\"1\"><span style=\"font-weight: 400;\">Limpa a pele e remove as impurezas<\/span><\/li>\n<li style=\"font-weight: 400;\" aria-level=\"1\"><span style=\"font-weight: 400;\">N\u00e3o resseca a pele<\/span><\/li>\n<li style=\"font-weight: 400;\" aria-level=\"1\"><span style=\"font-weight: 400;\">A\u00e7\u00e3o hidratante<\/span><\/li>\n<\/ul>\n<p><b>COT\u00c9M:<\/b><span style=\"font-weight: 400;\">\u00a0<\/span><\/p>\n<ul>\n<li style=\"font-weight: 400;\" aria-level=\"1\"><span style=\"font-weight: 400;\">Col\u00e1geno<\/span><\/li>\n<\/ul>\n<p>&nbsp;<\/p>\n<p><b>PRA QUEM \u00c9 INDICADO:<\/b><span style=\"font-weight: 400;\"> Pessoas que querem um sabonete l\u00edquido cremoso, que limpa a pele sem ressecar e com fragr\u00e2ncia agrad\u00e1vel.<\/span><\/p>\n<p><b>MODO DE USAR:<\/b><span style=\"font-weight: 400;\"> Aplique uma por\u00e7\u00e3o de sabonete na palma da m\u00e3o e aplique sobre a pele previamente molhada, massageando-a suavemente. Enx\u00e1gue em seguida.<\/span><\/p>\n<p><b>ADVERT\u00caNCIAS:<\/b><span style=\"font-weight: 400;\"> Uso externo. N\u00e3o ingerir. Caso haja contato com os olhos e\/ou mucosas, lave-os abundantemente. Se houver irrita\u00e7\u00e3o, suspenda o uso imediatamente e procure orienta\u00e7\u00e3o m\u00e9dica. Mantenha fora do alcance das crian\u00e7as.<\/span><\/p>\n<p><b>COMPOSI\u00c7\u00c3O (BAUNILHA):<\/b><span style=\"font-weight: 400;\"> AQUA, SODIUM LAURETH SULFATE, COCAMIDOPROPYL BETAINE, COCAMIDE DEA, SODIUM CHLORIDE, AQUA \/ STYRENE \/ ACRYLATES COPOLYMER, COLLAGEN, PARFUM (BENZYL SALICYLATE), CI 19140, DISODIUM EDTA, METHYLCHLOROISOTHIAZOLINONE \/ METHYLISOTHIAZOLINONE, CI 42090 \/ CI 19140 \/ CI 16255.<\/span><\/p>\n<p><b>COMPOSI\u00c7\u00c3O (ERVA-DOCE):<\/b><span style=\"font-weight: 400;\"> AQUA, SODIUM LAURETH SULFATE, COCAMIDOPROPYL BETAINE, COCAMIDE DEA, SODIUM CHLORIDE, PARFUM (AMYL CINNAMAL, LINALOOL), AQUA \/ STYRENE \/ ACRYLATES COPOLYMER, COLLAGEN, CI 19140, DISODIUM EDTA, METHYLCHLOROISOTHIAZOLINONE \/ METHYLISOTHIAZOLINONE, CI 42090.<\/span><\/p>\n<p><b>COMPOSI\u00c7\u00c3O (FRUTAS VERMELHAS):<\/b><span style=\"font-weight: 400;\"> AQUA, SODIUM LAURETH SULFATE, COCAMIDOPROPYL BETAINE, COCAMIDE DEA, SODIUM CHLORIDE, AQUA \/ STYRENE \/ ACRYLATES COPOLYMER, COLLAGEN, PARFUM, CI 16185, DISODIUM EDTA, METHYLCHLOROISOTHIAZOLINONE \/ METHYLISOTHIAZOLINONE.<\/span><\/p>\n<p><b>COMPOSI\u00c7\u00c3O (LAVANDA):<\/b><span style=\"font-weight: 400;\"> AQUA, SODIUM LAURETH SULFATE, COCAMIDOPROPYL BETAINE, COCAMIDE DEA, SODIUM CHLORIDE, PARFUM (GERANIOL, LINALOOL, COUMARIN), AQUA \/ STYRENE \/ ACRYLATES COPOLYMER, COLLAGEN, DISODIUM EDTA, METHYLCHLOROISOTHIAZOLINONE \/ METHYLISOTHIAZOLINONE, CI 15850, CI 42090.<\/span><\/p>\n<p><b>COMPOSI\u00c7\u00c3O (MA\u00c7\u00c3 VERDE):<\/b><span style=\"font-weight: 400;\"> AQUA, SODIUM LAURETH SULFATE, COCAMIDOPROPYL BETAINE, COCAMIDE DEA, SODIUM CHLORIDE, PARFUM, AQUA \/ STYRENE \/ ACRYLATES COPOLYMER, COLLAGEN, CI 19140, DISODIUM EDTA, METHYLCHLOROISOTHIAZOLINONE \/ METHYLISOTHIAZOLINONE, CI 42090.<\/span><\/p>\n","protected":false},"excerpt":{"rendered":"<p><span style=\"font-weight: 400;\">Formulado com agentes de limpeza suaves que limpam e removem as impurezas da pele sem ressecar. Cont\u00e9m col\u00e1geno que possui a\u00e7\u00e3o hidratante, promovendo sedosidade e maciez. Pode ser utilizado para lavar as m\u00e3os ou no banho proporcionando um delicioso perfume.<\/span><\/p>\n","protected":false},"featured_media":1632,"comment_status":"open","ping_status":"closed","template":"","meta":{"_monsterinsights_skip_tracking":false,"_monsterinsights_sitenote_active":false,"_monsterinsights_sitenote_note":"","_monsterinsights_sitenote_category":0},"product_brand":[],"product_cat":[46,47,37,36],"product_tag":[85],"class_list":{"0":"post-1536","1":"product","2":"type-product","3":"status-publish","4":"has-post-thumbnail","6":"product_cat-protecao","7":"product_cat-tratamento","8":"product_cat-cuidados-diario","9":"product_cat-cosmeticos","10":"product_tag-sabonete-liquido","12":"first","13":"instock","14":"taxable","15":"shipping-taxable","16":"purchasable","17":"product-type-simple"},"_links":{"self":[{"href":"https:\/\/clientehostix.com.br\/pharmacosmeticos\/wp-json\/wp\/v2\/product\/1536","targetHints":{"allow":["GET"]}}],"collection":[{"href":"https:\/\/clientehostix.com.br\/pharmacosmeticos\/wp-json\/wp\/v2\/product"}],"about":[{"href":"https:\/\/clientehostix.com.br\/pharmacosmeticos\/wp-json\/wp\/v2\/types\/product"}],"replies":[{"embeddable":true,"href":"https:\/\/clientehostix.com.br\/pharmacosmeticos\/wp-json\/wp\/v2\/comments?post=1536"}],"wp:featuredmedia":[{"embeddable":true,"href":"https:\/\/clientehostix.com.br\/pharmacosmeticos\/wp-json\/wp\/v2\/media\/1632"}],"wp:attachment":[{"href":"https:\/\/clientehostix.com.br\/pharmacosmeticos\/wp-json\/wp\/v2\/media?parent=1536"}],"wp:term":[{"taxonomy":"product_brand","embeddable":true,"href":"https:\/\/clientehostix.com.br\/pharmacosmeticos\/wp-json\/wp\/v2\/product_brand?post=1536"},{"taxonomy":"product_cat","embeddable":true,"href":"https:\/\/clientehostix.com.br\/pharmacosmeticos\/wp-json\/wp\/v2\/product_cat?post=1536"},{"taxonomy":"product_tag","embeddable":true,"href":"https:\/\/clientehostix.com.br\/pharmacosmeticos\/wp-json\/wp\/v2\/product_tag?post=1536"}],"curies":[{"name":"wp","href":"https:\/\/api.w.org\/{rel}","templated":true}]}}