{"id":1526,"date":"2025-11-28T11:59:21","date_gmt":"2025-11-28T14:59:21","guid":{"rendered":"https:\/\/clientehostix.com.br\/pharmacosmeticos\/?post_type=product&#038;p=1526"},"modified":"2025-12-17T15:15:39","modified_gmt":"2025-12-17T18:15:39","slug":"talco-cheirinho-kids-180g","status":"publish","type":"product","link":"https:\/\/clientehostix.com.br\/pharmacosmeticos\/produto\/talco-cheirinho-kids-180g\/","title":{"rendered":"TALCO CHEIRINHO KIDS -180g"},"content":{"rendered":"<p><b>PESO L\u00cdQUIDO:<\/b><span style=\"font-weight: 400;\"> 180g<\/span><\/p>\n<p><b>PESO BRUTO:<\/b><span style=\"font-weight: 400;\"> 245g<\/span><\/p>\n<p><b>PESO DA CAIXA (VAZIA): <\/b><span style=\"font-weight: 400;\">105g\u00a0<\/span><\/p>\n<p><b>MEDIDAS DA CAIXA: <\/b><span style=\"font-weight: 400;\">27cm (C) x 14cm (L) 10,5 cm (A)\u00a0<\/span><\/p>\n<p><span style=\"font-weight: 400;\">\u00a0<\/span><\/p>\n<p><b>PRA QUEM \u00c9 INDICADO:<\/b><span style=\"font-weight: 400;\"> Crian\u00e7as.\u00a0<\/span><\/p>\n<p><b>MODO DE USAR:<\/b><span style=\"font-weight: 400;\"> Coloque o talco em sua m\u00e3o e espalhe sobre a pele limpa e seca. Use depois do banho e a cada troca de fraldas.<\/span><\/p>\n<p><b>ADVERT\u00caNCIAS: <\/b><span style=\"font-weight: 400;\">Deve ser aplicado exclusivamente por adulto. Manter fora do alcance das crian\u00e7as. Proteger olhos, nariz e boca da crian\u00e7a durante a aplica\u00e7\u00e3o. Manter o p\u00f3 afastado do nariz e da boca da crian\u00e7a. Evitar inala\u00e7\u00e3o do produto. N\u00e3o usar na pele irritada ou lesionada. Em caso de irrita\u00e7\u00e3o, suspender o uso e procurar um m\u00e9dico. Uso externo. Conservar o produto em lugar seco e fresco.<\/span><\/p>\n<p><b>COMPOSI\u00c7\u00c3O: <\/b><span style=\"font-weight: 400;\">TALC, PARFUM (ALPHA-ISOMETHYL IONONE, BUTYLPHENYL METHYLPROPIONAL, CITRAL, CITRONELLOL, COUMARIN, HYDROXYCITRONELLAL, LIMONENE, LINALOOL), METHYLCHLOROISOTHIAZOLINONE\/ METHYLISOTHIAZOLINONE.<\/span><\/p>\n","protected":false},"excerpt":{"rendered":"<p><span style=\"font-weight: 400;\">O Talco Cheirinho Kids Pharma possui textura suave e deixa a pele do beb\u00ea delicadamente perfumada, macia e protegida contra umidade. Dermatologicamente testado, ajuda a prevenir irrita\u00e7\u00f5es e proporciona uma agrad\u00e1vel sensa\u00e7\u00e3o de relaxamento.\u00a0<\/span><\/p>\n","protected":false},"featured_media":1527,"comment_status":"open","ping_status":"closed","template":"","meta":{"_monsterinsights_skip_tracking":false,"_monsterinsights_sitenote_active":false,"_monsterinsights_sitenote_note":"","_monsterinsights_sitenote_category":0},"product_brand":[],"product_cat":[32,46,37,36],"product_tag":[83],"class_list":{"0":"post-1526","1":"product","2":"type-product","3":"status-publish","4":"has-post-thumbnail","6":"product_cat-kids","7":"product_cat-protecao","8":"product_cat-cuidados-diario","9":"product_cat-cosmeticos","10":"product_tag-talcos","12":"first","13":"instock","14":"taxable","15":"shipping-taxable","16":"purchasable","17":"product-type-simple"},"_links":{"self":[{"href":"https:\/\/clientehostix.com.br\/pharmacosmeticos\/wp-json\/wp\/v2\/product\/1526","targetHints":{"allow":["GET"]}}],"collection":[{"href":"https:\/\/clientehostix.com.br\/pharmacosmeticos\/wp-json\/wp\/v2\/product"}],"about":[{"href":"https:\/\/clientehostix.com.br\/pharmacosmeticos\/wp-json\/wp\/v2\/types\/product"}],"replies":[{"embeddable":true,"href":"https:\/\/clientehostix.com.br\/pharmacosmeticos\/wp-json\/wp\/v2\/comments?post=1526"}],"wp:featuredmedia":[{"embeddable":true,"href":"https:\/\/clientehostix.com.br\/pharmacosmeticos\/wp-json\/wp\/v2\/media\/1527"}],"wp:attachment":[{"href":"https:\/\/clientehostix.com.br\/pharmacosmeticos\/wp-json\/wp\/v2\/media?parent=1526"}],"wp:term":[{"taxonomy":"product_brand","embeddable":true,"href":"https:\/\/clientehostix.com.br\/pharmacosmeticos\/wp-json\/wp\/v2\/product_brand?post=1526"},{"taxonomy":"product_cat","embeddable":true,"href":"https:\/\/clientehostix.com.br\/pharmacosmeticos\/wp-json\/wp\/v2\/product_cat?post=1526"},{"taxonomy":"product_tag","embeddable":true,"href":"https:\/\/clientehostix.com.br\/pharmacosmeticos\/wp-json\/wp\/v2\/product_tag?post=1526"}],"curies":[{"name":"wp","href":"https:\/\/api.w.org\/{rel}","templated":true}]}}