{"id":1486,"date":"2025-11-26T09:40:28","date_gmt":"2025-11-26T12:40:28","guid":{"rendered":"https:\/\/clientehostix.com.br\/pharmacosmeticos\/?post_type=product&#038;p=1486"},"modified":"2025-12-09T10:58:56","modified_gmt":"2025-12-09T13:58:56","slug":"perfume-ametista-zilu-godoi-50ml","status":"publish","type":"product","link":"https:\/\/clientehostix.com.br\/pharmacosmeticos\/produto\/perfume-ametista-zilu-godoi-50ml\/","title":{"rendered":"PERFUME AMETISTA ZIL\u00da GODOI &#8211; 50ml"},"content":{"rendered":"<p><b>PESO L\u00cdQUIDO:<\/b><span style=\"font-weight: 400;\"> 50g \/ 100g<\/span><\/p>\n<p><b>PESO BRUTO:<\/b><span style=\"font-weight: 400;\"> 80g \/ 130g<\/span><\/p>\n<p><b>PESO DA CAIXA (VAZIA): <\/b><span style=\"font-weight: 400;\">105g\u00a0<\/span><\/p>\n<p><b>MEDIDAS DA CAIXA: <\/b><span style=\"font-weight: 400;\">27cm (C) x 14cm (L) 10,5 cm (A)\u00a0<\/span><\/p>\n<p>&nbsp;<\/p>\n<p><b>Notas olfativas:<\/b><\/p>\n<p><span style=\"font-weight: 400;\">As NOTAS DE CABE\u00c7A ou TOPO s\u00e3o as primeiras impress\u00f5es do perfume, que duram cerca de tr\u00eas minutos para evaporarem.<\/span><\/p>\n<p><span style=\"font-weight: 400;\">Nota de cabe\u00e7a \/ topo: Bergamota e Laranja.<\/span><\/p>\n<p><span style=\"font-weight: 400;\">As NOTAS DE CORA\u00c7\u00c3O ou CORPO entregam o verdadeiro aroma do perfume, que se mant\u00eam vivas na pele por horas.<\/span><\/p>\n<p><span style=\"font-weight: 400;\">Notas de cora\u00e7\u00e3o \/ corpo: Jasmim, Rosa e Lichia.<\/span><\/p>\n<p><span style=\"font-weight: 400;\">Finalmente, surgem as NOTAS DE FUNDO, que podem durar at\u00e9 24 horas.<\/span><\/p>\n<p><span style=\"font-weight: 400;\">Notas de fundo: Baunilha, Patchouli, Vetiver e Musk.<\/span><\/p>\n<p><span style=\"font-weight: 400;\">Fam\u00edlia Olfativa: Floral, Oriental.<\/span><\/p>\n<p><span style=\"font-weight: 400;\">Estilo: Moderna e elegante.<\/span><\/p>\n<p>&nbsp;<\/p>\n<p><b>PRA QUEM \u00c9 INDICADO:<\/b><span style=\"font-weight: 400;\"> Pessoas que querem um perfume t\u00e3o bom e marcante quanto os perfumes importados, com fragr\u00e2ncia muito parecida e de longa dura\u00e7\u00e3o, mas por um pre\u00e7o muito mais acess\u00edvel.<\/span><\/p>\n<p><b>MODO DE USAR:<\/b><span style=\"font-weight: 400;\"> Aplique suavemente sobre a pele na regi\u00e3o que deseja perfumar. Prefira as \u00e1reas de maior circula\u00e7\u00e3o sangu\u00ednea e menor transpira\u00e7\u00e3o, como nuca, pulsos e atr\u00e1s das orelhas, que auxiliam na ativa\u00e7\u00e3o da fragr\u00e2ncia.<\/span><\/p>\n<p><b>ADVERT\u00caNCIAS:<\/b><span style=\"font-weight: 400;\"> Uso externo. Em caso de irrita\u00e7\u00e3o, suspenda o uso e procure orienta\u00e7\u00e3o m\u00e9dica. Mantenha fora do alcance de crian\u00e7as, ao abrigo da luz e longe do calor excessivo. Em caso de contato com os olhos, lave-os com \u00e1gua em abund\u00e2ncia. N\u00e3o aplique sobre a pele irritada ou lesionada. Produto inflam\u00e1vel.<\/span><\/p>\n<p><b>COMPOSI\u00c7\u00c3O:<\/b><span style=\"font-weight: 400;\"> ALCOHOL, PARFUM (BENZYL ALCOHOL, BENZYL SALICYLATE, BUTHYLPHENYL METHYLPROPIONAL, CITRONELLOL, COUMARIN, GERANIOL, HEXYL CINNAMAL, HYDROXYCITRONELLAL, HYDROXYISOHEXYL 3-CYCLOHEXENE CARBOXALDEHYDE, LINALOOL), PROPYLENE GLYCOL, BENZOTRIAZOLYL DODECYL P-CRESOL.<\/span><\/p>\n","protected":false},"excerpt":{"rendered":"<p><span style=\"font-weight: 400;\">O Perfume Ametista foi desenvolvido inspirado em um dos perfumes preferidos da Zil\u00fa Godoi, o Coco Mademoiselle da marca Chanel.<\/span><\/p>\n<p><span style=\"font-weight: 400;\">Sua refer\u00eancia olfativa se assemelha ao perfume Coco Mademoiselle, mas n\u00e3o significa que a mesma seja id\u00eantica \u00e0 refer\u00eancia.<\/span><\/p>\n<p><span style=\"font-weight: 400;\">O perfume Ametista Zil\u00fa Godoi \u00e9 produzido com fragr\u00e2ncia de alta qualidade, que promove longa fixa\u00e7\u00e3o.<\/span><\/p>\n<p><span style=\"font-weight: 400;\">A fragr\u00e2ncia do perfume Eau de Parfum Ametista For Women Zil\u00fa Godoi \u00e9 empolgante, poderosa e sensual. \u00c9 ideal para mulheres audaciosas, livres e independentes, que batalham para alcan\u00e7ar seus objetivos a todo custo, dando sempre o melhor de si e deixando transparecer seu poder e sua personalidade.<\/span><\/p>\n<p><span style=\"font-weight: 400;\">Sua presen\u00e7a tem o dom de marcar qualquer evento com a imagem de uma mulher audaciosa, sexy, elegante e poderosa.<\/span><\/p>\n","protected":false},"featured_media":1508,"comment_status":"open","ping_status":"closed","template":"","meta":{"_monsterinsights_skip_tracking":false,"_monsterinsights_sitenote_active":false,"_monsterinsights_sitenote_note":"","_monsterinsights_sitenote_category":0},"product_brand":[],"product_cat":[36],"product_tag":[],"class_list":{"0":"post-1486","1":"product","2":"type-product","3":"status-publish","4":"has-post-thumbnail","6":"product_cat-cosmeticos","8":"first","9":"instock","10":"taxable","11":"shipping-taxable","12":"purchasable","13":"product-type-simple"},"_links":{"self":[{"href":"https:\/\/clientehostix.com.br\/pharmacosmeticos\/wp-json\/wp\/v2\/product\/1486","targetHints":{"allow":["GET"]}}],"collection":[{"href":"https:\/\/clientehostix.com.br\/pharmacosmeticos\/wp-json\/wp\/v2\/product"}],"about":[{"href":"https:\/\/clientehostix.com.br\/pharmacosmeticos\/wp-json\/wp\/v2\/types\/product"}],"replies":[{"embeddable":true,"href":"https:\/\/clientehostix.com.br\/pharmacosmeticos\/wp-json\/wp\/v2\/comments?post=1486"}],"wp:featuredmedia":[{"embeddable":true,"href":"https:\/\/clientehostix.com.br\/pharmacosmeticos\/wp-json\/wp\/v2\/media\/1508"}],"wp:attachment":[{"href":"https:\/\/clientehostix.com.br\/pharmacosmeticos\/wp-json\/wp\/v2\/media?parent=1486"}],"wp:term":[{"taxonomy":"product_brand","embeddable":true,"href":"https:\/\/clientehostix.com.br\/pharmacosmeticos\/wp-json\/wp\/v2\/product_brand?post=1486"},{"taxonomy":"product_cat","embeddable":true,"href":"https:\/\/clientehostix.com.br\/pharmacosmeticos\/wp-json\/wp\/v2\/product_cat?post=1486"},{"taxonomy":"product_tag","embeddable":true,"href":"https:\/\/clientehostix.com.br\/pharmacosmeticos\/wp-json\/wp\/v2\/product_tag?post=1486"}],"curies":[{"name":"wp","href":"https:\/\/api.w.org\/{rel}","templated":true}]}}