{"id":1464,"date":"2025-11-25T16:33:51","date_gmt":"2025-11-25T19:33:51","guid":{"rendered":"https:\/\/clientehostix.com.br\/pharmacosmeticos\/?post_type=product&#038;p=1464"},"modified":"2025-12-17T15:13:12","modified_gmt":"2025-12-17T18:13:12","slug":"gel-higienizador-para-maos-90g","status":"publish","type":"product","link":"https:\/\/clientehostix.com.br\/pharmacosmeticos\/produto\/gel-higienizador-para-maos-90g\/","title":{"rendered":"GEL HIGIENIZADOR PARA M\u00c3OS &#8211; 90g"},"content":{"rendered":"<p><b>PESO L\u00cdQUIDO:<\/b><span style=\"font-weight: 400;\"> 56g \/ 90g \/ 290g \/ 450g<\/span><\/p>\n<p><b>PESO BRUTO:<\/b><span style=\"font-weight: 400;\"> 70g \/ 105g \/ 330g \/ 500g\u00a0<\/span><\/p>\n<p><b>PESO DA CAIXA (VAZIA): <\/b><span style=\"font-weight: 400;\">105g\u00a0<\/span><\/p>\n<p><b>MEDIDAS DA CAIXA: <\/b><span style=\"font-weight: 400;\">27cm (C) x 14cm (L) 10,5 cm (A)\u00a0<\/span><\/p>\n<p><b>BENEF\u00cdCIOS:<\/b><span style=\"font-weight: 400;\">\u00a0<\/span><\/p>\n<ul>\n<li style=\"font-weight: 400;\" aria-level=\"1\"><span style=\"font-weight: 400;\">Ideal para ser usado no dia a dia<\/span><\/li>\n<li style=\"font-weight: 400;\" aria-level=\"1\"><span style=\"font-weight: 400;\">Higieniza\u00e7\u00e3o e assepsia das m\u00e3os<\/span><\/li>\n<li style=\"font-weight: 400;\" aria-level=\"1\"><span style=\"font-weight: 400;\">Hidrata a pele<\/span><\/li>\n<li style=\"font-weight: 400;\" aria-level=\"1\"><span style=\"font-weight: 400;\">Mant\u00e9m a pele macia e proporciona uma sensa\u00e7\u00e3o de limpeza sem ressecar<\/span><\/li>\n<\/ul>\n<p><b>COT\u00c9M:<\/b><span style=\"font-weight: 400;\">\u00a0<\/span><\/p>\n<ul>\n<li style=\"font-weight: 400;\" aria-level=\"1\"><span style=\"font-weight: 400;\">\u00c1lcool em gel 70%<\/span><\/li>\n<li style=\"font-weight: 400;\" aria-level=\"1\"><span style=\"font-weight: 400;\">Extrato de Aloe Vera<\/span><\/li>\n<\/ul>\n<p>&nbsp;<\/p>\n<p><b>PRA QUEM \u00c9 INDICADO:<\/b><span style=\"font-weight: 400;\"> Pessoas que querem complementar a higiene de suas m\u00e3os.<\/span><\/p>\n<p><b>MODO DE USAR:<\/b><span style=\"font-weight: 400;\"> Aplique uma pequena quantidade do gel nas m\u00e3os, de prefer\u00eancia previamente limpas, para obter uma maior efic\u00e1cia do produto.<\/span><\/p>\n<p><b>ADVERT\u00caNCIAS:<\/b><span style=\"font-weight: 400;\"> Este produto n\u00e3o substitui o sabonete e a lavagem com \u00e1gua. N\u00e3o utilizar em servi\u00e7os de sa\u00fade.\u00a0 N\u00c3O INGERIR. CONT\u00c9M DESNATURANTE.\u00a0 O produto cont\u00e9m como desnaturante: GLYCERIN. Evite inala\u00e7\u00e3o ou aspira\u00e7\u00e3o e o contato com os olhos. N\u00e3o reutilizar a embalagem. N\u00e3o aplicar sobre a pele irritada ou lesionada. Manter o produto longe de fonte de calor ou chama. N\u00e3o derramar sobre o fogo. N\u00e3o perfurar a tampa. Em caso de queimadura, lavar a \u00e1rea com \u00e1gua corrente. Em caso de ingest\u00e3o, n\u00e3o provocar v\u00f4mito e consultar imediatamente o Centro de Intoxica\u00e7\u00f5es ou Servi\u00e7o de Sa\u00fade mais pr\u00f3ximo.\u00a0 CEATOX 0800- 0148110.<\/span><\/p>\n<p><b>COMPOSI\u00c7\u00c3O:<\/b><span style=\"font-weight: 400;\"> ALCOHOL, AQUA, GLYCERIN, ALOE VERA BARBADENSIS EXTRACT, CARBOMER, AMINOMETHYL PROPANOL, METHYLCHLOROISOTHIAZOLINONE \/ METHYLISOTHIAZOLINONE, DENATONIUM BENZOATE.<\/span><\/p>\n","protected":false},"excerpt":{"rendered":"<p><span style=\"font-weight: 400;\">Gel Higienizador para m\u00e3os Pharma \u00e9 formulado com extrato de Aloe Vera e deve ser utilizado para completar a limpeza rotineira das m\u00e3os.<\/span><\/p>\n","protected":false},"featured_media":1522,"comment_status":"open","ping_status":"closed","template":"","meta":{"_monsterinsights_skip_tracking":false,"_monsterinsights_sitenote_active":false,"_monsterinsights_sitenote_note":"","_monsterinsights_sitenote_category":0},"product_brand":[],"product_cat":[46,36],"product_tag":[95],"class_list":{"0":"post-1464","1":"product","2":"type-product","3":"status-publish","4":"has-post-thumbnail","6":"product_cat-protecao","7":"product_cat-cosmeticos","8":"product_tag-gel-higienizador-para-maos","10":"first","11":"instock","12":"taxable","13":"shipping-taxable","14":"purchasable","15":"product-type-simple"},"_links":{"self":[{"href":"https:\/\/clientehostix.com.br\/pharmacosmeticos\/wp-json\/wp\/v2\/product\/1464","targetHints":{"allow":["GET"]}}],"collection":[{"href":"https:\/\/clientehostix.com.br\/pharmacosmeticos\/wp-json\/wp\/v2\/product"}],"about":[{"href":"https:\/\/clientehostix.com.br\/pharmacosmeticos\/wp-json\/wp\/v2\/types\/product"}],"replies":[{"embeddable":true,"href":"https:\/\/clientehostix.com.br\/pharmacosmeticos\/wp-json\/wp\/v2\/comments?post=1464"}],"wp:featuredmedia":[{"embeddable":true,"href":"https:\/\/clientehostix.com.br\/pharmacosmeticos\/wp-json\/wp\/v2\/media\/1522"}],"wp:attachment":[{"href":"https:\/\/clientehostix.com.br\/pharmacosmeticos\/wp-json\/wp\/v2\/media?parent=1464"}],"wp:term":[{"taxonomy":"product_brand","embeddable":true,"href":"https:\/\/clientehostix.com.br\/pharmacosmeticos\/wp-json\/wp\/v2\/product_brand?post=1464"},{"taxonomy":"product_cat","embeddable":true,"href":"https:\/\/clientehostix.com.br\/pharmacosmeticos\/wp-json\/wp\/v2\/product_cat?post=1464"},{"taxonomy":"product_tag","embeddable":true,"href":"https:\/\/clientehostix.com.br\/pharmacosmeticos\/wp-json\/wp\/v2\/product_tag?post=1464"}],"curies":[{"name":"wp","href":"https:\/\/api.w.org\/{rel}","templated":true}]}}