{"id":1445,"date":"2025-11-17T15:55:10","date_gmt":"2025-11-17T18:55:10","guid":{"rendered":"https:\/\/clientehostix.com.br\/pharmacosmeticos\/?post_type=product&#038;p=1445"},"modified":"2025-12-17T15:15:39","modified_gmt":"2025-12-17T18:15:39","slug":"talco-max-protecao","status":"publish","type":"product","link":"https:\/\/clientehostix.com.br\/pharmacosmeticos\/produto\/talco-max-protecao\/","title":{"rendered":"TALCO MAX PROTE\u00c7\u00c3O"},"content":{"rendered":"<p><b>PESO L\u00cdQUIDO:<\/b><span style=\"font-weight: 400;\"> 100g<\/span><\/p>\n<p><b>PESO BRUTO:<\/b><span style=\"font-weight: 400;\"> 125g<\/span><\/p>\n<p><b>PESO DA CAIXA (VAZIA): <\/b><span style=\"font-weight: 400;\">105g\u00a0<\/span><\/p>\n<p><b>MEDIDAS DA CAIXA: <\/b><span style=\"font-weight: 400;\">27cm (C) x 14cm (L) 10,5 cm (A)\u00a0<\/span><\/p>\n<p><b>BENEF\u00cdCIOS:<\/b><span style=\"font-weight: 400;\">\u00a0<\/span><\/p>\n<ul>\n<li style=\"font-weight: 400;\" aria-level=\"1\"><span style=\"font-weight: 400;\">Desodorante para os p\u00e9s<\/span><\/li>\n<li style=\"font-weight: 400;\" aria-level=\"1\"><span style=\"font-weight: 400;\">Fragr\u00e2ncia suave\u00a0<\/span><\/li>\n<\/ul>\n<p><span style=\"font-weight: 400;\">\u00a0<\/span><\/p>\n<p><b>PRA QUEM \u00c9 INDICADO:<\/b><span style=\"font-weight: 400;\"> Adultos. Pessoas que querem acabar com o mau odor dos p\u00e9s e dos sapatos e deix\u00e1-los cheirosos.<\/span><\/p>\n<p><b>MODO DE USAR:<\/b><span style=\"font-weight: 400;\"> Aplique todos os dias diretamente nos p\u00e9s. Pode ser aplicado tamb\u00e9m dentro dos cal\u00e7ados.<\/span><\/p>\n<p><b>ADVERT\u00caNCIAS: <\/b><span style=\"font-weight: 400;\">Manter fora do alcance de crian\u00e7as. N\u00e3o usar em pele irritada ou lesionada. Evitar contato com os olhos, usar somente nas \u00e1reas indicadas, evite inala\u00e7\u00e3o deste produto. Em caso de sinais de intoxica\u00e7\u00e3o ou irrita\u00e7\u00e3o, suspender o uso e procurar orienta\u00e7\u00e3o m\u00e9dica. Conservar em local fresco.<\/span><\/p>\n<p><b>COMPOSI\u00c7\u00c3O: <\/b><span style=\"font-weight: 400;\">TALC, ZINC OXIDE, PARFUM (BENZYL SALICYLATE, CITRONELLOL, COUMARIN, EUGENOL, GERANIOL, HEXYL CINNAMAL, LINALOOL), TRICLOSAN.<\/span><\/p>\n","protected":false},"excerpt":{"rendered":"<p><span style=\"font-weight: 400;\">O Talco para os p\u00e9s MAX PROTE\u00c7\u00c3O \u00e9 um desodorante para os p\u00e9s, que mant\u00e9m os p\u00e9s e t\u00eanis secos, frescos e confort\u00e1veis.<\/span><\/p>\n","protected":false},"featured_media":1524,"comment_status":"open","ping_status":"closed","template":"","meta":{"_monsterinsights_skip_tracking":false,"_monsterinsights_sitenote_active":false,"_monsterinsights_sitenote_note":"","_monsterinsights_sitenote_category":0},"product_brand":[],"product_cat":[46,37,36],"product_tag":[98,83],"class_list":{"0":"post-1445","1":"product","2":"type-product","3":"status-publish","4":"has-post-thumbnail","6":"product_cat-protecao","7":"product_cat-cuidados-diario","8":"product_cat-cosmeticos","9":"product_tag-desodorante-para-os-pes","10":"product_tag-talcos","12":"first","13":"instock","14":"taxable","15":"shipping-taxable","16":"purchasable","17":"product-type-simple"},"_links":{"self":[{"href":"https:\/\/clientehostix.com.br\/pharmacosmeticos\/wp-json\/wp\/v2\/product\/1445","targetHints":{"allow":["GET"]}}],"collection":[{"href":"https:\/\/clientehostix.com.br\/pharmacosmeticos\/wp-json\/wp\/v2\/product"}],"about":[{"href":"https:\/\/clientehostix.com.br\/pharmacosmeticos\/wp-json\/wp\/v2\/types\/product"}],"replies":[{"embeddable":true,"href":"https:\/\/clientehostix.com.br\/pharmacosmeticos\/wp-json\/wp\/v2\/comments?post=1445"}],"wp:featuredmedia":[{"embeddable":true,"href":"https:\/\/clientehostix.com.br\/pharmacosmeticos\/wp-json\/wp\/v2\/media\/1524"}],"wp:attachment":[{"href":"https:\/\/clientehostix.com.br\/pharmacosmeticos\/wp-json\/wp\/v2\/media?parent=1445"}],"wp:term":[{"taxonomy":"product_brand","embeddable":true,"href":"https:\/\/clientehostix.com.br\/pharmacosmeticos\/wp-json\/wp\/v2\/product_brand?post=1445"},{"taxonomy":"product_cat","embeddable":true,"href":"https:\/\/clientehostix.com.br\/pharmacosmeticos\/wp-json\/wp\/v2\/product_cat?post=1445"},{"taxonomy":"product_tag","embeddable":true,"href":"https:\/\/clientehostix.com.br\/pharmacosmeticos\/wp-json\/wp\/v2\/product_tag?post=1445"}],"curies":[{"name":"wp","href":"https:\/\/api.w.org\/{rel}","templated":true}]}}