{"id":1441,"date":"2025-11-17T15:47:46","date_gmt":"2025-11-17T18:47:46","guid":{"rendered":"https:\/\/clientehostix.com.br\/pharmacosmeticos\/?post_type=product&#038;p=1441"},"modified":"2025-12-17T15:09:56","modified_gmt":"2025-12-17T18:09:56","slug":"shampoo-banho-kids-camomila","status":"publish","type":"product","link":"https:\/\/clientehostix.com.br\/pharmacosmeticos\/produto\/shampoo-banho-kids-camomila\/","title":{"rendered":"SHAMPOO BANHO KIDS CAMOMILA"},"content":{"rendered":"<p><b>VOLUME:<\/b><span style=\"font-weight: 400;\"> 250ml\u00a0<\/span><\/p>\n<p><b>PESO L\u00cdQUIDO:<\/b><span style=\"font-weight: 400;\"> 250g<\/span><\/p>\n<p><b>PESO BRUTO:<\/b><span style=\"font-weight: 400;\"> 280g\u00a0<\/span><\/p>\n<p><b>PESO DA CAIXA (VAZIA): <\/b><span style=\"font-weight: 400;\">105g\u00a0<\/span><\/p>\n<p><b>MEDIDAS DA CAIXA: <\/b><span style=\"font-weight: 400;\">27cm (C) x 14cm (L) 10,5 cm (A)\u00a0<\/span><\/p>\n<p>&nbsp;<\/p>\n<p><span style=\"font-weight: 400;\">\u00a0<\/span><b>PRA QUEM \u00c9 INDICADO:<\/b><span style=\"font-weight: 400;\"> Crian\u00e7as.\u00a0<\/span><\/p>\n<p><b>MODO DE USAR:<\/b> <span style=\"font-weight: 400;\">Durante o banho, molhe os cabelos, aplique o shampoo e massageie at\u00e9 obter espuma abundante. Em seguida, enx\u00e1gue bem com \u00e1gua. Para melhores resultados, ap\u00f3s o shampoo, use tamb\u00e9m o Condicionador Banho Kids.<\/span><\/p>\n<p><b>ADVERT\u00caNCIAS: <\/b><span style=\"font-weight: 400;\">Deve ser aplicado por adulto ou sob sua super- vis\u00e3o. N\u00e3o usar se o couro cabeludo estiver ferido ou irritado. Em caso de irrita\u00e7\u00e3o, suspender o uso e procurar um m\u00e9dico. Evitar contato com os olhos. Caso o produto entre em contato com os olhos, lavar com \u00e1gua corrente em abund\u00e2ncia e procu- rar um m\u00e9dico. Manter fora do alcance das crian\u00e7as.Uso externo.<\/span><\/p>\n<p><b>COMPOSI\u00c7\u00c3O: <\/b><span style=\"font-weight: 400;\">AQUA, SODIUM LAURETH SULFATE, DISODIUM LAURETH SULFOSUCCINATE, COCAMIDOPROPYL BETAINE, COCAMIDE DEA, SODIUM CHLORIDE, CHAMOMILLA RECUTITA EXTRACT, PEG-75 LANOLIN, POLYQUATERNIUM-7, PARFUM (LINALOOL), PEG-12 DIMETHICONE, PEG-150 DISTEARATE, CITRIC ACID, METHYLCHLOROISOTHIAZOLINONE \/ METHYLISOTHIAZOLINONE.<\/span><\/p>\n","protected":false},"excerpt":{"rendered":"<p><span style=\"font-weight: 400;\">O Shampoo Banhos Kids Camomila Pharma foi desenvolvido especialmente para limpar e tratar cosmeticamente sem agress\u00e3o, sua f\u00f3rmula real\u00e7a e conserva o brilho natural dos cabelos da crian\u00e7a. Forma uma delicada espuma de f\u00e1cil enx\u00e1gue, que torna o banho ainda mais prazeroso. \u00c9 dermatologicamente testado, tem pH balanceado, sendo suave tamb\u00e9m para o couro cabeludo.\u00a0<\/span><\/p>\n<p><span style=\"font-weight: 400;\">\u00a0<\/span><\/p>\n","protected":false},"featured_media":1529,"comment_status":"open","ping_status":"closed","template":"","meta":{"_monsterinsights_skip_tracking":false,"_monsterinsights_sitenote_active":false,"_monsterinsights_sitenote_note":"","_monsterinsights_sitenote_category":0},"product_brand":[],"product_cat":[41,32],"product_tag":[75],"class_list":{"0":"post-1441","1":"product","2":"type-product","3":"status-publish","4":"has-post-thumbnail","6":"product_cat-cabelos","7":"product_cat-kids","8":"product_tag-shampoo","10":"first","11":"instock","12":"taxable","13":"shipping-taxable","14":"purchasable","15":"product-type-simple"},"_links":{"self":[{"href":"https:\/\/clientehostix.com.br\/pharmacosmeticos\/wp-json\/wp\/v2\/product\/1441","targetHints":{"allow":["GET"]}}],"collection":[{"href":"https:\/\/clientehostix.com.br\/pharmacosmeticos\/wp-json\/wp\/v2\/product"}],"about":[{"href":"https:\/\/clientehostix.com.br\/pharmacosmeticos\/wp-json\/wp\/v2\/types\/product"}],"replies":[{"embeddable":true,"href":"https:\/\/clientehostix.com.br\/pharmacosmeticos\/wp-json\/wp\/v2\/comments?post=1441"}],"wp:featuredmedia":[{"embeddable":true,"href":"https:\/\/clientehostix.com.br\/pharmacosmeticos\/wp-json\/wp\/v2\/media\/1529"}],"wp:attachment":[{"href":"https:\/\/clientehostix.com.br\/pharmacosmeticos\/wp-json\/wp\/v2\/media?parent=1441"}],"wp:term":[{"taxonomy":"product_brand","embeddable":true,"href":"https:\/\/clientehostix.com.br\/pharmacosmeticos\/wp-json\/wp\/v2\/product_brand?post=1441"},{"taxonomy":"product_cat","embeddable":true,"href":"https:\/\/clientehostix.com.br\/pharmacosmeticos\/wp-json\/wp\/v2\/product_cat?post=1441"},{"taxonomy":"product_tag","embeddable":true,"href":"https:\/\/clientehostix.com.br\/pharmacosmeticos\/wp-json\/wp\/v2\/product_tag?post=1441"}],"curies":[{"name":"wp","href":"https:\/\/api.w.org\/{rel}","templated":true}]}}