{"id":1425,"date":"2025-11-17T15:38:37","date_gmt":"2025-11-17T18:38:37","guid":{"rendered":"https:\/\/clientehostix.com.br\/pharmacosmeticos\/?post_type=product&#038;p=1425"},"modified":"2025-12-17T15:07:51","modified_gmt":"2025-12-17T18:07:51","slug":"serum-advanced-clareador-e-antissinais-zilu","status":"publish","type":"product","link":"https:\/\/clientehostix.com.br\/pharmacosmeticos\/produto\/serum-advanced-clareador-e-antissinais-zilu\/","title":{"rendered":"S\u00c9RUM ADVANCED CLAREADOR E ANTISSINAIS ZIL\u00da"},"content":{"rendered":"<p><b>PESO L\u00cdQUIDO:<\/b><span style=\"font-weight: 400;\"> 30g<\/span><\/p>\n<p><b>PESO BRUTO:<\/b><span style=\"font-weight: 400;\"> 50g<\/span><\/p>\n<p><b>PESO DA CAIXA (VAZIA): <\/b><span style=\"font-weight: 400;\">105g\u00a0<\/span><\/p>\n<p><b>MEDIDAS DA CAIXA: <\/b><span style=\"font-weight: 400;\">27cm (C) x 14cm (L) 10,5 cm (A)\u00a0<\/span><\/p>\n<p><b>BENEF\u00cdCIOS:<\/b><span style=\"font-weight: 400;\">\u00a0<\/span><\/p>\n<ul>\n<li style=\"font-weight: 400;\" aria-level=\"1\"><span style=\"font-weight: 400;\">Reduz rugas e linhas de express\u00e3o<\/span><\/li>\n<li style=\"font-weight: 400;\" aria-level=\"1\"><span style=\"font-weight: 400;\">Reduz a flacidez e promove firmeza \u00e0 pele<\/span><\/li>\n<li style=\"font-weight: 400;\" aria-level=\"1\"><span style=\"font-weight: 400;\">Rejuvenesce a pele<\/span><\/li>\n<li style=\"font-weight: 400;\" aria-level=\"1\"><span style=\"font-weight: 400;\">Promove efeito lifting na pele<\/span><\/li>\n<li style=\"font-weight: 400;\" aria-level=\"1\"><span style=\"font-weight: 400;\">Deixa a pele hidratada, macia e luminosa<\/span><\/li>\n<li style=\"font-weight: 400;\" aria-level=\"1\"><span style=\"font-weight: 400;\">Reduz e clareia manchas de melasma<\/span><\/li>\n<\/ul>\n<p><b>COT\u00c9M:<\/b><span style=\"font-weight: 400;\">\u00a0<\/span><\/p>\n<ul>\n<li style=\"font-weight: 400;\" aria-level=\"1\"><span style=\"font-weight: 400;\">Nano Vitamina C<\/span><\/li>\n<li style=\"font-weight: 400;\" aria-level=\"1\"><span style=\"font-weight: 400;\">Dragons Blood<\/span><\/li>\n<li style=\"font-weight: 400;\" aria-level=\"1\"><span style=\"font-weight: 400;\">\u00c1cido Fer\u00falico<\/span><\/li>\n<li style=\"font-weight: 400;\" aria-level=\"1\"><span style=\"font-weight: 400;\">Vitamina E<\/span><\/li>\n<\/ul>\n<p>&nbsp;<\/p>\n<p><b>PRA QUEM \u00c9 INDICADO:<\/b><span style=\"font-weight: 400;\"> Pessoas que sofrem com linhas de express\u00e3o e\/ou manchas na pele, principalmente de melasma e desejam um produto completo que auxilie na redu\u00e7\u00e3o dos sinais do envelhecimento e no clareamento de manchas, uniformizando o tom da pele.<\/span><\/p>\n<p><b>MODO DE USAR:<\/b><span style=\"font-weight: 400;\"> Limpar a pele e aplicar no rosto e no pesco\u00e7o diariamente, uma vez ao dia, massageando suavemente em movimentos circulares, at\u00e9 completa absor\u00e7\u00e3o do produto. Se aplicado pela manh\u00e3, utilizar protetor solar sobre o S\u00e9rum.<\/span><\/p>\n<p><b>ADVERT\u00caNCIAS:<\/b><span style=\"font-weight: 400;\"> Uso externo. Manter fora do alcance das crian\u00e7as, n\u00e3o aplicar em mucosas. Havendo irrita\u00e7\u00e3o suspenda o uso e procure orienta\u00e7\u00e3o m\u00e9dica. Conservar ao abrigo da luz e do calor do sol.<\/span><\/p>\n<p><b>COMPOSI\u00c7\u00c3O:<\/b><span style=\"font-weight: 400;\"> AQUA, ASCORBYL PALMITATE \/ PUNICA GRANATUM SEED OIL \/ STEARIC ACID \/ OLEIC ACID \/ PALMITIC ACID\/ POLYSORBATE 80 \/ SORBITAN OLEATE \/ BHT \/ PHENOXYETHANOL, CROTON LECHLERI RESIN EXTRACT, TOCOPHERYL ACETATE, CARBOMER, FERULIC ACID, DISODIUM EDTA, PARFUM (ALPHA- ISOMETHYL IONONE, BENZYL SALICYLATE, BUTYLPHENYL METHYLPROPIONAL, GERANIOL, LINALOOL), AMINOMETHYL PROPANOL, METHYLISOTHIAZOLINONE\/ PROPYLENE GLYCOL.<\/span><\/p>\n","protected":false},"excerpt":{"rendered":"<p><span style=\"font-weight: 400;\">As rugas aparecem como um processo natural do envelhecimento. H\u00e1 alguns fatores que podem acelerar esse aparecimento, como tabagismo, exposi\u00e7\u00e3o \u00e0 polui\u00e7\u00e3o, beber pouca \u00e1gua, excesso de exposi\u00e7\u00e3o solar, sedentarismo, falta de hidrata\u00e7\u00e3o da pele.\u00a0<\/span><\/p>\n<p><span style=\"font-weight: 400;\">As manchas faciais s\u00e3o causadas pelo ac\u00famulo de melanina. Surgem normalmente por fatores hormonais, por inclina\u00e7\u00e3o gen\u00e9tica e por exposi\u00e7\u00e3o aos raios solares.\u00a0<\/span><\/p>\n<p><span style=\"font-weight: 400;\">O S\u00e9rum Advanced Zil\u00fa Godoi passou por teste de efic\u00e1cia, em laborat\u00f3rio, que comprovou que o produto auxilia na redu\u00e7\u00e3o e no clareamento da melasma, uniformizando o tom da pele e auxilia tamb\u00e9m na redu\u00e7\u00e3o e preven\u00e7\u00e3o de rugas e linhas de express\u00e3o.\u00a0<\/span><\/p>\n<p><span style=\"font-weight: 400;\">O S\u00e9rum Advanced Zil\u00fa Godoi foi formulado com uma das mais modernas e inovadoras associa\u00e7\u00f5es de ativos cosm\u00e9ticos ativando e reparando os principais sinais de envelhecimento com resultados r\u00e1pidos.\u00a0<\/span><\/p>\n<p><span style=\"font-weight: 400;\">De f\u00e1cil aplica\u00e7\u00e3o e r\u00e1pida absor\u00e7\u00e3o, auxilia na redu\u00e7\u00e3o das rugas e linhas de express\u00e3o, reduzindo a flacidez e deixando a pele macia, hidratada e rejuvenescida. Tamb\u00e9m auxilia no clareamento da pele, melhorando sua tonalidade e deixando-a uniforme.\u00a0<\/span><\/p>\n","protected":false},"featured_media":1628,"comment_status":"open","ping_status":"closed","template":"","meta":{"_monsterinsights_skip_tracking":false,"_monsterinsights_sitenote_active":false,"_monsterinsights_sitenote_note":"","_monsterinsights_sitenote_category":0},"product_brand":[],"product_cat":[37,36],"product_tag":[97],"class_list":{"0":"post-1425","1":"product","2":"type-product","3":"status-publish","4":"has-post-thumbnail","6":"product_cat-cuidados-diario","7":"product_cat-cosmeticos","8":"product_tag-serums","10":"first","11":"instock","12":"taxable","13":"shipping-taxable","14":"purchasable","15":"product-type-simple"},"_links":{"self":[{"href":"https:\/\/clientehostix.com.br\/pharmacosmeticos\/wp-json\/wp\/v2\/product\/1425","targetHints":{"allow":["GET"]}}],"collection":[{"href":"https:\/\/clientehostix.com.br\/pharmacosmeticos\/wp-json\/wp\/v2\/product"}],"about":[{"href":"https:\/\/clientehostix.com.br\/pharmacosmeticos\/wp-json\/wp\/v2\/types\/product"}],"replies":[{"embeddable":true,"href":"https:\/\/clientehostix.com.br\/pharmacosmeticos\/wp-json\/wp\/v2\/comments?post=1425"}],"wp:featuredmedia":[{"embeddable":true,"href":"https:\/\/clientehostix.com.br\/pharmacosmeticos\/wp-json\/wp\/v2\/media\/1628"}],"wp:attachment":[{"href":"https:\/\/clientehostix.com.br\/pharmacosmeticos\/wp-json\/wp\/v2\/media?parent=1425"}],"wp:term":[{"taxonomy":"product_brand","embeddable":true,"href":"https:\/\/clientehostix.com.br\/pharmacosmeticos\/wp-json\/wp\/v2\/product_brand?post=1425"},{"taxonomy":"product_cat","embeddable":true,"href":"https:\/\/clientehostix.com.br\/pharmacosmeticos\/wp-json\/wp\/v2\/product_cat?post=1425"},{"taxonomy":"product_tag","embeddable":true,"href":"https:\/\/clientehostix.com.br\/pharmacosmeticos\/wp-json\/wp\/v2\/product_tag?post=1425"}],"curies":[{"name":"wp","href":"https:\/\/api.w.org\/{rel}","templated":true}]}}