{"id":1423,"date":"2025-11-17T15:34:46","date_gmt":"2025-11-17T18:34:46","guid":{"rendered":"https:\/\/clientehostix.com.br\/pharmacosmeticos\/?post_type=product&#038;p=1423"},"modified":"2025-12-17T15:21:50","modified_gmt":"2025-12-17T18:21:50","slug":"sabonete-liquido-intimo-you","status":"publish","type":"product","link":"https:\/\/clientehostix.com.br\/pharmacosmeticos\/produto\/sabonete-liquido-intimo-you\/","title":{"rendered":"SABONETE L\u00cdQUIDO \u00cdNTIMO YOU MILK"},"content":{"rendered":"<p><b>VOLUME:<\/b><span style=\"font-weight: 400;\"> 200ml\u00a0<\/span><\/p>\n<p><b>PESO L\u00cdQUIDO:<\/b><span style=\"font-weight: 400;\"> 200g\u00a0<\/span><\/p>\n<p><b>PESO BRUTO:<\/b><span style=\"font-weight: 400;\"> 230g\u00a0<\/span><\/p>\n<p><b>PESO DA CAIXA (VAZIA): <\/b><span style=\"font-weight: 400;\">105g\u00a0<\/span><\/p>\n<p><b>MEDIDAS DA CAIXA: <\/b><span style=\"font-weight: 400;\">27cm (C) x 14cm (L) 10,5 cm (A)\u00a0<\/span><\/p>\n<p><b>BENEF\u00cdCIOS:<\/b><span style=\"font-weight: 400;\">\u00a0<\/span><\/p>\n<ul>\n<li style=\"font-weight: 400;\" aria-level=\"1\"><span style=\"font-weight: 400;\">Ajuda a suavizar poss\u00edveis odores<\/span><\/li>\n<li style=\"font-weight: 400;\" aria-level=\"1\"><span style=\"font-weight: 400;\">Estimula os mecanismos de defesa natural<\/span><\/li>\n<li style=\"font-weight: 400;\" aria-level=\"1\"><span style=\"font-weight: 400;\">Promove conforto e bem estar para a mulher<\/span><\/li>\n<\/ul>\n<p><b>COT\u00c9M:<\/b><span style=\"font-weight: 400;\">\u00a0<\/span><\/p>\n<ul>\n<li style=\"font-weight: 400;\" aria-level=\"1\"><span style=\"font-weight: 400;\">Aroeira<\/span><\/li>\n<li style=\"font-weight: 400;\" aria-level=\"1\"><span style=\"font-weight: 400;\">Bioecolia<\/span><\/li>\n<\/ul>\n<p><b>PRA QUEM \u00c9 INDICADO:<\/b><span style=\"font-weight: 400;\"> Mulheres que querem cuidar da limpeza da regi\u00e3o \u00edntima de forma segura e agrad\u00e1vel.<\/span><\/p>\n<p><b>MODO DE USAR:<\/b><span style=\"font-weight: 400;\"> Diariamente, no banho, coloque uma pequena quantidade na palma da m\u00e3o e aplique na regi\u00e3o \u00edntima externa. Depois, enx\u00e1gue bem para que n\u00e3o fique nenhum res\u00edduo do produto. Aplicar somente nos \u00f3rg\u00e3os genitais externos. Advert\u00eancia: O excesso de uso do produto pode ser uma fonte de irrita\u00e7\u00e3o genital.<\/span><\/p>\n<p><b>COMPOSI\u00c7\u00c3O (FLOWER):<\/b><span style=\"font-weight: 400;\"> AQUA, SODIUM LAURETH SULFATE, COCAMIDOPROPYL BETAINE, COCAMIDE DEA, GLYCOL DISTEARATE, PROPYLENE GLYCOL, PHENOXYETHANOL \/ CAPRYLYL GLYCOL, SODIUM CHLORIDE, ALPHA-GLUCAN OLIGOSACCHARIDE, PARFUM (BUTYLPHENYL METHYLPROPIONAL, CITRONELLOL, GERANIOL, HEXYL CINNAMAL, HYDROXYCITRONELLAL, LINALOOL), LACTIC ACID, DISODIUM EDTA.<\/span><\/p>\n<p><b>COMPOSI\u00c7\u00c3O (MILK):<\/b><span style=\"font-weight: 400;\"> AQUA, SODIUM LAURETH SULFATE, COCAMIDOPROPYL BETAINE, GLYCOL DISTEARATE, COCAMIDE DEA, PROPYLENE GLYCOL, SCHINUS TEREBINTHIFOLIUS LEAF EXTRACT, LACTIC ACID, SODIUM CHLORIDE, ALPHA-GLUCAN OLIGOSACCHARIDE \/ POLYMNIA SONCHIFOLIA ROOT JUICE \/ MALTODEXTRIN \/ LACTOBACILLUS, PARFUM (ALPHA-ISOMETHYL IONONE, BENZYL SALICYLATE, BUTYLPHENYL METHYLPROPIONAL, COUMARIN), EUCALYPTUS GLOBULUS LEAF EXTRACT, HYDROXYETHYLCELLULOSE, DISODIUM EDTA, MENTHA PIPERITA EXTRACT, METHYLCHLOROISOTHIAZOLINONE \/ METHYLISOTHIAZOLINONE.<\/span><\/p>\n","protected":false},"excerpt":{"rendered":"<p><span style=\"font-weight: 400;\">O Sabonete L\u00edquido \u00cdntimo YOU foi desenvolvido especialmente para cuidar diariamente da regi\u00e3o \u00edntima da mulher. Al\u00e9m de possuir pH similar ao da regi\u00e3o \u00edntima, foi formulado para limpar sem agredir, respeitar e estimular as defesas naturais e ajudar a suavizar poss\u00edveis odores, trazendo a sensa\u00e7\u00e3o de prote\u00e7\u00e3o e bem estar.<\/span><\/p>\n","protected":false},"featured_media":1531,"comment_status":"open","ping_status":"closed","template":"","meta":{"_monsterinsights_skip_tracking":false,"_monsterinsights_sitenote_active":false,"_monsterinsights_sitenote_note":"","_monsterinsights_sitenote_category":0},"product_brand":[],"product_cat":[46,37],"product_tag":[82],"class_list":{"0":"post-1423","1":"product","2":"type-product","3":"status-publish","4":"has-post-thumbnail","6":"product_cat-protecao","7":"product_cat-cuidados-diario","8":"product_tag-sabonete-intimo","10":"first","11":"instock","12":"taxable","13":"shipping-taxable","14":"purchasable","15":"product-type-simple"},"_links":{"self":[{"href":"https:\/\/clientehostix.com.br\/pharmacosmeticos\/wp-json\/wp\/v2\/product\/1423","targetHints":{"allow":["GET"]}}],"collection":[{"href":"https:\/\/clientehostix.com.br\/pharmacosmeticos\/wp-json\/wp\/v2\/product"}],"about":[{"href":"https:\/\/clientehostix.com.br\/pharmacosmeticos\/wp-json\/wp\/v2\/types\/product"}],"replies":[{"embeddable":true,"href":"https:\/\/clientehostix.com.br\/pharmacosmeticos\/wp-json\/wp\/v2\/comments?post=1423"}],"wp:featuredmedia":[{"embeddable":true,"href":"https:\/\/clientehostix.com.br\/pharmacosmeticos\/wp-json\/wp\/v2\/media\/1531"}],"wp:attachment":[{"href":"https:\/\/clientehostix.com.br\/pharmacosmeticos\/wp-json\/wp\/v2\/media?parent=1423"}],"wp:term":[{"taxonomy":"product_brand","embeddable":true,"href":"https:\/\/clientehostix.com.br\/pharmacosmeticos\/wp-json\/wp\/v2\/product_brand?post=1423"},{"taxonomy":"product_cat","embeddable":true,"href":"https:\/\/clientehostix.com.br\/pharmacosmeticos\/wp-json\/wp\/v2\/product_cat?post=1423"},{"taxonomy":"product_tag","embeddable":true,"href":"https:\/\/clientehostix.com.br\/pharmacosmeticos\/wp-json\/wp\/v2\/product_tag?post=1423"}],"curies":[{"name":"wp","href":"https:\/\/api.w.org\/{rel}","templated":true}]}}