{"id":1393,"date":"2025-11-17T14:55:35","date_gmt":"2025-11-17T17:55:35","guid":{"rendered":"https:\/\/clientehostix.com.br\/pharmacosmeticos\/?post_type=product&#038;p=1393"},"modified":"2025-12-17T15:08:38","modified_gmt":"2025-12-17T18:08:38","slug":"protetor-labial-stick","status":"publish","type":"product","link":"https:\/\/clientehostix.com.br\/pharmacosmeticos\/produto\/protetor-labial-stick\/","title":{"rendered":"PROTETOR LABIAL STICK &#8211; FPS 50"},"content":{"rendered":"<p><b>PESO L\u00cdQUIDO:<\/b><span style=\"font-weight: 400;\"> 4,5g<\/span><\/p>\n<p><b>PESO BRUTO:<\/b><span style=\"font-weight: 400;\"> 15g<\/span><\/p>\n<p><b>PESO DA CAIXA (VAZIA): <\/b><span style=\"font-weight: 400;\">105g\u00a0<\/span><\/p>\n<p><b>MEDIDAS DA CAIXA: <\/b><span style=\"font-weight: 400;\">27cm (C) x 14cm (L) 10,5 cm (A)\u00a0<\/span><\/p>\n<p><b>COT\u00c9M:<\/b><span style=\"font-weight: 400;\">\u00a0<\/span><\/p>\n<ul>\n<li style=\"font-weight: 400;\" aria-level=\"1\"><span style=\"font-weight: 400;\">Manteiga de cacau<\/span><\/li>\n<li style=\"font-weight: 400;\" aria-level=\"1\"><span style=\"font-weight: 400;\">Cera de Abelha<\/span><\/li>\n<li style=\"font-weight: 400;\" aria-level=\"1\"><span style=\"font-weight: 400;\">Cera de Candelila<\/span><\/li>\n<li style=\"font-weight: 400;\" aria-level=\"1\"><span style=\"font-weight: 400;\">Cera de Ozoquerita<\/span><\/li>\n<li style=\"font-weight: 400;\" aria-level=\"1\"><span style=\"font-weight: 400;\">Cera de Carna\u00faba<\/span><\/li>\n<li style=\"font-weight: 400;\" aria-level=\"1\"><span style=\"font-weight: 400;\">Filtro Solar<\/span><\/li>\n<\/ul>\n<p>&nbsp;<\/p>\n<p><b>PRA QUEM \u00c9 INDICADO:<\/b><span style=\"font-weight: 400;\"> Para todas as idades. Pessoas que estejam buscando um produto com filtro solar para proteger os l\u00e1bios e mant\u00ea-los hidratados.<\/span><\/p>\n<p><b>MODO DE USAR:<\/b><span style=\"font-weight: 400;\"> Aplicar sobre os l\u00e1bios.<\/span><\/p>\n<p><span style=\"font-weight: 400;\">\u00a0<\/span><\/p>\n<p><b>ADVERT\u00caNCIAS: <\/b><span style=\"font-weight: 400;\">Oferece alta prote\u00e7\u00e3o contra queimaduras solares. Indicado para pessoas com pele muito sens\u00edvel \u00e0 queimadura solar. \u00c9 necess\u00e1ria a reaplica\u00e7\u00e3o do produto para manter a sua efetividade. Ajuda a previnir as queimaduras solares. Para crian\u00e7as menores de 6 (seis) meses, consultar um m\u00e9dico. Este produto n\u00e3o oferece nenhuma prote\u00e7\u00e3o contra insola\u00e7\u00e3o. Evite exposi\u00e7\u00e3o prolongada das crian\u00e7as ao Sol. Aplique abundantemente antes da exposi\u00e7\u00e3o ao Sol. Reaplicar sempre ap\u00f3s sudorose intensa, nadar, banhar-se, secar-se com toalha e durante a exposi\u00e7\u00e3o ao Sol. Se a quantidade aplicada n\u00e3o for adequada, o n\u00edvel de prote\u00e7\u00e3o ser\u00e1 significativamente reduzido.<\/span><\/p>\n<p><b>COMPOSI\u00c7\u00c3O (FPS 15): <\/b><span style=\"font-weight: 400;\">Hidrogenated Vegetable Glycerides, Paraffin, Ethylhexyl Methoxycinnamate, Octocrylene, Theobroma Cacao Seed Butter, Copernicia Cerifera Wax Extract, Paraffinum Liquidum, Butyl Methoxydibenzoylmethane, Isopropyl Palmitate, Cera Alba, Synthetic Candelilla Wax, Ozokerite, Ethylhexyl Triazone, Titanium Dioxide, Parfum (Coumarin, Eugenol, Limonene), Lanolin Alcohol, Bht.<\/span><\/p>\n<p><b>COMPOSI\u00c7\u00c3O (FPS 30): <\/b><span style=\"font-weight: 400;\">Hidrogenated Vegetable Glycerides, Paraffin, Ethylhexyl Methoxycinnamate, Octocrylene, Theobroma Cacao Seed Butter, Copernicia Cerifera Wax Extract, Paraffinum Liquidum, Butyl Methoxydibenzoylmethane, Isopropyl Palmitate, Cera Alba, Synthetic Candelilla Wax, Ozokerite, Ethylhexyl Triazone, Titanium Dioxide, Parfum, Lanolin Alcohol, Bht.<\/span><\/p>\n<p><b>COMPOSI\u00c7\u00c3O (FPS 50): <\/b><span style=\"font-weight: 400;\">Caprylic\/capric Triglyceride, Diethylamino Hydroxybenzoyl Hexyl Benzoate, Ethylhexyl Methoxycinnamate, Lanolin, Theobroma Cacao Seed Butter, Cera Alba, Stearyl Dimethicone \/ Octadecene, Bis-ethylhexyloxyphenol Methoxyphenyl Triazine, Ethylhexyl Triazone, Dicaprylyl Carbonate, Copernicia Cerifera Wax Extract, Ozokerite, Parfum (Methyl 2-Octynoate), Octocrylene, Bht.<\/span><\/p>\n","protected":false},"excerpt":{"rendered":"<p><span style=\"font-weight: 400;\">O Protetor Labial Pharma \u00e9 indicado para proteger os l\u00e1bios dos raios solares, al\u00e9m de hidratar profundamente.<\/span><\/p>\n","protected":false},"featured_media":1517,"comment_status":"open","ping_status":"closed","template":"","meta":{"_monsterinsights_skip_tracking":false,"_monsterinsights_sitenote_active":false,"_monsterinsights_sitenote_note":"","_monsterinsights_sitenote_category":0},"product_brand":[],"product_cat":[46,47,37,36],"product_tag":[84],"class_list":{"0":"post-1393","1":"product","2":"type-product","3":"status-publish","4":"has-post-thumbnail","6":"product_cat-protecao","7":"product_cat-tratamento","8":"product_cat-cuidados-diario","9":"product_cat-cosmeticos","10":"product_tag-protetor-labial","12":"first","13":"instock","14":"taxable","15":"shipping-taxable","16":"purchasable","17":"product-type-simple"},"_links":{"self":[{"href":"https:\/\/clientehostix.com.br\/pharmacosmeticos\/wp-json\/wp\/v2\/product\/1393","targetHints":{"allow":["GET"]}}],"collection":[{"href":"https:\/\/clientehostix.com.br\/pharmacosmeticos\/wp-json\/wp\/v2\/product"}],"about":[{"href":"https:\/\/clientehostix.com.br\/pharmacosmeticos\/wp-json\/wp\/v2\/types\/product"}],"replies":[{"embeddable":true,"href":"https:\/\/clientehostix.com.br\/pharmacosmeticos\/wp-json\/wp\/v2\/comments?post=1393"}],"wp:featuredmedia":[{"embeddable":true,"href":"https:\/\/clientehostix.com.br\/pharmacosmeticos\/wp-json\/wp\/v2\/media\/1517"}],"wp:attachment":[{"href":"https:\/\/clientehostix.com.br\/pharmacosmeticos\/wp-json\/wp\/v2\/media?parent=1393"}],"wp:term":[{"taxonomy":"product_brand","embeddable":true,"href":"https:\/\/clientehostix.com.br\/pharmacosmeticos\/wp-json\/wp\/v2\/product_brand?post=1393"},{"taxonomy":"product_cat","embeddable":true,"href":"https:\/\/clientehostix.com.br\/pharmacosmeticos\/wp-json\/wp\/v2\/product_cat?post=1393"},{"taxonomy":"product_tag","embeddable":true,"href":"https:\/\/clientehostix.com.br\/pharmacosmeticos\/wp-json\/wp\/v2\/product_tag?post=1393"}],"curies":[{"name":"wp","href":"https:\/\/api.w.org\/{rel}","templated":true}]}}