{"id":1364,"date":"2025-11-17T14:38:22","date_gmt":"2025-11-17T17:38:22","guid":{"rendered":"https:\/\/clientehostix.com.br\/pharmacosmeticos\/?post_type=product&#038;p=1364"},"modified":"2025-12-09T17:32:44","modified_gmt":"2025-12-09T20:32:44","slug":"oleo-de-argan","status":"publish","type":"product","link":"https:\/\/clientehostix.com.br\/pharmacosmeticos\/produto\/oleo-de-argan\/","title":{"rendered":"\u00d3LEO DE ARGAN &#8211; 30ml"},"content":{"rendered":"<p><b>VOLUME:<\/b><span style=\"font-weight: 400;\"> 30ml \/ 360ml<\/span><\/p>\n<p><b>PESO L\u00cdQUIDO:<\/b><span style=\"font-weight: 400;\"> 30g \/ 360g<\/span><\/p>\n<p><b>PESO BRUTO:<\/b><span style=\"font-weight: 400;\"> 50g \/ 630g<\/span><\/p>\n<p><b>PESO DA CAIXA (VAZIA): <\/b><span style=\"font-weight: 400;\">105g\u00a0<\/span><\/p>\n<p><b>MEDIDAS DA CAIXA: <\/b><span style=\"font-weight: 400;\">27cm (C) x 14cm (L) 10,5 cm (A)\u00a0<\/span><\/p>\n<p>&nbsp;<\/p>\n<p><b>PRA QUEM \u00c9 INDICADO:<\/b><span style=\"font-weight: 400;\"> Adultos.\u00a0<\/span><\/p>\n<p><b>MODO DE USAR:<\/b><span style=\"font-weight: 400;\"> Aplicar uma pequena quantidade em todo cabelo \u00famido ou seco.<\/span><\/p>\n<p><b>ADVERT\u00caNCIAS: <\/b><span style=\"font-weight: 400;\">Manter fora do alcance das crian\u00e7as. Em caso de irrita\u00e7\u00e3o, suspenda o uso e procure orienta\u00e7\u00e3o m\u00e9dica. Uso externo. Manter em local fresco ao abrigo da luz e do calor.<\/span><\/p>\n<p><b>COMPOSI\u00c7\u00c3O: <\/b><span style=\"font-weight: 400;\">Cyclomethicone, Argania Spinosa Oil, Mineral Oil (Paraffinum Liquidum) CI 15510, Carbomer, Parfum (Fragrance), Benzyl Salicylate, Butylphenyl Methylpropional, Hexyl Cinnamal, Hydroxyisohexyl 3-Cyclohexene Carboxaldehyde.<\/span><\/p>\n","protected":false},"excerpt":{"rendered":"<p><span style=\"font-weight: 400;\">O \u00d3leo de Argan promove brilho e repara os danos causados por processos qu\u00edmicos nos fios e protege contra o envelhecimento. Prolonga o efeito liso e reduz o volume. <\/span><\/p>\n","protected":false},"featured_media":1555,"comment_status":"open","ping_status":"closed","template":"","meta":{"_monsterinsights_skip_tracking":false,"_monsterinsights_sitenote_active":false,"_monsterinsights_sitenote_note":"","_monsterinsights_sitenote_category":0},"product_brand":[],"product_cat":[46,37],"product_tag":[],"class_list":{"0":"post-1364","1":"product","2":"type-product","3":"status-publish","4":"has-post-thumbnail","6":"product_cat-protecao","7":"product_cat-cuidados-diario","9":"first","10":"instock","11":"taxable","12":"shipping-taxable","13":"purchasable","14":"product-type-simple"},"_links":{"self":[{"href":"https:\/\/clientehostix.com.br\/pharmacosmeticos\/wp-json\/wp\/v2\/product\/1364","targetHints":{"allow":["GET"]}}],"collection":[{"href":"https:\/\/clientehostix.com.br\/pharmacosmeticos\/wp-json\/wp\/v2\/product"}],"about":[{"href":"https:\/\/clientehostix.com.br\/pharmacosmeticos\/wp-json\/wp\/v2\/types\/product"}],"replies":[{"embeddable":true,"href":"https:\/\/clientehostix.com.br\/pharmacosmeticos\/wp-json\/wp\/v2\/comments?post=1364"}],"wp:featuredmedia":[{"embeddable":true,"href":"https:\/\/clientehostix.com.br\/pharmacosmeticos\/wp-json\/wp\/v2\/media\/1555"}],"wp:attachment":[{"href":"https:\/\/clientehostix.com.br\/pharmacosmeticos\/wp-json\/wp\/v2\/media?parent=1364"}],"wp:term":[{"taxonomy":"product_brand","embeddable":true,"href":"https:\/\/clientehostix.com.br\/pharmacosmeticos\/wp-json\/wp\/v2\/product_brand?post=1364"},{"taxonomy":"product_cat","embeddable":true,"href":"https:\/\/clientehostix.com.br\/pharmacosmeticos\/wp-json\/wp\/v2\/product_cat?post=1364"},{"taxonomy":"product_tag","embeddable":true,"href":"https:\/\/clientehostix.com.br\/pharmacosmeticos\/wp-json\/wp\/v2\/product_tag?post=1364"}],"curies":[{"name":"wp","href":"https:\/\/api.w.org\/{rel}","templated":true}]}}