{"id":1358,"date":"2025-11-17T14:34:10","date_gmt":"2025-11-17T17:34:10","guid":{"rendered":"https:\/\/clientehostix.com.br\/pharmacosmeticos\/?post_type=product&#038;p=1358"},"modified":"2025-12-09T17:31:55","modified_gmt":"2025-12-09T20:31:55","slug":"oleo-corporal-baby-klimderme","status":"publish","type":"product","link":"https:\/\/clientehostix.com.br\/pharmacosmeticos\/produto\/oleo-corporal-baby-klimderme\/","title":{"rendered":"\u00d3LEO CORPORAL BABY KLIMDERME"},"content":{"rendered":"<p><b>VOLUME:<\/b><span style=\"font-weight: 400;\"> 100ml\u00a0<\/span><\/p>\n<p><b>PESO BRUTO:<\/b><span style=\"font-weight: 400;\"> 110g<\/span><\/p>\n<p><b>PESO DA CAIXA (VAZIA): <\/b><span style=\"font-weight: 400;\">105g\u00a0<\/span><\/p>\n<p><b>MEDIDAS DA CAIXA: <\/b><span style=\"font-weight: 400;\">27cm (C) x 14cm (L) 10,5 cm (A)\u00a0<\/span><\/p>\n<p><span style=\"font-weight: 400;\">\u00a0<\/span><\/p>\n<p><b>PRA QUEM \u00c9 INDICADO:<\/b><span style=\"font-weight: 400;\"> Crian\u00e7as.\u00a0<\/span><\/p>\n<p><b>MODO DE USAR:<\/b><span style=\"font-weight: 400;\"> Depois do banho, espalhe uma pequena quantidade do \u00f3leo nas m\u00e3os, e massageie suavemente a pele, em movimentos circulares. Sua a\u00e7\u00e3o \u00e9 mais eficaz quando aplicado sobre a pele \u00famida. A aplica\u00e7\u00e3o do produto deve ser feita exclusivamente por um adulto.<\/span><\/p>\n<p><b>ADVERT\u00caNCIAS: <\/b><span style=\"font-weight: 400;\">Mantenha fora do alcance das crian\u00e7as. Uso externo. N\u00e3o usar se a pele estiver lesionada ou irritada. Em caso de irrita\u00e7\u00e3o, suspender o uso e procurar um m\u00e9dico. Evitar contato com os olhos. Caso o produto entre em contato com os olhos, lavar com \u00e1gua corrente em abund\u00e2ncia e procurar um m\u00e9dico.\u00a0<\/span><\/p>\n<p><b>COMPOSI\u00c7\u00c3O: <\/b><span style=\"font-weight: 400;\">PARAFFINUM LIQUIDUM, TOCOPHERYL ACETATE, PARFUM (ALPHA ISOMETHYL IONONE, CITRONELLOL, COUMARIN, D-LIMONENE, LINALOOL).<\/span><\/p>\n","protected":false},"excerpt":{"rendered":"<p><span style=\"font-weight: 400;\">O Klimderme \u00d3leo Corporal Baby foi desenvolvido com \u00f3leo mineral para manter a umidade natural da pele. Sua f\u00f3rmula cont\u00e9m vitamina E, deixa a pele do beb\u00ea macia, hidratada e com perfume suave e agrad\u00e1vel. Ideal para massagear o beb\u00ea.\u00a0<\/span><\/p>\n","protected":false},"featured_media":1556,"comment_status":"open","ping_status":"closed","template":"","meta":{"_monsterinsights_skip_tracking":false,"_monsterinsights_sitenote_active":false,"_monsterinsights_sitenote_note":"","_monsterinsights_sitenote_category":0},"product_brand":[],"product_cat":[32,46],"product_tag":[],"class_list":{"0":"post-1358","1":"product","2":"type-product","3":"status-publish","4":"has-post-thumbnail","6":"product_cat-kids","7":"product_cat-protecao","9":"first","10":"instock","11":"taxable","12":"shipping-taxable","13":"purchasable","14":"product-type-simple"},"_links":{"self":[{"href":"https:\/\/clientehostix.com.br\/pharmacosmeticos\/wp-json\/wp\/v2\/product\/1358","targetHints":{"allow":["GET"]}}],"collection":[{"href":"https:\/\/clientehostix.com.br\/pharmacosmeticos\/wp-json\/wp\/v2\/product"}],"about":[{"href":"https:\/\/clientehostix.com.br\/pharmacosmeticos\/wp-json\/wp\/v2\/types\/product"}],"replies":[{"embeddable":true,"href":"https:\/\/clientehostix.com.br\/pharmacosmeticos\/wp-json\/wp\/v2\/comments?post=1358"}],"wp:featuredmedia":[{"embeddable":true,"href":"https:\/\/clientehostix.com.br\/pharmacosmeticos\/wp-json\/wp\/v2\/media\/1556"}],"wp:attachment":[{"href":"https:\/\/clientehostix.com.br\/pharmacosmeticos\/wp-json\/wp\/v2\/media?parent=1358"}],"wp:term":[{"taxonomy":"product_brand","embeddable":true,"href":"https:\/\/clientehostix.com.br\/pharmacosmeticos\/wp-json\/wp\/v2\/product_brand?post=1358"},{"taxonomy":"product_cat","embeddable":true,"href":"https:\/\/clientehostix.com.br\/pharmacosmeticos\/wp-json\/wp\/v2\/product_cat?post=1358"},{"taxonomy":"product_tag","embeddable":true,"href":"https:\/\/clientehostix.com.br\/pharmacosmeticos\/wp-json\/wp\/v2\/product_tag?post=1358"}],"curies":[{"name":"wp","href":"https:\/\/api.w.org\/{rel}","templated":true}]}}