{"id":1328,"date":"2025-11-17T14:13:17","date_gmt":"2025-11-17T17:13:17","guid":{"rendered":"https:\/\/clientehostix.com.br\/pharmacosmeticos\/?post_type=product&#038;p=1328"},"modified":"2025-12-17T15:09:03","modified_gmt":"2025-12-17T18:09:03","slug":"manteiga-de-cacau-bastao","status":"publish","type":"product","link":"https:\/\/clientehostix.com.br\/pharmacosmeticos\/produto\/manteiga-de-cacau-bastao\/","title":{"rendered":"MANTEIGA DE CACAU BAST\u00c3O &#8211; 50 PCS"},"content":{"rendered":"<p><b>PESO L\u00cdQUIDO:<\/b><span style=\"font-weight: 400;\"> 3,5g \/ 42g \/ 175g<\/span><\/p>\n<p><b>PESO BRUTO:<\/b><span style=\"font-weight: 400;\"> 12g \/ 160g \/ 650g<\/span><\/p>\n<p><b>PESO DA CAIXA (VAZIA): <\/b><span style=\"font-weight: 400;\">105g\u00a0<\/span><\/p>\n<p><b>MEDIDAS DA CAIXA: <\/b><span style=\"font-weight: 400;\">27cm (C) x 14cm (L) 10,5 cm (A)\u00a0<\/span><\/p>\n<p><b>CATEGORIA 1 (PRINCIPAL): <\/b><span style=\"font-weight: 400;\">Labial<\/span><\/p>\n<p><b>CATEGORIA 2 (SUBCATEGORIA): <\/b><span style=\"font-weight: 400;\">Tratamento \/ Hidrata\u00e7\u00e3o<\/span><\/p>\n<p><b>COT\u00c9M:<\/b><span style=\"font-weight: 400;\">\u00a0<\/span><\/p>\n<ul>\n<li style=\"font-weight: 400;\" aria-level=\"1\"><span style=\"font-weight: 400;\">Manteiga de Cacau<\/span><\/li>\n<li style=\"font-weight: 400;\" aria-level=\"1\"><span style=\"font-weight: 400;\">Cera de Abelha<\/span><\/li>\n<li style=\"font-weight: 400;\" aria-level=\"1\"><span style=\"font-weight: 400;\">Cera de Carna\u00faba<\/span><\/li>\n<li style=\"font-weight: 400;\" aria-level=\"1\"><span style=\"font-weight: 400;\">Cera de Candelila<\/span><\/li>\n<li style=\"font-weight: 400;\" aria-level=\"1\"><span style=\"font-weight: 400;\">Cera de Ozoquerita<\/span><\/li>\n<\/ul>\n<p>&nbsp;<\/p>\n<p><b>PRA QUEM \u00c9 INDICADO:<\/b><span style=\"font-weight: 400;\"> Para todas as idades. Pessoas que estejam buscando um produto para hidratar os l\u00e1bios ou que estejam com os l\u00e1bios rachados e ressecados.<\/span><\/p>\n<p><b>MODO DE USAR:<\/b><span style=\"font-weight: 400;\"> Aplicar sobre os l\u00e1bios.<\/span><\/p>\n<p><b>ADVERT\u00caNCIAS: <\/b><span style=\"font-weight: 400;\">Uso externo. Manter fora do alcance das crian\u00e7as. Manter em local fresco e ao abrigo da luz.<\/span><\/p>\n<p><b>COMPOSI\u00c7\u00c3O: <\/b><span style=\"font-weight: 400;\">Theobroma Cacao Seed Butter,Paraffin, Paraffinum Liquidum(Mineral Oil), Isopropyl Palmitate, Propylparaben, Lanolin Alcohol, Synthetic Candelilla Wax, Copernicia Cerifera Wax, Beeswax, Hydrogenated Vegetable Oil, Ozokerite, Parfum(Fragrance), Coumarin.<\/span><\/p>\n","protected":false},"excerpt":{"rendered":"<p><span style=\"font-weight: 400;\">A Manteiga de Cacau Protetor Labial Pharma protege e hidrata os l\u00e1bios, deixando a pele dos l\u00e1bios mais saud\u00e1vel, macia e bonita. Evita o ressecamento por a\u00e7\u00e3o do vento e temperatura. Promove hidrata\u00e7\u00e3o intensa aos l\u00e1bios.<\/span><\/p>\n","protected":false},"featured_media":1558,"comment_status":"open","ping_status":"closed","template":"","meta":{"_monsterinsights_skip_tracking":false,"_monsterinsights_sitenote_active":false,"_monsterinsights_sitenote_note":"","_monsterinsights_sitenote_category":0},"product_brand":[],"product_cat":[47,37],"product_tag":[87],"class_list":{"0":"post-1328","1":"product","2":"type-product","3":"status-publish","4":"has-post-thumbnail","6":"product_cat-tratamento","7":"product_cat-cuidados-diario","8":"product_tag-manteiga-de-cacau","10":"first","11":"instock","12":"taxable","13":"shipping-taxable","14":"purchasable","15":"product-type-simple"},"_links":{"self":[{"href":"https:\/\/clientehostix.com.br\/pharmacosmeticos\/wp-json\/wp\/v2\/product\/1328","targetHints":{"allow":["GET"]}}],"collection":[{"href":"https:\/\/clientehostix.com.br\/pharmacosmeticos\/wp-json\/wp\/v2\/product"}],"about":[{"href":"https:\/\/clientehostix.com.br\/pharmacosmeticos\/wp-json\/wp\/v2\/types\/product"}],"replies":[{"embeddable":true,"href":"https:\/\/clientehostix.com.br\/pharmacosmeticos\/wp-json\/wp\/v2\/comments?post=1328"}],"wp:featuredmedia":[{"embeddable":true,"href":"https:\/\/clientehostix.com.br\/pharmacosmeticos\/wp-json\/wp\/v2\/media\/1558"}],"wp:attachment":[{"href":"https:\/\/clientehostix.com.br\/pharmacosmeticos\/wp-json\/wp\/v2\/media?parent=1328"}],"wp:term":[{"taxonomy":"product_brand","embeddable":true,"href":"https:\/\/clientehostix.com.br\/pharmacosmeticos\/wp-json\/wp\/v2\/product_brand?post=1328"},{"taxonomy":"product_cat","embeddable":true,"href":"https:\/\/clientehostix.com.br\/pharmacosmeticos\/wp-json\/wp\/v2\/product_cat?post=1328"},{"taxonomy":"product_tag","embeddable":true,"href":"https:\/\/clientehostix.com.br\/pharmacosmeticos\/wp-json\/wp\/v2\/product_tag?post=1328"}],"curies":[{"name":"wp","href":"https:\/\/api.w.org\/{rel}","templated":true}]}}