{"id":1304,"date":"2025-11-17T13:57:07","date_gmt":"2025-11-17T16:57:07","guid":{"rendered":"https:\/\/clientehostix.com.br\/pharmacosmeticos\/?post_type=product&#038;p=1304"},"modified":"2025-12-10T13:13:44","modified_gmt":"2025-12-10T16:13:44","slug":"locao-hidratante-corporal-ametista-zilu-godoi","status":"publish","type":"product","link":"https:\/\/clientehostix.com.br\/pharmacosmeticos\/produto\/locao-hidratante-corporal-ametista-zilu-godoi\/","title":{"rendered":"LO\u00c7\u00c3O HIDRATANTE CORPORAL AMETISTA ZIL\u00da GODOI"},"content":{"rendered":"<p><b>VOLUME<\/b><span style=\"font-weight: 400;\">: 120ml<\/span><\/p>\n<p><b>PESO L\u00cdQUIDO:<\/b><span style=\"font-weight: 400;\"> 120g<\/span><\/p>\n<p><b>PESO BRUTO:<\/b><span style=\"font-weight: 400;\"> 150g<\/span><\/p>\n<p><b>PESO DA CAIXA (VAZIA): <\/b><span style=\"font-weight: 400;\">105g\u00a0<\/span><\/p>\n<p><b>MEDIDAS DA CAIXA: <\/b><span style=\"font-weight: 400;\">27cm (C) x 14cm (L) 10,5 cm (A)\u00a0<\/span><\/p>\n<p><b>Refer\u00eancia olfativa<\/b><span style=\"font-weight: 400;\">: Sua fragr\u00e2ncia remete ao perfume Coco Mademoiselle, uma refer\u00eancia olfativa consagrada no mercado.<\/span><\/p>\n<p><span style=\"font-weight: 400;\">\u00a0<\/span><\/p>\n<p><b>BENEF\u00cdCIOS:<\/b><span style=\"font-weight: 400;\">\u00a0<\/span><\/p>\n<ul>\n<li style=\"font-weight: 400;\" aria-level=\"1\"><span style=\"font-weight: 400;\">Hidrata profundamente a pele.<\/span><\/li>\n<li style=\"font-weight: 400;\" aria-level=\"1\"><span style=\"font-weight: 400;\">Protege a pele e previne o ressecamento.<\/span><\/li>\n<li style=\"font-weight: 400;\" aria-level=\"1\"><span style=\"font-weight: 400;\">Fragr\u00e2ncia duradoura: Mant\u00e9m a pele perfumada o dia todo com uma fragr\u00e2ncia leve e sofisticada, que harmoniza perfeitamente com o Perfume Ametista Zilu Godoi.<\/span><\/li>\n<li style=\"font-weight: 400;\" aria-level=\"1\"><span style=\"font-weight: 400;\">Textura leve e sensorial agrad\u00e1vel: F\u00f3rmula suave e de r\u00e1pida absor\u00e7\u00e3o, que deixa a pele com toque sedoso e macio.<\/span><\/li>\n<\/ul>\n<p><b>COT\u00c9M:<\/b><span style=\"font-weight: 400;\">\u00a0<\/span><\/p>\n<ul>\n<li style=\"font-weight: 400;\" aria-level=\"1\"><span style=\"font-weight: 400;\">Manteiga de Karit\u00e9<\/span><\/li>\n<li style=\"font-weight: 400;\" aria-level=\"1\"><span style=\"font-weight: 400;\">\u00d3leo de Girassol<\/span><\/li>\n<li style=\"font-weight: 400;\" aria-level=\"1\"><span style=\"font-weight: 400;\">Bioecolia<\/span><\/li>\n<li style=\"font-weight: 400;\" aria-level=\"1\"><span style=\"font-weight: 400;\">Vitamina E<\/span><\/li>\n<\/ul>\n<p>&nbsp;<\/p>\n<p><b>PRA QUEM \u00c9 INDICADO:<\/b><span style=\"font-weight: 400;\"> Pessoas que querem uma lo\u00e7\u00e3o hidratante que al\u00e9m de hidratar a pele e prevenir o ressecamento tamb\u00e9m possui uma fragr\u00e2ncia deliciosa que mant\u00e9m a pele perfumada durante todo o dia.<\/span><\/p>\n<p><b>MODO DE USAR:<\/b><span style=\"font-weight: 400;\"> Aplique sobre a pele e massageie at\u00e9 a completa absor\u00e7\u00e3o do produto.<\/span><\/p>\n<p><b>ADVERT\u00caNCIAS:<\/b><span style=\"font-weight: 400;\"> Uso externo. Manter fora do alcance das crian\u00e7as, n\u00e3o aplicar em mucosas. Havendo irrita\u00e7\u00e3o, suspenda o uso e procure orienta\u00e7\u00e3o m\u00e9dica. Conservar ao abrigo da luz e do calor do sol.<\/span><\/p>\n<p><b>COMPOSI\u00c7\u00c3O:<\/b><span style=\"font-weight: 400;\"> AQUA, GLYCERIN, BUTYROSPERMUM PARKII BUTTER, CETEARYL OLIVATE \/ SORBITAN OLIVATE, HELIANTHUS ANNUUS SEED OIL, ALPHA-GLUCAN OLIGOSACCHARIDE*, CETEARYL ALCOHOL, DIMETHICONE, NIACINAMIDE, PARFUM (BENZYL ALCOHOL, BENZYL SALICYLATE, BUTYLPHENYL METHYLPROPIONAL, CITRONELLOL, COUMARIN, GERANIOL, HEXYL CINNAMAL, HYDROXYCITRONELLAL, HYDROXYISOHEXYL 3-CYCLOHEXENE CARBOXALDEHYDE, LINALOOL), PHENOXYETHANOL \/ CAPRYLYL GLYCOL, ACRYLATES\/C10-30 ALKYL ACRYLATE CROSSPOLYMER, TOCOPHERYL ACETATE, XANTHAN GUM, DISODIUM EDTA, SODIUM HYDROXIDE.<\/span><\/p>\n","protected":false},"excerpt":{"rendered":"<p><span style=\"font-weight: 400;\">A Linha de Hidrata\u00e7\u00e3o Corporal Zilu Godoi foi desenvolvida para proporcionar intensa hidrata\u00e7\u00e3o, cuidando da sua pele em todas as esta\u00e7\u00f5es do ano. Com ingredientes naturais e uma fragr\u00e2ncia sofisticada, essa lo\u00e7\u00e3o vai transformar sua rotina de cuidados.<\/span><\/p>\n<p><span style=\"font-weight: 400;\">A Lo\u00e7\u00e3o Hidratante Corporal Zil\u00fa Godoi \u00e9 formulada com uma maravilhosa fragr\u00e2ncia que mant\u00eam a pele perfumada todo o dia. Sua f\u00f3rmula cont\u00e9m ingredientes vegetais que promovem uma hidrata\u00e7\u00e3o profunda na pele. A Manteiga de Karit\u00e9 e o \u00d3leo de Girassol nutrem e previnem o ressecamento e, o Bioecolia* e a Vitamina E, auxiliam na prote\u00e7\u00e3o natural da pele, formando uma pel\u00edcula protetora.<\/span><\/p>\n","protected":false},"featured_media":1511,"comment_status":"open","ping_status":"closed","template":"","meta":{"_monsterinsights_skip_tracking":false,"_monsterinsights_sitenote_active":false,"_monsterinsights_sitenote_note":"","_monsterinsights_sitenote_category":0},"product_brand":[],"product_cat":[46,47,37,36],"product_tag":[],"class_list":{"0":"post-1304","1":"product","2":"type-product","3":"status-publish","4":"has-post-thumbnail","6":"product_cat-protecao","7":"product_cat-tratamento","8":"product_cat-cuidados-diario","9":"product_cat-cosmeticos","11":"first","12":"instock","13":"taxable","14":"shipping-taxable","15":"purchasable","16":"product-type-simple"},"_links":{"self":[{"href":"https:\/\/clientehostix.com.br\/pharmacosmeticos\/wp-json\/wp\/v2\/product\/1304","targetHints":{"allow":["GET"]}}],"collection":[{"href":"https:\/\/clientehostix.com.br\/pharmacosmeticos\/wp-json\/wp\/v2\/product"}],"about":[{"href":"https:\/\/clientehostix.com.br\/pharmacosmeticos\/wp-json\/wp\/v2\/types\/product"}],"replies":[{"embeddable":true,"href":"https:\/\/clientehostix.com.br\/pharmacosmeticos\/wp-json\/wp\/v2\/comments?post=1304"}],"wp:featuredmedia":[{"embeddable":true,"href":"https:\/\/clientehostix.com.br\/pharmacosmeticos\/wp-json\/wp\/v2\/media\/1511"}],"wp:attachment":[{"href":"https:\/\/clientehostix.com.br\/pharmacosmeticos\/wp-json\/wp\/v2\/media?parent=1304"}],"wp:term":[{"taxonomy":"product_brand","embeddable":true,"href":"https:\/\/clientehostix.com.br\/pharmacosmeticos\/wp-json\/wp\/v2\/product_brand?post=1304"},{"taxonomy":"product_cat","embeddable":true,"href":"https:\/\/clientehostix.com.br\/pharmacosmeticos\/wp-json\/wp\/v2\/product_cat?post=1304"},{"taxonomy":"product_tag","embeddable":true,"href":"https:\/\/clientehostix.com.br\/pharmacosmeticos\/wp-json\/wp\/v2\/product_tag?post=1304"}],"curies":[{"name":"wp","href":"https:\/\/api.w.org\/{rel}","templated":true}]}}