{"id":1290,"date":"2025-11-17T13:34:52","date_gmt":"2025-11-17T16:34:52","guid":{"rendered":"https:\/\/clientehostix.com.br\/pharmacosmeticos\/?post_type=product&#038;p=1290"},"modified":"2025-12-17T15:12:31","modified_gmt":"2025-12-17T18:12:31","slug":"gel-de-massagem-com-sebo-de-carneiro","status":"publish","type":"product","link":"https:\/\/clientehostix.com.br\/pharmacosmeticos\/produto\/gel-de-massagem-com-sebo-de-carneiro\/","title":{"rendered":"GEL DE MASSAGEM COM SEBO DE CARNEIRO"},"content":{"rendered":"<p><b>VOLUME: <\/b><span style=\"font-weight: 400;\">200ml<\/span><\/p>\n<p><b>PESO L\u00cdQUIDO:<\/b><span style=\"font-weight: 400;\"> 200g\u00a0<\/span><\/p>\n<p><b>PESO BRUTO:<\/b><span style=\"font-weight: 400;\"> 225g\u00a0<\/span><\/p>\n<p><b>PESO DA CAIXA (VAZIA): <\/b><span style=\"font-weight: 400;\">105g\u00a0<\/span><\/p>\n<p><b>MEDIDAS DA CAIXA: <\/b><span style=\"font-weight: 400;\">27cm (C) x 14cm (L) 10,5 cm (A)\u00a0<\/span><\/p>\n<p><b>CATEGORIA 1 (PRINCIPAL): <\/b><span style=\"font-weight: 400;\">Corporal<\/span><\/p>\n<p><b>CATEGORIA 2 (SUBCATEGORIA): <\/b><span style=\"font-weight: 400;\">Tratamento<\/span><\/p>\n<p><b>BENEF\u00cdCIOS:<\/b><span style=\"font-weight: 400;\">\u00a0<\/span><\/p>\n<ul>\n<li style=\"font-weight: 400;\" aria-level=\"1\"><span style=\"font-weight: 400;\">Alivia as dores musculares<\/span><\/li>\n<li style=\"font-weight: 400;\" aria-level=\"1\"><span style=\"font-weight: 400;\">Promove sensa\u00e7\u00e3o de relaxamento e refresc\u00e2ncia<\/span><\/li>\n<\/ul>\n<p><b>COT\u00c9M:<\/b><span style=\"font-weight: 400;\">\u00a0<\/span><\/p>\n<ul>\n<li style=\"font-weight: 400;\" aria-level=\"1\"><span style=\"font-weight: 400;\">Erva de Santa Maria (mastruz)<\/span><\/li>\n<li style=\"font-weight: 400;\" aria-level=\"1\"><span style=\"font-weight: 400;\">Arnica<\/span><\/li>\n<li style=\"font-weight: 400;\" aria-level=\"1\"><span style=\"font-weight: 400;\">Erva Baleeira<\/span><\/li>\n<li style=\"font-weight: 400;\" aria-level=\"1\"><span style=\"font-weight: 400;\">Mentol<\/span><\/li>\n<li style=\"font-weight: 400;\" aria-level=\"1\"><span style=\"font-weight: 400;\">C\u00e2nfora<\/span><\/li>\n<li style=\"font-weight: 400;\" aria-level=\"1\"><span style=\"font-weight: 400;\">Salicilato de Metila<\/span><\/li>\n<li style=\"font-weight: 400;\" aria-level=\"1\"><span style=\"font-weight: 400;\">Lanolina<\/span><\/li>\n<\/ul>\n<p>&nbsp;<\/p>\n<p><b>PRA QUEM \u00c9 INDICADO:<\/b><span style=\"font-weight: 400;\"> Adultos. Pessoas com dores musculares.\u00a0<\/span><\/p>\n<p><b>MODO DE USAR:<\/b><span style=\"font-weight: 400;\"> Aplique uma pequena quantidade no local desejado e massageie at\u00e9 que o gel seja absorvido pela pele e conseguir obter uma sensa\u00e7\u00e3o de relaxamento e refresc\u00e2ncia.<\/span><\/p>\n<p><b>ADVERT\u00caNCIAS: <\/b><span style=\"font-weight: 400;\">Uso externo. Proibido o uso em crian\u00e7as menores de 7 anos. Mantenha fora do alcance das crian\u00e7as. N\u00e3o aplicar em mucosa, pele irritada ou lesionada. Evitar contato com os olhos. N\u00e3o utilizar durante a gravidez. Em caso de sinais de intoxica\u00e7\u00e3o ou irrita\u00e7\u00e3o, suspender o uso e procurar orienta\u00e7\u00e3o m\u00e9dica.<\/span><\/p>\n<p><b>COMPOSI\u00c7\u00c3O: <\/b><span style=\"font-weight: 400;\">AQUA, ALCOHOL, CHENOPODIUM AMBROSIOIDES LEAF EXTRACT, CAMPHOR, ARNICA MONTANA FLOWER EXTRACT, CORDIA VERBENACEA ESSENTIAL OIL, METHYL SALICYLATE, PROPYLENE GLYCOL, TRIETHANOLAMINE, CARBOMER, MENTHOL, LANOLIN, GLYCERIN, PARFUM, (COUMARIN, LIMONENE), METHYLCHLOROISOTHIAZOLINONE \/ METHYLISOTHIAZOLINONE.<\/span><\/p>\n","protected":false},"excerpt":{"rendered":"<p><span style=\"font-weight: 400;\">O Gel de Massagem Sebo de Carneiro possui f\u00f3rmula enriquecida com sebo de carneiro, c\u00e2nfora, arnica e erva de baleeira. Promove uma sensa\u00e7\u00e3o de relaxamento e refresc\u00e2ncia na pele, e auxilia no al\u00edvio de dores musculares atrav\u00e9s da massagem corporal.<\/span><\/p>\n","protected":false},"featured_media":1576,"comment_status":"open","ping_status":"closed","template":"","meta":{"_monsterinsights_skip_tracking":false,"_monsterinsights_sitenote_active":false,"_monsterinsights_sitenote_note":"","_monsterinsights_sitenote_category":0},"product_brand":[],"product_cat":[47,36],"product_tag":[77],"class_list":{"0":"post-1290","1":"product","2":"type-product","3":"status-publish","4":"has-post-thumbnail","6":"product_cat-tratamento","7":"product_cat-cosmeticos","8":"product_tag-gel","10":"first","11":"instock","12":"taxable","13":"shipping-taxable","14":"purchasable","15":"product-type-simple"},"_links":{"self":[{"href":"https:\/\/clientehostix.com.br\/pharmacosmeticos\/wp-json\/wp\/v2\/product\/1290","targetHints":{"allow":["GET"]}}],"collection":[{"href":"https:\/\/clientehostix.com.br\/pharmacosmeticos\/wp-json\/wp\/v2\/product"}],"about":[{"href":"https:\/\/clientehostix.com.br\/pharmacosmeticos\/wp-json\/wp\/v2\/types\/product"}],"replies":[{"embeddable":true,"href":"https:\/\/clientehostix.com.br\/pharmacosmeticos\/wp-json\/wp\/v2\/comments?post=1290"}],"wp:featuredmedia":[{"embeddable":true,"href":"https:\/\/clientehostix.com.br\/pharmacosmeticos\/wp-json\/wp\/v2\/media\/1576"}],"wp:attachment":[{"href":"https:\/\/clientehostix.com.br\/pharmacosmeticos\/wp-json\/wp\/v2\/media?parent=1290"}],"wp:term":[{"taxonomy":"product_brand","embeddable":true,"href":"https:\/\/clientehostix.com.br\/pharmacosmeticos\/wp-json\/wp\/v2\/product_brand?post=1290"},{"taxonomy":"product_cat","embeddable":true,"href":"https:\/\/clientehostix.com.br\/pharmacosmeticos\/wp-json\/wp\/v2\/product_cat?post=1290"},{"taxonomy":"product_tag","embeddable":true,"href":"https:\/\/clientehostix.com.br\/pharmacosmeticos\/wp-json\/wp\/v2\/product_tag?post=1290"}],"curies":[{"name":"wp","href":"https:\/\/api.w.org\/{rel}","templated":true}]}}