{"id":1261,"date":"2025-11-17T11:53:12","date_gmt":"2025-11-17T14:53:12","guid":{"rendered":"https:\/\/clientehostix.com.br\/pharmacosmeticos\/?post_type=product&#038;p=1261"},"modified":"2025-12-10T13:20:36","modified_gmt":"2025-12-10T16:20:36","slug":"enxaguatorio-bucal","status":"publish","type":"product","link":"https:\/\/clientehostix.com.br\/pharmacosmeticos\/produto\/enxaguatorio-bucal\/","title":{"rendered":"ENXAGUAT\u00d3RIO BUCAL MENTA"},"content":{"rendered":"<p><b>VOLUME: <\/b><span style=\"font-weight: 400;\">250ml<\/span><\/p>\n<p><b>PESO L\u00cdQUIDO:<\/b><span style=\"font-weight: 400;\"> 250g\u00a0<\/span><\/p>\n<p><b>PESO BRUTO:<\/b><span style=\"font-weight: 400;\"> 300g\u00a0<\/span><\/p>\n<p><b>PESO DA CAIXA (VAZIA): <\/b><span style=\"font-weight: 400;\">105g\u00a0<\/span><\/p>\n<p><b>MEDIDAS DA CAIXA: <\/b><span style=\"font-weight: 400;\">27cm (C) x 14cm (L) 10,5 cm (A)\u00a0<\/span><\/p>\n<p><b>BENEF\u00cdCIOS:<\/b><span style=\"font-weight: 400;\">\u00a0<\/span><\/p>\n<ul>\n<li style=\"font-weight: 400;\" aria-level=\"1\"><span style=\"font-weight: 400;\">Auxilia na preven\u00e7\u00e3o de c\u00e1ries<\/span><\/li>\n<li style=\"font-weight: 400;\" aria-level=\"1\"><span style=\"font-weight: 400;\">Proporciona h\u00e1lito puro e refrescante<\/span><\/li>\n<\/ul>\n<p><b>COT\u00c9M:<\/b><span style=\"font-weight: 400;\">\u00a0<\/span><\/p>\n<ul>\n<li style=\"font-weight: 400;\" aria-level=\"1\"><span style=\"font-weight: 400;\">Fl\u00faor (FLUORETO DE S\u00d3DIO A 0,05%)<\/span><\/li>\n<\/ul>\n<p>&nbsp;<\/p>\n<p><b>PRA QUEM \u00c9 INDICADO:<\/b><span style=\"font-weight: 400;\"> Pessoas que querem complementar a higiene bucal com um produto que ajuda a prevenir c\u00e1ries e proporciona h\u00e1lito refrescante.<\/span><\/p>\n<p><b>MODO DE USAR:<\/b><span style=\"font-weight: 400;\"> Ap\u00f3s a escova\u00e7\u00e3o, fazer bochechos com 20ml do produto durante 30 a 60 segundos de manh\u00e3 e \u00e0 noite. N\u00e3o diluir.<\/span><\/p>\n<p><b>ADVERT\u00caNCIAS:<\/b><span style=\"font-weight: 400;\"> N\u00e3o ingerir o produto. N\u00e3o usar em crian\u00e7as menores de 06 anos. Manter fora do alcance de crian\u00e7as. Em caso de ingest\u00e3o acidental procure assist\u00eancia m\u00e9dica. Armazenar \u00e0 temperatura ambiente e evitar exposi\u00e7\u00e3o direta \u00e0 luz solar.<\/span><\/p>\n<p><b>COMPOSI\u00c7\u00c3O (HORTEL\u00c3):<\/b><span style=\"font-weight: 400;\"> AQUA, GLYCERIN, PARFUM, PHENOXYETHANOL \/ METHYLISOTHIAZOLINONE \/ PROPYLENE GLYCOL, SODIUM CYCLAMATE \/ MALTODEXTRIN \/ SODIUM SACCHARIN, SODIUM FLUORIDE, CI 42090.<\/span><\/p>\n<p><span style=\"font-weight: 400;\">A ess\u00eancia remete \u00e0 hortel\u00e3.<\/span><\/p>\n<p><b>COMPOSI\u00c7\u00c3O (MENTA):<\/b><span style=\"font-weight: 400;\"> AQUA, GLYCERIN, PARFUM, PHENOXYETHANOL \/ METHYLISOTHIAZOLINONE \/ PROPYLENE GLYCOL, SODIUM CYCLAMATE \/ MALTODEXTRIN \/ SODIUM SACCHARIN, SODIUM FLUORIDE, CI 42090, CI 19140.\u00a0<\/span><\/p>\n<p><span style=\"font-weight: 400;\">A ess\u00eancia \u00e9 de Menta.<\/span><\/p>\n","protected":false},"excerpt":{"rendered":"<p><span style=\"font-weight: 400;\">O Enxaguat\u00f3rio Bucal Refresh Hortel\u00e3 \u00e9 indicado especialmente para auxiliar na preven\u00e7\u00e3o de c\u00e1ries. Proporciona h\u00e1lito super refrescante e duradouro. Sua f\u00f3rmula livre de \u00e1lcool o torna mais suave e n\u00e3o agride a mucosa oral.<\/span><\/p>\n<p><span style=\"font-weight: 400;\">\u00a0<\/span><\/p>\n","protected":false},"featured_media":1584,"comment_status":"open","ping_status":"closed","template":"","meta":{"_monsterinsights_skip_tracking":false,"_monsterinsights_sitenote_active":false,"_monsterinsights_sitenote_note":"","_monsterinsights_sitenote_category":0},"product_brand":[],"product_cat":[46,37],"product_tag":[],"class_list":{"0":"post-1261","1":"product","2":"type-product","3":"status-publish","4":"has-post-thumbnail","6":"product_cat-protecao","7":"product_cat-cuidados-diario","9":"first","10":"instock","11":"taxable","12":"shipping-taxable","13":"purchasable","14":"product-type-simple"},"_links":{"self":[{"href":"https:\/\/clientehostix.com.br\/pharmacosmeticos\/wp-json\/wp\/v2\/product\/1261","targetHints":{"allow":["GET"]}}],"collection":[{"href":"https:\/\/clientehostix.com.br\/pharmacosmeticos\/wp-json\/wp\/v2\/product"}],"about":[{"href":"https:\/\/clientehostix.com.br\/pharmacosmeticos\/wp-json\/wp\/v2\/types\/product"}],"replies":[{"embeddable":true,"href":"https:\/\/clientehostix.com.br\/pharmacosmeticos\/wp-json\/wp\/v2\/comments?post=1261"}],"wp:featuredmedia":[{"embeddable":true,"href":"https:\/\/clientehostix.com.br\/pharmacosmeticos\/wp-json\/wp\/v2\/media\/1584"}],"wp:attachment":[{"href":"https:\/\/clientehostix.com.br\/pharmacosmeticos\/wp-json\/wp\/v2\/media?parent=1261"}],"wp:term":[{"taxonomy":"product_brand","embeddable":true,"href":"https:\/\/clientehostix.com.br\/pharmacosmeticos\/wp-json\/wp\/v2\/product_brand?post=1261"},{"taxonomy":"product_cat","embeddable":true,"href":"https:\/\/clientehostix.com.br\/pharmacosmeticos\/wp-json\/wp\/v2\/product_cat?post=1261"},{"taxonomy":"product_tag","embeddable":true,"href":"https:\/\/clientehostix.com.br\/pharmacosmeticos\/wp-json\/wp\/v2\/product_tag?post=1261"}],"curies":[{"name":"wp","href":"https:\/\/api.w.org\/{rel}","templated":true}]}}