{"id":1257,"date":"2025-11-17T11:41:34","date_gmt":"2025-11-17T14:41:34","guid":{"rendered":"https:\/\/clientehostix.com.br\/pharmacosmeticos\/?post_type=product&#038;p=1257"},"modified":"2025-12-17T15:05:17","modified_gmt":"2025-12-17T18:05:17","slug":"desodorante-roll-on-masculino-max-one","status":"publish","type":"product","link":"https:\/\/clientehostix.com.br\/pharmacosmeticos\/produto\/desodorante-roll-on-masculino-max-one\/","title":{"rendered":"DESODORANTE ROLL-ON MASCULINO ANTIBACTERIANO"},"content":{"rendered":"<p><b>VOLUME:<\/b><span style=\"font-weight: 400;\"> 50ml\u00a0<\/span><\/p>\n<p><b>PESO L\u00cdQUIDO:<\/b><span style=\"font-weight: 400;\"> 50g\u00a0<\/span><\/p>\n<p><b>PESO BRUTO: <\/b><span style=\"font-weight: 400;\">80g\u00a0<\/span><\/p>\n<p><b>PESO DA CAIXA (VAZIA): <\/b><span style=\"font-weight: 400;\">105g\u00a0<\/span><\/p>\n<p><b>MEDIDAS DA CAIXA: <\/b><span style=\"font-weight: 400;\">27cm (C) x 14cm (L) 10,5 cm (A)\u00a0<\/span><\/p>\n<p><b>CATEGORIA 1 (PRINCIPAL): <\/b><span style=\"font-weight: 400;\">Corporal<\/span><\/p>\n<p><b>CATEGORIA 2 (SUBCATEGORIA): <\/b><span style=\"font-weight: 400;\">Desodorante<\/span><\/p>\n<p><b>BENEF\u00cdCIOS:<\/b><span style=\"font-weight: 400;\">\u00a0<\/span><\/p>\n<ul>\n<li style=\"font-weight: 400;\" aria-level=\"1\"><span style=\"font-weight: 400;\">Combate odores da transpira\u00e7\u00e3o<\/span><\/li>\n<\/ul>\n<p>&nbsp;<\/p>\n<p><b>MODO DE USAR:<\/b><span style=\"font-weight: 400;\"> Aplicar nas axilas sempre que necess\u00e1rio, principalmente de manh\u00e3 e ap\u00f3s o banho.<\/span><\/p>\n<p><b>ADVERT\u00caNCIAS: <\/b><span style=\"font-weight: 400;\">Uso externo. Manter fora do alcance das crian\u00e7as. N\u00e3o aplicar em mucosas. Havendo irrita\u00e7\u00e3o, suspenda o uso e procure orienta\u00e7\u00e3o m\u00e9dica.<\/span><\/p>\n","protected":false},"excerpt":{"rendered":"<p><span style=\"font-weight: 400;\">O Desodorante Roll-on Max One foi desenvolvido para segurar o suor e combater os odores da transpira\u00e7\u00e3o, trazendo conforto e seguran\u00e7a para o seu dia a dia.<\/span><\/p>\n<p><span style=\"font-weight: 400;\">Ele proporciona uma fragr\u00e2ncia encantadora nas axilas que permanece por muitas horas, impedindo o aparecimento do mau odor.\u00a0<\/span><\/p>\n<p><span style=\"font-weight: 400;\">O Desodorante Max One controla os odores da transpira\u00e7\u00e3o.\u00a0<\/span><\/p>\n","protected":false},"featured_media":1594,"comment_status":"open","ping_status":"closed","template":"","meta":{"_monsterinsights_skip_tracking":false,"_monsterinsights_sitenote_active":false,"_monsterinsights_sitenote_note":"","_monsterinsights_sitenote_category":0},"product_brand":[],"product_cat":[46,36],"product_tag":[81],"class_list":{"0":"post-1257","1":"product","2":"type-product","3":"status-publish","4":"has-post-thumbnail","6":"product_cat-protecao","7":"product_cat-cosmeticos","8":"product_tag-desodorante","10":"first","11":"instock","12":"taxable","13":"shipping-taxable","14":"purchasable","15":"product-type-simple"},"_links":{"self":[{"href":"https:\/\/clientehostix.com.br\/pharmacosmeticos\/wp-json\/wp\/v2\/product\/1257","targetHints":{"allow":["GET"]}}],"collection":[{"href":"https:\/\/clientehostix.com.br\/pharmacosmeticos\/wp-json\/wp\/v2\/product"}],"about":[{"href":"https:\/\/clientehostix.com.br\/pharmacosmeticos\/wp-json\/wp\/v2\/types\/product"}],"replies":[{"embeddable":true,"href":"https:\/\/clientehostix.com.br\/pharmacosmeticos\/wp-json\/wp\/v2\/comments?post=1257"}],"wp:featuredmedia":[{"embeddable":true,"href":"https:\/\/clientehostix.com.br\/pharmacosmeticos\/wp-json\/wp\/v2\/media\/1594"}],"wp:attachment":[{"href":"https:\/\/clientehostix.com.br\/pharmacosmeticos\/wp-json\/wp\/v2\/media?parent=1257"}],"wp:term":[{"taxonomy":"product_brand","embeddable":true,"href":"https:\/\/clientehostix.com.br\/pharmacosmeticos\/wp-json\/wp\/v2\/product_brand?post=1257"},{"taxonomy":"product_cat","embeddable":true,"href":"https:\/\/clientehostix.com.br\/pharmacosmeticos\/wp-json\/wp\/v2\/product_cat?post=1257"},{"taxonomy":"product_tag","embeddable":true,"href":"https:\/\/clientehostix.com.br\/pharmacosmeticos\/wp-json\/wp\/v2\/product_tag?post=1257"}],"curies":[{"name":"wp","href":"https:\/\/api.w.org\/{rel}","templated":true}]}}