{"id":1253,"date":"2025-11-17T11:19:25","date_gmt":"2025-11-17T14:19:25","guid":{"rendered":"https:\/\/clientehostix.com.br\/pharmacosmeticos\/?post_type=product&#038;p=1253"},"modified":"2025-12-10T13:26:04","modified_gmt":"2025-12-10T16:26:04","slug":"creme-nutritivo-para-maos-e-pes-nutri-hf","status":"publish","type":"product","link":"https:\/\/clientehostix.com.br\/pharmacosmeticos\/produto\/creme-nutritivo-para-maos-e-pes-nutri-hf\/","title":{"rendered":"CREME NUTRITIVO PARA M\u00c3OS E P\u00c9S NUTRI HF"},"content":{"rendered":"<p><b>PESO L\u00cdQUIDO:<\/b><span style=\"font-weight: 400;\"> 100g\u00a0<\/span><\/p>\n<p><b>PESO BRUTO:<\/b><span style=\"font-weight: 400;\"> 125g\u00a0<\/span><\/p>\n<p><b>PESO DA CAIXA (VAZIA): <\/b><span style=\"font-weight: 400;\">105g\u00a0<\/span><\/p>\n<p><b>MEDIDAS DA CAIXA: <\/b><span style=\"font-weight: 400;\">27cm (C) x 14cm (L) 10,5 cm (A)<\/span><\/p>\n<p><b>BENEF\u00cdCIOS:<\/b><span style=\"font-weight: 400;\">\u00a0<\/span><\/p>\n<ul>\n<li style=\"font-weight: 400;\" aria-level=\"1\"><span style=\"font-weight: 400;\">Hidrata profundamente a pele das m\u00e3os e dos p\u00e9s<\/span><\/li>\n<li style=\"font-weight: 400;\" aria-level=\"1\"><span style=\"font-weight: 400;\">Previne o ressecamento da pele<\/span><\/li>\n<li style=\"font-weight: 400;\" aria-level=\"1\"><span style=\"font-weight: 400;\">Combate o ressecamento e as asperezas da pele<\/span><\/li>\n<li style=\"font-weight: 400;\" aria-level=\"1\"><span style=\"font-weight: 400;\">Auxilia no tratamento de rachaduras<\/span><\/li>\n<\/ul>\n<p><b>COT\u00c9M:<\/b><span style=\"font-weight: 400;\">\u00a0<\/span><\/p>\n<ul>\n<li style=\"font-weight: 400;\" aria-level=\"1\"><span style=\"font-weight: 400;\">Ureia<\/span><\/li>\n<li style=\"font-weight: 400;\" aria-level=\"1\"><span style=\"font-weight: 400;\">\u00c1cido Salic\u00edlico<\/span><\/li>\n<li style=\"font-weight: 400;\" aria-level=\"1\"><span style=\"font-weight: 400;\">Vitamina E<\/span><\/li>\n<\/ul>\n<p>&nbsp;<\/p>\n<p><b>PRA QUEM \u00c9 INDICADO:<\/b><span style=\"font-weight: 400;\"> Pessoas que sofrem com rachaduras e ressecamentos nas m\u00e3os e nos p\u00e9s e buscam um produto eficiente que resolvam esses problemas.<\/span><\/p>\n<p><b>MODO DE USAR:<\/b><span style=\"font-weight: 400;\"> Aplicar uma quantidade de creme sobre as m\u00e3os ou p\u00e9s e massagear bem.<\/span><\/p>\n<p><b>ADVERT\u00caNCIAS:<\/b><span style=\"font-weight: 400;\"> Uso externo. Manter fora do alcance das crian\u00e7as. N\u00e3o utilizar sobre a pele irritada ou lesionada. Evitar contato com os olhos. Para o uso durante a gravidez, consulte um m\u00e9dico. N\u00e3o usar em crian\u00e7as.<\/span><\/p>\n","protected":false},"excerpt":{"rendered":"<p><span style=\"font-weight: 400;\">O creme hidratante para m\u00e3os e p\u00e9s NutriHF hidrata sua pele imediatamente, propiciando uma sensa\u00e7\u00e3o de maciez. Forma uma pel\u00edcula invis\u00edvel, prevenindo o ressecamento e a descama\u00e7\u00e3o da pele. <\/span><span style=\"font-weight: 400;\">Tamb\u00e9m \u00e9 eficaz no tratamento contra rachaduras.<\/span><\/p>\n","protected":false},"featured_media":1611,"comment_status":"open","ping_status":"closed","template":"","meta":{"_monsterinsights_skip_tracking":false,"_monsterinsights_sitenote_active":false,"_monsterinsights_sitenote_note":"","_monsterinsights_sitenote_category":0},"product_brand":[],"product_cat":[46,47,37,36],"product_tag":[],"class_list":{"0":"post-1253","1":"product","2":"type-product","3":"status-publish","4":"has-post-thumbnail","6":"product_cat-protecao","7":"product_cat-tratamento","8":"product_cat-cuidados-diario","9":"product_cat-cosmeticos","11":"first","12":"instock","13":"taxable","14":"shipping-taxable","15":"purchasable","16":"product-type-simple"},"_links":{"self":[{"href":"https:\/\/clientehostix.com.br\/pharmacosmeticos\/wp-json\/wp\/v2\/product\/1253","targetHints":{"allow":["GET"]}}],"collection":[{"href":"https:\/\/clientehostix.com.br\/pharmacosmeticos\/wp-json\/wp\/v2\/product"}],"about":[{"href":"https:\/\/clientehostix.com.br\/pharmacosmeticos\/wp-json\/wp\/v2\/types\/product"}],"replies":[{"embeddable":true,"href":"https:\/\/clientehostix.com.br\/pharmacosmeticos\/wp-json\/wp\/v2\/comments?post=1253"}],"wp:featuredmedia":[{"embeddable":true,"href":"https:\/\/clientehostix.com.br\/pharmacosmeticos\/wp-json\/wp\/v2\/media\/1611"}],"wp:attachment":[{"href":"https:\/\/clientehostix.com.br\/pharmacosmeticos\/wp-json\/wp\/v2\/media?parent=1253"}],"wp:term":[{"taxonomy":"product_brand","embeddable":true,"href":"https:\/\/clientehostix.com.br\/pharmacosmeticos\/wp-json\/wp\/v2\/product_brand?post=1253"},{"taxonomy":"product_cat","embeddable":true,"href":"https:\/\/clientehostix.com.br\/pharmacosmeticos\/wp-json\/wp\/v2\/product_cat?post=1253"},{"taxonomy":"product_tag","embeddable":true,"href":"https:\/\/clientehostix.com.br\/pharmacosmeticos\/wp-json\/wp\/v2\/product_tag?post=1253"}],"curies":[{"name":"wp","href":"https:\/\/api.w.org\/{rel}","templated":true}]}}