{"id":1248,"date":"2025-11-17T09:42:45","date_gmt":"2025-11-17T12:42:45","guid":{"rendered":"https:\/\/clientehostix.com.br\/pharmacosmeticos\/?post_type=product&#038;p=1248"},"modified":"2025-12-10T13:25:50","modified_gmt":"2025-12-10T16:25:50","slug":"creme-hidratante-para-os-pes-hidranano-por-maurelio-neto","status":"publish","type":"product","link":"https:\/\/clientehostix.com.br\/pharmacosmeticos\/produto\/creme-hidratante-para-os-pes-hidranano-por-maurelio-neto\/","title":{"rendered":"CREME HIDRATANTE PARA OS P\u00c9S &#8211; HIDRANANO POR MAUR\u00c9LIO NETO"},"content":{"rendered":"<p><b>PESO L\u00cdQUIDO:<\/b><span style=\"font-weight: 400;\"> 100g\u00a0<\/span><\/p>\n<p><b>PESO BRUTO:<\/b><span style=\"font-weight: 400;\"> 125g<\/span><\/p>\n<p><b>PESO DA CAIXA (VAZIA): <\/b><span style=\"font-weight: 400;\">105g\u00a0<\/span><\/p>\n<p><b>MEDIDAS DA CAIXA: <\/b><span style=\"font-weight: 400;\">27cm (C) x 14cm (L) 10,5 cm (A)<\/span><\/p>\n<p><b>BENEF\u00cdCIOS:<\/b><span style=\"font-weight: 400;\">\u00a0<\/span><\/p>\n<ul>\n<li style=\"font-weight: 400;\" aria-level=\"1\"><span style=\"font-weight: 400;\">Hidrata profundamente a pele dos p\u00e9s<\/span><\/li>\n<li style=\"font-weight: 400;\" aria-level=\"1\"><span style=\"font-weight: 400;\">Previne o ressecamento da pele<\/span><\/li>\n<li style=\"font-weight: 400;\" aria-level=\"1\"><span style=\"font-weight: 400;\">Combate o ressecamento e as asperezas da pele<\/span><\/li>\n<\/ul>\n<p><b>COT\u00c9M:<\/b><span style=\"font-weight: 400;\">\u00a0<\/span><\/p>\n<ul>\n<li style=\"font-weight: 400;\" aria-level=\"1\"><span style=\"font-weight: 400;\">Lanolina<\/span><\/li>\n<li style=\"font-weight: 400;\" aria-level=\"1\"><span style=\"font-weight: 400;\">\u00c1cido salic\u00edlico<\/span><\/li>\n<li style=\"font-weight: 400;\" aria-level=\"1\"><span style=\"font-weight: 400;\">PCA Na<\/span><\/li>\n<li style=\"font-weight: 400;\" aria-level=\"1\"><span style=\"font-weight: 400;\">Hidrovance<\/span><\/li>\n<li style=\"font-weight: 400;\" aria-level=\"1\"><span style=\"font-weight: 400;\">Vitamina A<\/span><\/li>\n<li style=\"font-weight: 400;\" aria-level=\"1\"><span style=\"font-weight: 400;\">Vitamina E<\/span><\/li>\n<\/ul>\n<p>&nbsp;<\/p>\n<p><b>PRA QUEM \u00c9 INDICADO:<\/b><span style=\"font-weight: 400;\"> Pessoas que sofrem com rachaduras nos p\u00e9s e p\u00e9s ressecados e que buscam um produto eficiente que resolvam esses problemas.<\/span><\/p>\n<p><b>MODO DE USAR:<\/b><span style=\"font-weight: 400;\"> Aplicar nas solas dos p\u00e9s, massageando at\u00e9 completa absor\u00e7\u00e3o do produto quantas vezes achar necess\u00e1rio.<\/span><\/p>\n<p><b>ADVERT\u00caNCIAS:<\/b><span style=\"font-weight: 400;\"> Uso externo. Manter fora do alcance das crian\u00e7as. N\u00e3o utilizar sobre a pele irritada ou lesionada. Evitar contato com os olhos. Para o uso durante a gravidez, consulte um m\u00e9dico. N\u00e3o usar em crian\u00e7as.<\/span><\/p>\n<p><b>COMPOSI\u00c7\u00c3O:<\/b><span style=\"font-weight: 400;\"> AQUA, CETEARYL ALCOHOL, HYDROXYETHYL UREA, GLYCERIN, GLYCERYL STEARATE, CETEARETH-20, PARAFFINUM LIQUIDUM, SALICYLIC ACID, SODIUM PCA, TRIETHANOLAMINE, UREA, PROPYLENE GLYCOL, PHENOXYETHANOL \/ CAPRYLYL GLYCOL, LANOLIN, PARFUM (ALPHA-ISOMETHYL IONONE, BUTYLPHENYL METHYLPROPIONAL, COUMARIN, HYDROXYISOHEXYL 3-CYCLOHEXENE CARBOXALDEHYDE, LINALOOL), RETINYL PALMITATE, TOCOPHERYL ACETATE.<\/span><\/p>\n","protected":false},"excerpt":{"rendered":"<p><span style=\"font-weight: 400;\">A pele sobre os p\u00e9s \u00e9 naturalmente seca, ao contr\u00e1rio da pele sobre o resto do corpo, pois n\u00e3o h\u00e1 gl\u00e2ndulas de \u00f3leo e nossas gl\u00e2ndulas sudor\u00edparas t\u00eam dificuldade em manter os p\u00e9s hidratados. O Creme Hidratante para os P\u00e9s foi desenvolvido para hidratar, proteger a pele e combater o ressecamento dos p\u00e9s.<\/span><\/p>\n<p><span style=\"font-weight: 400;\">O Creme Hidratante para os P\u00e9s \u00e9 enriquecido com vitaminas e hidrovance. Sua f\u00f3rmula promove hidrata\u00e7\u00e3o prolongada que revitaliza, protege a pele e combate as asperezas dos p\u00e9s ressecados.<\/span><\/p>\n","protected":false},"featured_media":1613,"comment_status":"open","ping_status":"closed","template":"","meta":{"_monsterinsights_skip_tracking":false,"_monsterinsights_sitenote_active":false,"_monsterinsights_sitenote_note":"","_monsterinsights_sitenote_category":0},"product_brand":[],"product_cat":[46,47,36],"product_tag":[],"class_list":{"0":"post-1248","1":"product","2":"type-product","3":"status-publish","4":"has-post-thumbnail","6":"product_cat-protecao","7":"product_cat-tratamento","8":"product_cat-cosmeticos","10":"first","11":"instock","12":"taxable","13":"shipping-taxable","14":"purchasable","15":"product-type-simple"},"_links":{"self":[{"href":"https:\/\/clientehostix.com.br\/pharmacosmeticos\/wp-json\/wp\/v2\/product\/1248","targetHints":{"allow":["GET"]}}],"collection":[{"href":"https:\/\/clientehostix.com.br\/pharmacosmeticos\/wp-json\/wp\/v2\/product"}],"about":[{"href":"https:\/\/clientehostix.com.br\/pharmacosmeticos\/wp-json\/wp\/v2\/types\/product"}],"replies":[{"embeddable":true,"href":"https:\/\/clientehostix.com.br\/pharmacosmeticos\/wp-json\/wp\/v2\/comments?post=1248"}],"wp:featuredmedia":[{"embeddable":true,"href":"https:\/\/clientehostix.com.br\/pharmacosmeticos\/wp-json\/wp\/v2\/media\/1613"}],"wp:attachment":[{"href":"https:\/\/clientehostix.com.br\/pharmacosmeticos\/wp-json\/wp\/v2\/media?parent=1248"}],"wp:term":[{"taxonomy":"product_brand","embeddable":true,"href":"https:\/\/clientehostix.com.br\/pharmacosmeticos\/wp-json\/wp\/v2\/product_brand?post=1248"},{"taxonomy":"product_cat","embeddable":true,"href":"https:\/\/clientehostix.com.br\/pharmacosmeticos\/wp-json\/wp\/v2\/product_cat?post=1248"},{"taxonomy":"product_tag","embeddable":true,"href":"https:\/\/clientehostix.com.br\/pharmacosmeticos\/wp-json\/wp\/v2\/product_tag?post=1248"}],"curies":[{"name":"wp","href":"https:\/\/api.w.org\/{rel}","templated":true}]}}