{"id":1244,"date":"2025-11-17T09:27:04","date_gmt":"2025-11-17T12:27:04","guid":{"rendered":"https:\/\/clientehostix.com.br\/pharmacosmeticos\/?post_type=product&#038;p=1244"},"modified":"2025-12-10T13:23:56","modified_gmt":"2025-12-10T16:23:56","slug":"condicionador-banho-kids-aloe-vera","status":"publish","type":"product","link":"https:\/\/clientehostix.com.br\/pharmacosmeticos\/produto\/condicionador-banho-kids-aloe-vera\/","title":{"rendered":"CONDICIONADOR BANHO KIDS ALOE VERA"},"content":{"rendered":"<p><b>VOLUME:<\/b><span style=\"font-weight: 400;\"> 120ml\u00a0<\/span><\/p>\n<p><b>PESO L\u00cdQUIDO:<\/b><span style=\"font-weight: 400;\"> 120g\u00a0<\/span><\/p>\n<p><b>PESO BRUTO:<\/b><span style=\"font-weight: 400;\"> 140g\u00a0<\/span><\/p>\n<p><b>PESO DA CAIXA (VAZIA): <\/b><span style=\"font-weight: 400;\">105g\u00a0<\/span><\/p>\n<p><b>MEDIDAS DA CAIXA: <\/b><span style=\"font-weight: 400;\">27cm (C) x 14cm (L) 10,5 cm (A)\u00a0<\/span><\/p>\n<p>&nbsp;<\/p>\n<p><b>PRA QUEM \u00c9 INDICADO:<\/b><span style=\"font-weight: 400;\"> Crian\u00e7as.\u00a0<\/span><\/p>\n<p><b>MODO DE USAR:<\/b><span style=\"font-weight: 400;\"> Pode ser usada diariamente na pele, na roupa e no bercinho do beb\u00ea.\u00a0<\/span><\/p>\n<p><b>ADVERT\u00caNCIAS: <\/b><span style=\"font-weight: 400;\">Deve ser aplicado por adulto ou com supervis\u00e3o de adulto. N\u00e3o usar na pele irritada ou lesionada. Em caso de irrita\u00e7\u00e3o, suspender o uso e procurar um m\u00e9dico. Mantenha o produto fora do alcance das crian\u00e7as. Evitar contato com os olhos. Em caso de contato com os olhos, enxaguar abundantemente com \u00e1gua. Uso externo. Cuidado: inflam\u00e1vel.\u00a0<\/span><\/p>\n<p>&nbsp;<\/p>\n<p><b>COMPOSI\u00c7\u00c3O (PINK): <\/b><span style=\"font-weight: 400;\">ALCOHOL, AQUA, PARFUM (ALPHA-ISOMETHYL IONONE, BENZYL BENZOATE, BUTYLPHENYL METHYLPRO- PIONAL, CINNAMYL ALCOHOL, CITRAL, CITRONELLOL, COUMARIN, HEXYL CINNA- MAL, HYDROXYCITRONELLAL, LIMONENE, LINALOOL), PROPYLENE GLYCOL, CI 15850.<\/span><\/p>\n<p><b>COMPOSI\u00c7\u00c3O (BLUE): <\/b><span style=\"font-weight: 400;\">ALCOHOL, AQUA, PARFUM (AMYL CINNAMAL, BENZYL SALICYLATE, BUTYLPHENYL METHYLPROPIONAL, CITRONELLOL, COUMARIN, ISOEUGENOL, LINALOOL), PROPYLENE GLYCOL, CI 42090.<\/span><\/p>\n<p><b>COMPOSI\u00c7\u00c3O (GREEN): <\/b><span style=\"font-weight: 400;\">ALCOHOL, AQUA, PARFUM (ALPHA-ISOMETHYL IONONE, BENZYL BENZOATE, BUTYLPHENYL METHYLPROPIONAL, CINNAMYL ALCOHOL, CITRAL, CITRONELLOL, COUMARIN, HEXYL CINNAMAL, HYDROXYCITRONELLAL, LIMONENE, LINALOOL), PROPYLENE GLYCOL, CI 19140, CI 42090.<\/span><\/p>\n","protected":false},"excerpt":{"rendered":"<p><span style=\"font-weight: 400;\">O Condicionador Banhos Kids Pharma \u00e9 dermatologicamente testado e foi desenvolvido para desembara\u00e7ar e deixar os cabelos da crian\u00e7a mais macios e cheirosos.<\/span><\/p>\n","protected":false},"featured_media":1615,"comment_status":"open","ping_status":"closed","template":"","meta":{"_monsterinsights_skip_tracking":false,"_monsterinsights_sitenote_active":false,"_monsterinsights_sitenote_note":"","_monsterinsights_sitenote_category":0},"product_brand":[],"product_cat":[41,32],"product_tag":[],"class_list":{"0":"post-1244","1":"product","2":"type-product","3":"status-publish","4":"has-post-thumbnail","6":"product_cat-cabelos","7":"product_cat-kids","9":"first","10":"instock","11":"taxable","12":"shipping-taxable","13":"purchasable","14":"product-type-simple"},"_links":{"self":[{"href":"https:\/\/clientehostix.com.br\/pharmacosmeticos\/wp-json\/wp\/v2\/product\/1244","targetHints":{"allow":["GET"]}}],"collection":[{"href":"https:\/\/clientehostix.com.br\/pharmacosmeticos\/wp-json\/wp\/v2\/product"}],"about":[{"href":"https:\/\/clientehostix.com.br\/pharmacosmeticos\/wp-json\/wp\/v2\/types\/product"}],"replies":[{"embeddable":true,"href":"https:\/\/clientehostix.com.br\/pharmacosmeticos\/wp-json\/wp\/v2\/comments?post=1244"}],"wp:featuredmedia":[{"embeddable":true,"href":"https:\/\/clientehostix.com.br\/pharmacosmeticos\/wp-json\/wp\/v2\/media\/1615"}],"wp:attachment":[{"href":"https:\/\/clientehostix.com.br\/pharmacosmeticos\/wp-json\/wp\/v2\/media?parent=1244"}],"wp:term":[{"taxonomy":"product_brand","embeddable":true,"href":"https:\/\/clientehostix.com.br\/pharmacosmeticos\/wp-json\/wp\/v2\/product_brand?post=1244"},{"taxonomy":"product_cat","embeddable":true,"href":"https:\/\/clientehostix.com.br\/pharmacosmeticos\/wp-json\/wp\/v2\/product_cat?post=1244"},{"taxonomy":"product_tag","embeddable":true,"href":"https:\/\/clientehostix.com.br\/pharmacosmeticos\/wp-json\/wp\/v2\/product_tag?post=1244"}],"curies":[{"name":"wp","href":"https:\/\/api.w.org\/{rel}","templated":true}]}}