{"id":1239,"date":"2025-11-17T09:15:16","date_gmt":"2025-11-17T12:15:16","guid":{"rendered":"https:\/\/clientehostix.com.br\/pharmacosmeticos\/?post_type=product&#038;p=1239"},"modified":"2025-12-17T15:07:10","modified_gmt":"2025-12-17T18:07:10","slug":"aromatizante-de-ambiente","status":"publish","type":"product","link":"https:\/\/clientehostix.com.br\/pharmacosmeticos\/produto\/aromatizante-de-ambiente\/","title":{"rendered":"AROMATIZANTE DE AMBIENTE ALECRIM"},"content":{"rendered":"<p><span style=\"font-weight: 400;\">O Aromatizante de Ambiente Purify Home foi desenvolvido para perfumar o ambiente de modo cont\u00ednuo e promover certo charme \u00e0 decora\u00e7\u00e3o, al\u00e9m de proporcionar agrad\u00e1vel sensa\u00e7\u00e3o de bem estar.<\/span><\/p>\n<p>&nbsp;<\/p>\n<p><b>VOLUME:<\/b><span style=\"font-weight: 400;\"> 500ml\u00a0<\/span><\/p>\n<p><b>PESO L\u00cdQUIDO:<\/b><span style=\"font-weight: 400;\"> 500g\u00a0<\/span><\/p>\n<p><b>PESO BRUTO:<\/b><span style=\"font-weight: 400;\"> 520g\u00a0<\/span><\/p>\n<p><b>PESO DA CAIXA (VAZIA): <\/b><span style=\"font-weight: 400;\">105g\u00a0<\/span><\/p>\n<p><b>MEDIDAS DA CAIXA: <\/b><span style=\"font-weight: 400;\">27cm (C) x 14cm (L) 10,5 cm (A)<\/span><\/p>\n<p><b>PRA QUEM \u00c9 INDICADO:<\/b><span style=\"font-weight: 400;\"> Pessoas que querem perfumar o ambiente com fragr\u00e2ncias agrad\u00e1veis que criam um ambiente aconchegante.<\/span><\/p>\n<p>&nbsp;<\/p>\n<p><b>MODO DE USAR:<\/b><span style=\"font-weight: 400;\"> Borrifar no local onde deseja perfumar, inclusive em cortinas e plantas artificiais.<\/span><\/p>\n<p><b>ADVERT\u00caNCIAS:<\/b><span style=\"font-weight: 400;\"> Uso externo. Mantenha fora do alcance de crian\u00e7as, animais e luz solar direta. Evite contato com os olhos, caso aconte\u00e7a lave com \u00e1gua em abund\u00e2ncia, havendo irrita\u00e7\u00e3o procure um m\u00e9dico. N\u00e3o ingerir. Produto inflam\u00e1vel. N\u00e3o recomendado para uso no interior de ve\u00edculos.<\/span><\/p>\n<p>&nbsp;<\/p>\n<p><b>COMPOSI\u00c7\u00c3O (ALECRIM):<\/b><span style=\"font-weight: 400;\"> ALCOHOL, AQUA, PARFUM (BENZYL SALICYLATE, D-LIMONENE, LINALOOL), METHYLCHLOROISOTHIAZOLINONE \/ METHYLISOTHIAZOLINONE, BENZOTRIAZOLYL DODECYL P-CRESOL, CI 19140, CI 42090.<\/span><\/p>\n<p><span style=\"font-weight: 400;\">*A fragr\u00e2ncia remete \u00e0 alecrim.*<\/span><\/p>\n<p><b>COMPOSI\u00c7\u00c3O (BAMBOO):<\/b><span style=\"font-weight: 400;\"> ALCOHOL, AQUA, PARFUM (AMYL CINNAMAL, GERANIOL, LINALOOL), METHYLCHLOROISOTHIAZOLINONE \/ METHYLISOTHIAZOLINONE, BENZOTRIAZOLYL DODECYL P-CRESOL, CI 19140.<\/span><\/p>\n<p><span style=\"font-weight: 400;\">*A fragr\u00e2ncia remete \u00e0 bamboo.*<\/span><\/p>\n","protected":false},"excerpt":{"rendered":"<p><span style=\"font-weight: 400;\">O Aromatizante de Ambiente Purify Home foi desenvolvido para perfumar o ambiente de modo cont\u00ednuo e promover certo charme \u00e0 decora\u00e7\u00e3o, al\u00e9m de proporcionar agrad\u00e1vel sensa\u00e7\u00e3o de bem estar.<\/span><\/p>\n","protected":false},"featured_media":1504,"comment_status":"open","ping_status":"closed","template":"","meta":{"_monsterinsights_skip_tracking":false,"_monsterinsights_sitenote_active":false,"_monsterinsights_sitenote_note":"","_monsterinsights_sitenote_category":0},"product_brand":[],"product_cat":[36],"product_tag":[90],"class_list":{"0":"post-1239","1":"product","2":"type-product","3":"status-publish","4":"has-post-thumbnail","6":"product_cat-cosmeticos","7":"product_tag-aromatizante","9":"first","10":"instock","11":"taxable","12":"shipping-taxable","13":"purchasable","14":"product-type-simple"},"_links":{"self":[{"href":"https:\/\/clientehostix.com.br\/pharmacosmeticos\/wp-json\/wp\/v2\/product\/1239","targetHints":{"allow":["GET"]}}],"collection":[{"href":"https:\/\/clientehostix.com.br\/pharmacosmeticos\/wp-json\/wp\/v2\/product"}],"about":[{"href":"https:\/\/clientehostix.com.br\/pharmacosmeticos\/wp-json\/wp\/v2\/types\/product"}],"replies":[{"embeddable":true,"href":"https:\/\/clientehostix.com.br\/pharmacosmeticos\/wp-json\/wp\/v2\/comments?post=1239"}],"wp:featuredmedia":[{"embeddable":true,"href":"https:\/\/clientehostix.com.br\/pharmacosmeticos\/wp-json\/wp\/v2\/media\/1504"}],"wp:attachment":[{"href":"https:\/\/clientehostix.com.br\/pharmacosmeticos\/wp-json\/wp\/v2\/media?parent=1239"}],"wp:term":[{"taxonomy":"product_brand","embeddable":true,"href":"https:\/\/clientehostix.com.br\/pharmacosmeticos\/wp-json\/wp\/v2\/product_brand?post=1239"},{"taxonomy":"product_cat","embeddable":true,"href":"https:\/\/clientehostix.com.br\/pharmacosmeticos\/wp-json\/wp\/v2\/product_cat?post=1239"},{"taxonomy":"product_tag","embeddable":true,"href":"https:\/\/clientehostix.com.br\/pharmacosmeticos\/wp-json\/wp\/v2\/product_tag?post=1239"}],"curies":[{"name":"wp","href":"https:\/\/api.w.org\/{rel}","templated":true}]}}