{"id":2013,"date":"2025-12-05T11:44:56","date_gmt":"2025-12-05T14:44:56","guid":{"rendered":"https:\/\/clientehostix.com.br\/pharmacosmeticos\/?page_id=2013"},"modified":"2025-12-18T10:16:20","modified_gmt":"2025-12-18T13:16:20","slug":"blog","status":"publish","type":"page","link":"https:\/\/clientehostix.com.br\/pharmacosmeticos\/blog\/","title":{"rendered":"Blog"},"content":{"rendered":"\t\t<div data-elementor-type=\"wp-page\" data-elementor-id=\"2013\" class=\"elementor elementor-2013\" data-elementor-post-type=\"page\">\n\t\t\t\t<div class=\"elementor-element elementor-element-4e6f684 e-flex e-con-boxed e-con e-parent\" data-id=\"4e6f684\" data-element_type=\"container\" data-e-type=\"container\">\n\t\t\t\t\t<div class=\"e-con-inner\">\n\t\t\t\t<div class=\"elementor-element elementor-element-20b55a4 elementor-grid-3 elementor-grid-tablet-2 elementor-grid-mobile-1 elementor-posts--thumbnail-top elementor-card-shadow-yes elementor-posts__hover-gradient elementor-widget elementor-widget-posts\" data-id=\"20b55a4\" data-element_type=\"widget\" data-e-type=\"widget\" data-settings=\"{&quot;pagination_type&quot;:&quot;prev_next&quot;,&quot;cards_columns&quot;:&quot;3&quot;,&quot;cards_columns_tablet&quot;:&quot;2&quot;,&quot;cards_columns_mobile&quot;:&quot;1&quot;,&quot;cards_row_gap&quot;:{&quot;unit&quot;:&quot;px&quot;,&quot;size&quot;:35,&quot;sizes&quot;:[]},&quot;cards_row_gap_laptop&quot;:{&quot;unit&quot;:&quot;px&quot;,&quot;size&quot;:&quot;&quot;,&quot;sizes&quot;:[]},&quot;cards_row_gap_tablet&quot;:{&quot;unit&quot;:&quot;px&quot;,&quot;size&quot;:&quot;&quot;,&quot;sizes&quot;:[]},&quot;cards_row_gap_mobile&quot;:{&quot;unit&quot;:&quot;px&quot;,&quot;size&quot;:&quot;&quot;,&quot;sizes&quot;:[]}}\" data-widget_type=\"posts.cards\">\n\t\t\t\t<div class=\"elementor-widget-container\">\n\t\t\t\t\t\t\t<div class=\"elementor-posts-container elementor-posts elementor-posts--skin-cards elementor-grid\" role=\"list\">\n\t\t\t\t<article class=\"elementor-post elementor-grid-item post-2027 post type-post status-publish format-standard has-post-thumbnail hentry category-sem-categoria\" role=\"listitem\">\n\t\t\t<div class=\"elementor-post__card\">\n\t\t\t\t<a class=\"elementor-post__thumbnail__link\" href=\"https:\/\/clientehostix.com.br\/pharmacosmeticos\/2025\/12\/05\/cuidados-com-os-cabelos-das-criancas-guia-completo-para-pais-que-buscam-produtos-seguros-e-eficazes\/\" tabindex=\"-1\" ><div class=\"elementor-post__thumbnail\"><img fetchpriority=\"high\" decoding=\"async\" width=\"2560\" height=\"1707\" src=\"https:\/\/clientehostix.com.br\/pharmacosmeticos\/wp-content\/uploads\/2025\/12\/melhores-amiguinhos-felizes-comemorando-scaled.jpg\" class=\"attachment-full size-full wp-image-2028\" alt=\"\" srcset=\"https:\/\/clientehostix.com.br\/pharmacosmeticos\/wp-content\/uploads\/2025\/12\/melhores-amiguinhos-felizes-comemorando-scaled.jpg 2560w, https:\/\/clientehostix.com.br\/pharmacosmeticos\/wp-content\/uploads\/2025\/12\/melhores-amiguinhos-felizes-comemorando-300x200.jpg 300w, https:\/\/clientehostix.com.br\/pharmacosmeticos\/wp-content\/uploads\/2025\/12\/melhores-amiguinhos-felizes-comemorando-1024x683.jpg 1024w, https:\/\/clientehostix.com.br\/pharmacosmeticos\/wp-content\/uploads\/2025\/12\/melhores-amiguinhos-felizes-comemorando-768x512.jpg 768w, https:\/\/clientehostix.com.br\/pharmacosmeticos\/wp-content\/uploads\/2025\/12\/melhores-amiguinhos-felizes-comemorando-1536x1024.jpg 1536w, https:\/\/clientehostix.com.br\/pharmacosmeticos\/wp-content\/uploads\/2025\/12\/melhores-amiguinhos-felizes-comemorando-2048x1366.jpg 2048w, https:\/\/clientehostix.com.br\/pharmacosmeticos\/wp-content\/uploads\/2025\/12\/melhores-amiguinhos-felizes-comemorando-600x400.jpg 600w\" sizes=\"(max-width: 2560px) 100vw, 2560px\" \/><\/div><\/a>\n\t\t\t\t<div class=\"elementor-post__text\">\n\t\t\t\t<h3 class=\"elementor-post__title\">\n\t\t\t<a href=\"https:\/\/clientehostix.com.br\/pharmacosmeticos\/2025\/12\/05\/cuidados-com-os-cabelos-das-criancas-guia-completo-para-pais-que-buscam-produtos-seguros-e-eficazes\/\" >\n\t\t\t\tCuidados com os Cabelos das Crian\u00e7as: Guia Completo para Pais que Buscam Produtos Seguros e Eficazes\t\t\t<\/a>\n\t\t<\/h3>\n\t\t\t\t<div class=\"elementor-post__excerpt\">\n\t\t\t<p>Cuidar dos cabelos das crian\u00e7as exige aten\u00e7\u00e3o especial. Diferente dos adultos, os fios infantis s\u00e3o mais finos, sens\u00edveis e est\u00e3o em fase de desenvolvimento. Isso<\/p>\n\t\t<\/div>\n\t\t\t\t<\/div>\n\t\t\t\t<div class=\"elementor-post__meta-data\">\n\t\t\t\t\t<span class=\"elementor-post-date\">\n\t\t\t5 de dezembro de 2025\t\t<\/span>\n\t\t\t\t<\/div>\n\t\t\t\t\t<\/div>\n\t\t<\/article>\n\t\t\t\t<\/div>\n\t\t\n\t\t\t\t\t\t<\/div>\n\t\t\t\t<\/div>\n\t\t\t\t\t<\/div>\n\t\t\t\t<\/div>\n\t\t\t\t<section class=\"elementor-section elementor-top-section elementor-element elementor-element-239abd78 elementor-section-boxed elementor-section-height-default elementor-section-height-default\" data-id=\"239abd78\" data-element_type=\"section\" data-e-type=\"section\" data-settings=\"{&quot;background_background&quot;:&quot;classic&quot;}\">\n\t\t\t\t\t\t<div class=\"elementor-container elementor-column-gap-default\">\n\t\t\t\t\t<div class=\"elementor-column elementor-col-100 elementor-top-column elementor-element elementor-element-1a0de8c9\" data-id=\"1a0de8c9\" data-element_type=\"column\" data-e-type=\"column\">\n\t\t\t<div class=\"elementor-widget-wrap elementor-element-populated\">\n\t\t\t\t\t\t<div class=\"elementor-element elementor-element-6c2ee38f elementor-view-default elementor-position-block-start elementor-mobile-position-block-start elementor-invisible elementor-widget elementor-widget-icon-box\" data-id=\"6c2ee38f\" data-element_type=\"widget\" data-e-type=\"widget\" data-settings=\"{&quot;_animation&quot;:&quot;fadeInUp&quot;}\" data-widget_type=\"icon-box.default\">\n\t\t\t\t\t\t\t<div class=\"elementor-icon-box-wrapper\">\n\n\t\t\t\t\t\t<div class=\"elementor-icon-box-icon\">\n\t\t\t\t<span  class=\"elementor-icon\">\n\t\t\t\t<i aria-hidden=\"true\" class=\"fas fa-minus\"><\/i>\t\t\t\t<\/span>\n\t\t\t<\/div>\n\t\t\t\n\t\t\t\t\t\t<div class=\"elementor-icon-box-content\">\n\n\t\t\t\t\t\t\t\t\t<div class=\"elementor-icon-box-title\">\n\t\t\t\t\t\t<span  >\n\t\t\t\t\t\t\tContato\t\t\t\t\t\t<\/span>\n\t\t\t\t\t<\/div>\n\t\t\t\t\n\t\t\t\t\n\t\t\t<\/div>\n\t\t\t\n\t\t<\/div>\n\t\t\t\t\t\t<\/div>\n\t\t\t\t<div class=\"elementor-element elementor-element-478d9ee8 elementor-invisible elementor-widget elementor-widget-heading\" data-id=\"478d9ee8\" data-element_type=\"widget\" data-e-type=\"widget\" data-settings=\"{&quot;_animation&quot;:&quot;fadeInUp&quot;,&quot;_animation_delay&quot;:200}\" data-widget_type=\"heading.default\">\n\t\t\t\t\t<h2 class=\"elementor-heading-title elementor-size-default\">Tire suas d\u00favidas <\/h2>\t\t\t\t<\/div>\n\t\t\t\t<div class=\"elementor-element elementor-element-125fe88f elementor-invisible elementor-widget elementor-widget-text-editor\" data-id=\"125fe88f\" data-element_type=\"widget\" data-e-type=\"widget\" data-settings=\"{&quot;_animation&quot;:&quot;fadeInUp&quot;,&quot;_animation_delay&quot;:400}\" data-widget_type=\"text-editor.default\">\n\t\t\t\t\t\t\t\t\t<p>CNPJ 00.248.776\/0001-25<\/p><p>Rod.\u00a0Campinas\/Tiet\u00ea SP 101,\u00a0Km 46 + 710m, S\/N\u00ba<\/p><p>Bairro das Palmeiras \u2013\u00a0CEP 13367-150 \u2013\u00a0Capivari \u2013 SP \u2013 Brasil<\/p><p>(19) 3491-2124 \/ (19) 3492-5172<\/p>\t\t\t\t\t\t\t\t<\/div>\n\t\t\t\t<section class=\"elementor-section elementor-inner-section elementor-element elementor-element-230c1595 elementor-section-boxed elementor-section-height-default elementor-section-height-default\" data-id=\"230c1595\" data-element_type=\"section\" data-e-type=\"section\" data-settings=\"{&quot;background_background&quot;:&quot;classic&quot;}\">\n\t\t\t\t\t\t\t<div class=\"elementor-background-overlay\"><\/div>\n\t\t\t\t\t\t\t<div class=\"elementor-container elementor-column-gap-default\">\n\t\t\t\t\t<div class=\"elementor-column elementor-col-100 elementor-inner-column elementor-element elementor-element-41a078c2\" data-id=\"41a078c2\" data-element_type=\"column\" data-e-type=\"column\">\n\t\t\t<div class=\"elementor-widget-wrap elementor-element-populated\">\n\t\t\t\t\t\t<div class=\"elementor-element elementor-element-e270667 elementor-widget elementor-widget-google_maps\" data-id=\"e270667\" data-element_type=\"widget\" data-e-type=\"widget\" data-widget_type=\"google_maps.default\">\n\t\t\t\t\t\t\t<div class=\"elementor-custom-embed\">\n\t\t\t<iframe loading=\"lazy\"\n\t\t\t\t\tsrc=\"https:\/\/maps.google.com\/maps?q=Rod.%20Campinas%2FTiet%C3%AA%20SP%20101%2C%20Km%2046%20%2B%20710m%2C%20S%2FN%C2%BA%20%20Bairro%20das%20Palmeiras%20%E2%80%93%20CEP%2013367-150%20%E2%80%93%20Capivari%20%E2%80%93%20SP%20%E2%80%93%20Brasi&#038;t=m&#038;z=7&#038;output=embed&#038;iwloc=near\"\n\t\t\t\t\ttitle=\"Rod. Campinas\/Tiet\u00ea SP 101, Km 46 + 710m, S\/N\u00ba  Bairro das Palmeiras \u2013 CEP 13367-150 \u2013 Capivari \u2013 SP \u2013 Brasi\"\n\t\t\t\t\taria-label=\"Rod. Campinas\/Tiet\u00ea SP 101, Km 46 + 710m, S\/N\u00ba  Bairro das Palmeiras \u2013 CEP 13367-150 \u2013 Capivari \u2013 SP \u2013 Brasi\"\n\t\t\t><\/iframe>\n\t\t<\/div>\n\t\t\t\t\t\t<\/div>\n\t\t\t\t\t<\/div>\n\t\t<\/div>\n\t\t\t\t\t<\/div>\n\t\t<\/section>\n\t\t\t\t\t<\/div>\n\t\t<\/div>\n\t\t\t\t\t<\/div>\n\t\t<\/section>\n\t\t\t\t<\/div>\n\t\t","protected":false},"excerpt":{"rendered":"<p>Contato Tire suas d\u00favidas CNPJ 00.248.776\/0001-25 Rod.\u00a0Campinas\/Tiet\u00ea SP 101,\u00a0Km 46 + 710m, S\/N\u00ba Bairro das Palmeiras \u2013\u00a0CEP 13367-150 \u2013\u00a0Capivari \u2013 SP \u2013 Brasil (19) 3491-2124 \/ (19) 3492-5172<\/p>\n","protected":false},"author":1,"featured_media":0,"parent":0,"menu_order":0,"comment_status":"closed","ping_status":"closed","template":"elementor_theme","meta":{"_monsterinsights_skip_tracking":false,"_monsterinsights_sitenote_active":false,"_monsterinsights_sitenote_note":"","_monsterinsights_sitenote_category":0,"footnotes":""},"class_list":["post-2013","page","type-page","status-publish","hentry"],"_links":{"self":[{"href":"https:\/\/clientehostix.com.br\/pharmacosmeticos\/wp-json\/wp\/v2\/pages\/2013","targetHints":{"allow":["GET"]}}],"collection":[{"href":"https:\/\/clientehostix.com.br\/pharmacosmeticos\/wp-json\/wp\/v2\/pages"}],"about":[{"href":"https:\/\/clientehostix.com.br\/pharmacosmeticos\/wp-json\/wp\/v2\/types\/page"}],"author":[{"embeddable":true,"href":"https:\/\/clientehostix.com.br\/pharmacosmeticos\/wp-json\/wp\/v2\/users\/1"}],"replies":[{"embeddable":true,"href":"https:\/\/clientehostix.com.br\/pharmacosmeticos\/wp-json\/wp\/v2\/comments?post=2013"}],"version-history":[{"count":26,"href":"https:\/\/clientehostix.com.br\/pharmacosmeticos\/wp-json\/wp\/v2\/pages\/2013\/revisions"}],"predecessor-version":[{"id":3311,"href":"https:\/\/clientehostix.com.br\/pharmacosmeticos\/wp-json\/wp\/v2\/pages\/2013\/revisions\/3311"}],"wp:attachment":[{"href":"https:\/\/clientehostix.com.br\/pharmacosmeticos\/wp-json\/wp\/v2\/media?parent=2013"}],"curies":[{"name":"wp","href":"https:\/\/api.w.org\/{rel}","templated":true}]}}