{"id":396,"date":"2025-06-06T15:49:22","date_gmt":"2025-06-06T18:49:22","guid":{"rendered":"https:\/\/clientehostix.com.br\/multiflex\/?page_id=396"},"modified":"2025-09-12T16:55:46","modified_gmt":"2025-09-12T19:55:46","slug":"sobre-nos","status":"publish","type":"page","link":"https:\/\/clientehostix.com.br\/multiflex\/sobre-nos\/","title":{"rendered":"Sobre n\u00f3s"},"content":{"rendered":"\t\t<div data-elementor-type=\"wp-page\" data-elementor-id=\"396\" class=\"elementor elementor-396\" data-elementor-post-type=\"page\">\n\t\t\t\t\t\t<section class=\"elementor-section elementor-top-section elementor-element elementor-element-547d5b44 elementor-section-boxed elementor-section-height-default elementor-section-height-default\" data-id=\"547d5b44\" data-element_type=\"section\" data-e-type=\"section\">\n\t\t\t\t\t\t<div class=\"elementor-container elementor-column-gap-default\">\n\t\t\t\t\t<div class=\"elementor-column elementor-col-33 elementor-top-column elementor-element elementor-element-40dc9868\" data-id=\"40dc9868\" data-element_type=\"column\" data-e-type=\"column\">\n\t\t\t<div class=\"elementor-widget-wrap elementor-element-populated\">\n\t\t\t\t\t\t<section class=\"elementor-section elementor-inner-section elementor-element elementor-element-34a459f7 elementor-section-boxed elementor-section-height-default elementor-section-height-default\" data-id=\"34a459f7\" data-element_type=\"section\" data-e-type=\"section\">\n\t\t\t\t\t\t<div class=\"elementor-container elementor-column-gap-default\">\n\t\t\t\t\t<div class=\"elementor-column elementor-col-100 elementor-inner-column elementor-element elementor-element-1752676c\" data-id=\"1752676c\" data-element_type=\"column\" data-e-type=\"column\">\n\t\t\t<div class=\"elementor-widget-wrap elementor-element-populated\">\n\t\t\t\t\t\t<div class=\"elementor-element elementor-element-1bc80ee6 elementor-widget elementor-widget-heading\" data-id=\"1bc80ee6\" data-element_type=\"widget\" data-e-type=\"widget\" data-widget_type=\"heading.default\">\n\t\t\t\t<div class=\"elementor-widget-container\">\n\t\t\t\t\t<h2 class=\"elementor-heading-title elementor-size-default\">sobre n\u00f3s<\/h2>\t\t\t\t<\/div>\n\t\t\t\t<\/div>\n\t\t\t\t<div class=\"elementor-element elementor-element-752edce0 elementor-widget elementor-widget-text-editor\" data-id=\"752edce0\" data-element_type=\"widget\" data-e-type=\"widget\" data-widget_type=\"text-editor.default\">\n\t\t\t\t<div class=\"elementor-widget-container\">\n\t\t\t\t\t\t\t\t\t<div>A\u00a0<strong>Multflex<\/strong>\u00a0\u00e9 uma empresa fundada em 1997 em Araraquara, S\u00e3o Paulo, especializada na fabrica\u00e7\u00e3o de cadeiras e poltronas de alta qualidade, al\u00e9m da revenda de materiais voltados para diferentes segmentos. Com mais de duas d\u00e9cadas de experi\u00eancia, a marca se consolidou como refer\u00eancia no mercado, atendendo igrejas, escolas, universidades, hot\u00e9is, escrit\u00f3rios e diversos ambientes corporativos em todo o Brasil. Localizada no V Distrito Industrial, a Multflex conta com uma log\u00edstica estrat\u00e9gica que garante agilidade na entrega de seus produtos para todas as regi\u00f5es do pa\u00eds.<\/div><div>\u00a0<\/div><div>A filosofia da empresa \u00e9 oferecer solu\u00e7\u00f5es que unem\u00a0<strong>qualidade, funcionalidade, design moderno e princ\u00edpios ergon\u00f4micos<\/strong>, proporcionando conforto e praticidade em qualquer ambiente. Entre os diferenciais, destacam-se o uso de materiais de alta durabilidade, cadeiras empilh\u00e1veis com alinhador de ferro soldado na base, design arrojado e possibilidade de\u00a0<strong>personaliza\u00e7\u00e3o exclusiva com a logo da igreja ou institui\u00e7\u00e3o<\/strong>. Al\u00e9m disso, a Multflex \u00e9 reconhecida pelo atendimento humanizado e \u00e1gil, considerado um dos mais r\u00e1pidos do Brasil, sempre buscando superar as expectativas dos clientes.<\/div><div>\u00a0<\/div><div>Outro grande diferencial da marca \u00e9 o suporte especializado na\u00a0<strong>elabora\u00e7\u00e3o da distribui\u00e7\u00e3o das cadeiras em igrejas e audit\u00f3rios<\/strong>, auxiliando na melhor organiza\u00e7\u00e3o e aproveitamento do espa\u00e7o. Essa aten\u00e7\u00e3o aos detalhes faz com que cada projeto seja pensado de forma \u00fanica, garantindo praticidade, est\u00e9tica e conforto para os usu\u00e1rios.<\/div><div>\u00a0<\/div><div>Com uma trajet\u00f3ria s\u00f3lida e compromisso cont\u00ednuo com a inova\u00e7\u00e3o, a Multflex \u00e9 a escolha ideal para quem busca cadeiras e poltronas de confian\u00e7a, com design diferenciado, alta resist\u00eancia e um atendimento que coloca o cliente em primeiro lugar.<\/div><div>\u00a0<\/div>\t\t\t\t\t\t\t\t<\/div>\n\t\t\t\t<\/div>\n\t\t\t\t\t<\/div>\n\t\t<\/div>\n\t\t\t\t\t<\/div>\n\t\t<\/section>\n\t\t\t\t\t<\/div>\n\t\t<\/div>\n\t\t\t\t<div class=\"elementor-column elementor-col-66 elementor-top-column elementor-element elementor-element-6fe84555\" data-id=\"6fe84555\" data-element_type=\"column\" data-e-type=\"column\">\n\t\t\t<div class=\"elementor-widget-wrap elementor-element-populated\">\n\t\t\t\t\t\t<div class=\"elementor-element elementor-element-78df2303 elementor-widget elementor-widget-image\" data-id=\"78df2303\" data-element_type=\"widget\" data-e-type=\"widget\" data-widget_type=\"image.default\">\n\t\t\t\t<div class=\"elementor-widget-container\">\n\t\t\t\t\t\t\t\t\t\t\t\t\t\t\t<img fetchpriority=\"high\" decoding=\"async\" width=\"350\" height=\"594\" src=\"https:\/\/clientehostix.com.br\/multiflex\/wp-content\/uploads\/2025\/06\/empresa-aerea_20171018115035.jpg\" class=\"attachment-large size-large wp-image-404\" alt=\"\" srcset=\"https:\/\/clientehostix.com.br\/multiflex\/wp-content\/uploads\/2025\/06\/empresa-aerea_20171018115035.jpg 350w, https:\/\/clientehostix.com.br\/multiflex\/wp-content\/uploads\/2025\/06\/empresa-aerea_20171018115035-177x300.jpg 177w\" sizes=\"(max-width: 350px) 100vw, 350px\" \/>\t\t\t\t\t\t\t\t\t\t\t\t\t\t\t<\/div>\n\t\t\t\t<\/div>\n\t\t\t\t\t<\/div>\n\t\t<\/div>\n\t\t\t\t\t<\/div>\n\t\t<\/section>\n\t\t\t\t<section class=\"elementor-section elementor-top-section elementor-element elementor-element-90fd44 elementor-section-boxed elementor-section-height-default elementor-section-height-default\" data-id=\"90fd44\" data-element_type=\"section\" data-e-type=\"section\" data-settings=\"{&quot;background_background&quot;:&quot;classic&quot;}\">\n\t\t\t\t\t\t<div class=\"elementor-container elementor-column-gap-default\">\n\t\t\t\t\t<div class=\"elementor-column elementor-col-50 elementor-top-column elementor-element elementor-element-2d2c3fc6\" data-id=\"2d2c3fc6\" data-element_type=\"column\" data-e-type=\"column\">\n\t\t\t<div class=\"elementor-widget-wrap elementor-element-populated\">\n\t\t\t\t\t\t<div class=\"elementor-element elementor-element-22f3aa20 elementor-widget elementor-widget-image\" data-id=\"22f3aa20\" data-element_type=\"widget\" data-e-type=\"widget\" data-widget_type=\"image.default\">\n\t\t\t\t<div class=\"elementor-widget-container\">\n\t\t\t\t\t\t\t\t\t\t\t\t\t\t\t<img decoding=\"async\" width=\"800\" height=\"800\" src=\"https:\/\/clientehostix.com.br\/multiflex\/wp-content\/uploads\/2025\/06\/Novo-Projeto-1-1-1024x1024.webp\" class=\"attachment-large size-large wp-image-421\" alt=\"\" srcset=\"https:\/\/clientehostix.com.br\/multiflex\/wp-content\/uploads\/2025\/06\/Novo-Projeto-1-1-1024x1024.webp 1024w, https:\/\/clientehostix.com.br\/multiflex\/wp-content\/uploads\/2025\/06\/Novo-Projeto-1-1-300x300.webp 300w, https:\/\/clientehostix.com.br\/multiflex\/wp-content\/uploads\/2025\/06\/Novo-Projeto-1-1-100x100.webp 100w, https:\/\/clientehostix.com.br\/multiflex\/wp-content\/uploads\/2025\/06\/Novo-Projeto-1-1-600x600.webp 600w, https:\/\/clientehostix.com.br\/multiflex\/wp-content\/uploads\/2025\/06\/Novo-Projeto-1-1-150x150.webp 150w, https:\/\/clientehostix.com.br\/multiflex\/wp-content\/uploads\/2025\/06\/Novo-Projeto-1-1-768x768.webp 768w, https:\/\/clientehostix.com.br\/multiflex\/wp-content\/uploads\/2025\/06\/Novo-Projeto-1-1.webp 1080w\" sizes=\"(max-width: 800px) 100vw, 800px\" \/>\t\t\t\t\t\t\t\t\t\t\t\t\t\t\t<\/div>\n\t\t\t\t<\/div>\n\t\t\t\t\t<\/div>\n\t\t<\/div>\n\t\t\t\t<div class=\"elementor-column elementor-col-50 elementor-top-column elementor-element elementor-element-4e1b81ee\" data-id=\"4e1b81ee\" data-element_type=\"column\" data-e-type=\"column\">\n\t\t\t<div class=\"elementor-widget-wrap elementor-element-populated\">\n\t\t\t\t\t\t<section class=\"elementor-section elementor-inner-section elementor-element elementor-element-16096f5d elementor-section-boxed elementor-section-height-default elementor-section-height-default\" data-id=\"16096f5d\" data-element_type=\"section\" data-e-type=\"section\">\n\t\t\t\t\t\t<div class=\"elementor-container elementor-column-gap-default\">\n\t\t\t\t\t<div class=\"elementor-column elementor-col-100 elementor-inner-column elementor-element elementor-element-6c2a1eea\" data-id=\"6c2a1eea\" data-element_type=\"column\" data-e-type=\"column\">\n\t\t\t<div class=\"elementor-widget-wrap elementor-element-populated\">\n\t\t\t\t\t\t<div class=\"elementor-element elementor-element-18b43d4c elementor-widget elementor-widget-heading\" data-id=\"18b43d4c\" data-element_type=\"widget\" data-e-type=\"widget\" data-widget_type=\"heading.default\">\n\t\t\t\t<div class=\"elementor-widget-container\">\n\t\t\t\t\t<h2 class=\"elementor-heading-title elementor-size-default\">Miss\u00e3o, Vis\u00e3o e Valores<\/h2>\t\t\t\t<\/div>\n\t\t\t\t<\/div>\n\t\t\t\t<div class=\"elementor-element elementor-element-215f22b3 elementor-widget elementor-widget-text-editor\" data-id=\"215f22b3\" data-element_type=\"widget\" data-e-type=\"widget\" data-widget_type=\"text-editor.default\">\n\t\t\t\t<div class=\"elementor-widget-container\">\n\t\t\t\t\t\t\t\t\t<p><b>Miss\u00e3o<\/b><span style=\"font-weight: 400;\">: &#8220;Oferecer solu\u00e7\u00f5es em assentos que proporcionem conforto, durabilidade e design, atendendo \u00e0s necessidades espec\u00edficas de cada cliente&#8221;<\/span><\/p><p><b>Vis\u00e3o<\/b><span style=\"font-weight: 400;\">: &#8220;Ser refer\u00eancia nacional em cadeiras e poltronas para ambientes institucionais, reconhecida pela qualidade e inova\u00e7\u00e3o&#8221;<\/span><\/p><p><b>Valores<\/b><span style=\"font-weight: 400;\">: Qualidade, Compromisso, Inova\u00e7\u00e3o, Sustentabilidade, Atendimento personalizado<\/span><\/p>\t\t\t\t\t\t\t\t<\/div>\n\t\t\t\t<\/div>\n\t\t\t\t\t<\/div>\n\t\t<\/div>\n\t\t\t\t\t<\/div>\n\t\t<\/section>\n\t\t\t\t\t<\/div>\n\t\t<\/div>\n\t\t\t\t\t<\/div>\n\t\t<\/section>\n\t\t\t\t<\/div>\n\t\t","protected":false},"excerpt":{"rendered":"<p>sobre n\u00f3s A\u00a0Multflex\u00a0\u00e9 uma empresa fundada em 1997 em Araraquara, S\u00e3o Paulo, especializada na fabrica\u00e7\u00e3o de cadeiras e poltronas de alta qualidade, al\u00e9m da revenda de materiais voltados para diferentes segmentos. Com mais de duas d\u00e9cadas de experi\u00eancia, a marca se consolidou como refer\u00eancia no mercado, atendendo igrejas, escolas, universidades, hot\u00e9is, escrit\u00f3rios e diversos ambientes [&hellip;]<\/p>\n","protected":false},"author":1,"featured_media":0,"parent":0,"menu_order":0,"comment_status":"closed","ping_status":"closed","template":"","meta":{"_joinchat":[],"footnotes":""},"class_list":["post-396","page","type-page","status-publish","hentry"],"yoast_head":"<!-- This site is optimized with the Yoast SEO plugin v25.9 - https:\/\/yoast.com\/wordpress\/plugins\/seo\/ -->\n<title>Sobre n\u00f3s - Multiflex<\/title>\n<meta name=\"robots\" content=\"index, follow, max-snippet:-1, max-image-preview:large, max-video-preview:-1\" \/>\n<link rel=\"canonical\" href=\"https:\/\/clientehostix.com.br\/multiflex\/sobre-nos\/\" \/>\n<meta property=\"og:locale\" content=\"pt_BR\" \/>\n<meta property=\"og:type\" content=\"article\" \/>\n<meta property=\"og:title\" content=\"Sobre n\u00f3s - Multiflex\" \/>\n<meta property=\"og:description\" content=\"sobre n\u00f3s A\u00a0Multflex\u00a0\u00e9 uma empresa fundada em 1997 em Araraquara, S\u00e3o Paulo, especializada na fabrica\u00e7\u00e3o de cadeiras e poltronas de alta qualidade, al\u00e9m da revenda de materiais voltados para diferentes segmentos. Com mais de duas d\u00e9cadas de experi\u00eancia, a marca se consolidou como refer\u00eancia no mercado, atendendo igrejas, escolas, universidades, hot\u00e9is, escrit\u00f3rios e diversos ambientes [&hellip;]\" \/>\n<meta property=\"og:url\" content=\"https:\/\/clientehostix.com.br\/multiflex\/sobre-nos\/\" \/>\n<meta property=\"og:site_name\" content=\"Multiflex\" \/>\n<meta property=\"article:modified_time\" content=\"2025-09-12T19:55:46+00:00\" \/>\n<meta property=\"og:image\" content=\"https:\/\/clientehostix.com.br\/multiflex\/wp-content\/uploads\/2025\/06\/empresa-aerea_20171018115035.jpg\" \/>\n\t<meta property=\"og:image:width\" content=\"350\" \/>\n\t<meta property=\"og:image:height\" content=\"594\" \/>\n\t<meta property=\"og:image:type\" content=\"image\/jpeg\" \/>\n<meta name=\"twitter:card\" content=\"summary_large_image\" \/>\n<meta name=\"twitter:label1\" content=\"Est. tempo de leitura\" \/>\n\t<meta name=\"twitter:data1\" content=\"3 minutos\" \/>\n<script type=\"application\/ld+json\" class=\"yoast-schema-graph\">{\"@context\":\"https:\/\/schema.org\",\"@graph\":[{\"@type\":\"WebPage\",\"@id\":\"https:\/\/clientehostix.com.br\/multiflex\/sobre-nos\/\",\"url\":\"https:\/\/clientehostix.com.br\/multiflex\/sobre-nos\/\",\"name\":\"Sobre n\u00f3s - Multiflex\",\"isPartOf\":{\"@id\":\"https:\/\/clientehostix.com.br\/multiflex\/#website\"},\"primaryImageOfPage\":{\"@id\":\"https:\/\/clientehostix.com.br\/multiflex\/sobre-nos\/#primaryimage\"},\"image\":{\"@id\":\"https:\/\/clientehostix.com.br\/multiflex\/sobre-nos\/#primaryimage\"},\"thumbnailUrl\":\"https:\/\/clientehostix.com.br\/multiflex\/wp-content\/uploads\/2025\/06\/empresa-aerea_20171018115035.jpg\",\"datePublished\":\"2025-06-06T18:49:22+00:00\",\"dateModified\":\"2025-09-12T19:55:46+00:00\",\"breadcrumb\":{\"@id\":\"https:\/\/clientehostix.com.br\/multiflex\/sobre-nos\/#breadcrumb\"},\"inLanguage\":\"pt-BR\",\"potentialAction\":[{\"@type\":\"ReadAction\",\"target\":[\"https:\/\/clientehostix.com.br\/multiflex\/sobre-nos\/\"]}]},{\"@type\":\"ImageObject\",\"inLanguage\":\"pt-BR\",\"@id\":\"https:\/\/clientehostix.com.br\/multiflex\/sobre-nos\/#primaryimage\",\"url\":\"https:\/\/clientehostix.com.br\/multiflex\/wp-content\/uploads\/2025\/06\/empresa-aerea_20171018115035.jpg\",\"contentUrl\":\"https:\/\/clientehostix.com.br\/multiflex\/wp-content\/uploads\/2025\/06\/empresa-aerea_20171018115035.jpg\",\"width\":350,\"height\":594},{\"@type\":\"BreadcrumbList\",\"@id\":\"https:\/\/clientehostix.com.br\/multiflex\/sobre-nos\/#breadcrumb\",\"itemListElement\":[{\"@type\":\"ListItem\",\"position\":1,\"name\":\"In\u00edcio\",\"item\":\"https:\/\/clientehostix.com.br\/multiflex\/\"},{\"@type\":\"ListItem\",\"position\":2,\"name\":\"Sobre n\u00f3s\"}]},{\"@type\":\"WebSite\",\"@id\":\"https:\/\/clientehostix.com.br\/multiflex\/#website\",\"url\":\"https:\/\/clientehostix.com.br\/multiflex\/\",\"name\":\"Multiflex\",\"description\":\"\",\"potentialAction\":[{\"@type\":\"SearchAction\",\"target\":{\"@type\":\"EntryPoint\",\"urlTemplate\":\"https:\/\/clientehostix.com.br\/multiflex\/?s={search_term_string}\"},\"query-input\":{\"@type\":\"PropertyValueSpecification\",\"valueRequired\":true,\"valueName\":\"search_term_string\"}}],\"inLanguage\":\"pt-BR\"}]}<\/script>\n<!-- \/ Yoast SEO plugin. -->","yoast_head_json":{"title":"Sobre n\u00f3s - Multiflex","robots":{"index":"index","follow":"follow","max-snippet":"max-snippet:-1","max-image-preview":"max-image-preview:large","max-video-preview":"max-video-preview:-1"},"canonical":"https:\/\/clientehostix.com.br\/multiflex\/sobre-nos\/","og_locale":"pt_BR","og_type":"article","og_title":"Sobre n\u00f3s - Multiflex","og_description":"sobre n\u00f3s A\u00a0Multflex\u00a0\u00e9 uma empresa fundada em 1997 em Araraquara, S\u00e3o Paulo, especializada na fabrica\u00e7\u00e3o de cadeiras e poltronas de alta qualidade, al\u00e9m da revenda de materiais voltados para diferentes segmentos. Com mais de duas d\u00e9cadas de experi\u00eancia, a marca se consolidou como refer\u00eancia no mercado, atendendo igrejas, escolas, universidades, hot\u00e9is, escrit\u00f3rios e diversos ambientes [&hellip;]","og_url":"https:\/\/clientehostix.com.br\/multiflex\/sobre-nos\/","og_site_name":"Multiflex","article_modified_time":"2025-09-12T19:55:46+00:00","og_image":[{"width":350,"height":594,"url":"https:\/\/clientehostix.com.br\/multiflex\/wp-content\/uploads\/2025\/06\/empresa-aerea_20171018115035.jpg","type":"image\/jpeg"}],"twitter_card":"summary_large_image","twitter_misc":{"Est. tempo de leitura":"3 minutos"},"schema":{"@context":"https:\/\/schema.org","@graph":[{"@type":"WebPage","@id":"https:\/\/clientehostix.com.br\/multiflex\/sobre-nos\/","url":"https:\/\/clientehostix.com.br\/multiflex\/sobre-nos\/","name":"Sobre n\u00f3s - Multiflex","isPartOf":{"@id":"https:\/\/clientehostix.com.br\/multiflex\/#website"},"primaryImageOfPage":{"@id":"https:\/\/clientehostix.com.br\/multiflex\/sobre-nos\/#primaryimage"},"image":{"@id":"https:\/\/clientehostix.com.br\/multiflex\/sobre-nos\/#primaryimage"},"thumbnailUrl":"https:\/\/clientehostix.com.br\/multiflex\/wp-content\/uploads\/2025\/06\/empresa-aerea_20171018115035.jpg","datePublished":"2025-06-06T18:49:22+00:00","dateModified":"2025-09-12T19:55:46+00:00","breadcrumb":{"@id":"https:\/\/clientehostix.com.br\/multiflex\/sobre-nos\/#breadcrumb"},"inLanguage":"pt-BR","potentialAction":[{"@type":"ReadAction","target":["https:\/\/clientehostix.com.br\/multiflex\/sobre-nos\/"]}]},{"@type":"ImageObject","inLanguage":"pt-BR","@id":"https:\/\/clientehostix.com.br\/multiflex\/sobre-nos\/#primaryimage","url":"https:\/\/clientehostix.com.br\/multiflex\/wp-content\/uploads\/2025\/06\/empresa-aerea_20171018115035.jpg","contentUrl":"https:\/\/clientehostix.com.br\/multiflex\/wp-content\/uploads\/2025\/06\/empresa-aerea_20171018115035.jpg","width":350,"height":594},{"@type":"BreadcrumbList","@id":"https:\/\/clientehostix.com.br\/multiflex\/sobre-nos\/#breadcrumb","itemListElement":[{"@type":"ListItem","position":1,"name":"In\u00edcio","item":"https:\/\/clientehostix.com.br\/multiflex\/"},{"@type":"ListItem","position":2,"name":"Sobre n\u00f3s"}]},{"@type":"WebSite","@id":"https:\/\/clientehostix.com.br\/multiflex\/#website","url":"https:\/\/clientehostix.com.br\/multiflex\/","name":"Multiflex","description":"","potentialAction":[{"@type":"SearchAction","target":{"@type":"EntryPoint","urlTemplate":"https:\/\/clientehostix.com.br\/multiflex\/?s={search_term_string}"},"query-input":{"@type":"PropertyValueSpecification","valueRequired":true,"valueName":"search_term_string"}}],"inLanguage":"pt-BR"}]}},"_links":{"self":[{"href":"https:\/\/clientehostix.com.br\/multiflex\/wp-json\/wp\/v2\/pages\/396","targetHints":{"allow":["GET"]}}],"collection":[{"href":"https:\/\/clientehostix.com.br\/multiflex\/wp-json\/wp\/v2\/pages"}],"about":[{"href":"https:\/\/clientehostix.com.br\/multiflex\/wp-json\/wp\/v2\/types\/page"}],"author":[{"embeddable":true,"href":"https:\/\/clientehostix.com.br\/multiflex\/wp-json\/wp\/v2\/users\/1"}],"replies":[{"embeddable":true,"href":"https:\/\/clientehostix.com.br\/multiflex\/wp-json\/wp\/v2\/comments?post=396"}],"version-history":[{"count":52,"href":"https:\/\/clientehostix.com.br\/multiflex\/wp-json\/wp\/v2\/pages\/396\/revisions"}],"predecessor-version":[{"id":2853,"href":"https:\/\/clientehostix.com.br\/multiflex\/wp-json\/wp\/v2\/pages\/396\/revisions\/2853"}],"wp:attachment":[{"href":"https:\/\/clientehostix.com.br\/multiflex\/wp-json\/wp\/v2\/media?parent=396"}],"curies":[{"name":"wp","href":"https:\/\/api.w.org\/{rel}","templated":true}]}}