{"id":309,"date":"2026-04-13T15:42:31","date_gmt":"2026-04-13T18:42:31","guid":{"rendered":"https:\/\/clientehostix.com.br\/lumiere_concept\/?page_id=309"},"modified":"2026-04-14T14:46:20","modified_gmt":"2026-04-14T17:46:20","slug":"contato","status":"publish","type":"page","link":"https:\/\/clientehostix.com.br\/lumiere_concept\/contato\/","title":{"rendered":"Contato"},"content":{"rendered":"\t\t<div data-elementor-type=\"wp-page\" data-elementor-id=\"309\" class=\"elementor elementor-309\" data-elementor-post-type=\"page\">\n\t\t\t\t<div class=\"elementor-element elementor-element-7af67cd e-flex e-con-boxed e-con e-parent\" data-id=\"7af67cd\" data-element_type=\"container\" data-e-type=\"container\" data-settings=\"{&quot;background_background&quot;:&quot;classic&quot;}\">\n\t\t\t\t\t<div class=\"e-con-inner\">\n\t\t<div class=\"elementor-element elementor-element-49c6f01 e-con-full e-flex e-con e-child\" data-id=\"49c6f01\" data-element_type=\"container\" data-e-type=\"container\" data-settings=\"{&quot;background_background&quot;:&quot;classic&quot;}\">\n\t\t\t\t<div class=\"elementor-element elementor-element-a5bf5f7 elementor-widget elementor-widget-heading\" data-id=\"a5bf5f7\" data-element_type=\"widget\" data-e-type=\"widget\" data-widget_type=\"heading.default\">\n\t\t\t\t\t<h1 class=\"elementor-heading-title elementor-size-default\">Contato<\/h1>\t\t\t\t<\/div>\n\t\t\t\t<div class=\"elementor-element elementor-element-3b85afb elementor-widget elementor-widget-text-editor\" data-id=\"3b85afb\" data-element_type=\"widget\" data-e-type=\"widget\" data-widget_type=\"text-editor.default\">\n\t\t\t\t\t\t\t\t\t<p><span style=\"font-weight: 400;\">A Lumi\u00e8re Concept est\u00e1 em Vinhedo, em um espa\u00e7o pensado para receber voc\u00ea com conforto, privacidade e aten\u00e7\u00e3o em cada detalhe.<\/span><\/p>\t\t\t\t\t\t\t\t<\/div>\n\t\t\t\t<\/div>\n\t\t<div class=\"elementor-element elementor-element-5df912c e-con-full e-flex e-con e-child\" data-id=\"5df912c\" data-element_type=\"container\" data-e-type=\"container\">\n\t\t\t\t<\/div>\n\t\t\t\t\t<\/div>\n\t\t\t\t<\/div>\n\t\t<div class=\"elementor-element elementor-element-aa82238 e-flex e-con-boxed e-con e-parent\" data-id=\"aa82238\" data-element_type=\"container\" data-e-type=\"container\">\n\t\t\t\t\t<div class=\"e-con-inner\">\n\t\t<div class=\"elementor-element elementor-element-3a0cf07 e-con-full e-flex e-con e-child\" data-id=\"3a0cf07\" data-element_type=\"container\" data-e-type=\"container\">\n\t\t\t\t<div class=\"elementor-element elementor-element-d7a4386 elementor-widget elementor-widget-menu-anchor\" data-id=\"d7a4386\" data-element_type=\"widget\" data-e-type=\"widget\" data-widget_type=\"menu-anchor.default\">\n\t\t\t\t\t\t\t<div class=\"elementor-menu-anchor\" id=\"location\"><\/div>\n\t\t\t\t\t\t<\/div>\n\t\t\t\t<\/div>\n\t\t\t\t\t<\/div>\n\t\t\t\t<\/div>\n\t\t<div class=\"elementor-element elementor-element-1cc0db0 e-flex e-con-boxed e-con e-parent\" data-id=\"1cc0db0\" data-element_type=\"container\" data-e-type=\"container\">\n\t\t\t\t\t<div class=\"e-con-inner\">\n\t\t<div class=\"elementor-element elementor-element-f75ea16 e-con-full e-flex e-con e-child\" data-id=\"f75ea16\" data-element_type=\"container\" data-e-type=\"container\">\n\t\t\t\t<div class=\"elementor-element elementor-element-f5851fa elementor-widget elementor-widget-heading\" data-id=\"f5851fa\" data-element_type=\"widget\" data-e-type=\"widget\" data-widget_type=\"heading.default\">\n\t\t\t\t\t<h2 class=\"elementor-heading-title elementor-size-default\">Nos encontre<\/h2>\t\t\t\t<\/div>\n\t\t\t\t<div class=\"elementor-element elementor-element-ad41709 elementor-widget elementor-widget-text-editor\" data-id=\"ad41709\" data-element_type=\"widget\" data-e-type=\"widget\" data-widget_type=\"text-editor.default\">\n\t\t\t\t\t\t\t\t\t<p><span style=\"font-weight: 400;\">Rua Santa Cruz, n\u00ba 1.480 \u2013 Pinheirinho \u2013 CEP: 13.280-041, Vinhedo\/SP<\/span><\/p>\t\t\t\t\t\t\t\t<\/div>\n\t\t\t\t<div class=\"elementor-element elementor-element-06cf869 elementor-icon-list--layout-traditional elementor-list-item-link-full_width elementor-widget elementor-widget-icon-list\" data-id=\"06cf869\" data-element_type=\"widget\" data-e-type=\"widget\" data-widget_type=\"icon-list.default\">\n\t\t\t\t\t\t\t<ul class=\"elementor-icon-list-items\">\n\t\t\t\t\t\t\t<li class=\"elementor-icon-list-item\">\n\t\t\t\t\t\t\t\t\t\t\t<a href=\"https:\/\/wa.me\/551999264966?text=Ol%C3%A1%2C%20gostaria%20de%20agendar%20meu%20hor%C3%A1rio\">\n\n\t\t\t\t\t\t\t\t\t\t\t\t<span class=\"elementor-icon-list-icon\">\n\t\t\t\t\t\t\t<svg aria-hidden=\"true\" class=\"e-font-icon-svg e-fas-phone\" viewBox=\"0 0 512 512\" xmlns=\"http:\/\/www.w3.org\/2000\/svg\"><path d=\"M493.4 24.6l-104-24c-11.3-2.6-22.9 3.3-27.5 13.9l-48 112c-4.2 9.8-1.4 21.3 6.9 28l60.6 49.6c-36 76.7-98.9 140.5-177.2 177.2l-49.6-60.6c-6.8-8.3-18.2-11.1-28-6.9l-112 48C3.9 366.5-2 378.1.6 389.4l24 104C27.1 504.2 36.7 512 48 512c256.1 0 464-207.5 464-464 0-11.2-7.7-20.9-18.6-23.4z\"><\/path><\/svg>\t\t\t\t\t\t<\/span>\n\t\t\t\t\t\t\t\t\t\t<span class=\"elementor-icon-list-text\"> (19) 99264-9669<\/span>\n\t\t\t\t\t\t\t\t\t\t\t<\/a>\n\t\t\t\t\t\t\t\t\t<\/li>\n\t\t\t\t\t\t\t\t<li class=\"elementor-icon-list-item\">\n\t\t\t\t\t\t\t\t\t\t\t<span class=\"elementor-icon-list-icon\">\n\t\t\t\t\t\t\t<svg aria-hidden=\"true\" class=\"e-font-icon-svg e-fas-envelope\" viewBox=\"0 0 512 512\" xmlns=\"http:\/\/www.w3.org\/2000\/svg\"><path d=\"M502.3 190.8c3.9-3.1 9.7-.2 9.7 4.7V400c0 26.5-21.5 48-48 48H48c-26.5 0-48-21.5-48-48V195.6c0-5 5.7-7.8 9.7-4.7 22.4 17.4 52.1 39.5 154.1 113.6 21.1 15.4 56.7 47.8 92.2 47.6 35.7.3 72-32.8 92.3-47.6 102-74.1 131.6-96.3 154-113.7zM256 320c23.2.4 56.6-29.2 73.4-41.4 132.7-96.3 142.8-104.7 173.4-128.7 5.8-4.5 9.2-11.5 9.2-18.9v-19c0-26.5-21.5-48-48-48H48C21.5 64 0 85.5 0 112v19c0 7.4 3.4 14.3 9.2 18.9 30.6 23.9 40.7 32.4 173.4 128.7 16.8 12.2 50.2 41.8 73.4 41.4z\"><\/path><\/svg>\t\t\t\t\t\t<\/span>\n\t\t\t\t\t\t\t\t\t\t<span class=\"elementor-icon-list-text\">xxxxxxx@xxxxx.com.br<\/span>\n\t\t\t\t\t\t\t\t\t<\/li>\n\t\t\t\t\t\t<\/ul>\n\t\t\t\t\t\t<\/div>\n\t\t\t\t<\/div>\n\t\t<div class=\"elementor-element elementor-element-bf514e0 e-con-full e-flex e-con e-child\" data-id=\"bf514e0\" data-element_type=\"container\" data-e-type=\"container\">\n\t\t\t\t<div class=\"elementor-element elementor-element-63bfd81 elementor-widget elementor-widget-google_maps\" data-id=\"63bfd81\" data-element_type=\"widget\" data-e-type=\"widget\" data-widget_type=\"google_maps.default\">\n\t\t\t\t\t\t\t<div class=\"elementor-custom-embed\">\n\t\t\t<iframe loading=\"lazy\"\n\t\t\t\t\tsrc=\"https:\/\/maps.google.com\/maps?q=Rua%20Santa%20Cruz%2C%20n%C2%BA%201.480%20%E2%80%93%20Pinheirinho%20%E2%80%93%20CEP%3A%2013.280-041%2C%20Vinhedo%2FSP&#038;t=m&#038;z=17&#038;output=embed&#038;iwloc=near\"\n\t\t\t\t\ttitle=\"Rua Santa Cruz, n\u00ba 1.480 \u2013 Pinheirinho \u2013 CEP: 13.280-041, Vinhedo\/SP\"\n\t\t\t\t\taria-label=\"Rua Santa Cruz, n\u00ba 1.480 \u2013 Pinheirinho \u2013 CEP: 13.280-041, Vinhedo\/SP\"\n\t\t\t><\/iframe>\n\t\t<\/div>\n\t\t\t\t\t\t<\/div>\n\t\t\t\t<\/div>\n\t\t\t\t\t<\/div>\n\t\t\t\t<\/div>\n\t\t<div class=\"elementor-element elementor-element-1966072 e-flex e-con-boxed e-con e-parent\" data-id=\"1966072\" data-element_type=\"container\" data-e-type=\"container\">\n\t\t\t\t\t<div class=\"e-con-inner\">\n\t\t<div class=\"elementor-element elementor-element-967e98b e-con-full e-flex e-con e-child\" data-id=\"967e98b\" data-element_type=\"container\" data-e-type=\"container\">\n\t\t\t\t<div class=\"elementor-element elementor-element-288ac85 elementor-widget elementor-widget-menu-anchor\" data-id=\"288ac85\" data-element_type=\"widget\" data-e-type=\"widget\" data-widget_type=\"menu-anchor.default\">\n\t\t\t\t\t\t\t<div class=\"elementor-menu-anchor\" id=\"opening_hours\"><\/div>\n\t\t\t\t\t\t<\/div>\n\t\t\t\t<\/div>\n\t\t\t\t\t<\/div>\n\t\t\t\t<\/div>\n\t\t<div class=\"elementor-element elementor-element-93ca7ff e-flex e-con-boxed e-con e-parent\" data-id=\"93ca7ff\" data-element_type=\"container\" data-e-type=\"container\">\n\t\t\t\t\t<div class=\"e-con-inner\">\n\t\t<div class=\"elementor-element elementor-element-1e4389a e-con-full e-flex e-con e-child\" data-id=\"1e4389a\" data-element_type=\"container\" data-e-type=\"container\" data-settings=\"{&quot;background_background&quot;:&quot;classic&quot;}\">\n\t\t\t\t<div class=\"elementor-element elementor-element-875fb00 elementor-widget elementor-widget-spacer\" data-id=\"875fb00\" data-element_type=\"widget\" data-e-type=\"widget\" data-widget_type=\"spacer.default\">\n\t\t\t\t\t\t\t<div class=\"elementor-spacer\">\n\t\t\t<div class=\"elementor-spacer-inner\"><\/div>\n\t\t<\/div>\n\t\t\t\t\t\t<\/div>\n\t\t\t\t<\/div>\n\t\t<div class=\"elementor-element elementor-element-eb026e5 e-con-full e-flex e-con e-child\" data-id=\"eb026e5\" data-element_type=\"container\" data-e-type=\"container\">\n\t\t\t\t<div class=\"elementor-element elementor-element-61592af elementor-widget elementor-widget-heading\" data-id=\"61592af\" data-element_type=\"widget\" data-e-type=\"widget\" data-widget_type=\"heading.default\">\n\t\t\t\t\t<h2 class=\"elementor-heading-title elementor-size-default\">Hor\u00e1rios de Atendimento<\/h2>\t\t\t\t<\/div>\n\t\t\t\t<div class=\"elementor-element elementor-element-626a95a elementor-icon-list--layout-traditional elementor-list-item-link-full_width elementor-widget elementor-widget-icon-list\" data-id=\"626a95a\" data-element_type=\"widget\" data-e-type=\"widget\" data-widget_type=\"icon-list.default\">\n\t\t\t\t\t\t\t<ul class=\"elementor-icon-list-items\">\n\t\t\t\t\t\t\t<li class=\"elementor-icon-list-item\">\n\t\t\t\t\t\t\t\t\t\t\t<span class=\"elementor-icon-list-icon\">\n\t\t\t\t\t\t\t<svg aria-hidden=\"true\" class=\"e-font-icon-svg e-far-clock\" viewBox=\"0 0 512 512\" xmlns=\"http:\/\/www.w3.org\/2000\/svg\"><path d=\"M256 8C119 8 8 119 8 256s111 248 248 248 248-111 248-248S393 8 256 8zm0 448c-110.5 0-200-89.5-200-200S145.5 56 256 56s200 89.5 200 200-89.5 200-200 200zm61.8-104.4l-84.9-61.7c-3.1-2.3-4.9-5.9-4.9-9.7V116c0-6.6 5.4-12 12-12h32c6.6 0 12 5.4 12 12v141.7l66.8 48.6c5.4 3.9 6.5 11.4 2.6 16.8L334.6 349c-3.9 5.3-11.4 6.5-16.8 2.6z\"><\/path><\/svg>\t\t\t\t\t\t<\/span>\n\t\t\t\t\t\t\t\t\t\t<span class=\"elementor-icon-list-text\">Ter\u00e7a a S\u00e1bado: 8h00 \u00e0s 18h00<\/span>\n\t\t\t\t\t\t\t\t\t<\/li>\n\t\t\t\t\t\t\t\t<li class=\"elementor-icon-list-item\">\n\t\t\t\t\t\t\t\t\t\t\t<span class=\"elementor-icon-list-icon\">\n\t\t\t\t\t\t\t<svg aria-hidden=\"true\" class=\"e-font-icon-svg e-far-clock\" viewBox=\"0 0 512 512\" xmlns=\"http:\/\/www.w3.org\/2000\/svg\"><path d=\"M256 8C119 8 8 119 8 256s111 248 248 248 248-111 248-248S393 8 256 8zm0 448c-110.5 0-200-89.5-200-200S145.5 56 256 56s200 89.5 200 200-89.5 200-200 200zm61.8-104.4l-84.9-61.7c-3.1-2.3-4.9-5.9-4.9-9.7V116c0-6.6 5.4-12 12-12h32c6.6 0 12 5.4 12 12v141.7l66.8 48.6c5.4 3.9 6.5 11.4 2.6 16.8L334.6 349c-3.9 5.3-11.4 6.5-16.8 2.6z\"><\/path><\/svg>\t\t\t\t\t\t<\/span>\n\t\t\t\t\t\t\t\t\t\t<span class=\"elementor-icon-list-text\">Segunda e Domingo: Fechados<\/span>\n\t\t\t\t\t\t\t\t\t<\/li>\n\t\t\t\t\t\t<\/ul>\n\t\t\t\t\t\t<\/div>\n\t\t\t\t<\/div>\n\t\t\t\t\t<\/div>\n\t\t\t\t<\/div>\n\t\t\t\t<\/div>\n\t\t","protected":false},"excerpt":{"rendered":"<p>Contato A Lumi\u00e8re Concept est\u00e1 em Vinhedo, em um espa\u00e7o pensado para receber voc\u00ea com conforto, privacidade e aten\u00e7\u00e3o em cada detalhe. Nos encontre Rua Santa Cruz, n\u00ba 1.480 \u2013 Pinheirinho \u2013 CEP: 13.280-041, Vinhedo\/SP (19) 99264-9669 xxxxxxx@xxxxx.com.br Hor\u00e1rios de Atendimento Ter\u00e7a a S\u00e1bado: 8h00 \u00e0s 18h00 Segunda e Domingo: Fechados<\/p>\n","protected":false},"author":1,"featured_media":0,"parent":0,"menu_order":0,"comment_status":"closed","ping_status":"closed","template":"elementor_header_footer","meta":{"footnotes":""},"class_list":["post-309","page","type-page","status-publish","hentry"],"yoast_head":"<!-- This site is optimized with the Yoast SEO plugin v27.4 - https:\/\/yoast.com\/product\/yoast-seo-wordpress\/ -->\n<title>Contato - Lumiere_Concept<\/title>\n<meta name=\"robots\" content=\"index, follow, max-snippet:-1, max-image-preview:large, max-video-preview:-1\" \/>\n<link rel=\"canonical\" href=\"https:\/\/clientehostix.com.br\/lumiere_concept\/contato\/\" \/>\n<meta property=\"og:locale\" content=\"pt_BR\" \/>\n<meta property=\"og:type\" content=\"article\" \/>\n<meta property=\"og:title\" content=\"Contato - Lumiere_Concept\" \/>\n<meta property=\"og:description\" content=\"Contato A Lumi\u00e8re Concept est\u00e1 em Vinhedo, em um espa\u00e7o pensado para receber voc\u00ea com conforto, privacidade e aten\u00e7\u00e3o em cada detalhe. Nos encontre Rua Santa Cruz, n\u00ba 1.480 \u2013 Pinheirinho \u2013 CEP: 13.280-041, Vinhedo\/SP (19) 99264-9669 xxxxxxx@xxxxx.com.br Hor\u00e1rios de Atendimento Ter\u00e7a a S\u00e1bado: 8h00 \u00e0s 18h00 Segunda e Domingo: Fechados\" \/>\n<meta property=\"og:url\" content=\"https:\/\/clientehostix.com.br\/lumiere_concept\/contato\/\" \/>\n<meta property=\"og:site_name\" content=\"Lumiere_Concept\" \/>\n<meta property=\"article:modified_time\" content=\"2026-04-14T17:46:20+00:00\" \/>\n<meta name=\"twitter:card\" content=\"summary_large_image\" \/>\n<script type=\"application\/ld+json\" class=\"yoast-schema-graph\">{\"@context\":\"https:\\\/\\\/schema.org\",\"@graph\":[{\"@type\":\"WebPage\",\"@id\":\"https:\\\/\\\/clientehostix.com.br\\\/lumiere_concept\\\/contato\\\/\",\"url\":\"https:\\\/\\\/clientehostix.com.br\\\/lumiere_concept\\\/contato\\\/\",\"name\":\"Contato - Lumiere_Concept\",\"isPartOf\":{\"@id\":\"https:\\\/\\\/clientehostix.com.br\\\/lumiere_concept\\\/#website\"},\"datePublished\":\"2026-04-13T18:42:31+00:00\",\"dateModified\":\"2026-04-14T17:46:20+00:00\",\"breadcrumb\":{\"@id\":\"https:\\\/\\\/clientehostix.com.br\\\/lumiere_concept\\\/contato\\\/#breadcrumb\"},\"inLanguage\":\"pt-BR\",\"potentialAction\":[{\"@type\":\"ReadAction\",\"target\":[\"https:\\\/\\\/clientehostix.com.br\\\/lumiere_concept\\\/contato\\\/\"]}]},{\"@type\":\"BreadcrumbList\",\"@id\":\"https:\\\/\\\/clientehostix.com.br\\\/lumiere_concept\\\/contato\\\/#breadcrumb\",\"itemListElement\":[{\"@type\":\"ListItem\",\"position\":1,\"name\":\"In\u00edcio\",\"item\":\"https:\\\/\\\/clientehostix.com.br\\\/lumiere_concept\\\/\"},{\"@type\":\"ListItem\",\"position\":2,\"name\":\"Contato\"}]},{\"@type\":\"WebSite\",\"@id\":\"https:\\\/\\\/clientehostix.com.br\\\/lumiere_concept\\\/#website\",\"url\":\"https:\\\/\\\/clientehostix.com.br\\\/lumiere_concept\\\/\",\"name\":\"Lumiere_Concept\",\"description\":\"\",\"publisher\":{\"@id\":\"https:\\\/\\\/clientehostix.com.br\\\/lumiere_concept\\\/#organization\"},\"potentialAction\":[{\"@type\":\"SearchAction\",\"target\":{\"@type\":\"EntryPoint\",\"urlTemplate\":\"https:\\\/\\\/clientehostix.com.br\\\/lumiere_concept\\\/?s={search_term_string}\"},\"query-input\":{\"@type\":\"PropertyValueSpecification\",\"valueRequired\":true,\"valueName\":\"search_term_string\"}}],\"inLanguage\":\"pt-BR\"},{\"@type\":\"Organization\",\"@id\":\"https:\\\/\\\/clientehostix.com.br\\\/lumiere_concept\\\/#organization\",\"name\":\"Lumiere_Concept\",\"url\":\"https:\\\/\\\/clientehostix.com.br\\\/lumiere_concept\\\/\",\"logo\":{\"@type\":\"ImageObject\",\"inLanguage\":\"pt-BR\",\"@id\":\"https:\\\/\\\/clientehostix.com.br\\\/lumiere_concept\\\/#\\\/schema\\\/logo\\\/image\\\/\",\"url\":\"https:\\\/\\\/clientehostix.com.br\\\/lumiere_concept\\\/wp-content\\\/uploads\\\/2026\\\/04\\\/Preto-Grafite-e1776949032990.png\",\"contentUrl\":\"https:\\\/\\\/clientehostix.com.br\\\/lumiere_concept\\\/wp-content\\\/uploads\\\/2026\\\/04\\\/Preto-Grafite-e1776949032990.png\",\"width\":906,\"height\":313,\"caption\":\"Lumiere_Concept\"},\"image\":{\"@id\":\"https:\\\/\\\/clientehostix.com.br\\\/lumiere_concept\\\/#\\\/schema\\\/logo\\\/image\\\/\"}}]}<\/script>\n<!-- \/ Yoast SEO plugin. -->","yoast_head_json":{"title":"Contato - Lumiere_Concept","robots":{"index":"index","follow":"follow","max-snippet":"max-snippet:-1","max-image-preview":"max-image-preview:large","max-video-preview":"max-video-preview:-1"},"canonical":"https:\/\/clientehostix.com.br\/lumiere_concept\/contato\/","og_locale":"pt_BR","og_type":"article","og_title":"Contato - Lumiere_Concept","og_description":"Contato A Lumi\u00e8re Concept est\u00e1 em Vinhedo, em um espa\u00e7o pensado para receber voc\u00ea com conforto, privacidade e aten\u00e7\u00e3o em cada detalhe. Nos encontre Rua Santa Cruz, n\u00ba 1.480 \u2013 Pinheirinho \u2013 CEP: 13.280-041, Vinhedo\/SP (19) 99264-9669 xxxxxxx@xxxxx.com.br Hor\u00e1rios de Atendimento Ter\u00e7a a S\u00e1bado: 8h00 \u00e0s 18h00 Segunda e Domingo: Fechados","og_url":"https:\/\/clientehostix.com.br\/lumiere_concept\/contato\/","og_site_name":"Lumiere_Concept","article_modified_time":"2026-04-14T17:46:20+00:00","twitter_card":"summary_large_image","schema":{"@context":"https:\/\/schema.org","@graph":[{"@type":"WebPage","@id":"https:\/\/clientehostix.com.br\/lumiere_concept\/contato\/","url":"https:\/\/clientehostix.com.br\/lumiere_concept\/contato\/","name":"Contato - Lumiere_Concept","isPartOf":{"@id":"https:\/\/clientehostix.com.br\/lumiere_concept\/#website"},"datePublished":"2026-04-13T18:42:31+00:00","dateModified":"2026-04-14T17:46:20+00:00","breadcrumb":{"@id":"https:\/\/clientehostix.com.br\/lumiere_concept\/contato\/#breadcrumb"},"inLanguage":"pt-BR","potentialAction":[{"@type":"ReadAction","target":["https:\/\/clientehostix.com.br\/lumiere_concept\/contato\/"]}]},{"@type":"BreadcrumbList","@id":"https:\/\/clientehostix.com.br\/lumiere_concept\/contato\/#breadcrumb","itemListElement":[{"@type":"ListItem","position":1,"name":"In\u00edcio","item":"https:\/\/clientehostix.com.br\/lumiere_concept\/"},{"@type":"ListItem","position":2,"name":"Contato"}]},{"@type":"WebSite","@id":"https:\/\/clientehostix.com.br\/lumiere_concept\/#website","url":"https:\/\/clientehostix.com.br\/lumiere_concept\/","name":"Lumiere_Concept","description":"","publisher":{"@id":"https:\/\/clientehostix.com.br\/lumiere_concept\/#organization"},"potentialAction":[{"@type":"SearchAction","target":{"@type":"EntryPoint","urlTemplate":"https:\/\/clientehostix.com.br\/lumiere_concept\/?s={search_term_string}"},"query-input":{"@type":"PropertyValueSpecification","valueRequired":true,"valueName":"search_term_string"}}],"inLanguage":"pt-BR"},{"@type":"Organization","@id":"https:\/\/clientehostix.com.br\/lumiere_concept\/#organization","name":"Lumiere_Concept","url":"https:\/\/clientehostix.com.br\/lumiere_concept\/","logo":{"@type":"ImageObject","inLanguage":"pt-BR","@id":"https:\/\/clientehostix.com.br\/lumiere_concept\/#\/schema\/logo\/image\/","url":"https:\/\/clientehostix.com.br\/lumiere_concept\/wp-content\/uploads\/2026\/04\/Preto-Grafite-e1776949032990.png","contentUrl":"https:\/\/clientehostix.com.br\/lumiere_concept\/wp-content\/uploads\/2026\/04\/Preto-Grafite-e1776949032990.png","width":906,"height":313,"caption":"Lumiere_Concept"},"image":{"@id":"https:\/\/clientehostix.com.br\/lumiere_concept\/#\/schema\/logo\/image\/"}}]}},"_links":{"self":[{"href":"https:\/\/clientehostix.com.br\/lumiere_concept\/wp-json\/wp\/v2\/pages\/309","targetHints":{"allow":["GET"]}}],"collection":[{"href":"https:\/\/clientehostix.com.br\/lumiere_concept\/wp-json\/wp\/v2\/pages"}],"about":[{"href":"https:\/\/clientehostix.com.br\/lumiere_concept\/wp-json\/wp\/v2\/types\/page"}],"author":[{"embeddable":true,"href":"https:\/\/clientehostix.com.br\/lumiere_concept\/wp-json\/wp\/v2\/users\/1"}],"replies":[{"embeddable":true,"href":"https:\/\/clientehostix.com.br\/lumiere_concept\/wp-json\/wp\/v2\/comments?post=309"}],"version-history":[{"count":10,"href":"https:\/\/clientehostix.com.br\/lumiere_concept\/wp-json\/wp\/v2\/pages\/309\/revisions"}],"predecessor-version":[{"id":490,"href":"https:\/\/clientehostix.com.br\/lumiere_concept\/wp-json\/wp\/v2\/pages\/309\/revisions\/490"}],"wp:attachment":[{"href":"https:\/\/clientehostix.com.br\/lumiere_concept\/wp-json\/wp\/v2\/media?parent=309"}],"curies":[{"name":"wp","href":"https:\/\/api.w.org\/{rel}","templated":true}]}}