{"id":195,"date":"2026-02-09T16:13:30","date_gmt":"2026-02-09T19:13:30","guid":{"rendered":"https:\/\/clientehostix.com.br\/jactolimpadora\/?page_id=195"},"modified":"2026-02-11T16:14:18","modified_gmt":"2026-02-11T19:14:18","slug":"blog","status":"publish","type":"page","link":"https:\/\/clientehostix.com.br\/jactolimpadora\/blog\/","title":{"rendered":"Blog"},"content":{"rendered":"\t\t<div data-elementor-type=\"wp-page\" data-elementor-id=\"195\" class=\"elementor elementor-195\" data-elementor-post-type=\"page\">\n\t\t\t\t<div class=\"elementor-element elementor-element-d16812c e-flex e-con-boxed e-con e-parent\" data-id=\"d16812c\" data-element_type=\"container\" data-e-type=\"container\" data-settings=\"{&quot;background_background&quot;:&quot;classic&quot;}\">\n\t\t\t\t\t<div class=\"e-con-inner\">\n\t\t<div class=\"elementor-element elementor-element-288fc8f5 e-con-full e-flex e-con e-child\" data-id=\"288fc8f5\" data-element_type=\"container\" data-e-type=\"container\">\n\t\t<div class=\"elementor-element elementor-element-3b85fcea e-flex e-con-boxed elementor-invisible e-con e-child\" data-id=\"3b85fcea\" data-element_type=\"container\" data-e-type=\"container\" data-settings=\"{&quot;background_background&quot;:&quot;classic&quot;,&quot;animation&quot;:&quot;fadeInUp&quot;}\">\n\t\t\t\t\t<div class=\"e-con-inner\">\n\t\t\t\t<div class=\"elementor-element elementor-element-3a2b90cb elementor-widget elementor-widget-heading\" data-id=\"3a2b90cb\" data-element_type=\"widget\" data-e-type=\"widget\" data-widget_type=\"heading.default\">\n\t\t\t\t\t<h1 class=\"elementor-heading-title elementor-size-default\">Blog<\/h1>\t\t\t\t<\/div>\n\t\t\t\t<div class=\"elementor-element elementor-element-6a600250 elementor-widget__width-initial elementor-widget elementor-widget-heading\" data-id=\"6a600250\" data-element_type=\"widget\" data-e-type=\"widget\" data-widget_type=\"heading.default\">\n\t\t\t\t\t<h4 class=\"elementor-heading-title elementor-size-default\">Fique por dentro das novidades<\/h4>\t\t\t\t<\/div>\n\t\t\t\t\t<\/div>\n\t\t\t\t<\/div>\n\t\t\t\t<\/div>\n\t\t\t\t\t<\/div>\n\t\t\t\t<\/div>\n\t\t<div class=\"elementor-element elementor-element-7c4dff3b e-flex e-con-boxed e-con e-parent\" data-id=\"7c4dff3b\" data-element_type=\"container\" data-e-type=\"container\" data-settings=\"{&quot;background_background&quot;:&quot;classic&quot;}\">\n\t\t\t\t\t<div class=\"e-con-inner\">\n\t\t<div class=\"elementor-element elementor-element-75622a8f e-con-full e-flex e-con e-child\" data-id=\"75622a8f\" data-element_type=\"container\" data-e-type=\"container\">\n\t\t\t\t<div class=\"elementor-element elementor-element-491009a elementor-grid-3 elementor-grid-tablet-2 elementor-grid-mobile-1 elementor-posts--thumbnail-top elementor-card-shadow-yes elementor-posts__hover-gradient elementor-widget elementor-widget-posts\" data-id=\"491009a\" data-element_type=\"widget\" data-e-type=\"widget\" data-settings=\"{&quot;cards_columns&quot;:&quot;3&quot;,&quot;cards_columns_tablet&quot;:&quot;2&quot;,&quot;cards_columns_mobile&quot;:&quot;1&quot;,&quot;cards_row_gap&quot;:{&quot;unit&quot;:&quot;px&quot;,&quot;size&quot;:35,&quot;sizes&quot;:[]},&quot;cards_row_gap_tablet&quot;:{&quot;unit&quot;:&quot;px&quot;,&quot;size&quot;:&quot;&quot;,&quot;sizes&quot;:[]},&quot;cards_row_gap_mobile&quot;:{&quot;unit&quot;:&quot;px&quot;,&quot;size&quot;:&quot;&quot;,&quot;sizes&quot;:[]}}\" data-widget_type=\"posts.cards\">\n\t\t\t\t<div class=\"elementor-widget-container\">\n\t\t\t\t\t\t\t<div class=\"elementor-posts-container elementor-posts elementor-posts--skin-cards elementor-grid\" role=\"list\">\n\t\t\t\t<article class=\"elementor-post elementor-grid-item post-2652 post type-post status-publish format-standard has-post-thumbnail hentry category-coleta-de-efluentes category-desentupimento-de-ralo category-fornecimento-de-agua-potavel category-lavagem-caixa-dagua category-trabalho-em-altura category-transporte-de-residuos-industriais\" role=\"listitem\">\n\t\t\t<div class=\"elementor-post__card\">\n\t\t\t\t<a class=\"elementor-post__thumbnail__link\" href=\"https:\/\/clientehostix.com.br\/jactolimpadora\/jacto-desentupidora-vinhedo-telefone-atendimento-e-servicos-especializados\/\" tabindex=\"-1\" target=\"_blank\"><div class=\"elementor-post__thumbnail\"><img fetchpriority=\"high\" decoding=\"async\" width=\"1280\" height=\"720\" src=\"https:\/\/clientehostix.com.br\/jactolimpadora\/wp-content\/uploads\/2026\/01\/Jacto-Desentupidora-Vinhedo.jpg\" class=\"attachment-full size-full wp-image-2728\" alt=\"\" srcset=\"https:\/\/clientehostix.com.br\/jactolimpadora\/wp-content\/uploads\/2026\/01\/Jacto-Desentupidora-Vinhedo.jpg 1280w, https:\/\/clientehostix.com.br\/jactolimpadora\/wp-content\/uploads\/2026\/01\/Jacto-Desentupidora-Vinhedo-300x169.jpg 300w, https:\/\/clientehostix.com.br\/jactolimpadora\/wp-content\/uploads\/2026\/01\/Jacto-Desentupidora-Vinhedo-1024x576.jpg 1024w, https:\/\/clientehostix.com.br\/jactolimpadora\/wp-content\/uploads\/2026\/01\/Jacto-Desentupidora-Vinhedo-768x432.jpg 768w\" sizes=\"(max-width: 1280px) 100vw, 1280px\" \/><\/div><\/a>\n\t\t\t\t<div class=\"elementor-post__badge\">Coleta de Efluentes<\/div>\n\t\t\t\t<div class=\"elementor-post__text\">\n\t\t\t\t<h3 class=\"elementor-post__title\">\n\t\t\t<a href=\"https:\/\/clientehostix.com.br\/jactolimpadora\/jacto-desentupidora-vinhedo-telefone-atendimento-e-servicos-especializados\/\" target=&quot;_blank&quot;>\n\t\t\t\tJacto Desentupidora Vinhedo: telefone, atendimento e servi\u00e7os especializados\t\t\t<\/a>\n\t\t<\/h3>\n\t\t\t\t\t<div class=\"elementor-post__read-more-wrapper\">\n\t\t\n\t\t<a class=\"elementor-post__read-more\" href=\"https:\/\/clientehostix.com.br\/jactolimpadora\/jacto-desentupidora-vinhedo-telefone-atendimento-e-servicos-especializados\/\" aria-label=\"Leia mais sobre Jacto Desentupidora Vinhedo: telefone, atendimento e servi\u00e7os especializados\" tabindex=\"-1\" target=\"_blank\">\n\t\t\tLeia mais \u00bb\t\t<\/a>\n\n\t\t\t\t\t<\/div>\n\t\t\t\t<\/div>\n\t\t\t\t\t<\/div>\n\t\t<\/article>\n\t\t\t\t<article class=\"elementor-post elementor-grid-item post-2649 post type-post status-publish format-standard has-post-thumbnail hentry category-caminhao-pipa\" role=\"listitem\">\n\t\t\t<div class=\"elementor-post__card\">\n\t\t\t\t<a class=\"elementor-post__thumbnail__link\" href=\"https:\/\/clientehostix.com.br\/jactolimpadora\/aluguel-de-caminhao-pipa-para-obras-em-vinhedo-vantagens-de-contratar-localmente\/\" tabindex=\"-1\" target=\"_blank\"><div class=\"elementor-post__thumbnail\"><img decoding=\"async\" width=\"1280\" height=\"720\" src=\"https:\/\/clientehostix.com.br\/jactolimpadora\/wp-content\/uploads\/2026\/01\/Aluguel-de-caminhao-pipa.jpg\" class=\"attachment-full size-full wp-image-2730\" alt=\"\" srcset=\"https:\/\/clientehostix.com.br\/jactolimpadora\/wp-content\/uploads\/2026\/01\/Aluguel-de-caminhao-pipa.jpg 1280w, https:\/\/clientehostix.com.br\/jactolimpadora\/wp-content\/uploads\/2026\/01\/Aluguel-de-caminhao-pipa-300x169.jpg 300w, https:\/\/clientehostix.com.br\/jactolimpadora\/wp-content\/uploads\/2026\/01\/Aluguel-de-caminhao-pipa-1024x576.jpg 1024w, https:\/\/clientehostix.com.br\/jactolimpadora\/wp-content\/uploads\/2026\/01\/Aluguel-de-caminhao-pipa-768x432.jpg 768w\" sizes=\"(max-width: 1280px) 100vw, 1280px\" \/><\/div><\/a>\n\t\t\t\t<div class=\"elementor-post__badge\">Caminh\u00e3o Pipa<\/div>\n\t\t\t\t<div class=\"elementor-post__text\">\n\t\t\t\t<h3 class=\"elementor-post__title\">\n\t\t\t<a href=\"https:\/\/clientehostix.com.br\/jactolimpadora\/aluguel-de-caminhao-pipa-para-obras-em-vinhedo-vantagens-de-contratar-localmente\/\" target=&quot;_blank&quot;>\n\t\t\t\tAluguel de caminh\u00e3o pipa para obras em Vinhedo: vantagens de contratar localmente\t\t\t<\/a>\n\t\t<\/h3>\n\t\t\t\t\t<div class=\"elementor-post__read-more-wrapper\">\n\t\t\n\t\t<a class=\"elementor-post__read-more\" href=\"https:\/\/clientehostix.com.br\/jactolimpadora\/aluguel-de-caminhao-pipa-para-obras-em-vinhedo-vantagens-de-contratar-localmente\/\" aria-label=\"Leia mais sobre Aluguel de caminh\u00e3o pipa para obras em Vinhedo: vantagens de contratar localmente\" tabindex=\"-1\" target=\"_blank\">\n\t\t\tLeia mais \u00bb\t\t<\/a>\n\n\t\t\t\t\t<\/div>\n\t\t\t\t<\/div>\n\t\t\t\t\t<\/div>\n\t\t<\/article>\n\t\t\t\t<article class=\"elementor-post elementor-grid-item post-2644 post type-post status-publish format-standard has-post-thumbnail hentry category-desentupimento-de-ralo\" role=\"listitem\">\n\t\t\t<div class=\"elementor-post__card\">\n\t\t\t\t<a class=\"elementor-post__thumbnail__link\" href=\"https:\/\/clientehostix.com.br\/jactolimpadora\/servico-de-desentupimento-de-ralo-de-emergencia-em-louveira-o-que-observar-antes-de-fechar-contrato\/\" tabindex=\"-1\" target=\"_blank\"><div class=\"elementor-post__thumbnail\"><img decoding=\"async\" width=\"1280\" height=\"720\" src=\"https:\/\/clientehostix.com.br\/jactolimpadora\/wp-content\/uploads\/2025\/12\/Servico-de-desentupimento-de-ralo.jpg\" class=\"attachment-full size-full wp-image-2732\" alt=\"\" srcset=\"https:\/\/clientehostix.com.br\/jactolimpadora\/wp-content\/uploads\/2025\/12\/Servico-de-desentupimento-de-ralo.jpg 1280w, https:\/\/clientehostix.com.br\/jactolimpadora\/wp-content\/uploads\/2025\/12\/Servico-de-desentupimento-de-ralo-300x169.jpg 300w, https:\/\/clientehostix.com.br\/jactolimpadora\/wp-content\/uploads\/2025\/12\/Servico-de-desentupimento-de-ralo-1024x576.jpg 1024w, https:\/\/clientehostix.com.br\/jactolimpadora\/wp-content\/uploads\/2025\/12\/Servico-de-desentupimento-de-ralo-768x432.jpg 768w\" sizes=\"(max-width: 1280px) 100vw, 1280px\" \/><\/div><\/a>\n\t\t\t\t<div class=\"elementor-post__badge\">Desentupimento de ralo<\/div>\n\t\t\t\t<div class=\"elementor-post__text\">\n\t\t\t\t<h3 class=\"elementor-post__title\">\n\t\t\t<a href=\"https:\/\/clientehostix.com.br\/jactolimpadora\/servico-de-desentupimento-de-ralo-de-emergencia-em-louveira-o-que-observar-antes-de-fechar-contrato\/\" target=&quot;_blank&quot;>\n\t\t\t\tServi\u00e7o de desentupimento de ralo de emerg\u00eancia em Louveira: o que observar antes de fechar contrato\t\t\t<\/a>\n\t\t<\/h3>\n\t\t\t\t\t<div class=\"elementor-post__read-more-wrapper\">\n\t\t\n\t\t<a class=\"elementor-post__read-more\" href=\"https:\/\/clientehostix.com.br\/jactolimpadora\/servico-de-desentupimento-de-ralo-de-emergencia-em-louveira-o-que-observar-antes-de-fechar-contrato\/\" aria-label=\"Leia mais sobre Servi\u00e7o de desentupimento de ralo de emerg\u00eancia em Louveira: o que observar antes de fechar contrato\" tabindex=\"-1\" target=\"_blank\">\n\t\t\tLeia mais \u00bb\t\t<\/a>\n\n\t\t\t\t\t<\/div>\n\t\t\t\t<\/div>\n\t\t\t\t\t<\/div>\n\t\t<\/article>\n\t\t\t\t<article class=\"elementor-post elementor-grid-item post-2641 post type-post status-publish format-standard has-post-thumbnail hentry category-caminhao-pipa category-fornecimento-de-agua-potavel\" role=\"listitem\">\n\t\t\t<div class=\"elementor-post__card\">\n\t\t\t\t<a class=\"elementor-post__thumbnail__link\" href=\"https:\/\/clientehostix.com.br\/jactolimpadora\/caminhao-pipa-para-condominio-em-valinhos-como-garantir-abastecimento-confiavel\/\" tabindex=\"-1\" target=\"_blank\"><div class=\"elementor-post__thumbnail\"><img loading=\"lazy\" decoding=\"async\" width=\"1280\" height=\"720\" src=\"https:\/\/clientehostix.com.br\/jactolimpadora\/wp-content\/uploads\/2025\/12\/Caminhao-pipa.jpg\" class=\"attachment-full size-full wp-image-2734\" alt=\"\" srcset=\"https:\/\/clientehostix.com.br\/jactolimpadora\/wp-content\/uploads\/2025\/12\/Caminhao-pipa.jpg 1280w, https:\/\/clientehostix.com.br\/jactolimpadora\/wp-content\/uploads\/2025\/12\/Caminhao-pipa-300x169.jpg 300w, https:\/\/clientehostix.com.br\/jactolimpadora\/wp-content\/uploads\/2025\/12\/Caminhao-pipa-1024x576.jpg 1024w, https:\/\/clientehostix.com.br\/jactolimpadora\/wp-content\/uploads\/2025\/12\/Caminhao-pipa-768x432.jpg 768w\" sizes=\"(max-width: 1280px) 100vw, 1280px\" \/><\/div><\/a>\n\t\t\t\t<div class=\"elementor-post__badge\">Caminh\u00e3o Pipa<\/div>\n\t\t\t\t<div class=\"elementor-post__text\">\n\t\t\t\t<h3 class=\"elementor-post__title\">\n\t\t\t<a href=\"https:\/\/clientehostix.com.br\/jactolimpadora\/caminhao-pipa-para-condominio-em-valinhos-como-garantir-abastecimento-confiavel\/\" target=&quot;_blank&quot;>\n\t\t\t\tCaminh\u00e3o pipa para condom\u00ednio em Valinhos: como garantir abastecimento confi\u00e1vel\t\t\t<\/a>\n\t\t<\/h3>\n\t\t\t\t\t<div class=\"elementor-post__read-more-wrapper\">\n\t\t\n\t\t<a class=\"elementor-post__read-more\" href=\"https:\/\/clientehostix.com.br\/jactolimpadora\/caminhao-pipa-para-condominio-em-valinhos-como-garantir-abastecimento-confiavel\/\" aria-label=\"Leia mais sobre Caminh\u00e3o pipa para condom\u00ednio em Valinhos: como garantir abastecimento confi\u00e1vel\" tabindex=\"-1\" target=\"_blank\">\n\t\t\tLeia mais \u00bb\t\t<\/a>\n\n\t\t\t\t\t<\/div>\n\t\t\t\t<\/div>\n\t\t\t\t\t<\/div>\n\t\t<\/article>\n\t\t\t\t<article class=\"elementor-post elementor-grid-item post-2638 post type-post status-publish format-standard has-post-thumbnail hentry category-fornecimento-de-agua-potavel\" role=\"listitem\">\n\t\t\t<div class=\"elementor-post__card\">\n\t\t\t\t<a class=\"elementor-post__thumbnail__link\" href=\"https:\/\/clientehostix.com.br\/jactolimpadora\/agua-potavel-via-caminhao-pipa-vantagens-para-condominios-e-industrias\/\" tabindex=\"-1\" target=\"_blank\"><div class=\"elementor-post__thumbnail\"><img loading=\"lazy\" decoding=\"async\" width=\"1280\" height=\"720\" src=\"https:\/\/clientehostix.com.br\/jactolimpadora\/wp-content\/uploads\/2025\/11\/Agua-potavel.jpg\" class=\"attachment-full size-full wp-image-2736\" alt=\"\" srcset=\"https:\/\/clientehostix.com.br\/jactolimpadora\/wp-content\/uploads\/2025\/11\/Agua-potavel.jpg 1280w, https:\/\/clientehostix.com.br\/jactolimpadora\/wp-content\/uploads\/2025\/11\/Agua-potavel-300x169.jpg 300w, https:\/\/clientehostix.com.br\/jactolimpadora\/wp-content\/uploads\/2025\/11\/Agua-potavel-1024x576.jpg 1024w, https:\/\/clientehostix.com.br\/jactolimpadora\/wp-content\/uploads\/2025\/11\/Agua-potavel-768x432.jpg 768w\" sizes=\"(max-width: 1280px) 100vw, 1280px\" \/><\/div><\/a>\n\t\t\t\t<div class=\"elementor-post__badge\">Fornecimento de \u00e1gua pot\u00e1vel<\/div>\n\t\t\t\t<div class=\"elementor-post__text\">\n\t\t\t\t<h3 class=\"elementor-post__title\">\n\t\t\t<a href=\"https:\/\/clientehostix.com.br\/jactolimpadora\/agua-potavel-via-caminhao-pipa-vantagens-para-condominios-e-industrias\/\" target=&quot;_blank&quot;>\n\t\t\t\t\u00c1gua pot\u00e1vel via caminh\u00e3o pipa: vantagens para condom\u00ednios e ind\u00fastrias\t\t\t<\/a>\n\t\t<\/h3>\n\t\t\t\t\t<div class=\"elementor-post__read-more-wrapper\">\n\t\t\n\t\t<a class=\"elementor-post__read-more\" href=\"https:\/\/clientehostix.com.br\/jactolimpadora\/agua-potavel-via-caminhao-pipa-vantagens-para-condominios-e-industrias\/\" aria-label=\"Leia mais sobre \u00c1gua pot\u00e1vel via caminh\u00e3o pipa: vantagens para condom\u00ednios e ind\u00fastrias\" tabindex=\"-1\" target=\"_blank\">\n\t\t\tLeia mais \u00bb\t\t<\/a>\n\n\t\t\t\t\t<\/div>\n\t\t\t\t<\/div>\n\t\t\t\t\t<\/div>\n\t\t<\/article>\n\t\t\t\t<article class=\"elementor-post elementor-grid-item post-2631 post type-post status-publish format-standard has-post-thumbnail hentry category-transporte-de-residuos-industriais\" role=\"listitem\">\n\t\t\t<div class=\"elementor-post__card\">\n\t\t\t\t<a class=\"elementor-post__thumbnail__link\" href=\"https:\/\/clientehostix.com.br\/jactolimpadora\/por-que-o-transporte-de-residuos-industriais-e-essencial-para-empresas-em-vinhedo-e-regiao\/\" tabindex=\"-1\" target=\"_blank\"><div class=\"elementor-post__thumbnail\"><img loading=\"lazy\" decoding=\"async\" width=\"1280\" height=\"720\" src=\"https:\/\/clientehostix.com.br\/jactolimpadora\/wp-content\/uploads\/2025\/11\/transporte-de-residuos-industriais.jpg\" class=\"attachment-full size-full wp-image-2738\" alt=\"\" srcset=\"https:\/\/clientehostix.com.br\/jactolimpadora\/wp-content\/uploads\/2025\/11\/transporte-de-residuos-industriais.jpg 1280w, https:\/\/clientehostix.com.br\/jactolimpadora\/wp-content\/uploads\/2025\/11\/transporte-de-residuos-industriais-300x169.jpg 300w, https:\/\/clientehostix.com.br\/jactolimpadora\/wp-content\/uploads\/2025\/11\/transporte-de-residuos-industriais-1024x576.jpg 1024w, https:\/\/clientehostix.com.br\/jactolimpadora\/wp-content\/uploads\/2025\/11\/transporte-de-residuos-industriais-768x432.jpg 768w\" sizes=\"(max-width: 1280px) 100vw, 1280px\" \/><\/div><\/a>\n\t\t\t\t<div class=\"elementor-post__badge\">Transporte de Res\u00edduos Industriais<\/div>\n\t\t\t\t<div class=\"elementor-post__text\">\n\t\t\t\t<h3 class=\"elementor-post__title\">\n\t\t\t<a href=\"https:\/\/clientehostix.com.br\/jactolimpadora\/por-que-o-transporte-de-residuos-industriais-e-essencial-para-empresas-em-vinhedo-e-regiao\/\" target=&quot;_blank&quot;>\n\t\t\t\tPor que o transporte de res\u00edduos industriais \u00e9 essencial para empresas em Vinhedo e regi\u00e3o\t\t\t<\/a>\n\t\t<\/h3>\n\t\t\t\t\t<div class=\"elementor-post__read-more-wrapper\">\n\t\t\n\t\t<a class=\"elementor-post__read-more\" href=\"https:\/\/clientehostix.com.br\/jactolimpadora\/por-que-o-transporte-de-residuos-industriais-e-essencial-para-empresas-em-vinhedo-e-regiao\/\" aria-label=\"Leia mais sobre Por que o transporte de res\u00edduos industriais \u00e9 essencial para empresas em Vinhedo e regi\u00e3o\" tabindex=\"-1\" target=\"_blank\">\n\t\t\tLeia mais \u00bb\t\t<\/a>\n\n\t\t\t\t\t<\/div>\n\t\t\t\t<\/div>\n\t\t\t\t\t<\/div>\n\t\t<\/article>\n\t\t\t\t<\/div>\n\t\t\n\t\t\t\t\t\t<\/div>\n\t\t\t\t<\/div>\n\t\t\t\t<\/div>\n\t\t\t\t\t<\/div>\n\t\t\t\t<\/div>\n\t\t\t\t<\/div>\n\t\t","protected":false},"excerpt":{"rendered":"<p>Blog Fique por dentro das novidades<\/p>\n","protected":false},"author":1,"featured_media":0,"parent":0,"menu_order":0,"comment_status":"closed","ping_status":"closed","template":"","meta":{"_joinchat":[],"footnotes":""},"class_list":["post-195","page","type-page","status-publish","hentry"],"_links":{"self":[{"href":"https:\/\/clientehostix.com.br\/jactolimpadora\/wp-json\/wp\/v2\/pages\/195","targetHints":{"allow":["GET"]}}],"collection":[{"href":"https:\/\/clientehostix.com.br\/jactolimpadora\/wp-json\/wp\/v2\/pages"}],"about":[{"href":"https:\/\/clientehostix.com.br\/jactolimpadora\/wp-json\/wp\/v2\/types\/page"}],"author":[{"embeddable":true,"href":"https:\/\/clientehostix.com.br\/jactolimpadora\/wp-json\/wp\/v2\/users\/1"}],"replies":[{"embeddable":true,"href":"https:\/\/clientehostix.com.br\/jactolimpadora\/wp-json\/wp\/v2\/comments?post=195"}],"version-history":[{"count":19,"href":"https:\/\/clientehostix.com.br\/jactolimpadora\/wp-json\/wp\/v2\/pages\/195\/revisions"}],"predecessor-version":[{"id":2756,"href":"https:\/\/clientehostix.com.br\/jactolimpadora\/wp-json\/wp\/v2\/pages\/195\/revisions\/2756"}],"wp:attachment":[{"href":"https:\/\/clientehostix.com.br\/jactolimpadora\/wp-json\/wp\/v2\/media?parent=195"}],"curies":[{"name":"wp","href":"https:\/\/api.w.org\/{rel}","templated":true}]}}