{"id":606,"date":"2025-06-30T08:19:22","date_gmt":"2025-06-30T11:19:22","guid":{"rendered":"https:\/\/clientehostix.com.br\/gru_compressores\/?post_type=product&#038;p=606"},"modified":"2025-06-30T08:19:22","modified_gmt":"2025-06-30T11:19:22","slug":"tratamento-de-condensados","status":"publish","type":"product","link":"https:\/\/clientehostix.com.br\/gru_compressores\/produto\/tratamento-de-condensados\/","title":{"rendered":"Tratamento de Condensados"},"content":{"rendered":"<p><b>Solu\u00e7\u00e3o ambientalmente correta para o descarte de condensados com seguran\u00e7a e conformidade.<\/b><\/p>\n<p><span style=\"font-weight: 400;\">A <\/span><b>Linha SL Schulz<\/b><span style=\"font-weight: 400;\"> oferece <\/span><b>sistemas para separa\u00e7\u00e3o de \u00f3leo e \u00e1gua em condensados gerados por compressores<\/b><span style=\"font-weight: 400;\">, promovendo o descarte respons\u00e1vel e em conformidade com as normas ambientais. Essencial para ind\u00fastrias que buscam <\/span><b>sustentabilidade, efici\u00eancia e adequa\u00e7\u00e3o legal<\/b><span style=\"font-weight: 400;\"> no tratamento de res\u00edduos l\u00edquidos.<\/span><\/p>\n<p><span style=\"font-weight: 400;\">Destaques da linha:<\/span><span style=\"font-weight: 400;\"><br \/>\n<\/span><span style=\"font-weight: 400;\"> \u2714\ufe0f <\/span><b>Separa\u00e7\u00e3o eficiente do \u00f3leo presente no condensado do ar comprimido<\/b><b><br \/>\n<\/b><span style=\"font-weight: 400;\"> \u2714\ufe0f <\/span><b>Redu\u00e7\u00e3o do impacto ambiental e conformidade com legisla\u00e7\u00f5es ambientais<\/b><b><br \/>\n<\/b><span style=\"font-weight: 400;\"> \u2714\ufe0f <\/span><b>Modelos com capacidade de vaz\u00e3o de 60 a 3.000 litros\/hora<\/b><b><br \/>\n<\/b><span style=\"font-weight: 400;\"> \u2714\ufe0f <\/span><b>Sistema de filtragem com refis de f\u00e1cil substitui\u00e7\u00e3o<\/b><b><br \/>\n<\/b><span style=\"font-weight: 400;\"> \u2714\ufe0f <\/span><b>Design compacto, de f\u00e1cil instala\u00e7\u00e3o e manuten\u00e7\u00e3o simplificada<\/b><b><br \/>\n<\/b><span style=\"font-weight: 400;\"> \u2714\ufe0f <\/span><b>Compat\u00edvel com qualquer sistema de ar comprimido, inclusive com separadores e drenos autom\u00e1ticos<\/b><\/p>\n<p><span style=\"font-weight: 400;\">A <\/span><b>Linha SL<\/b><span style=\"font-weight: 400;\"> \u00e9 a escolha certa para empresas que valorizam a <\/span><b>gest\u00e3o ambiental respons\u00e1vel<\/b><span style=\"font-weight: 400;\">, aliando <\/span><b>efici\u00eancia no tratamento de condensados<\/b><span style=\"font-weight: 400;\"> com <\/span><b>conformidade legal e baixo custo operacional<\/b><span style=\"font-weight: 400;\">.<\/span><\/p>\n","protected":false},"excerpt":{"rendered":"<p>Solu\u00e7\u00e3o ambientalmente correta para o descarte de condensados com seguran\u00e7a e conformidade. A Linha SL Schulz oferece sistemas para separa\u00e7\u00e3o de \u00f3leo e \u00e1gua em condensados gerados por compressores, promovendo o descarte respons\u00e1vel e em conformidade com as normas ambientais. Essencial para ind\u00fastrias que buscam sustentabilidade, efici\u00eancia e adequa\u00e7\u00e3o legal no tratamento de res\u00edduos l\u00edquidos. [&hellip;]<\/p>\n","protected":false},"featured_media":0,"comment_status":"open","ping_status":"closed","template":"","meta":[],"product_brand":[],"product_cat":[21],"product_tag":[],"class_list":{"0":"post-606","1":"product","2":"type-product","3":"status-publish","5":"product_cat-sem-categoria","7":"first","8":"instock","9":"shipping-taxable","10":"product-type-simple"},"yoast_head":"<!-- This site is optimized with the Yoast SEO plugin v27.3 - https:\/\/yoast.com\/product\/yoast-seo-wordpress\/ -->\n<title>Tratamento de Condensados - Site Gru Compressores<\/title>\n<meta name=\"robots\" content=\"index, follow, max-snippet:-1, max-image-preview:large, max-video-preview:-1\" \/>\n<link rel=\"canonical\" href=\"https:\/\/clientehostix.com.br\/gru_compressores\/produto\/tratamento-de-condensados\/\" \/>\n<meta property=\"og:locale\" content=\"pt_BR\" \/>\n<meta property=\"og:type\" content=\"article\" \/>\n<meta property=\"og:title\" content=\"Tratamento de Condensados - Site Gru Compressores\" \/>\n<meta property=\"og:description\" content=\"Solu\u00e7\u00e3o ambientalmente correta para o descarte de condensados com seguran\u00e7a e conformidade. A Linha SL Schulz oferece sistemas para separa\u00e7\u00e3o de \u00f3leo e \u00e1gua em condensados gerados por compressores, promovendo o descarte respons\u00e1vel e em conformidade com as normas ambientais. Essencial para ind\u00fastrias que buscam sustentabilidade, efici\u00eancia e adequa\u00e7\u00e3o legal no tratamento de res\u00edduos l\u00edquidos. [&hellip;]\" \/>\n<meta property=\"og:url\" content=\"https:\/\/clientehostix.com.br\/gru_compressores\/produto\/tratamento-de-condensados\/\" \/>\n<meta property=\"og:site_name\" content=\"Site Gru Compressores\" \/>\n<meta name=\"twitter:card\" content=\"summary_large_image\" \/>\n<meta name=\"twitter:label1\" content=\"Est. tempo de leitura\" \/>\n\t<meta name=\"twitter:data1\" content=\"1 minuto\" \/>\n<script type=\"application\/ld+json\" class=\"yoast-schema-graph\">{\"@context\":\"https:\\\/\\\/schema.org\",\"@graph\":[{\"@type\":\"WebPage\",\"@id\":\"https:\\\/\\\/clientehostix.com.br\\\/gru_compressores\\\/produto\\\/tratamento-de-condensados\\\/\",\"url\":\"https:\\\/\\\/clientehostix.com.br\\\/gru_compressores\\\/produto\\\/tratamento-de-condensados\\\/\",\"name\":\"Tratamento de Condensados - Site Gru Compressores\",\"isPartOf\":{\"@id\":\"https:\\\/\\\/clientehostix.com.br\\\/gru_compressores\\\/#website\"},\"datePublished\":\"2025-06-30T11:19:22+00:00\",\"breadcrumb\":{\"@id\":\"https:\\\/\\\/clientehostix.com.br\\\/gru_compressores\\\/produto\\\/tratamento-de-condensados\\\/#breadcrumb\"},\"inLanguage\":\"pt-BR\",\"potentialAction\":[{\"@type\":\"ReadAction\",\"target\":[\"https:\\\/\\\/clientehostix.com.br\\\/gru_compressores\\\/produto\\\/tratamento-de-condensados\\\/\"]}]},{\"@type\":\"BreadcrumbList\",\"@id\":\"https:\\\/\\\/clientehostix.com.br\\\/gru_compressores\\\/produto\\\/tratamento-de-condensados\\\/#breadcrumb\",\"itemListElement\":[{\"@type\":\"ListItem\",\"position\":1,\"name\":\"In\u00edcio\",\"item\":\"https:\\\/\\\/clientehostix.com.br\\\/gru_compressores\\\/\"},{\"@type\":\"ListItem\",\"position\":2,\"name\":\"Produtos\",\"item\":\"https:\\\/\\\/clientehostix.com.br\\\/gru_compressores\\\/shop\\\/\"},{\"@type\":\"ListItem\",\"position\":3,\"name\":\"Tratamento de Condensados\"}]},{\"@type\":\"WebSite\",\"@id\":\"https:\\\/\\\/clientehostix.com.br\\\/gru_compressores\\\/#website\",\"url\":\"https:\\\/\\\/clientehostix.com.br\\\/gru_compressores\\\/\",\"name\":\"Site Gru Compressores\",\"description\":\"\",\"potentialAction\":[{\"@type\":\"SearchAction\",\"target\":{\"@type\":\"EntryPoint\",\"urlTemplate\":\"https:\\\/\\\/clientehostix.com.br\\\/gru_compressores\\\/?s={search_term_string}\"},\"query-input\":{\"@type\":\"PropertyValueSpecification\",\"valueRequired\":true,\"valueName\":\"search_term_string\"}}],\"inLanguage\":\"pt-BR\"}]}<\/script>\n<!-- \/ Yoast SEO plugin. -->","yoast_head_json":{"title":"Tratamento de Condensados - Site Gru Compressores","robots":{"index":"index","follow":"follow","max-snippet":"max-snippet:-1","max-image-preview":"max-image-preview:large","max-video-preview":"max-video-preview:-1"},"canonical":"https:\/\/clientehostix.com.br\/gru_compressores\/produto\/tratamento-de-condensados\/","og_locale":"pt_BR","og_type":"article","og_title":"Tratamento de Condensados - Site Gru Compressores","og_description":"Solu\u00e7\u00e3o ambientalmente correta para o descarte de condensados com seguran\u00e7a e conformidade. A Linha SL Schulz oferece sistemas para separa\u00e7\u00e3o de \u00f3leo e \u00e1gua em condensados gerados por compressores, promovendo o descarte respons\u00e1vel e em conformidade com as normas ambientais. Essencial para ind\u00fastrias que buscam sustentabilidade, efici\u00eancia e adequa\u00e7\u00e3o legal no tratamento de res\u00edduos l\u00edquidos. [&hellip;]","og_url":"https:\/\/clientehostix.com.br\/gru_compressores\/produto\/tratamento-de-condensados\/","og_site_name":"Site Gru Compressores","twitter_card":"summary_large_image","twitter_misc":{"Est. tempo de leitura":"1 minuto"},"schema":{"@context":"https:\/\/schema.org","@graph":[{"@type":"WebPage","@id":"https:\/\/clientehostix.com.br\/gru_compressores\/produto\/tratamento-de-condensados\/","url":"https:\/\/clientehostix.com.br\/gru_compressores\/produto\/tratamento-de-condensados\/","name":"Tratamento de Condensados - Site Gru Compressores","isPartOf":{"@id":"https:\/\/clientehostix.com.br\/gru_compressores\/#website"},"datePublished":"2025-06-30T11:19:22+00:00","breadcrumb":{"@id":"https:\/\/clientehostix.com.br\/gru_compressores\/produto\/tratamento-de-condensados\/#breadcrumb"},"inLanguage":"pt-BR","potentialAction":[{"@type":"ReadAction","target":["https:\/\/clientehostix.com.br\/gru_compressores\/produto\/tratamento-de-condensados\/"]}]},{"@type":"BreadcrumbList","@id":"https:\/\/clientehostix.com.br\/gru_compressores\/produto\/tratamento-de-condensados\/#breadcrumb","itemListElement":[{"@type":"ListItem","position":1,"name":"In\u00edcio","item":"https:\/\/clientehostix.com.br\/gru_compressores\/"},{"@type":"ListItem","position":2,"name":"Produtos","item":"https:\/\/clientehostix.com.br\/gru_compressores\/shop\/"},{"@type":"ListItem","position":3,"name":"Tratamento de Condensados"}]},{"@type":"WebSite","@id":"https:\/\/clientehostix.com.br\/gru_compressores\/#website","url":"https:\/\/clientehostix.com.br\/gru_compressores\/","name":"Site Gru Compressores","description":"","potentialAction":[{"@type":"SearchAction","target":{"@type":"EntryPoint","urlTemplate":"https:\/\/clientehostix.com.br\/gru_compressores\/?s={search_term_string}"},"query-input":{"@type":"PropertyValueSpecification","valueRequired":true,"valueName":"search_term_string"}}],"inLanguage":"pt-BR"}]}},"_links":{"self":[{"href":"https:\/\/clientehostix.com.br\/gru_compressores\/wp-json\/wp\/v2\/product\/606","targetHints":{"allow":["GET"]}}],"collection":[{"href":"https:\/\/clientehostix.com.br\/gru_compressores\/wp-json\/wp\/v2\/product"}],"about":[{"href":"https:\/\/clientehostix.com.br\/gru_compressores\/wp-json\/wp\/v2\/types\/product"}],"replies":[{"embeddable":true,"href":"https:\/\/clientehostix.com.br\/gru_compressores\/wp-json\/wp\/v2\/comments?post=606"}],"wp:attachment":[{"href":"https:\/\/clientehostix.com.br\/gru_compressores\/wp-json\/wp\/v2\/media?parent=606"}],"wp:term":[{"taxonomy":"product_brand","embeddable":true,"href":"https:\/\/clientehostix.com.br\/gru_compressores\/wp-json\/wp\/v2\/product_brand?post=606"},{"taxonomy":"product_cat","embeddable":true,"href":"https:\/\/clientehostix.com.br\/gru_compressores\/wp-json\/wp\/v2\/product_cat?post=606"},{"taxonomy":"product_tag","embeddable":true,"href":"https:\/\/clientehostix.com.br\/gru_compressores\/wp-json\/wp\/v2\/product_tag?post=606"}],"curies":[{"name":"wp","href":"https:\/\/api.w.org\/{rel}","templated":true}]}}