{"id":333,"date":"2024-07-04T13:26:00","date_gmt":"2024-07-04T16:26:00","guid":{"rendered":"https:\/\/clientehostix.com.br\/germaniaex\/?post_type=product&#038;p=333"},"modified":"2025-04-29T16:01:16","modified_gmt":"2025-04-29T19:01:16","slug":"barril-chopp-germania-claro-180lts","status":"publish","type":"product","link":"https:\/\/clientehostix.com.br\/germaniaex\/produto\/barril-chopp-germania-claro-180lts\/","title":{"rendered":"Chopp Germania Claro 180L"},"content":{"rendered":"","protected":false},"excerpt":{"rendered":"<p><strong><strong>N\u00c3O ACOMPANHA CHOPEIRA, SOMENTE BARRIL RETORNAV\u00c9L<\/strong><\/strong><\/p>\n<p style=\"text-align: left;\"><strong>Germ\u00e2nia Pilsen<\/strong><br \/>\nUma paix\u00e3o nacional, o estilo de cerveja mais apreciado pelos brasileiros. utiliza mat\u00e9rias primas selecionadas para oferecer um sabor aut\u00eantico e aroma de malte e l\u00fapulo. Sua principal caracter\u00edstica \u00e9 a refrescancia, o chopp para todas as ocasi\u00f5es. O estilo Pilsen \u00e9 altamente refrescante, de colora\u00e7\u00e3o amarelo claro e com baixo amargor e de f\u00e1cil degusta\u00e7\u00e3o. A boa forma\u00e7\u00e3o de espuma conversa a qualidade do malte e l\u00fapulo.<\/p>\n<p style=\"text-align: left;\"><strong>Harmoniza\u00e7\u00e3o<\/strong><br \/>\nCarnes e queijos leves, amendoins e comida de boteco.<\/p>\n<p style=\"text-align: left;\"><strong>IBU<\/strong>= 10<br \/>\n<strong>\u00c1LCOOL<\/strong>= 4.5<\/p>\n","protected":false},"featured_media":1145,"comment_status":"open","ping_status":"closed","template":"","meta":[],"product_brand":[],"product_cat":[16],"product_tag":[],"class_list":{"0":"post-333","1":"product","2":"type-product","3":"status-publish","4":"has-post-thumbnail","6":"product_cat-barril","8":"first","9":"instock","10":"taxable","11":"shipping-taxable","12":"purchasable","13":"product-type-simple"},"_links":{"self":[{"href":"https:\/\/clientehostix.com.br\/germaniaex\/wp-json\/wp\/v2\/product\/333","targetHints":{"allow":["GET"]}}],"collection":[{"href":"https:\/\/clientehostix.com.br\/germaniaex\/wp-json\/wp\/v2\/product"}],"about":[{"href":"https:\/\/clientehostix.com.br\/germaniaex\/wp-json\/wp\/v2\/types\/product"}],"replies":[{"embeddable":true,"href":"https:\/\/clientehostix.com.br\/germaniaex\/wp-json\/wp\/v2\/comments?post=333"}],"wp:featuredmedia":[{"embeddable":true,"href":"https:\/\/clientehostix.com.br\/germaniaex\/wp-json\/wp\/v2\/media\/1145"}],"wp:attachment":[{"href":"https:\/\/clientehostix.com.br\/germaniaex\/wp-json\/wp\/v2\/media?parent=333"}],"wp:term":[{"taxonomy":"product_brand","embeddable":true,"href":"https:\/\/clientehostix.com.br\/germaniaex\/wp-json\/wp\/v2\/product_brand?post=333"},{"taxonomy":"product_cat","embeddable":true,"href":"https:\/\/clientehostix.com.br\/germaniaex\/wp-json\/wp\/v2\/product_cat?post=333"},{"taxonomy":"product_tag","embeddable":true,"href":"https:\/\/clientehostix.com.br\/germaniaex\/wp-json\/wp\/v2\/product_tag?post=333"}],"curies":[{"name":"wp","href":"https:\/\/api.w.org\/{rel}","templated":true}]}}