{"id":231,"date":"2024-06-28T16:26:31","date_gmt":"2024-06-28T19:26:31","guid":{"rendered":"https:\/\/clientehostix.com.br\/germaniaex\/?post_type=product&#038;p=231"},"modified":"2025-04-29T15:32:06","modified_gmt":"2025-04-29T18:32:06","slug":"growler-1lt-chopp-c-vinho-germania-pack-c-06","status":"publish","type":"product","link":"https:\/\/clientehostix.com.br\/germaniaex\/produto\/growler-1lt-chopp-c-vinho-germania-pack-c-06\/","title":{"rendered":"Growler 1lt Chopp C\/Vinho Pack C\/06"},"content":{"rendered":"","protected":false},"excerpt":{"rendered":"<h1 class=\"mbr-section-title pb-4 mbr-white align-left mbr-exbold mbr-fonts-style display-2 animate__animated animate__delay-1s animate__fadeInUp\"><strong>Germ\u00e2nia Vinhedo<\/strong><\/h1>\n<p class=\"mbr-text align-left pb-3 mbr-white mbr-fonts-style display-7 animate__animated animate__delay-1s animate__fadeInUp\">Utilizando as melhores safras de vinhos, um blend marcante entre o sabor das uvas e a refresc\u00e2ncia do chopp, atende aos paladares exigentes de consumidores de chopp e amantes do vinho. \u00danico produto com essa composi\u00e7\u00e3o, \u00e9 uma combina\u00e7\u00e3o exclusiva que une o sabor e o requinte do vinho, com a leveza e refresc\u00e2ncia da cerveja, resultando em uma experi\u00eancia harmoniosa e equilibrada ao paladar. Um blend perfeito.<\/p>\n<p><strong>Harmoniza\u00e7\u00e3o<\/strong><br \/>\nMassas com molho vermelho e queijos leves.<\/p>\n<p><strong>IBU<\/strong>= 6<br \/>\n<strong>\u00c1LCOOL<\/strong>= 6.8<\/p>\n","protected":false},"featured_media":1148,"comment_status":"open","ping_status":"closed","template":"","meta":[],"product_brand":[],"product_cat":[17],"product_tag":[],"class_list":{"0":"post-231","1":"product","2":"type-product","3":"status-publish","4":"has-post-thumbnail","6":"product_cat-growlers","8":"first","9":"instock","10":"taxable","11":"shipping-taxable","12":"purchasable","13":"product-type-simple"},"_links":{"self":[{"href":"https:\/\/clientehostix.com.br\/germaniaex\/wp-json\/wp\/v2\/product\/231","targetHints":{"allow":["GET"]}}],"collection":[{"href":"https:\/\/clientehostix.com.br\/germaniaex\/wp-json\/wp\/v2\/product"}],"about":[{"href":"https:\/\/clientehostix.com.br\/germaniaex\/wp-json\/wp\/v2\/types\/product"}],"replies":[{"embeddable":true,"href":"https:\/\/clientehostix.com.br\/germaniaex\/wp-json\/wp\/v2\/comments?post=231"}],"wp:featuredmedia":[{"embeddable":true,"href":"https:\/\/clientehostix.com.br\/germaniaex\/wp-json\/wp\/v2\/media\/1148"}],"wp:attachment":[{"href":"https:\/\/clientehostix.com.br\/germaniaex\/wp-json\/wp\/v2\/media?parent=231"}],"wp:term":[{"taxonomy":"product_brand","embeddable":true,"href":"https:\/\/clientehostix.com.br\/germaniaex\/wp-json\/wp\/v2\/product_brand?post=231"},{"taxonomy":"product_cat","embeddable":true,"href":"https:\/\/clientehostix.com.br\/germaniaex\/wp-json\/wp\/v2\/product_cat?post=231"},{"taxonomy":"product_tag","embeddable":true,"href":"https:\/\/clientehostix.com.br\/germaniaex\/wp-json\/wp\/v2\/product_tag?post=231"}],"curies":[{"name":"wp","href":"https:\/\/api.w.org\/{rel}","templated":true}]}}