{"id":287,"date":"2024-06-28T17:05:14","date_gmt":"2024-06-28T20:05:14","guid":{"rendered":"https:\/\/clientehostix.com.br\/germaniaex\/?page_id=287"},"modified":"2024-07-29T17:29:08","modified_gmt":"2024-07-29T20:29:08","slug":"growlers","status":"publish","type":"page","link":"https:\/\/clientehostix.com.br\/germaniaex\/growlers\/","title":{"rendered":"Growlers"},"content":{"rendered":"\t\t<div data-elementor-type=\"wp-page\" data-elementor-id=\"287\" class=\"elementor elementor-287\" data-elementor-post-type=\"page\">\n\t\t\t\t<div class=\"elementor-element elementor-element-88789a0 e-con-full e-flex e-con e-parent\" data-id=\"88789a0\" data-element_type=\"container\" data-e-type=\"container\">\n\t\t<div class=\"elementor-element elementor-element-e81f356 e-con-full elementor-hidden-tablet elementor-hidden-mobile e-flex e-con e-child\" data-id=\"e81f356\" data-element_type=\"container\" data-e-type=\"container\">\n\t\t\t\t<div class=\"elementor-element elementor-element-0166c2f elementor-widget elementor-widget-shortcode\" data-id=\"0166c2f\" data-element_type=\"widget\" data-e-type=\"widget\" data-widget_type=\"shortcode.default\">\n\t\t\t\t<div class=\"elementor-widget-container\">\n\t\t\t\t\t\t\t<div class=\"elementor-shortcode\"><style type=\"text\/css\" id=\"wpfCustomCss-1_964565\">#wpfMainWrapper-1_964565{position:relative;width:100%;}#wpfMainWrapper-1_964565 .wpfFilterWrapper {visibility:hidden;width:100%;}#wpfBlock_2 .wpfFilterVerScroll {max-height:200px;}#wpfMainWrapper-1_964565 .wpfLoaderLayout {position:absolute;top:0;bottom:0;left:0;right:0;background-color: rgba(255, 255, 255, 0.9);z-index: 999;}#wpfMainWrapper-1_964565 .wpfLoaderLayout i {position:absolute;z-index:9;top:50%;left:50%;margin-top:-30px;margin-left:-30px;color:rgba(0,0,0,.9);}<\/style><div class=\"wpfMainWrapper\" id=\"wpfMainWrapper-1_964565\" data-viewid=\"1_964565\" data-filter=\"1\" data-settings=\"{&quot;posts_per_page&quot;:16,&quot;posts_per_row&quot;:&quot;&quot;,&quot;paged&quot;:1,&quot;base&quot;:&quot;\\\/germaniaex\\\/wp-json\\\/wp\\\/v2\\\/pages\\\/287?product-page=%#%&quot;,&quot;format &quot;:&quot;?product-page=%#%&quot;,&quot;page_id&quot;:287,&quot;paginate_base&quot;:&quot;page&quot;,&quot;paginate_type&quot;:&quot;url&quot;}\" data-default-query=\"\" data-filter-settings=\"{&quot;settings&quot;:{&quot;display_on_page&quot;:&quot;both&quot;,&quot;display_on_page_shortcode&quot;:&quot;0&quot;,&quot;display_for&quot;:&quot;both&quot;,&quot;force_show_current&quot;:&quot;0&quot;,&quot;desctop_mobile_breakpoint_switcher&quot;:&quot;0&quot;,&quot;desctop_mobile_breakpoint_width&quot;:&quot;&quot;,&quot;hide_without_products&quot;:&quot;0&quot;,&quot;count_product_shop&quot;:&quot;&quot;,&quot;columns_product_shop&quot;:&quot;&quot;,&quot;enable_ajax&quot;:&quot;1&quot;,&quot;remove_actions&quot;:&quot;0&quot;,&quot;display_status_private&quot;:&quot;0&quot;,&quot;product_list_selector&quot;:&quot;&quot;,&quot;product_container_selector&quot;:&quot;&quot;,&quot;force_theme_templates&quot;:&quot;0&quot;,&quot;recalculate_filters&quot;:&quot;0&quot;,&quot;no_redirect_by_no_products&quot;:&quot;0&quot;,&quot;do_not_use_shortcut&quot;:&quot;0&quot;,&quot;show_filtering_button&quot;:&quot;1&quot;,&quot;filtering_button_word&quot;:&quot;Filtrar&quot;,&quot;auto_update_filter&quot;:&quot;0&quot;,&quot;show_clean_button&quot;:&quot;0&quot;,&quot;show_clean_button_word&quot;:&quot;Clear&quot;,&quot;reset_all_filters&quot;:&quot;0&quot;,&quot;main_buttons_position&quot;:&quot;bottom&quot;,&quot;main_buttons_order&quot;:&quot;left&quot;,&quot;all_products_filtering&quot;:&quot;0&quot;,&quot;form_filter_by_all_products&quot;:&quot;0&quot;,&quot;show_clean_block&quot;:&quot;0&quot;,&quot;show_clean_block_word&quot;:&quot;Clear&quot;,&quot;filter_recount&quot;:&quot;0&quot;,&quot;filter_recount_price&quot;:&quot;0&quot;,&quot;keep_recount_price&quot;:&quot;0&quot;,&quot;filter_null_disabled&quot;:&quot;0&quot;,&quot;sort_by_title&quot;:&quot;0&quot;,&quot;checked_items_top&quot;:&quot;0&quot;,&quot;checked_items_bold&quot;:&quot;0&quot;,&quot;text_no_products&quot;:&quot;No products found&quot;,&quot;filtering_by_variations&quot;:&quot;1&quot;,&quot;form_filter_by_variations&quot;:&quot;0&quot;,&quot;exclude_backorder_variations&quot;:&quot;0&quot;,&quot;hide_filter_icon&quot;:&quot;1&quot;,&quot;use_title_as_slug&quot;:&quot;0&quot;,&quot;use_category_filtration&quot;:&quot;1&quot;,&quot;display_only_children_category&quot;:&quot;0&quot;,&quot;check_get_names&quot;:&quot;0&quot;,&quot;f_multi_logic&quot;:&quot;and&quot;,&quot;third_party_prefilter&quot;:&quot;0&quot;,&quot;filter_loader_icon_onload_enable&quot;:&quot;1&quot;,&quot;filter_loader_icon_color&quot;:&quot;#000000&quot;,&quot;filter_loader_icon_name&quot;:&quot;default&quot;,&quot;filter_loader_icon_number&quot;:&quot;0&quot;,&quot;enable_overlay&quot;:&quot;0&quot;,&quot;overlay_background&quot;:&quot;&quot;,&quot;enable_overlay_icon&quot;:&quot;0&quot;,&quot;enable_overlay_word&quot;:&quot;0&quot;,&quot;overlay_word&quot;:&quot;WooBeWoo&quot;,&quot;filter_width&quot;:&quot;100&quot;,&quot;filter_width_in&quot;:&quot;%&quot;,&quot;filter_width_mobile&quot;:&quot;100&quot;,&quot;filter_width_in_mobile&quot;:&quot;%&quot;,&quot;filter_block_width&quot;:&quot;100&quot;,&quot;filter_block_width_in&quot;:&quot;%&quot;,&quot;filter_block_width_mobile&quot;:&quot;100&quot;,&quot;filter_block_width_in_mobile&quot;:&quot;%&quot;,&quot;filter_block_height&quot;:&quot;&quot;,&quot;padding_child_list&quot;:&quot;&quot;,&quot;css_editor&quot;:&quot;&quot;,&quot;js_editor&quot;:&quot;&quot;,&quot;disable_fontawesome_loading&quot;:&quot;0&quot;,&quot;disable_plugin_styles&quot;:&quot;0&quot;,&quot;filters&quot;:{&quot;order&quot;:&quot;[{\\&quot;id\\&quot;:\\&quot;wpfPrice\\&quot;,\\&quot;uniqId\\&quot;:\\&quot;wpf_66a2453cdc507\\&quot;,\\&quot;name\\&quot;:\\&quot;\\&quot;,\\&quot;settings\\&quot;:{\\&quot;f_enable\\&quot;:true,\\&quot;f_title\\&quot;:\\&quot;Price\\&quot;,\\&quot;f_name\\&quot;:\\&quot;Price\\&quot;,\\&quot;f_enable_title\\&quot;:\\&quot;no\\&quot;,\\&quot;f_enable_title_mobile\\&quot;:\\&quot;no\\&quot;,\\&quot;f_skin_type\\&quot;:\\&quot;default\\&quot;,\\&quot;f_show_inputs\\&quot;:true,\\&quot;f_currency_position\\&quot;:\\&quot;before\\&quot;,\\&quot;f_currency_show_as\\&quot;:\\&quot;symbol\\&quot;,\\&quot;f_price_tooltip_show_as\\&quot;:true}},{\\&quot;id\\&quot;:\\&quot;wpfCategory\\&quot;,\\&quot;uniqId\\&quot;:\\&quot;wpf_b8yqv53oi\\&quot;,\\&quot;name\\&quot;:\\&quot;wpf_filter_cat\\&quot;,\\&quot;settings\\&quot;:{\\&quot;f_enable\\&quot;:true,\\&quot;f_title\\&quot;:\\&quot;Product categories\\&quot;,\\&quot;f_name\\&quot;:\\&quot;Product categories\\&quot;,\\&quot;f_enable_title\\&quot;:\\&quot;no\\&quot;,\\&quot;f_enable_title_mobile\\&quot;:\\&quot;no\\&quot;,\\&quot;f_frontend_type\\&quot;:\\&quot;list\\&quot;,\\&quot;f_show_hierarchical\\&quot;:false,\\&quot;f_hide_parent\\&quot;:false,\\&quot;f_multi_logic_hierarchical\\&quot;:\\&quot;any\\&quot;,\\&quot;f_extend_parent_filtering\\&quot;:true,\\&quot;f_custom_tags\\&quot;:false,\\&quot;f_custom_tags_settings[header]\\&quot;:\\&quot;0\\&quot;,\\&quot;f_custom_tags_settings[title_1]\\&quot;:\\&quot;0\\&quot;,\\&quot;f_custom_tags_settings[title_2]\\&quot;:\\&quot;0\\&quot;,\\&quot;f_custom_tags_settings[title_3]\\&quot;:\\&quot;0\\&quot;,\\&quot;f_sort_by\\&quot;:\\&quot;asc\\&quot;,\\&quot;f_order_custom\\&quot;:false,\\&quot;f_show_count\\&quot;:false,\\&quot;f_show_count_parent_with_children\\&quot;:false,\\&quot;f_hide_empty\\&quot;:false,\\&quot;f_hide_empty_active\\&quot;:false,\\&quot;f_mlist[]\\&quot;:\\&quot;\\&quot;,\\&quot;f_mlist_with_children\\&quot;:false,\\&quot;f_hidden_categories\\&quot;:false,\\&quot;f_filtered_by_selected\\&quot;:false,\\&quot;f_show_search_input\\&quot;:false,\\&quot;f_unfolding_by_search\\&quot;:false,\\&quot;f_collapse_by_delete\\&quot;:false,\\&quot;f_hide_taxonomy\\&quot;:false,\\&quot;f_show_all_categories\\&quot;:false,\\&quot;f_layout\\&quot;:\\&quot;ver\\&quot;,\\&quot;f_ver_columns\\&quot;:\\&quot;1\\&quot;,\\&quot;f_max_height\\&quot;:\\&quot;200\\&quot;}}]&quot;,&quot;preselect&quot;:&quot;&quot;}}}\" data-nowoo=\"true\"><div class=\"wpfFilterWrapper wpfNotActive\" id=\"wpfBlock_1\" data-order-key=\"0\"  data-filter-type=\"wpfPrice\" data-get-attribute=\"wpf_min_price,wpf_max_price,tax\" data-content-type=\"meta\" data-slug=\"price\" data-uniq-id=\"wpf_66a2453cdc507\" data-price-skin=\"default\" data-minvalue=\"17\" data-maxvalue=\"2890\"><div class=\"wpfVisibleBufferMin wpfVisibilityHidden\"><\/div><div class=\"wpfVisibleBufferMax wpfVisibilityHidden\"><\/div><div class=\"wpfFilterContent\"><div id=\"wpfSliderRange\" class=\"wpfPriceFilterRange\"><\/div><div class=\"wpfPriceInputs\"><span class=\"wpfCurrencySymbol\">&#82;&#36;<\/span><input readonly type=\"number\" min=\"17\" max=\"2889\" id=\"wpfMinPrice\" class=\"wpfPriceRangeField wpfPriceTooltipShowAsText\" value=\"17\" \/><span class=\"wpfFilterDelimeter\"> - <\/span><input readonly type=\"number\"  min=\"17\" max=\"2890\" id=\"wpfMaxPrice\" class=\"wpfPriceRangeField wpfPriceTooltipShowAsText\" value=\"2890\" \/> <input readonly type=\"hidden\" id=\"wpfDataStep\" value=\"1\" \/><\/div><\/div><\/div><div class=\"wpfFilterWrapper wpfNotActive\" id=\"wpfBlock_2\" data-order-key=\"1\"  data-filter-type=\"wpfCategory\" data-get-attribute=\"wpf_filter_cat_1\" data-display-type=\"list\" data-content-type=\"taxonomy\" data-slug=\"category\" data-uniq-id=\"wpf_b8yqv53oi\" data-radio=\"1\" data-query-logic=\"or\" data-logic-hierarchical=\"any\" data-query-children=\"1\" data-show-hierarchical=\"false\" data-taxonomy=\"product_cat\" data-hide-active=\"0\" data-show-all=\"0\" data-use-slugs=\"0\"><div class=\"wpfFilterContent\"><div class=\"wpfCheckboxHier\"><ul class=\"wpfFilterVerScroll\"><li data-term-id=\"16\" data-parent=\"0\" data-term-slug=\"barril\"><label class=\"wpfLiLabel\"><span class=\"wpfCheckbox\"><input type=\"checkbox\" id=\"wpfTaxonomyInputCheckbox1611023\" ><label aria-label=\"Barril\" for=\"wpfTaxonomyInputCheckbox1611023\"><\/label><\/span><span class=\"wpfDisplay\"><span class=\"wpfValue\"><span class=\"wpfFilterTaxNameWrapper\">Barril<\/span><\/span><\/span><\/label><\/li><li data-term-id=\"15\" data-parent=\"0\" data-term-slug=\"choppeira-mais-barril\"><label class=\"wpfLiLabel\"><span class=\"wpfCheckbox\"><input type=\"checkbox\" id=\"wpfTaxonomyInputCheckbox1511732\" ><label aria-label=\"Choppeira mais Barril\" for=\"wpfTaxonomyInputCheckbox1511732\"><\/label><\/span><span class=\"wpfDisplay\"><span class=\"wpfValue\"><span class=\"wpfFilterTaxNameWrapper\">Choppeira mais Barril<\/span><\/span><\/span><\/label><\/li><li data-term-id=\"17\" data-parent=\"0\" data-term-slug=\"growlers\"><label class=\"wpfLiLabel\"><span class=\"wpfCheckbox\"><input type=\"checkbox\" id=\"wpfTaxonomyInputCheckbox1779832\" ><label aria-label=\"Growlers\" for=\"wpfTaxonomyInputCheckbox1779832\"><\/label><\/span><span class=\"wpfDisplay\"><span class=\"wpfValue\"><span class=\"wpfFilterTaxNameWrapper\">Growlers<\/span><\/span><\/span><\/label><\/li><\/ul><\/div><\/div><\/div><div class=\"wpfFilterButtons\"><button class=\"wpfFilterButton wpfButton\">Filtrar<\/button><\/div><div class=\"wpfLoaderLayout\"><i class=\"fa fa-spinner fa-pulse fa-3x fa-fw\"><\/i><\/div><div class=\"wpfPreview wpfPreviewLoader wpfHidden\"><div class=\"woobewoo-filter-loader spinner\" ><\/div><\/div><\/div><\/div>\n\t\t\t\t\t\t<\/div>\n\t\t\t\t<\/div>\n\t\t\t\t<div class=\"elementor-element elementor-element-8e2d2a0 elementor-widget elementor-widget-html\" data-id=\"8e2d2a0\" data-element_type=\"widget\" data-e-type=\"widget\" data-widget_type=\"html.default\">\n\t\t\t\t<div class=\"elementor-widget-container\">\n\t\t\t\t\t<style>\n   button.wpfFilterButton.wpfButton {\n    background-color: #ffcd00 !important;\n}\n button.wpfFilterButton.wpfButton:hover{\n     background-color: #c80c09 !important;\n }\n<\/style>\t\t\t\t<\/div>\n\t\t\t\t<\/div>\n\t\t\t\t<\/div>\n\t\t<div class=\"elementor-element elementor-element-349f3ca e-con-full e-flex e-con e-child\" data-id=\"349f3ca\" data-element_type=\"container\" data-e-type=\"container\">\n\t\t\t\t<div class=\"elementor-element elementor-element-8688593 elementor-widget elementor-widget-heading\" data-id=\"8688593\" data-element_type=\"widget\" data-e-type=\"widget\" data-widget_type=\"heading.default\">\n\t\t\t\t<div class=\"elementor-widget-container\">\n\t\t\t\t\t<h2 class=\"elementor-heading-title elementor-size-default\">GROWLERS<\/h2>\t\t\t\t<\/div>\n\t\t\t\t<\/div>\n\t\t\t\t<div class=\"elementor-element elementor-element-0329de6 eael-product-grid-column-mobile-2 eael-product-grid-column-4 elementor-widget elementor-widget-eicon-woocommerce\" data-id=\"0329de6\" data-element_type=\"widget\" data-e-type=\"widget\" data-widget_type=\"eicon-woocommerce.default\">\n\t\t\t\t<div class=\"elementor-widget-container\">\n\t\t\t\t\t\n        <div class=\"eael-product-grid eael-product-simple masonry\" id=\"eael-product-grid\" data-widget-id=\"0329de6\" data-page-id=\"287\" data-nonce=\"67e8633282\" >\n            <div class=\"woocommerce\">\n                <ul class=\"products\" data-layout-mode=\"masonry\">    <li class=\"product \">\n\t\t        <div class=\"eael-product-wrap\">\n\t\t\t<a href=\"https:\/\/clientehostix.com.br\/germaniaex\/produto\/growler-1lt-chopp-claro-germania-pack-c-06\/\" class=\"woocommerce-LoopProduct-link woocommerce-loop-product__link\"><img fetchpriority=\"high\" decoding=\"async\" width=\"300\" height=\"300\" src=\"https:\/\/clientehostix.com.br\/germaniaex\/wp-content\/uploads\/2024\/06\/Growler-Pilsen-300x300.jpg\" class=\"attachment-woocommerce_thumbnail size-woocommerce_thumbnail wvs-archive-product-image\" alt=\"Growler 1lt Chopp Pilsen Pack C\/06\" loading=\"eager\" \/><\/a><div class=\"eael-product-title\">\n                                <a href=\"https:\/\/clientehostix.com.br\/germaniaex\/produto\/growler-1lt-chopp-claro-germania-pack-c-06\/\" class=\"woocommerce-LoopProduct-link woocommerce-loop-product__link\"><h2 class=\"woocommerce-loop-product__title\">Growler 1lt Chopp Pilsen Pack C\/06<\/h2><\/a><\/div><div class=\"eael-star-rating star-rating\"><span style=\"width:0%\">Avalia\u00e7\u00e3o <strong class=\"rating\">0<\/strong> de 5<\/span><\/div><div class=\"eael-product-price\"><span class=\"woocommerce-Price-amount amount\"><span class=\"woocommerce-Price-currencySymbol\">&#082;&#036;<\/span>&nbsp;90,00<\/span><\/div>            <a href=\"?add-to-cart=226\" aria-describedby=\"woocommerce_loop_add_to_cart_link_describedby_226\" data-quantity=\"1\" class=\"button product_type_simple add_to_cart_button ajax_add_to_cart\" data-product_id=\"226\" data-product_sku=\"\" aria-label=\"Adicione ao carrinho: &ldquo;Growler 1lt Chopp Pilsen Pack C\/06&rdquo;\" rel=\"nofollow\" data-success_message=\"\u201cGrowler 1lt Chopp Pilsen Pack C\/06\u201d foi adicionado ao seu carrinho\">Comprar<\/a>\t<span id=\"woocommerce_loop_add_to_cart_link_describedby_226\" class=\"screen-reader-text\">\n\t\t\t<\/span>\n                    <\/div>\n\n    <\/li>\n\t    <li class=\"product \">\n\t\t        <div class=\"eael-product-wrap\">\n\t\t\t<a href=\"https:\/\/clientehostix.com.br\/germaniaex\/produto\/growler-1lt-chopp-ipa-germania-pack-c-06\/\" class=\"woocommerce-LoopProduct-link woocommerce-loop-product__link\"><img decoding=\"async\" width=\"300\" height=\"300\" src=\"https:\/\/clientehostix.com.br\/germaniaex\/wp-content\/uploads\/2024\/06\/Growler-IPA-300x300.jpg\" class=\"attachment-woocommerce_thumbnail size-woocommerce_thumbnail wvs-archive-product-image\" alt=\"Growler 1lt Chopp IPA Pack C\/06\" loading=\"eager\" \/><\/a><div class=\"eael-product-title\">\n                                <a href=\"https:\/\/clientehostix.com.br\/germaniaex\/produto\/growler-1lt-chopp-ipa-germania-pack-c-06\/\" class=\"woocommerce-LoopProduct-link woocommerce-loop-product__link\"><h2 class=\"woocommerce-loop-product__title\">Growler 1lt Chopp IPA Pack C\/06<\/h2><\/a><\/div><div class=\"eael-star-rating star-rating\"><span style=\"width:0%\">Avalia\u00e7\u00e3o <strong class=\"rating\">0<\/strong> de 5<\/span><\/div><div class=\"eael-product-price\"><span class=\"woocommerce-Price-amount amount\"><span class=\"woocommerce-Price-currencySymbol\">&#082;&#036;<\/span>&nbsp;198,00<\/span><\/div>            <a href=\"?add-to-cart=230\" aria-describedby=\"woocommerce_loop_add_to_cart_link_describedby_230\" data-quantity=\"1\" class=\"button product_type_simple add_to_cart_button ajax_add_to_cart\" data-product_id=\"230\" data-product_sku=\"\" aria-label=\"Adicione ao carrinho: &ldquo;Growler 1lt Chopp IPA Pack C\/06&rdquo;\" rel=\"nofollow\" data-success_message=\"\u201cGrowler 1lt Chopp IPA Pack C\/06\u201d foi adicionado ao seu carrinho\">Comprar<\/a>\t<span id=\"woocommerce_loop_add_to_cart_link_describedby_230\" class=\"screen-reader-text\">\n\t\t\t<\/span>\n                    <\/div>\n\n    <\/li>\n\t    <li class=\"product \">\n\t\t        <div class=\"eael-product-wrap\">\n\t\t\t<a href=\"https:\/\/clientehostix.com.br\/germaniaex\/produto\/growler-1lt-chopp-c-vinho-germania-pack-c-06\/\" class=\"woocommerce-LoopProduct-link woocommerce-loop-product__link\"><img decoding=\"async\" width=\"300\" height=\"300\" src=\"https:\/\/clientehostix.com.br\/germaniaex\/wp-content\/uploads\/2024\/06\/Growler-Vinho-300x300.jpg\" class=\"attachment-woocommerce_thumbnail size-woocommerce_thumbnail wvs-archive-product-image\" alt=\"Growler 1lt Chopp C\/Vinho Pack C\/06\" loading=\"eager\" \/><\/a><div class=\"eael-product-title\">\n                                <a href=\"https:\/\/clientehostix.com.br\/germaniaex\/produto\/growler-1lt-chopp-c-vinho-germania-pack-c-06\/\" class=\"woocommerce-LoopProduct-link woocommerce-loop-product__link\"><h2 class=\"woocommerce-loop-product__title\">Growler 1lt Chopp C\/Vinho Pack C\/06<\/h2><\/a><\/div><div class=\"eael-star-rating star-rating\"><span style=\"width:0%\">Avalia\u00e7\u00e3o <strong class=\"rating\">0<\/strong> de 5<\/span><\/div><div class=\"eael-product-price\"><span class=\"woocommerce-Price-amount amount\"><span class=\"woocommerce-Price-currencySymbol\">&#082;&#036;<\/span>&nbsp;108,00<\/span><\/div>            <a href=\"?add-to-cart=231\" aria-describedby=\"woocommerce_loop_add_to_cart_link_describedby_231\" data-quantity=\"1\" class=\"button product_type_simple add_to_cart_button ajax_add_to_cart\" data-product_id=\"231\" data-product_sku=\"\" aria-label=\"Adicione ao carrinho: &ldquo;Growler 1lt Chopp C\/Vinho Pack C\/06&rdquo;\" rel=\"nofollow\" data-success_message=\"\u201cGrowler 1lt Chopp C\/Vinho Pack C\/06\u201d foi adicionado ao seu carrinho\">Comprar<\/a>\t<span id=\"woocommerce_loop_add_to_cart_link_describedby_231\" class=\"screen-reader-text\">\n\t\t\t<\/span>\n                    <\/div>\n\n    <\/li>\n\t    <li class=\"product \">\n\t\t        <div class=\"eael-product-wrap\">\n\t\t\t<a href=\"https:\/\/clientehostix.com.br\/germaniaex\/produto\/copo-descartavel-biodegradavel-germania\/\" class=\"woocommerce-LoopProduct-link woocommerce-loop-product__link\"><img decoding=\"async\" width=\"300\" height=\"300\" src=\"https:\/\/clientehostix.com.br\/germaniaex\/wp-content\/uploads\/2024\/06\/Copo-300x300.jpg\" class=\"attachment-woocommerce_thumbnail size-woocommerce_thumbnail wvs-archive-product-image\" alt=\"Copo Descart\u00e1vel Biodegrad\u00e1vel Germania 0,300ml\" loading=\"eager\" \/><\/a><div class=\"eael-product-title\">\n                                <a href=\"https:\/\/clientehostix.com.br\/germaniaex\/produto\/copo-descartavel-biodegradavel-germania\/\" class=\"woocommerce-LoopProduct-link woocommerce-loop-product__link\"><h2 class=\"woocommerce-loop-product__title\">Copo Descart\u00e1vel Biodegrad\u00e1vel Germania 0,300ml<\/h2><\/a><\/div><div class=\"eael-star-rating star-rating\"><span style=\"width:0%\">Avalia\u00e7\u00e3o <strong class=\"rating\">0<\/strong> de 5<\/span><\/div><div class=\"eael-product-price\"><span class=\"woocommerce-Price-amount amount\"><span class=\"woocommerce-Price-currencySymbol\">&#082;&#036;<\/span>&nbsp;17,00<\/span><\/div>            <a href=\"?add-to-cart=232\" aria-describedby=\"woocommerce_loop_add_to_cart_link_describedby_232\" data-quantity=\"1\" class=\"button product_type_simple add_to_cart_button ajax_add_to_cart\" data-product_id=\"232\" data-product_sku=\"\" aria-label=\"Adicione ao carrinho: &ldquo;Copo Descart\u00e1vel Biodegrad\u00e1vel Germania 0,300ml&rdquo;\" rel=\"nofollow\" data-success_message=\"\u201cCopo Descart\u00e1vel Biodegrad\u00e1vel Germania 0,300ml\u201d foi adicionado ao seu carrinho\">Comprar<\/a>\t<span id=\"woocommerce_loop_add_to_cart_link_describedby_232\" class=\"screen-reader-text\">\n\t\t\t<\/span>\n                    <\/div>\n\n    <\/li>\n\t<\/ul>            <\/div>\n        <\/div>\n\n        <script type=\"text\/javascript\">\n            jQuery(document).ready(function($) {\n                var $scope = jQuery(\".elementor-element-0329de6\");\n                var $products = $('.products', $scope);\n                var $layout_mode = $products.data('layout-mode');\n                \n                if ( $layout_mode === 'masonry' ) {\n                    \/\/ init isotope\n                    var $isotope_products = $products.isotope({\n                        itemSelector: \"li.product\",\n                        layoutMode: $layout_mode,\n                        percentPosition: true\n                    });\n\n                    $isotope_products.imagesLoaded().progress( function() {\n                        $isotope_products.isotope('layout');\n                    })\n                    \n                }\n            });\n        <\/script>\n        \t\t\t\t<\/div>\n\t\t\t\t<\/div>\n\t\t\t\t<\/div>\n\t\t\t\t<\/div>\n\t\t\t\t<\/div>\n\t\t","protected":false},"excerpt":{"rendered":"<p>GROWLERS Growler 1lt Chopp Pilsen Pack C\/06 Avalia\u00e7\u00e3o 0 de 5&#82;&#36;&nbsp;90,00 Comprar Growler 1lt Chopp IPA Pack C\/06 Avalia\u00e7\u00e3o 0 de 5&#82;&#36;&nbsp;198,00 Comprar Growler 1lt Chopp C\/Vinho Pack C\/06 Avalia\u00e7\u00e3o 0 de 5&#82;&#36;&nbsp;108,00 Comprar Copo Descart\u00e1vel Biodegrad\u00e1vel Germania 0,300ml Avalia\u00e7\u00e3o 0 de 5&#82;&#36;&nbsp;17,00 Comprar<\/p>\n","protected":false},"author":1,"featured_media":0,"parent":0,"menu_order":0,"comment_status":"closed","ping_status":"closed","template":"","meta":{"footnotes":""},"class_list":["post-287","page","type-page","status-publish","hentry"],"_links":{"self":[{"href":"https:\/\/clientehostix.com.br\/germaniaex\/wp-json\/wp\/v2\/pages\/287","targetHints":{"allow":["GET"]}}],"collection":[{"href":"https:\/\/clientehostix.com.br\/germaniaex\/wp-json\/wp\/v2\/pages"}],"about":[{"href":"https:\/\/clientehostix.com.br\/germaniaex\/wp-json\/wp\/v2\/types\/page"}],"author":[{"embeddable":true,"href":"https:\/\/clientehostix.com.br\/germaniaex\/wp-json\/wp\/v2\/users\/1"}],"replies":[{"embeddable":true,"href":"https:\/\/clientehostix.com.br\/germaniaex\/wp-json\/wp\/v2\/comments?post=287"}],"version-history":[{"count":0,"href":"https:\/\/clientehostix.com.br\/germaniaex\/wp-json\/wp\/v2\/pages\/287\/revisions"}],"wp:attachment":[{"href":"https:\/\/clientehostix.com.br\/germaniaex\/wp-json\/wp\/v2\/media?parent=287"}],"curies":[{"name":"wp","href":"https:\/\/api.w.org\/{rel}","templated":true}]}}