{"id":12,"date":"2024-06-23T22:37:09","date_gmt":"2024-06-24T01:37:09","guid":{"rendered":"https:\/\/clientehostix.com.br\/germaniaex\/?page_id=12"},"modified":"2024-07-24T17:53:52","modified_gmt":"2024-07-24T20:53:52","slug":"carrinho","status":"publish","type":"page","link":"https:\/\/clientehostix.com.br\/germaniaex\/carrinho\/","title":{"rendered":"Carrinho"},"content":{"rendered":"\t\t<div data-elementor-type=\"wp-page\" data-elementor-id=\"12\" class=\"elementor elementor-12\" data-elementor-post-type=\"page\">\n\t\t\t\t<div class=\"elementor-element elementor-element-0490d88 e-flex e-con-boxed e-con e-parent\" data-id=\"0490d88\" data-element_type=\"container\" data-e-type=\"container\" data-settings=\"{&quot;background_background&quot;:&quot;classic&quot;}\">\n\t\t\t\t\t<div class=\"e-con-inner\">\n\t\t\t\t<div class=\"elementor-element elementor-element-fbdb331 elementor-widget elementor-widget-eael-woo-cart\" data-id=\"fbdb331\" data-element_type=\"widget\" data-e-type=\"widget\" data-settings=\"{&quot;eael_woo_cart_table_components_remove_icon&quot;:{&quot;value&quot;:&quot;fas fa-times&quot;,&quot;library&quot;:&quot;fa-solid&quot;},&quot;eael_woo_cart_components_continue_shopping_icon&quot;:{&quot;value&quot;:&quot;fas fa-chevron-left&quot;,&quot;library&quot;:&quot;fa-solid&quot;}}\" data-widget_type=\"eael-woo-cart.default\">\n\t\t\t\t<div class=\"elementor-widget-container\">\n\t\t\t\t\t\t\t\t\t<div class=\"eael-woo-cart-wrapper eael-woo-cart-empty eael-woo-style-2 eael-auto-update33\">\n\t\t\t\t<div class=\"woocommerce-notices-wrapper\"><\/div><div class=\"wc-empty-cart-message\">\n\t<div class=\"cart-empty woocommerce-info\">\n\t\tSeu carrinho est\u00e1 vazio no momento.\t<\/div>\n<\/div>\t<p class=\"return-to-shop\">\n\t\t<a class=\"button wc-backward\" href=\"https:\/\/clientehostix.com.br\/germaniaex\/loja\/\">\n\t\t\tRetornar para a loja\t\t<\/a>\n\t<\/p>\n                <\/div>\n\t\t\t\t        <script>document.body.classList.add(\"eael-woo-cart\");<\/script>\n\t\t\t\t\t\t<\/div>\n\t\t\t\t<\/div>\n\t\t\t\t\t<\/div>\n\t\t\t\t<\/div>\n\t\t\t\t<\/div>\n\t\t","protected":false},"excerpt":{"rendered":"<p>T\u00edtulo do produto Pre\u00e7o Quantidade Subtotal Chopp Germania Claro 200L &#82;&#36;&nbsp;2.520,00 Chopp Germania Claro 200L quantidade &#82;&#36;&nbsp;5.040,00 Cupom: Aplicar cupom Continuar comprando Atualizar carrinho Subtotal &#82;&#36;&nbsp;5.040,00 Entrega Taxa fixa: &#82;&#36;&nbsp;30,00 Entrega para Rua Rio Grande do Sul, Barueri, S\u00e3o Paulo, 06411-060. Mudar endere\u00e7o Pa\u00eds \/ regi\u00e3o: Selecione um pa\u00eds&hellip;Brasil Estado \/ Pa\u00eds: Selecione uma op\u00e7\u00e3o&hellip;AcreAlagoasAmap\u00e1AmazonasBahiaCear\u00e1Distrito [&hellip;]<\/p>\n","protected":false},"author":1,"featured_media":0,"parent":0,"menu_order":0,"comment_status":"closed","ping_status":"closed","template":"","meta":{"footnotes":""},"class_list":["post-12","page","type-page","status-publish","hentry"],"_links":{"self":[{"href":"https:\/\/clientehostix.com.br\/germaniaex\/wp-json\/wp\/v2\/pages\/12","targetHints":{"allow":["GET"]}}],"collection":[{"href":"https:\/\/clientehostix.com.br\/germaniaex\/wp-json\/wp\/v2\/pages"}],"about":[{"href":"https:\/\/clientehostix.com.br\/germaniaex\/wp-json\/wp\/v2\/types\/page"}],"author":[{"embeddable":true,"href":"https:\/\/clientehostix.com.br\/germaniaex\/wp-json\/wp\/v2\/users\/1"}],"replies":[{"embeddable":true,"href":"https:\/\/clientehostix.com.br\/germaniaex\/wp-json\/wp\/v2\/comments?post=12"}],"version-history":[{"count":0,"href":"https:\/\/clientehostix.com.br\/germaniaex\/wp-json\/wp\/v2\/pages\/12\/revisions"}],"wp:attachment":[{"href":"https:\/\/clientehostix.com.br\/germaniaex\/wp-json\/wp\/v2\/media?parent=12"}],"curies":[{"name":"wp","href":"https:\/\/api.w.org\/{rel}","templated":true}]}}