{"id":3718,"date":"2025-11-25T09:19:54","date_gmt":"2025-11-25T12:19:54","guid":{"rendered":"https:\/\/clientehostix.com.br\/farmaciamoderna\/?post_type=product&#038;p=3718"},"modified":"2025-11-25T09:20:26","modified_gmt":"2025-11-25T12:20:26","slug":"exsynutriment-300mg-30-cp-copia","status":"publish","type":"product","link":"https:\/\/clientehostix.com.br\/farmaciamoderna\/produto\/exsynutriment-300mg-30-cp-copia\/","title":{"rendered":"EXSYNUTRIMENT 300MG &#8211; 30 CP (c\u00f3pia)"},"content":{"rendered":"<div class=\"descricao-formatada\">\n<h2>O que \u00e9:<\/h2>\n<p>Depois de ingerido, o EXSYNUTRIMENT \u00e9 prontamente reduzido a \u00e1cido dehidro lip\u00f3ico. Este, por sua vez, \u00e9 capaz de varrer uma ampla variedade de esp\u00e9cies reativas do oxig\u00eanio tais como os radicais hidroxila, super\u00f3xido, peroxila, oxig\u00eanio singlet e \u00f3xido n\u00edtrico. Al\u00e9m disso, o \u00e1cido dehidro lip\u00f3ico prolonga a atividade das vitaminas E e C, regenerando o ascorbato de seu radical ascorbil, que por sua vez pode regenerar o tocoferol de seu radical tocoferil. Desta forma, estas vitaminas que s\u00e3o antioxidantes por si mesmas, atuam em sinergismo reparando-se mutuamente. Estudos revelam que c\u00e9lulas suplementadas com EXSYNUTRIMENT aumentam seu conte\u00fado de glutationa; o \u00e1cido dehidro lip\u00f3ico e o \u00c1cido Alfa Lip\u00f3ico protegem as prote\u00ednas, segundo demonstrado em testes com fumantes, nos quais observou-se a metila\u00e7\u00e3o do \u00e1cido dihydrolipoic, enquanto o EXSYNUTRIMENT bloqueia a glica\u00e7\u00e3o da albumina incubada em altas doses de glicose, provavelmente por liga\u00e7\u00e3o aos s\u00edtios hidrof\u00f3bicos.<\/p>\n<h2>Benef\u00edcios:<\/h2>\n<p>Preven\u00e7\u00e3o de danos hep\u00e1ticos nas intoxica\u00e7\u00f5es, envenenamentos por cogumelos do g\u00eanero Amanita phalloides, Coadjuvante no tratamento da cirrose hep\u00e1tica em alco\u00f3latras, Coadjuvante no tratamento do diabetes e da catarata, Antioxidante, usado em produtos anti-aging.<\/p>\n<h2>Para quem \u00e9 indicado:<\/h2>\n<p>\u00c9 indicado para pessoas que sentem necessidade de melhorar aspectos da pele, em especial, aspectos resultantes de envelhecimento como derretimento de face, linhas de express\u00e3o, articula\u00e7\u00f5es envelhecidas.<\/p>\n<h2>Advert\u00eancias:<\/h2>\n<div style=\"width: 100%; margin-top: 10px; padding-top: 10px; border-top: 1px solid #eee;\">Pessoas com hipersensibilidade a qualquer componente da f\u00f3rmula n\u00e3o devem utilizar este produto. Caso ocorra alguma rea\u00e7\u00e3o adversa, recomenda-se interromper o uso e buscar orienta\u00e7\u00e3o m\u00e9dica. Imagens meramente ilustrativas. N\u00e3o utilize o produto caso o prazo de validade esteja vencido. Conservar em temperatura ambiente (15 a 30\u00b0C), protegido da luz, do calor e da umidade. Nessas condi\u00e7\u00f5es, o produto permanecer\u00e1 adequado para consumo dentro do prazo de validade indicado na embalagem. Mantenha fora do alcance de crian\u00e7as. A compra e o uso deste produto devem ser realizados sob orienta\u00e7\u00e3o de um profissional habilitado. O uso por mulheres gr\u00e1vidas ou lactantes n\u00e3o \u00e9 recomendado sem supervis\u00e3o m\u00e9dica. Siga corretamente o modo de uso. Caso os sintomas persistam, consulte um m\u00e9dico. O produto n\u00e3o \u00e9 indicado para menores de 18 anos sem recomenda\u00e7\u00e3o m\u00e9dica. &#8220;SE PERSISTIREM OS SINTOMAS, O M\u00c9DICO DEVER\u00c1 SER CONSULTADO.&#8221; Os efeitos e indica\u00e7\u00f5es deste produto s\u00e3o baseados em estudos realizados pelo fabricante do insumo. Os resultados podem variar conforme fatores individuais, como alimenta\u00e7\u00e3o, pr\u00e1tica de atividades f\u00edsicas, presen\u00e7a de condi\u00e7\u00f5es de sa\u00fade preexistentes e ades\u00e3o correta \u00e0 posologia recomendada.<\/div>\n<h2>Dosagem e Posologia:<\/h2>\n<p>300mg a cada 1 c\u00e1psula.<br \/>\nTomar 1 c\u00e1psula ao dia durante o almo\u00e7o.<\/p>\n<\/div>\n","protected":false},"excerpt":{"rendered":"<p>Estudos revelam que c\u00e9lulas suplementadas com EXSYNUTRIMENT aumentam seu conte\u00fado de glutationa; o \u00e1cido dehidro lip\u00f3ico e o \u00c1cido Alfa Lip\u00f3ico protegem as prote\u00ednas, segundo demonstrado em testes com fumantes, nos quais observou-se a metila\u00e7\u00e3o do \u00e1cido dihydrolipoic, enquanto o EXSYNUTRIMENT bloqueia a glica\u00e7\u00e3o da albumina incubada em altas doses de glicose, provavelmente por liga\u00e7\u00e3o aos s\u00edtios hidrof\u00f3bicos.<\/p>\n","protected":false},"featured_media":0,"comment_status":"open","ping_status":"closed","template":"","meta":[],"product_brand":[],"product_cat":[17],"product_tag":[],"class_list":{"0":"post-3718","1":"product","2":"type-product","3":"status-publish","5":"product_cat-beleza","7":"first","8":"instock","9":"sale","10":"shipping-taxable","11":"purchasable","12":"product-type-simple"},"yoast_head":"<!-- This site is optimized with the Yoast SEO plugin v26.4 - https:\/\/yoast.com\/wordpress\/plugins\/seo\/ -->\n<title>EXSYNUTRIMENT 300MG - 30 CP (c\u00f3pia) - Farm\u00e1cia Moderna<\/title>\n<meta name=\"robots\" content=\"index, follow, max-snippet:-1, max-image-preview:large, max-video-preview:-1\" \/>\n<link rel=\"canonical\" href=\"https:\/\/clientehostix.com.br\/farmaciamoderna\/produto\/exsynutriment-300mg-30-cp-copia\/\" \/>\n<meta property=\"og:locale\" content=\"pt_BR\" \/>\n<meta property=\"og:type\" content=\"article\" \/>\n<meta property=\"og:title\" content=\"EXSYNUTRIMENT 300MG - 30 CP (c\u00f3pia) - Farm\u00e1cia Moderna\" \/>\n<meta property=\"og:description\" content=\"Estudos revelam que c\u00e9lulas suplementadas com EXSYNUTRIMENT aumentam seu conte\u00fado de glutationa; o \u00e1cido dehidro lip\u00f3ico e o \u00c1cido Alfa Lip\u00f3ico protegem as prote\u00ednas, segundo demonstrado em testes com fumantes, nos quais observou-se a metila\u00e7\u00e3o do \u00e1cido dihydrolipoic, enquanto o EXSYNUTRIMENT bloqueia a glica\u00e7\u00e3o da albumina incubada em altas doses de glicose, provavelmente por liga\u00e7\u00e3o aos s\u00edtios hidrof\u00f3bicos.\" \/>\n<meta property=\"og:url\" content=\"https:\/\/clientehostix.com.br\/farmaciamoderna\/produto\/exsynutriment-300mg-30-cp-copia\/\" \/>\n<meta property=\"og:site_name\" content=\"Farm\u00e1cia Moderna\" \/>\n<meta property=\"article:modified_time\" content=\"2025-11-25T12:20:26+00:00\" \/>\n<meta name=\"twitter:card\" content=\"summary_large_image\" \/>\n<meta name=\"twitter:label1\" content=\"Est. tempo de leitura\" \/>\n\t<meta name=\"twitter:data1\" content=\"3 minutos\" \/>\n<script type=\"application\/ld+json\" class=\"yoast-schema-graph\">{\"@context\":\"https:\/\/schema.org\",\"@graph\":[{\"@type\":\"WebPage\",\"@id\":\"https:\/\/clientehostix.com.br\/farmaciamoderna\/produto\/exsynutriment-300mg-30-cp-copia\/\",\"url\":\"https:\/\/clientehostix.com.br\/farmaciamoderna\/produto\/exsynutriment-300mg-30-cp-copia\/\",\"name\":\"EXSYNUTRIMENT 300MG - 30 CP (c\u00f3pia) - Farm\u00e1cia Moderna\",\"isPartOf\":{\"@id\":\"https:\/\/clientehostix.com.br\/farmaciamoderna\/#website\"},\"datePublished\":\"2025-11-25T12:19:54+00:00\",\"dateModified\":\"2025-11-25T12:20:26+00:00\",\"breadcrumb\":{\"@id\":\"https:\/\/clientehostix.com.br\/farmaciamoderna\/produto\/exsynutriment-300mg-30-cp-copia\/#breadcrumb\"},\"inLanguage\":\"pt-BR\",\"potentialAction\":[{\"@type\":\"ReadAction\",\"target\":[\"https:\/\/clientehostix.com.br\/farmaciamoderna\/produto\/exsynutriment-300mg-30-cp-copia\/\"]}]},{\"@type\":\"BreadcrumbList\",\"@id\":\"https:\/\/clientehostix.com.br\/farmaciamoderna\/produto\/exsynutriment-300mg-30-cp-copia\/#breadcrumb\",\"itemListElement\":[{\"@type\":\"ListItem\",\"position\":1,\"name\":\"In\u00edcio\",\"item\":\"https:\/\/clientehostix.com.br\/farmaciamoderna\/\"},{\"@type\":\"ListItem\",\"position\":2,\"name\":\"Produtos\",\"item\":\"https:\/\/clientehostix.com.br\/farmaciamoderna\/loja__trashed\/\"},{\"@type\":\"ListItem\",\"position\":3,\"name\":\"EXSYNUTRIMENT 300MG &#8211; 30 CP (c\u00f3pia)\"}]},{\"@type\":\"WebSite\",\"@id\":\"https:\/\/clientehostix.com.br\/farmaciamoderna\/#website\",\"url\":\"https:\/\/clientehostix.com.br\/farmaciamoderna\/\",\"name\":\"Farm\u00e1cia Moderna\",\"description\":\"\",\"publisher\":{\"@id\":\"https:\/\/clientehostix.com.br\/farmaciamoderna\/#organization\"},\"potentialAction\":[{\"@type\":\"SearchAction\",\"target\":{\"@type\":\"EntryPoint\",\"urlTemplate\":\"https:\/\/clientehostix.com.br\/farmaciamoderna\/?s={search_term_string}\"},\"query-input\":{\"@type\":\"PropertyValueSpecification\",\"valueRequired\":true,\"valueName\":\"search_term_string\"}}],\"inLanguage\":\"pt-BR\"},{\"@type\":\"Organization\",\"@id\":\"https:\/\/clientehostix.com.br\/farmaciamoderna\/#organization\",\"name\":\"Farm\u00e1cia Moderna\",\"url\":\"https:\/\/clientehostix.com.br\/farmaciamoderna\/\",\"logo\":{\"@type\":\"ImageObject\",\"inLanguage\":\"pt-BR\",\"@id\":\"https:\/\/clientehostix.com.br\/farmaciamoderna\/#\/schema\/logo\/image\/\",\"url\":\"https:\/\/clientehostix.com.br\/farmaciamoderna\/wp-content\/uploads\/2025\/10\/cropped-logo2-1.png\",\"contentUrl\":\"https:\/\/clientehostix.com.br\/farmaciamoderna\/wp-content\/uploads\/2025\/10\/cropped-logo2-1.png\",\"width\":196,\"height\":90,\"caption\":\"Farm\u00e1cia Moderna\"},\"image\":{\"@id\":\"https:\/\/clientehostix.com.br\/farmaciamoderna\/#\/schema\/logo\/image\/\"}}]}<\/script>\n<!-- \/ Yoast SEO plugin. -->","yoast_head_json":{"title":"EXSYNUTRIMENT 300MG - 30 CP (c\u00f3pia) - Farm\u00e1cia Moderna","robots":{"index":"index","follow":"follow","max-snippet":"max-snippet:-1","max-image-preview":"max-image-preview:large","max-video-preview":"max-video-preview:-1"},"canonical":"https:\/\/clientehostix.com.br\/farmaciamoderna\/produto\/exsynutriment-300mg-30-cp-copia\/","og_locale":"pt_BR","og_type":"article","og_title":"EXSYNUTRIMENT 300MG - 30 CP (c\u00f3pia) - Farm\u00e1cia Moderna","og_description":"Estudos revelam que c\u00e9lulas suplementadas com EXSYNUTRIMENT aumentam seu conte\u00fado de glutationa; o \u00e1cido dehidro lip\u00f3ico e o \u00c1cido Alfa Lip\u00f3ico protegem as prote\u00ednas, segundo demonstrado em testes com fumantes, nos quais observou-se a metila\u00e7\u00e3o do \u00e1cido dihydrolipoic, enquanto o EXSYNUTRIMENT bloqueia a glica\u00e7\u00e3o da albumina incubada em altas doses de glicose, provavelmente por liga\u00e7\u00e3o aos s\u00edtios hidrof\u00f3bicos.","og_url":"https:\/\/clientehostix.com.br\/farmaciamoderna\/produto\/exsynutriment-300mg-30-cp-copia\/","og_site_name":"Farm\u00e1cia Moderna","article_modified_time":"2025-11-25T12:20:26+00:00","twitter_card":"summary_large_image","twitter_misc":{"Est. tempo de leitura":"3 minutos"},"schema":{"@context":"https:\/\/schema.org","@graph":[{"@type":"WebPage","@id":"https:\/\/clientehostix.com.br\/farmaciamoderna\/produto\/exsynutriment-300mg-30-cp-copia\/","url":"https:\/\/clientehostix.com.br\/farmaciamoderna\/produto\/exsynutriment-300mg-30-cp-copia\/","name":"EXSYNUTRIMENT 300MG - 30 CP (c\u00f3pia) - Farm\u00e1cia Moderna","isPartOf":{"@id":"https:\/\/clientehostix.com.br\/farmaciamoderna\/#website"},"datePublished":"2025-11-25T12:19:54+00:00","dateModified":"2025-11-25T12:20:26+00:00","breadcrumb":{"@id":"https:\/\/clientehostix.com.br\/farmaciamoderna\/produto\/exsynutriment-300mg-30-cp-copia\/#breadcrumb"},"inLanguage":"pt-BR","potentialAction":[{"@type":"ReadAction","target":["https:\/\/clientehostix.com.br\/farmaciamoderna\/produto\/exsynutriment-300mg-30-cp-copia\/"]}]},{"@type":"BreadcrumbList","@id":"https:\/\/clientehostix.com.br\/farmaciamoderna\/produto\/exsynutriment-300mg-30-cp-copia\/#breadcrumb","itemListElement":[{"@type":"ListItem","position":1,"name":"In\u00edcio","item":"https:\/\/clientehostix.com.br\/farmaciamoderna\/"},{"@type":"ListItem","position":2,"name":"Produtos","item":"https:\/\/clientehostix.com.br\/farmaciamoderna\/loja__trashed\/"},{"@type":"ListItem","position":3,"name":"EXSYNUTRIMENT 300MG &#8211; 30 CP (c\u00f3pia)"}]},{"@type":"WebSite","@id":"https:\/\/clientehostix.com.br\/farmaciamoderna\/#website","url":"https:\/\/clientehostix.com.br\/farmaciamoderna\/","name":"Farm\u00e1cia Moderna","description":"","publisher":{"@id":"https:\/\/clientehostix.com.br\/farmaciamoderna\/#organization"},"potentialAction":[{"@type":"SearchAction","target":{"@type":"EntryPoint","urlTemplate":"https:\/\/clientehostix.com.br\/farmaciamoderna\/?s={search_term_string}"},"query-input":{"@type":"PropertyValueSpecification","valueRequired":true,"valueName":"search_term_string"}}],"inLanguage":"pt-BR"},{"@type":"Organization","@id":"https:\/\/clientehostix.com.br\/farmaciamoderna\/#organization","name":"Farm\u00e1cia Moderna","url":"https:\/\/clientehostix.com.br\/farmaciamoderna\/","logo":{"@type":"ImageObject","inLanguage":"pt-BR","@id":"https:\/\/clientehostix.com.br\/farmaciamoderna\/#\/schema\/logo\/image\/","url":"https:\/\/clientehostix.com.br\/farmaciamoderna\/wp-content\/uploads\/2025\/10\/cropped-logo2-1.png","contentUrl":"https:\/\/clientehostix.com.br\/farmaciamoderna\/wp-content\/uploads\/2025\/10\/cropped-logo2-1.png","width":196,"height":90,"caption":"Farm\u00e1cia Moderna"},"image":{"@id":"https:\/\/clientehostix.com.br\/farmaciamoderna\/#\/schema\/logo\/image\/"}}]}},"_links":{"self":[{"href":"https:\/\/clientehostix.com.br\/farmaciamoderna\/wp-json\/wp\/v2\/product\/3718","targetHints":{"allow":["GET"]}}],"collection":[{"href":"https:\/\/clientehostix.com.br\/farmaciamoderna\/wp-json\/wp\/v2\/product"}],"about":[{"href":"https:\/\/clientehostix.com.br\/farmaciamoderna\/wp-json\/wp\/v2\/types\/product"}],"replies":[{"embeddable":true,"href":"https:\/\/clientehostix.com.br\/farmaciamoderna\/wp-json\/wp\/v2\/comments?post=3718"}],"wp:attachment":[{"href":"https:\/\/clientehostix.com.br\/farmaciamoderna\/wp-json\/wp\/v2\/media?parent=3718"}],"wp:term":[{"taxonomy":"product_brand","embeddable":true,"href":"https:\/\/clientehostix.com.br\/farmaciamoderna\/wp-json\/wp\/v2\/product_brand?post=3718"},{"taxonomy":"product_cat","embeddable":true,"href":"https:\/\/clientehostix.com.br\/farmaciamoderna\/wp-json\/wp\/v2\/product_cat?post=3718"},{"taxonomy":"product_tag","embeddable":true,"href":"https:\/\/clientehostix.com.br\/farmaciamoderna\/wp-json\/wp\/v2\/product_tag?post=3718"}],"curies":[{"name":"wp","href":"https:\/\/api.w.org\/{rel}","templated":true}]}}