{"id":257,"date":"2025-10-14T14:53:37","date_gmt":"2025-10-14T17:53:37","guid":{"rendered":"https:\/\/clientehostix.com.br\/farmaciamoderna\/?post_type=product&#038;p=257"},"modified":"2025-11-07T14:52:47","modified_gmt":"2025-11-07T17:52:47","slug":"morosil-em-capsulas-60-unidades","status":"publish","type":"product","link":"https:\/\/clientehostix.com.br\/farmaciamoderna\/produto\/morosil-em-capsulas-60-unidades\/","title":{"rendered":"Morosil em c\u00e1psulas &#8211; 60 unidades"},"content":{"rendered":"<div class=\"descricao-formatada\">\n<h2>O que \u00e9 e Como Funciona?<\/h2>\n<p>Com propriedades antioxidantes e anti-inflamat\u00f3rias, Morosil\u00ae atua de maneira eficaz na <strong>modula\u00e7\u00e3o do metabolismo de lip\u00eddios<\/strong>, contribuindo para a queima de gordura, redu\u00e7\u00e3o de medidas e melhora no perfil metab\u00f3lico. \u00c9 uma excelente alternativa para quem busca um aliado natural na perda de peso, sem efeitos estimulantes ou agressivos ao organismo.<\/p>\n<h3>O que \u00e9 o Morosil?<\/h3>\n<p>O Morosil\u00ae contribui de maneira eficaz no emagrecimento e redu\u00e7\u00e3o de medidas, principalmente na regi\u00e3o do abd\u00f4men, onde o produto atua com maior efic\u00e1cia, diminuindo consideravelmente c\u00e9lulas de gordura, devido \u00e0 promo\u00e7\u00e3o da redu\u00e7\u00e3o do ac\u00famulo de lip\u00eddeos no organismo.<\/p>\n<p>Al\u00e9m disso, o Morosil\u00ae pode ser utilizado para melhorar a qualidade da pele, por conta da concentra\u00e7\u00e3o elevada de vitamina C e \u00e1cidos hidroxicin\u00e2micos que possui, subst\u00e2ncias que t\u00eam a\u00e7\u00e3o antioxidante e previnem o envelhecimento precoce da tez.<\/p>\n<p>O produto tamb\u00e9m pode ser aplicado para cuidar da sa\u00fade e bom funcionamento do organismo, devido \u00e0s suas altas taxas de flavonoides. Ademais, o Morosil\u00ae aumenta a sensibilidade \u00e0 insulina, reduz os triglicer\u00eddeos e o colesterol total.<\/p>\n<h2>Benef\u00edcios e Comprova\u00e7\u00e3o Cient\u00edfica:<\/h2>\n<ul>\n<li>Redu\u00e7\u00e3o da gordura abdominal<\/li>\n<li>Contribui para o controle de peso e medidas<\/li>\n<li>Potente a\u00e7\u00e3o antioxidante e anti-inflamat\u00f3ria<\/li>\n<li>Auxilia na modula\u00e7\u00e3o do metabolismo lip\u00eddico<\/li>\n<li>Ajuda a combater o estresse oxidativo<\/li>\n<li>Atua sem causar efeito rebote ou acelera\u00e7\u00e3o card\u00edaca<\/li>\n<li>Melhora a qualidade da pele e previne o envelhecimento precoce<\/li>\n<\/ul>\n<h3>Estudo Cient\u00edfico:<\/h3>\n<p>Um estudo conduzido pela Universidade de Catania, na It\u00e1lia, demonstrou que indiv\u00edduos que consumiram Morosil\u00ae por 12 semanas, associados a h\u00e1bitos saud\u00e1veis, apresentaram redu\u00e7\u00e3o significativa de peso corporal, circunfer\u00eancia abdominal e \u00edndice de massa corporal (IMC) (Titta et al., 2010 \u2013 Journal of Agricultural and Food Chemistry).<\/p>\n<h2>Posologia, Composi\u00e7\u00e3o e Validade:<\/h2>\n<p><strong>Composi\u00e7\u00e3o:<\/strong> Uma c\u00e1psula cont\u00e9m Morosil 500mg.<\/p>\n<p><strong>Posologia:<\/strong> Ingerir 1 c\u00e1psula ao dia, preferencialmente antes da principal refei\u00e7\u00e3o.<\/p>\n<p><strong>Validade:<\/strong> 6 meses.<\/p>\n<p><strong>Advert\u00eancias e Informa\u00e7\u00f5es de Seguran\u00e7a:<\/strong> Este produto n\u00e3o deve ser utilizado por pessoas com hipersensibilidade a qualquer um dos componentes da f\u00f3rmula. Gestantes, lactantes e menores de 18 anos devem utilizar o produto somente sob orienta\u00e7\u00e3o m\u00e9dica ou de nutricionista. Em caso de rea\u00e7\u00f5es adversas, recomenda-se suspender o uso e procurar orienta\u00e7\u00e3o profissional. N\u00e3o utilizar o produto com o prazo de validade vencido. Conservar em local fresco, seco, protegido da luz e da umidade. Mantenha fora do alcance de crian\u00e7as. Este suplemento n\u00e3o substitui uma alimenta\u00e7\u00e3o equilibrada e h\u00e1bitos saud\u00e1veis. <strong>Se persistirem os sintomas, o m\u00e9dico dever\u00e1 ser consultado.<\/strong> Os efeitos podem variar de pessoa para pessoa conforme alimenta\u00e7\u00e3o, rotina de atividade f\u00edsica e individualidade biol\u00f3gica.<\/p>\n<\/div>\n","protected":false},"excerpt":{"rendered":"<div class=\"flex-shrink-0 flex flex-col relative items-end\">\n<div class=\"pt-0\">\n<div class=\"gizmo-bot-avatar flex h-8 w-8 items-center justify-center overflow-hidden rounded-full\">\n<div class=\"relative p-1 rounded-sm flex items-center justify-center bg-token-main-surface-primary text-token-text-primary h-8 w-8\">\n<p>Morosil\u00ae \u00e9 um suplemento inovador \u00e0 base do extrato seco do suco da <em>Laranja Moro<\/em> (Citrus sinensis), cultivada exclusivamente na regi\u00e3o da Sic\u00edlia, na It\u00e1lia. Rica em antocianinas \u2013 especialmente a <strong>cianidina-3-glicos\u00eddeo<\/strong> \u2013, flavonoides, \u00e1cido asc\u00f3rbico e \u00e1cidos hidroxicin\u00e2micos, essa laranja sangu\u00ednea possui um perfil nutricional \u00fanico, capaz de promover a <strong>redu\u00e7\u00e3o de gordura corporal<\/strong>, principalmente na regi\u00e3o abdominal.<\/p>\n<\/div>\n<\/div>\n<\/div>\n<\/div>\n","protected":false},"featured_media":281,"comment_status":"open","ping_status":"closed","template":"","meta":[],"product_brand":[],"product_cat":[19,20,18],"product_tag":[],"class_list":{"0":"post-257","1":"product","2":"type-product","3":"status-publish","4":"has-post-thumbnail","6":"product_cat-fitness","7":"product_cat-intestino","8":"product_cat-todas-categorias","10":"first","11":"instock","12":"shipping-taxable","13":"purchasable","14":"product-type-simple"},"yoast_head":"<!-- This site is optimized with the Yoast SEO plugin v26.4 - https:\/\/yoast.com\/wordpress\/plugins\/seo\/ -->\n<title>Morosil em c\u00e1psulas - 60 unidades - Farm\u00e1cia Moderna<\/title>\n<meta name=\"robots\" content=\"index, follow, max-snippet:-1, max-image-preview:large, max-video-preview:-1\" \/>\n<link rel=\"canonical\" href=\"https:\/\/clientehostix.com.br\/farmaciamoderna\/produto\/morosil-em-capsulas-60-unidades\/\" \/>\n<meta property=\"og:locale\" content=\"pt_BR\" \/>\n<meta property=\"og:type\" content=\"article\" \/>\n<meta property=\"og:title\" content=\"Morosil em c\u00e1psulas - 60 unidades - Farm\u00e1cia Moderna\" \/>\n<meta property=\"og:description\" content=\"Morosil\u00ae \u00e9 um suplemento inovador \u00e0 base do extrato seco do suco da Laranja Moro (Citrus sinensis), cultivada exclusivamente na regi\u00e3o da Sic\u00edlia, na It\u00e1lia. Rica em antocianinas \u2013 especialmente a cianidina-3-glicos\u00eddeo \u2013, flavonoides, \u00e1cido asc\u00f3rbico e \u00e1cidos hidroxicin\u00e2micos, essa laranja sangu\u00ednea possui um perfil nutricional \u00fanico, capaz de promover a redu\u00e7\u00e3o de gordura corporal, principalmente na regi\u00e3o abdominal.\" \/>\n<meta property=\"og:url\" content=\"https:\/\/clientehostix.com.br\/farmaciamoderna\/produto\/morosil-em-capsulas-60-unidades\/\" \/>\n<meta property=\"og:site_name\" content=\"Farm\u00e1cia Moderna\" \/>\n<meta property=\"article:modified_time\" content=\"2025-11-07T17:52:47+00:00\" \/>\n<meta property=\"og:image\" content=\"https:\/\/clientehostix.com.br\/farmaciamoderna\/wp-content\/uploads\/2025\/10\/MOROSIL-60.jpg\" \/>\n\t<meta property=\"og:image:width\" content=\"500\" \/>\n\t<meta property=\"og:image:height\" content=\"549\" \/>\n\t<meta property=\"og:image:type\" content=\"image\/jpeg\" \/>\n<meta name=\"twitter:card\" content=\"summary_large_image\" \/>\n<meta name=\"twitter:label1\" content=\"Est. tempo de leitura\" \/>\n\t<meta name=\"twitter:data1\" content=\"3 minutos\" \/>\n<script type=\"application\/ld+json\" class=\"yoast-schema-graph\">{\"@context\":\"https:\/\/schema.org\",\"@graph\":[{\"@type\":\"WebPage\",\"@id\":\"https:\/\/clientehostix.com.br\/farmaciamoderna\/produto\/morosil-em-capsulas-60-unidades\/\",\"url\":\"https:\/\/clientehostix.com.br\/farmaciamoderna\/produto\/morosil-em-capsulas-60-unidades\/\",\"name\":\"Morosil em c\u00e1psulas - 60 unidades - Farm\u00e1cia Moderna\",\"isPartOf\":{\"@id\":\"https:\/\/clientehostix.com.br\/farmaciamoderna\/#website\"},\"primaryImageOfPage\":{\"@id\":\"https:\/\/clientehostix.com.br\/farmaciamoderna\/produto\/morosil-em-capsulas-60-unidades\/#primaryimage\"},\"image\":{\"@id\":\"https:\/\/clientehostix.com.br\/farmaciamoderna\/produto\/morosil-em-capsulas-60-unidades\/#primaryimage\"},\"thumbnailUrl\":\"https:\/\/clientehostix.com.br\/farmaciamoderna\/wp-content\/uploads\/2025\/10\/MOROSIL-60.jpg\",\"datePublished\":\"2025-10-14T17:53:37+00:00\",\"dateModified\":\"2025-11-07T17:52:47+00:00\",\"breadcrumb\":{\"@id\":\"https:\/\/clientehostix.com.br\/farmaciamoderna\/produto\/morosil-em-capsulas-60-unidades\/#breadcrumb\"},\"inLanguage\":\"pt-BR\",\"potentialAction\":[{\"@type\":\"ReadAction\",\"target\":[\"https:\/\/clientehostix.com.br\/farmaciamoderna\/produto\/morosil-em-capsulas-60-unidades\/\"]}]},{\"@type\":\"ImageObject\",\"inLanguage\":\"pt-BR\",\"@id\":\"https:\/\/clientehostix.com.br\/farmaciamoderna\/produto\/morosil-em-capsulas-60-unidades\/#primaryimage\",\"url\":\"https:\/\/clientehostix.com.br\/farmaciamoderna\/wp-content\/uploads\/2025\/10\/MOROSIL-60.jpg\",\"contentUrl\":\"https:\/\/clientehostix.com.br\/farmaciamoderna\/wp-content\/uploads\/2025\/10\/MOROSIL-60.jpg\",\"width\":500,\"height\":549},{\"@type\":\"BreadcrumbList\",\"@id\":\"https:\/\/clientehostix.com.br\/farmaciamoderna\/produto\/morosil-em-capsulas-60-unidades\/#breadcrumb\",\"itemListElement\":[{\"@type\":\"ListItem\",\"position\":1,\"name\":\"In\u00edcio\",\"item\":\"https:\/\/clientehostix.com.br\/farmaciamoderna\/\"},{\"@type\":\"ListItem\",\"position\":2,\"name\":\"Produtos\",\"item\":\"https:\/\/clientehostix.com.br\/farmaciamoderna\/loja__trashed\/\"},{\"@type\":\"ListItem\",\"position\":3,\"name\":\"Morosil em c\u00e1psulas &#8211; 60 unidades\"}]},{\"@type\":\"WebSite\",\"@id\":\"https:\/\/clientehostix.com.br\/farmaciamoderna\/#website\",\"url\":\"https:\/\/clientehostix.com.br\/farmaciamoderna\/\",\"name\":\"Farm\u00e1cia Moderna\",\"description\":\"\",\"publisher\":{\"@id\":\"https:\/\/clientehostix.com.br\/farmaciamoderna\/#organization\"},\"potentialAction\":[{\"@type\":\"SearchAction\",\"target\":{\"@type\":\"EntryPoint\",\"urlTemplate\":\"https:\/\/clientehostix.com.br\/farmaciamoderna\/?s={search_term_string}\"},\"query-input\":{\"@type\":\"PropertyValueSpecification\",\"valueRequired\":true,\"valueName\":\"search_term_string\"}}],\"inLanguage\":\"pt-BR\"},{\"@type\":\"Organization\",\"@id\":\"https:\/\/clientehostix.com.br\/farmaciamoderna\/#organization\",\"name\":\"Farm\u00e1cia Moderna\",\"url\":\"https:\/\/clientehostix.com.br\/farmaciamoderna\/\",\"logo\":{\"@type\":\"ImageObject\",\"inLanguage\":\"pt-BR\",\"@id\":\"https:\/\/clientehostix.com.br\/farmaciamoderna\/#\/schema\/logo\/image\/\",\"url\":\"https:\/\/clientehostix.com.br\/farmaciamoderna\/wp-content\/uploads\/2025\/10\/cropped-logo2-1.png\",\"contentUrl\":\"https:\/\/clientehostix.com.br\/farmaciamoderna\/wp-content\/uploads\/2025\/10\/cropped-logo2-1.png\",\"width\":196,\"height\":90,\"caption\":\"Farm\u00e1cia Moderna\"},\"image\":{\"@id\":\"https:\/\/clientehostix.com.br\/farmaciamoderna\/#\/schema\/logo\/image\/\"}}]}<\/script>\n<!-- \/ Yoast SEO plugin. -->","yoast_head_json":{"title":"Morosil em c\u00e1psulas - 60 unidades - Farm\u00e1cia Moderna","robots":{"index":"index","follow":"follow","max-snippet":"max-snippet:-1","max-image-preview":"max-image-preview:large","max-video-preview":"max-video-preview:-1"},"canonical":"https:\/\/clientehostix.com.br\/farmaciamoderna\/produto\/morosil-em-capsulas-60-unidades\/","og_locale":"pt_BR","og_type":"article","og_title":"Morosil em c\u00e1psulas - 60 unidades - Farm\u00e1cia Moderna","og_description":"Morosil\u00ae \u00e9 um suplemento inovador \u00e0 base do extrato seco do suco da Laranja Moro (Citrus sinensis), cultivada exclusivamente na regi\u00e3o da Sic\u00edlia, na It\u00e1lia. Rica em antocianinas \u2013 especialmente a cianidina-3-glicos\u00eddeo \u2013, flavonoides, \u00e1cido asc\u00f3rbico e \u00e1cidos hidroxicin\u00e2micos, essa laranja sangu\u00ednea possui um perfil nutricional \u00fanico, capaz de promover a redu\u00e7\u00e3o de gordura corporal, principalmente na regi\u00e3o abdominal.","og_url":"https:\/\/clientehostix.com.br\/farmaciamoderna\/produto\/morosil-em-capsulas-60-unidades\/","og_site_name":"Farm\u00e1cia Moderna","article_modified_time":"2025-11-07T17:52:47+00:00","og_image":[{"width":500,"height":549,"url":"https:\/\/clientehostix.com.br\/farmaciamoderna\/wp-content\/uploads\/2025\/10\/MOROSIL-60.jpg","type":"image\/jpeg"}],"twitter_card":"summary_large_image","twitter_misc":{"Est. tempo de leitura":"3 minutos"},"schema":{"@context":"https:\/\/schema.org","@graph":[{"@type":"WebPage","@id":"https:\/\/clientehostix.com.br\/farmaciamoderna\/produto\/morosil-em-capsulas-60-unidades\/","url":"https:\/\/clientehostix.com.br\/farmaciamoderna\/produto\/morosil-em-capsulas-60-unidades\/","name":"Morosil em c\u00e1psulas - 60 unidades - Farm\u00e1cia Moderna","isPartOf":{"@id":"https:\/\/clientehostix.com.br\/farmaciamoderna\/#website"},"primaryImageOfPage":{"@id":"https:\/\/clientehostix.com.br\/farmaciamoderna\/produto\/morosil-em-capsulas-60-unidades\/#primaryimage"},"image":{"@id":"https:\/\/clientehostix.com.br\/farmaciamoderna\/produto\/morosil-em-capsulas-60-unidades\/#primaryimage"},"thumbnailUrl":"https:\/\/clientehostix.com.br\/farmaciamoderna\/wp-content\/uploads\/2025\/10\/MOROSIL-60.jpg","datePublished":"2025-10-14T17:53:37+00:00","dateModified":"2025-11-07T17:52:47+00:00","breadcrumb":{"@id":"https:\/\/clientehostix.com.br\/farmaciamoderna\/produto\/morosil-em-capsulas-60-unidades\/#breadcrumb"},"inLanguage":"pt-BR","potentialAction":[{"@type":"ReadAction","target":["https:\/\/clientehostix.com.br\/farmaciamoderna\/produto\/morosil-em-capsulas-60-unidades\/"]}]},{"@type":"ImageObject","inLanguage":"pt-BR","@id":"https:\/\/clientehostix.com.br\/farmaciamoderna\/produto\/morosil-em-capsulas-60-unidades\/#primaryimage","url":"https:\/\/clientehostix.com.br\/farmaciamoderna\/wp-content\/uploads\/2025\/10\/MOROSIL-60.jpg","contentUrl":"https:\/\/clientehostix.com.br\/farmaciamoderna\/wp-content\/uploads\/2025\/10\/MOROSIL-60.jpg","width":500,"height":549},{"@type":"BreadcrumbList","@id":"https:\/\/clientehostix.com.br\/farmaciamoderna\/produto\/morosil-em-capsulas-60-unidades\/#breadcrumb","itemListElement":[{"@type":"ListItem","position":1,"name":"In\u00edcio","item":"https:\/\/clientehostix.com.br\/farmaciamoderna\/"},{"@type":"ListItem","position":2,"name":"Produtos","item":"https:\/\/clientehostix.com.br\/farmaciamoderna\/loja__trashed\/"},{"@type":"ListItem","position":3,"name":"Morosil em c\u00e1psulas &#8211; 60 unidades"}]},{"@type":"WebSite","@id":"https:\/\/clientehostix.com.br\/farmaciamoderna\/#website","url":"https:\/\/clientehostix.com.br\/farmaciamoderna\/","name":"Farm\u00e1cia Moderna","description":"","publisher":{"@id":"https:\/\/clientehostix.com.br\/farmaciamoderna\/#organization"},"potentialAction":[{"@type":"SearchAction","target":{"@type":"EntryPoint","urlTemplate":"https:\/\/clientehostix.com.br\/farmaciamoderna\/?s={search_term_string}"},"query-input":{"@type":"PropertyValueSpecification","valueRequired":true,"valueName":"search_term_string"}}],"inLanguage":"pt-BR"},{"@type":"Organization","@id":"https:\/\/clientehostix.com.br\/farmaciamoderna\/#organization","name":"Farm\u00e1cia Moderna","url":"https:\/\/clientehostix.com.br\/farmaciamoderna\/","logo":{"@type":"ImageObject","inLanguage":"pt-BR","@id":"https:\/\/clientehostix.com.br\/farmaciamoderna\/#\/schema\/logo\/image\/","url":"https:\/\/clientehostix.com.br\/farmaciamoderna\/wp-content\/uploads\/2025\/10\/cropped-logo2-1.png","contentUrl":"https:\/\/clientehostix.com.br\/farmaciamoderna\/wp-content\/uploads\/2025\/10\/cropped-logo2-1.png","width":196,"height":90,"caption":"Farm\u00e1cia Moderna"},"image":{"@id":"https:\/\/clientehostix.com.br\/farmaciamoderna\/#\/schema\/logo\/image\/"}}]}},"_links":{"self":[{"href":"https:\/\/clientehostix.com.br\/farmaciamoderna\/wp-json\/wp\/v2\/product\/257","targetHints":{"allow":["GET"]}}],"collection":[{"href":"https:\/\/clientehostix.com.br\/farmaciamoderna\/wp-json\/wp\/v2\/product"}],"about":[{"href":"https:\/\/clientehostix.com.br\/farmaciamoderna\/wp-json\/wp\/v2\/types\/product"}],"replies":[{"embeddable":true,"href":"https:\/\/clientehostix.com.br\/farmaciamoderna\/wp-json\/wp\/v2\/comments?post=257"}],"wp:featuredmedia":[{"embeddable":true,"href":"https:\/\/clientehostix.com.br\/farmaciamoderna\/wp-json\/wp\/v2\/media\/281"}],"wp:attachment":[{"href":"https:\/\/clientehostix.com.br\/farmaciamoderna\/wp-json\/wp\/v2\/media?parent=257"}],"wp:term":[{"taxonomy":"product_brand","embeddable":true,"href":"https:\/\/clientehostix.com.br\/farmaciamoderna\/wp-json\/wp\/v2\/product_brand?post=257"},{"taxonomy":"product_cat","embeddable":true,"href":"https:\/\/clientehostix.com.br\/farmaciamoderna\/wp-json\/wp\/v2\/product_cat?post=257"},{"taxonomy":"product_tag","embeddable":true,"href":"https:\/\/clientehostix.com.br\/farmaciamoderna\/wp-json\/wp\/v2\/product_tag?post=257"}],"curies":[{"name":"wp","href":"https:\/\/api.w.org\/{rel}","templated":true}]}}