{"id":255,"date":"2025-10-14T14:53:37","date_gmt":"2025-10-14T17:53:37","guid":{"rendered":"https:\/\/clientehostix.com.br\/farmaciamoderna\/?post_type=product&#038;p=255"},"modified":"2025-11-07T14:50:12","modified_gmt":"2025-11-07T17:50:12","slug":"creatina-300g","status":"publish","type":"product","link":"https:\/\/clientehostix.com.br\/farmaciamoderna\/produto\/creatina-300g\/","title":{"rendered":"Creatina 300g"},"content":{"rendered":"<div class=\"descricao-formatada\">\n<h2>O que \u00e9 e Como Funciona?<\/h2>\n<p><strong>A creatina \u00e9 usada pela c\u00e9lula muscular na forma\u00e7\u00e3o de energia, respons\u00e1vel pelas contra\u00e7\u00f5es e cerca de 95% desse nutriente classificado como &#8220;amina&#8221; encontra-se nos m\u00fasculos. Ou seja, a suplementa\u00e7\u00e3o de creatina pode aumentar a for\u00e7a muscular.<\/strong><\/p>\n<h3>A\u00e7\u00e3o Principal:<\/h3>\n<p>A Creatina \u00e9 um composto naturalmente produzido pelo corpo a partir dos amino\u00e1cidos arginina, glicina e metionina, e tamb\u00e9m pode ser obtido atrav\u00e9s da alimenta\u00e7\u00e3o e suplementa\u00e7\u00e3o.<\/p>\n<p>Armazenada predominantemente nos m\u00fasculos, ela desempenha um papel fundamental na regenera\u00e7\u00e3o do trifosfato de adenosina (ATP), que \u00e9 a principal fonte de energia para as c\u00e9lulas musculares durante atividades de alta intensidade e curta dura\u00e7\u00e3o, como treinos de for\u00e7a e explos\u00e3o.<\/p>\n<p>A suplementa\u00e7\u00e3o com creatina monohidratada \u00e9 uma das mais estudadas e eficazes no mundo do esporte, sa\u00fade e est\u00e9tica, sendo indicada tanto para atletas quanto para pessoas que desejam melhorar o desempenho f\u00edsico, ganho de massa muscular, for\u00e7a e at\u00e9 fun\u00e7\u00f5es cognitivas.<\/p>\n<h2>Benef\u00edcios e Estudos:<\/h2>\n<ul>\n<li>Aumenta a for\u00e7a e a pot\u00eancia muscular<\/li>\n<li>Melhora o desempenho f\u00edsico em atividades de alta intensidade<\/li>\n<li>Contribui para o aumento da massa magra (hipertrofia muscular)<\/li>\n<li>Acelera a recupera\u00e7\u00e3o p\u00f3s-treino<\/li>\n<li>Pode auxiliar na melhora da fun\u00e7\u00e3o cognitiva, especialmente em idosos<\/li>\n<li>Tem potencial neuroprotetor, sendo estudada em doen\u00e7as degenerativas como Parkinson e Alzheimer<\/li>\n<\/ul>\n<h3>Comprova\u00e7\u00e3o Cient\u00edfica:<\/h3>\n<p>Estudo publicado no <em>Journal of the International Society of Sports Nutrition<\/em> (Kreider et al., 2017) confirma que a suplementa\u00e7\u00e3o de creatina \u00e9 segura e eficaz, apresentando benef\u00edcios consistentes no desempenho f\u00edsico, composi\u00e7\u00e3o corporal e fun\u00e7\u00e3o muscular.<\/p>\n<h2>Posologia e Validade:<\/h2>\n<p><strong>Posologia:<\/strong> Tomar de 3g a 6g por dia (1 a 2 colheres dosadoras), preferencialmente ap\u00f3s o treino, dilu\u00edda em \u00e1gua ou bebida de sua prefer\u00eancia (1 colher dosadora = 3 gramas de creatina).<\/p>\n<p><strong>Validade:<\/strong> 6 MESES.<\/p>\n<p><strong>Advert\u00eancias e Informa\u00e7\u00f5es de Seguran\u00e7a:<\/strong> Este suplemento \u00e9 geralmente bem tolerado, mas n\u00e3o deve ser utilizado por pessoas com hipersensibilidade a qualquer componente da f\u00f3rmula. Gestantes, lactantes e menores de 18 anos s\u00f3 devem usar sob orienta\u00e7\u00e3o m\u00e9dica ou de um profissional habilitado. Armazenar em local fresco, seco e ao abrigo da luz. N\u00e3o utilizar o produto com o prazo de validade vencido. Mantenha fora do alcance de crian\u00e7as. Suplementos alimentares n\u00e3o substituem uma alimenta\u00e7\u00e3o equilibrada e h\u00e1bitos de vida saud\u00e1veis. Os resultados podem variar de pessoa para pessoa, dependendo de fatores como alimenta\u00e7\u00e3o, pr\u00e1tica de exerc\u00edcios, presen\u00e7a de patologias e uso adequado conforme indicado. <strong>\u201cSE PERSISTIREM OS SINTOMAS, O M\u00c9DICO DEVER\u00c1 SER CONSULTADO.\u201d<\/strong><\/p>\n<\/div>\n","protected":false},"excerpt":{"rendered":"<div class=\"flex-shrink-0 flex flex-col relative items-end\">\n<div>\n<div class=\"pt-0\">\n<div class=\"gizmo-bot-avatar flex h-8 w-8 items-center justify-center overflow-hidden rounded-full\">\n<div class=\"relative p-1 rounded-sm flex items-center justify-center bg-token-main-surface-primary text-token-text-primary h-8 w-8\"><\/div>\n<\/div>\n<\/div>\n<\/div>\n<\/div>\n<div class=\"group\/conversation-turn relative flex w-full min-w-0 flex-col agent-turn\">\n<div class=\"flex-col gap-1 md:gap-3\">\n<div class=\"flex max-w-full flex-col flex-grow\">\n<div class=\"min-h-8 text-message flex w-full flex-col items-end gap-2 whitespace-normal break-words text-start [.text-message+&amp;]:mt-5\" dir=\"auto\" data-message-author-role=\"assistant\" data-message-id=\"2c951247-0e75-425e-82df-df7286bbf058\" data-message-model-slug=\"gpt-4o-mini\">\n<div class=\"flex w-full flex-col gap-1 empty:hidden first:pt-[3px]\">\n<div class=\"markdown prose w-full break-words dark:prose-invert light\">\n<p>A creatina monohidratada \u00e9 a forma mais eficaz de creatina, com maior taxa de aproveitamento e absor\u00e7\u00e3o pelos m\u00fasculos. Isso garante uma melhor produ\u00e7\u00e3o de energia nas c\u00e9lulas musculares, favorecendo contra\u00e7\u00f5es mais fortes e intensas.<\/p>\n<p>Suplementar com creatina monohidratada melhora o desempenho em atividades de alta intensidade, como muscula\u00e7\u00e3o e esportes de for\u00e7a. Ela aumenta a for\u00e7a muscular e acelera a recupera\u00e7\u00e3o p\u00f3s-treino, permitindo treinos mais produtivos.<\/p>\n<p>Al\u00e9m de melhorar o desempenho, a creatina monohidratada tamb\u00e9m ajuda no crescimento muscular. Sua suplementa\u00e7\u00e3o regular \u00e9 essencial para quem busca aumento de massa magra e resultados r\u00e1pidos. A vers\u00e3o em p\u00f3 \u00e9 pr\u00e1tica e eficaz para alcan\u00e7ar esses benef\u00edcios.<\/p>\n<\/div>\n<\/div>\n<\/div>\n<\/div>\n<\/div>\n<\/div>\n","protected":false},"featured_media":279,"comment_status":"open","ping_status":"closed","template":"","meta":[],"product_brand":[],"product_cat":[19,18],"product_tag":[],"class_list":{"0":"post-255","1":"product","2":"type-product","3":"status-publish","4":"has-post-thumbnail","6":"product_cat-fitness","7":"product_cat-todas-categorias","9":"first","10":"instock","11":"shipping-taxable","12":"purchasable","13":"product-type-simple"},"yoast_head":"<!-- This site is optimized with the Yoast SEO plugin v26.4 - https:\/\/yoast.com\/wordpress\/plugins\/seo\/ -->\n<title>Creatina 300g - Farm\u00e1cia Moderna<\/title>\n<meta name=\"robots\" content=\"index, follow, max-snippet:-1, max-image-preview:large, max-video-preview:-1\" \/>\n<link rel=\"canonical\" href=\"https:\/\/clientehostix.com.br\/farmaciamoderna\/produto\/creatina-300g\/\" \/>\n<meta property=\"og:locale\" content=\"pt_BR\" \/>\n<meta property=\"og:type\" content=\"article\" \/>\n<meta property=\"og:title\" content=\"Creatina 300g - Farm\u00e1cia Moderna\" \/>\n<meta property=\"og:description\" content=\"A creatina monohidratada \u00e9 a forma mais eficaz de creatina, com maior taxa de aproveitamento e absor\u00e7\u00e3o pelos m\u00fasculos. Isso garante uma melhor produ\u00e7\u00e3o de energia nas c\u00e9lulas musculares, favorecendo contra\u00e7\u00f5es mais fortes e intensas.  Suplementar com creatina monohidratada melhora o desempenho em atividades de alta intensidade, como muscula\u00e7\u00e3o e esportes de for\u00e7a. Ela aumenta a for\u00e7a muscular e acelera a recupera\u00e7\u00e3o p\u00f3s-treino, permitindo treinos mais produtivos.  Al\u00e9m de melhorar o desempenho, a creatina monohidratada tamb\u00e9m ajuda no crescimento muscular. Sua suplementa\u00e7\u00e3o regular \u00e9 essencial para quem busca aumento de massa magra e resultados r\u00e1pidos. A vers\u00e3o em p\u00f3 \u00e9 pr\u00e1tica e eficaz para alcan\u00e7ar esses benef\u00edcios.\" \/>\n<meta property=\"og:url\" content=\"https:\/\/clientehostix.com.br\/farmaciamoderna\/produto\/creatina-300g\/\" \/>\n<meta property=\"og:site_name\" content=\"Farm\u00e1cia Moderna\" \/>\n<meta property=\"article:modified_time\" content=\"2025-11-07T17:50:12+00:00\" \/>\n<meta property=\"og:image\" content=\"https:\/\/clientehostix.com.br\/farmaciamoderna\/wp-content\/uploads\/2025\/10\/creatina-300.jpg\" \/>\n\t<meta property=\"og:image:width\" content=\"500\" \/>\n\t<meta property=\"og:image:height\" content=\"549\" \/>\n\t<meta property=\"og:image:type\" content=\"image\/jpeg\" \/>\n<meta name=\"twitter:card\" content=\"summary_large_image\" \/>\n<meta name=\"twitter:label1\" content=\"Est. tempo de leitura\" \/>\n\t<meta name=\"twitter:data1\" content=\"3 minutos\" \/>\n<script type=\"application\/ld+json\" class=\"yoast-schema-graph\">{\"@context\":\"https:\/\/schema.org\",\"@graph\":[{\"@type\":\"WebPage\",\"@id\":\"https:\/\/clientehostix.com.br\/farmaciamoderna\/produto\/creatina-300g\/\",\"url\":\"https:\/\/clientehostix.com.br\/farmaciamoderna\/produto\/creatina-300g\/\",\"name\":\"Creatina 300g - Farm\u00e1cia Moderna\",\"isPartOf\":{\"@id\":\"https:\/\/clientehostix.com.br\/farmaciamoderna\/#website\"},\"primaryImageOfPage\":{\"@id\":\"https:\/\/clientehostix.com.br\/farmaciamoderna\/produto\/creatina-300g\/#primaryimage\"},\"image\":{\"@id\":\"https:\/\/clientehostix.com.br\/farmaciamoderna\/produto\/creatina-300g\/#primaryimage\"},\"thumbnailUrl\":\"https:\/\/clientehostix.com.br\/farmaciamoderna\/wp-content\/uploads\/2025\/10\/creatina-300.jpg\",\"datePublished\":\"2025-10-14T17:53:37+00:00\",\"dateModified\":\"2025-11-07T17:50:12+00:00\",\"breadcrumb\":{\"@id\":\"https:\/\/clientehostix.com.br\/farmaciamoderna\/produto\/creatina-300g\/#breadcrumb\"},\"inLanguage\":\"pt-BR\",\"potentialAction\":[{\"@type\":\"ReadAction\",\"target\":[\"https:\/\/clientehostix.com.br\/farmaciamoderna\/produto\/creatina-300g\/\"]}]},{\"@type\":\"ImageObject\",\"inLanguage\":\"pt-BR\",\"@id\":\"https:\/\/clientehostix.com.br\/farmaciamoderna\/produto\/creatina-300g\/#primaryimage\",\"url\":\"https:\/\/clientehostix.com.br\/farmaciamoderna\/wp-content\/uploads\/2025\/10\/creatina-300.jpg\",\"contentUrl\":\"https:\/\/clientehostix.com.br\/farmaciamoderna\/wp-content\/uploads\/2025\/10\/creatina-300.jpg\",\"width\":500,\"height\":549},{\"@type\":\"BreadcrumbList\",\"@id\":\"https:\/\/clientehostix.com.br\/farmaciamoderna\/produto\/creatina-300g\/#breadcrumb\",\"itemListElement\":[{\"@type\":\"ListItem\",\"position\":1,\"name\":\"In\u00edcio\",\"item\":\"https:\/\/clientehostix.com.br\/farmaciamoderna\/\"},{\"@type\":\"ListItem\",\"position\":2,\"name\":\"Produtos\",\"item\":\"https:\/\/clientehostix.com.br\/farmaciamoderna\/loja__trashed\/\"},{\"@type\":\"ListItem\",\"position\":3,\"name\":\"Creatina 300g\"}]},{\"@type\":\"WebSite\",\"@id\":\"https:\/\/clientehostix.com.br\/farmaciamoderna\/#website\",\"url\":\"https:\/\/clientehostix.com.br\/farmaciamoderna\/\",\"name\":\"Farm\u00e1cia Moderna\",\"description\":\"\",\"publisher\":{\"@id\":\"https:\/\/clientehostix.com.br\/farmaciamoderna\/#organization\"},\"potentialAction\":[{\"@type\":\"SearchAction\",\"target\":{\"@type\":\"EntryPoint\",\"urlTemplate\":\"https:\/\/clientehostix.com.br\/farmaciamoderna\/?s={search_term_string}\"},\"query-input\":{\"@type\":\"PropertyValueSpecification\",\"valueRequired\":true,\"valueName\":\"search_term_string\"}}],\"inLanguage\":\"pt-BR\"},{\"@type\":\"Organization\",\"@id\":\"https:\/\/clientehostix.com.br\/farmaciamoderna\/#organization\",\"name\":\"Farm\u00e1cia Moderna\",\"url\":\"https:\/\/clientehostix.com.br\/farmaciamoderna\/\",\"logo\":{\"@type\":\"ImageObject\",\"inLanguage\":\"pt-BR\",\"@id\":\"https:\/\/clientehostix.com.br\/farmaciamoderna\/#\/schema\/logo\/image\/\",\"url\":\"https:\/\/clientehostix.com.br\/farmaciamoderna\/wp-content\/uploads\/2025\/10\/cropped-logo2-1.png\",\"contentUrl\":\"https:\/\/clientehostix.com.br\/farmaciamoderna\/wp-content\/uploads\/2025\/10\/cropped-logo2-1.png\",\"width\":196,\"height\":90,\"caption\":\"Farm\u00e1cia Moderna\"},\"image\":{\"@id\":\"https:\/\/clientehostix.com.br\/farmaciamoderna\/#\/schema\/logo\/image\/\"}}]}<\/script>\n<!-- \/ Yoast SEO plugin. -->","yoast_head_json":{"title":"Creatina 300g - Farm\u00e1cia Moderna","robots":{"index":"index","follow":"follow","max-snippet":"max-snippet:-1","max-image-preview":"max-image-preview:large","max-video-preview":"max-video-preview:-1"},"canonical":"https:\/\/clientehostix.com.br\/farmaciamoderna\/produto\/creatina-300g\/","og_locale":"pt_BR","og_type":"article","og_title":"Creatina 300g - Farm\u00e1cia Moderna","og_description":"A creatina monohidratada \u00e9 a forma mais eficaz de creatina, com maior taxa de aproveitamento e absor\u00e7\u00e3o pelos m\u00fasculos. Isso garante uma melhor produ\u00e7\u00e3o de energia nas c\u00e9lulas musculares, favorecendo contra\u00e7\u00f5es mais fortes e intensas.  Suplementar com creatina monohidratada melhora o desempenho em atividades de alta intensidade, como muscula\u00e7\u00e3o e esportes de for\u00e7a. Ela aumenta a for\u00e7a muscular e acelera a recupera\u00e7\u00e3o p\u00f3s-treino, permitindo treinos mais produtivos.  Al\u00e9m de melhorar o desempenho, a creatina monohidratada tamb\u00e9m ajuda no crescimento muscular. Sua suplementa\u00e7\u00e3o regular \u00e9 essencial para quem busca aumento de massa magra e resultados r\u00e1pidos. A vers\u00e3o em p\u00f3 \u00e9 pr\u00e1tica e eficaz para alcan\u00e7ar esses benef\u00edcios.","og_url":"https:\/\/clientehostix.com.br\/farmaciamoderna\/produto\/creatina-300g\/","og_site_name":"Farm\u00e1cia Moderna","article_modified_time":"2025-11-07T17:50:12+00:00","og_image":[{"width":500,"height":549,"url":"https:\/\/clientehostix.com.br\/farmaciamoderna\/wp-content\/uploads\/2025\/10\/creatina-300.jpg","type":"image\/jpeg"}],"twitter_card":"summary_large_image","twitter_misc":{"Est. tempo de leitura":"3 minutos"},"schema":{"@context":"https:\/\/schema.org","@graph":[{"@type":"WebPage","@id":"https:\/\/clientehostix.com.br\/farmaciamoderna\/produto\/creatina-300g\/","url":"https:\/\/clientehostix.com.br\/farmaciamoderna\/produto\/creatina-300g\/","name":"Creatina 300g - Farm\u00e1cia Moderna","isPartOf":{"@id":"https:\/\/clientehostix.com.br\/farmaciamoderna\/#website"},"primaryImageOfPage":{"@id":"https:\/\/clientehostix.com.br\/farmaciamoderna\/produto\/creatina-300g\/#primaryimage"},"image":{"@id":"https:\/\/clientehostix.com.br\/farmaciamoderna\/produto\/creatina-300g\/#primaryimage"},"thumbnailUrl":"https:\/\/clientehostix.com.br\/farmaciamoderna\/wp-content\/uploads\/2025\/10\/creatina-300.jpg","datePublished":"2025-10-14T17:53:37+00:00","dateModified":"2025-11-07T17:50:12+00:00","breadcrumb":{"@id":"https:\/\/clientehostix.com.br\/farmaciamoderna\/produto\/creatina-300g\/#breadcrumb"},"inLanguage":"pt-BR","potentialAction":[{"@type":"ReadAction","target":["https:\/\/clientehostix.com.br\/farmaciamoderna\/produto\/creatina-300g\/"]}]},{"@type":"ImageObject","inLanguage":"pt-BR","@id":"https:\/\/clientehostix.com.br\/farmaciamoderna\/produto\/creatina-300g\/#primaryimage","url":"https:\/\/clientehostix.com.br\/farmaciamoderna\/wp-content\/uploads\/2025\/10\/creatina-300.jpg","contentUrl":"https:\/\/clientehostix.com.br\/farmaciamoderna\/wp-content\/uploads\/2025\/10\/creatina-300.jpg","width":500,"height":549},{"@type":"BreadcrumbList","@id":"https:\/\/clientehostix.com.br\/farmaciamoderna\/produto\/creatina-300g\/#breadcrumb","itemListElement":[{"@type":"ListItem","position":1,"name":"In\u00edcio","item":"https:\/\/clientehostix.com.br\/farmaciamoderna\/"},{"@type":"ListItem","position":2,"name":"Produtos","item":"https:\/\/clientehostix.com.br\/farmaciamoderna\/loja__trashed\/"},{"@type":"ListItem","position":3,"name":"Creatina 300g"}]},{"@type":"WebSite","@id":"https:\/\/clientehostix.com.br\/farmaciamoderna\/#website","url":"https:\/\/clientehostix.com.br\/farmaciamoderna\/","name":"Farm\u00e1cia Moderna","description":"","publisher":{"@id":"https:\/\/clientehostix.com.br\/farmaciamoderna\/#organization"},"potentialAction":[{"@type":"SearchAction","target":{"@type":"EntryPoint","urlTemplate":"https:\/\/clientehostix.com.br\/farmaciamoderna\/?s={search_term_string}"},"query-input":{"@type":"PropertyValueSpecification","valueRequired":true,"valueName":"search_term_string"}}],"inLanguage":"pt-BR"},{"@type":"Organization","@id":"https:\/\/clientehostix.com.br\/farmaciamoderna\/#organization","name":"Farm\u00e1cia Moderna","url":"https:\/\/clientehostix.com.br\/farmaciamoderna\/","logo":{"@type":"ImageObject","inLanguage":"pt-BR","@id":"https:\/\/clientehostix.com.br\/farmaciamoderna\/#\/schema\/logo\/image\/","url":"https:\/\/clientehostix.com.br\/farmaciamoderna\/wp-content\/uploads\/2025\/10\/cropped-logo2-1.png","contentUrl":"https:\/\/clientehostix.com.br\/farmaciamoderna\/wp-content\/uploads\/2025\/10\/cropped-logo2-1.png","width":196,"height":90,"caption":"Farm\u00e1cia Moderna"},"image":{"@id":"https:\/\/clientehostix.com.br\/farmaciamoderna\/#\/schema\/logo\/image\/"}}]}},"_links":{"self":[{"href":"https:\/\/clientehostix.com.br\/farmaciamoderna\/wp-json\/wp\/v2\/product\/255","targetHints":{"allow":["GET"]}}],"collection":[{"href":"https:\/\/clientehostix.com.br\/farmaciamoderna\/wp-json\/wp\/v2\/product"}],"about":[{"href":"https:\/\/clientehostix.com.br\/farmaciamoderna\/wp-json\/wp\/v2\/types\/product"}],"replies":[{"embeddable":true,"href":"https:\/\/clientehostix.com.br\/farmaciamoderna\/wp-json\/wp\/v2\/comments?post=255"}],"wp:featuredmedia":[{"embeddable":true,"href":"https:\/\/clientehostix.com.br\/farmaciamoderna\/wp-json\/wp\/v2\/media\/279"}],"wp:attachment":[{"href":"https:\/\/clientehostix.com.br\/farmaciamoderna\/wp-json\/wp\/v2\/media?parent=255"}],"wp:term":[{"taxonomy":"product_brand","embeddable":true,"href":"https:\/\/clientehostix.com.br\/farmaciamoderna\/wp-json\/wp\/v2\/product_brand?post=255"},{"taxonomy":"product_cat","embeddable":true,"href":"https:\/\/clientehostix.com.br\/farmaciamoderna\/wp-json\/wp\/v2\/product_cat?post=255"},{"taxonomy":"product_tag","embeddable":true,"href":"https:\/\/clientehostix.com.br\/farmaciamoderna\/wp-json\/wp\/v2\/product_tag?post=255"}],"curies":[{"name":"wp","href":"https:\/\/api.w.org\/{rel}","templated":true}]}}