{"id":249,"date":"2025-10-14T14:53:37","date_gmt":"2025-10-14T17:53:37","guid":{"rendered":"https:\/\/clientehostix.com.br\/farmaciamoderna\/?post_type=product&#038;p=249"},"modified":"2025-11-07T14:30:08","modified_gmt":"2025-11-07T17:30:08","slug":"keranat-90-capsulas","status":"publish","type":"product","link":"https:\/\/clientehostix.com.br\/farmaciamoderna\/produto\/keranat-90-capsulas\/","title":{"rendered":"Keranat 90 c\u00e1psulas"},"content":{"rendered":"<div class=\"descricao-formatada\">\n<h2>O que \u00e9 e Como Funciona?<\/h2>\n<p>Ele age de dentro para fora, estimulando o metabolismo capilar, a regenera\u00e7\u00e3o dos tecidos e a prolifera\u00e7\u00e3o celular. Al\u00e9m disso, possui a\u00e7\u00e3o anab\u00f3lica, promovendo fatores de crescimento na matriz extracelular.<\/p>\n<h3>A\u00e7\u00e3o e Resultados:<\/h3>\n<p>Essa combina\u00e7\u00e3o torna o KERANAT\u2122 um aliado poderoso no combate \u00e0 queda de cabelo, contribuindo tamb\u00e9m para o crescimento saud\u00e1vel, brilho e resist\u00eancia dos fios.<\/p>\n<h2>Para que serve Keranat?<\/h2>\n<p>O Keranat \u00e9 um suplemento oral patenteado e com resultados comprovados. Esse tratamento capilar \u00e9 respons\u00e1vel por promover o crescimento saud\u00e1vel dos fios, pois oferece nutrientes necess\u00e1rios, agindo de dentro para fora.<\/p>\n<p>Al\u00e9m disso, aumenta o metabolismo capilar, estimula a prolifera\u00e7\u00e3o celular e a regenera\u00e7\u00e3o dos tecidos.<\/p>\n<h2>Benef\u00edcios e Composi\u00e7\u00e3o:<\/h2>\n<ul>\n<li>Restaura naturalmente o ciclo capilar<\/li>\n<li>Reduz a queda dos cabelos<\/li>\n<li>Aumenta o volume e densidade dos fios<\/li>\n<li>Melhora o brilho e a maciez dos cabelos<\/li>\n<li>Estimula o crescimento saud\u00e1vel<\/li>\n<li>Proporciona conforto ao couro cabeludo (ajuda a prevenir caspa e seborreia)<\/li>\n<li>Nutre o cabelo de dentro para fora<\/li>\n<li>Suplementa\u00e7\u00e3o eficaz com comprova\u00e7\u00e3o cient\u00edfica<\/li>\n<li>Ideal para homens e mulheres que desejam fios mais fortes, bonitos e resistentes<\/li>\n<li>Composi\u00e7\u00e3o: Uma c\u00e1psula cont\u00e9m KERANAT 150 mg<\/li>\n<\/ul>\n<h2>Posologia:<\/h2>\n<p><strong>TOMAR 1 C\u00c1PSULA 2X AO DIA \u2013 AP\u00d3S ALMO\u00c7O E AP\u00d3S JANTAR.<\/strong><\/p>\n<div style=\"width: 100%; margin-top: 20px; padding-top: 15px; border-top: 1px solid #eee;\"><strong>Informa\u00e7\u00f5es de Seguran\u00e7a:<\/strong> Este produto n\u00e3o deve ser utilizado por pessoas com sensibilidade aos componentes da f\u00f3rmula. Caso ocorra qualquer rea\u00e7\u00e3o adversa, \u00e9 recomendada a interrup\u00e7\u00e3o imediata do uso e a consulta a um profissional de sa\u00fade. N\u00e3o utilize o produto com o prazo de validade vencido. O armazenamento deve ser feito em temperatura ambiente, entre 15\u00baC e 30\u00baC, protegido da luz, do calor e da umidade. Nessas condi\u00e7\u00f5es, o produto manter\u00e1 sua integridade e efic\u00e1cia at\u00e9 a data de validade indicada na embalagem. Mantenha fora do alcance de crian\u00e7as. A utiliza\u00e7\u00e3o deste produto deve ser feita somente com orienta\u00e7\u00e3o de um profissional habilitado. N\u00e3o \u00e9 indicado para gestantes ou mulheres em per\u00edodo de amamenta\u00e7\u00e3o sem acompanhamento m\u00e9dico. Siga corretamente as instru\u00e7\u00f5es de uso e, caso os sintomas persistam, procure orienta\u00e7\u00e3o m\u00e9dica. Tamb\u00e9m n\u00e3o \u00e9 recomendado para menores de 18 anos sem orienta\u00e7\u00e3o profissional. Os resultados e indica\u00e7\u00f5es relacionados ao uso deste produto foram avaliados e comprovados pelo fabricante do insumo farmac\u00eautico, por\u00e9m, os efeitos podem variar de pessoa para pessoa, conforme fatores individuais como alimenta\u00e7\u00e3o, pr\u00e1tica de exerc\u00edcios f\u00edsicos, presen\u00e7a de outras condi\u00e7\u00f5es de sa\u00fade e a forma correta de uso conforme a posologia recomendada.<\/div>\n<\/div>\n","protected":false},"excerpt":{"rendered":"<div class=\"flex-shrink-0 flex flex-col relative items-end\">\n<div class=\"pt-0\">\n<div class=\"gizmo-bot-avatar flex h-8 w-8 items-center justify-center overflow-hidden rounded-full\">\n<div class=\"relative p-1 rounded-sm flex items-center justify-center bg-token-main-surface-primary text-token-text-primary h-8 w-8\">\n<p>KERANAT\u2122 \u00e9 um suplemento oral patenteado e inovador, desenvolvido para atuar diretamente no bulbo capilar \u2014 o centro de crescimento dos fios \u2014 restaurando naturalmente o ciclo do cabelo. Sua f\u00f3rmula \u00e9 composta por miliacina (triterpenoides e fitoester\u00f3is extra\u00eddos do pain\u00e7o), vetorizada por uma microencapsula\u00e7\u00e3o em fitoceramidas (lip\u00eddeos polares), o que potencializa a absor\u00e7\u00e3o e efic\u00e1cia dos ativos.<\/p>\n<\/div>\n<\/div>\n<\/div>\n<\/div>\n","protected":false},"featured_media":273,"comment_status":"closed","ping_status":"closed","template":"","meta":[],"product_brand":[],"product_cat":[17,18],"product_tag":[],"class_list":{"0":"post-249","1":"product","2":"type-product","3":"status-publish","4":"has-post-thumbnail","6":"product_cat-beleza","7":"product_cat-todas-categorias","9":"first","10":"instock","11":"featured","12":"shipping-taxable","13":"purchasable","14":"product-type-simple"},"yoast_head":"<!-- This site is optimized with the Yoast SEO plugin v26.4 - https:\/\/yoast.com\/wordpress\/plugins\/seo\/ -->\n<title>Keranat 90 c\u00e1psulas - Farm\u00e1cia Moderna<\/title>\n<meta name=\"robots\" content=\"index, follow, max-snippet:-1, max-image-preview:large, max-video-preview:-1\" \/>\n<link rel=\"canonical\" href=\"https:\/\/clientehostix.com.br\/farmaciamoderna\/produto\/keranat-90-capsulas\/\" \/>\n<meta property=\"og:locale\" content=\"pt_BR\" \/>\n<meta property=\"og:type\" content=\"article\" \/>\n<meta property=\"og:title\" content=\"Keranat 90 c\u00e1psulas - Farm\u00e1cia Moderna\" \/>\n<meta property=\"og:description\" content=\"KERANAT\u2122 \u00e9 um suplemento oral patenteado e inovador, desenvolvido para atuar diretamente no bulbo capilar \u2014 o centro de crescimento dos fios \u2014 restaurando naturalmente o ciclo do cabelo. Sua f\u00f3rmula \u00e9 composta por miliacina (triterpenoides e fitoester\u00f3is extra\u00eddos do pain\u00e7o), vetorizada por uma microencapsula\u00e7\u00e3o em fitoceramidas (lip\u00eddeos polares), o que potencializa a absor\u00e7\u00e3o e efic\u00e1cia dos ativos.\" \/>\n<meta property=\"og:url\" content=\"https:\/\/clientehostix.com.br\/farmaciamoderna\/produto\/keranat-90-capsulas\/\" \/>\n<meta property=\"og:site_name\" content=\"Farm\u00e1cia Moderna\" \/>\n<meta property=\"article:modified_time\" content=\"2025-11-07T17:30:08+00:00\" \/>\n<meta property=\"og:image\" content=\"https:\/\/clientehostix.com.br\/farmaciamoderna\/wp-content\/uploads\/2025\/10\/KERANAT-90.jpg\" \/>\n\t<meta property=\"og:image:width\" content=\"500\" \/>\n\t<meta property=\"og:image:height\" content=\"549\" \/>\n\t<meta property=\"og:image:type\" content=\"image\/jpeg\" \/>\n<meta name=\"twitter:card\" content=\"summary_large_image\" \/>\n<meta name=\"twitter:label1\" content=\"Est. tempo de leitura\" \/>\n\t<meta name=\"twitter:data1\" content=\"3 minutos\" \/>\n<script type=\"application\/ld+json\" class=\"yoast-schema-graph\">{\"@context\":\"https:\/\/schema.org\",\"@graph\":[{\"@type\":\"WebPage\",\"@id\":\"https:\/\/clientehostix.com.br\/farmaciamoderna\/produto\/keranat-90-capsulas\/\",\"url\":\"https:\/\/clientehostix.com.br\/farmaciamoderna\/produto\/keranat-90-capsulas\/\",\"name\":\"Keranat 90 c\u00e1psulas - Farm\u00e1cia Moderna\",\"isPartOf\":{\"@id\":\"https:\/\/clientehostix.com.br\/farmaciamoderna\/#website\"},\"primaryImageOfPage\":{\"@id\":\"https:\/\/clientehostix.com.br\/farmaciamoderna\/produto\/keranat-90-capsulas\/#primaryimage\"},\"image\":{\"@id\":\"https:\/\/clientehostix.com.br\/farmaciamoderna\/produto\/keranat-90-capsulas\/#primaryimage\"},\"thumbnailUrl\":\"https:\/\/clientehostix.com.br\/farmaciamoderna\/wp-content\/uploads\/2025\/10\/KERANAT-90.jpg\",\"datePublished\":\"2025-10-14T17:53:37+00:00\",\"dateModified\":\"2025-11-07T17:30:08+00:00\",\"breadcrumb\":{\"@id\":\"https:\/\/clientehostix.com.br\/farmaciamoderna\/produto\/keranat-90-capsulas\/#breadcrumb\"},\"inLanguage\":\"pt-BR\",\"potentialAction\":[{\"@type\":\"ReadAction\",\"target\":[\"https:\/\/clientehostix.com.br\/farmaciamoderna\/produto\/keranat-90-capsulas\/\"]}]},{\"@type\":\"ImageObject\",\"inLanguage\":\"pt-BR\",\"@id\":\"https:\/\/clientehostix.com.br\/farmaciamoderna\/produto\/keranat-90-capsulas\/#primaryimage\",\"url\":\"https:\/\/clientehostix.com.br\/farmaciamoderna\/wp-content\/uploads\/2025\/10\/KERANAT-90.jpg\",\"contentUrl\":\"https:\/\/clientehostix.com.br\/farmaciamoderna\/wp-content\/uploads\/2025\/10\/KERANAT-90.jpg\",\"width\":500,\"height\":549},{\"@type\":\"BreadcrumbList\",\"@id\":\"https:\/\/clientehostix.com.br\/farmaciamoderna\/produto\/keranat-90-capsulas\/#breadcrumb\",\"itemListElement\":[{\"@type\":\"ListItem\",\"position\":1,\"name\":\"In\u00edcio\",\"item\":\"https:\/\/clientehostix.com.br\/farmaciamoderna\/\"},{\"@type\":\"ListItem\",\"position\":2,\"name\":\"Produtos\",\"item\":\"https:\/\/clientehostix.com.br\/farmaciamoderna\/loja__trashed\/\"},{\"@type\":\"ListItem\",\"position\":3,\"name\":\"Keranat 90 c\u00e1psulas\"}]},{\"@type\":\"WebSite\",\"@id\":\"https:\/\/clientehostix.com.br\/farmaciamoderna\/#website\",\"url\":\"https:\/\/clientehostix.com.br\/farmaciamoderna\/\",\"name\":\"Farm\u00e1cia Moderna\",\"description\":\"\",\"publisher\":{\"@id\":\"https:\/\/clientehostix.com.br\/farmaciamoderna\/#organization\"},\"potentialAction\":[{\"@type\":\"SearchAction\",\"target\":{\"@type\":\"EntryPoint\",\"urlTemplate\":\"https:\/\/clientehostix.com.br\/farmaciamoderna\/?s={search_term_string}\"},\"query-input\":{\"@type\":\"PropertyValueSpecification\",\"valueRequired\":true,\"valueName\":\"search_term_string\"}}],\"inLanguage\":\"pt-BR\"},{\"@type\":\"Organization\",\"@id\":\"https:\/\/clientehostix.com.br\/farmaciamoderna\/#organization\",\"name\":\"Farm\u00e1cia Moderna\",\"url\":\"https:\/\/clientehostix.com.br\/farmaciamoderna\/\",\"logo\":{\"@type\":\"ImageObject\",\"inLanguage\":\"pt-BR\",\"@id\":\"https:\/\/clientehostix.com.br\/farmaciamoderna\/#\/schema\/logo\/image\/\",\"url\":\"https:\/\/clientehostix.com.br\/farmaciamoderna\/wp-content\/uploads\/2025\/10\/cropped-logo2-1.png\",\"contentUrl\":\"https:\/\/clientehostix.com.br\/farmaciamoderna\/wp-content\/uploads\/2025\/10\/cropped-logo2-1.png\",\"width\":196,\"height\":90,\"caption\":\"Farm\u00e1cia Moderna\"},\"image\":{\"@id\":\"https:\/\/clientehostix.com.br\/farmaciamoderna\/#\/schema\/logo\/image\/\"}}]}<\/script>\n<!-- \/ Yoast SEO plugin. -->","yoast_head_json":{"title":"Keranat 90 c\u00e1psulas - Farm\u00e1cia Moderna","robots":{"index":"index","follow":"follow","max-snippet":"max-snippet:-1","max-image-preview":"max-image-preview:large","max-video-preview":"max-video-preview:-1"},"canonical":"https:\/\/clientehostix.com.br\/farmaciamoderna\/produto\/keranat-90-capsulas\/","og_locale":"pt_BR","og_type":"article","og_title":"Keranat 90 c\u00e1psulas - Farm\u00e1cia Moderna","og_description":"KERANAT\u2122 \u00e9 um suplemento oral patenteado e inovador, desenvolvido para atuar diretamente no bulbo capilar \u2014 o centro de crescimento dos fios \u2014 restaurando naturalmente o ciclo do cabelo. Sua f\u00f3rmula \u00e9 composta por miliacina (triterpenoides e fitoester\u00f3is extra\u00eddos do pain\u00e7o), vetorizada por uma microencapsula\u00e7\u00e3o em fitoceramidas (lip\u00eddeos polares), o que potencializa a absor\u00e7\u00e3o e efic\u00e1cia dos ativos.","og_url":"https:\/\/clientehostix.com.br\/farmaciamoderna\/produto\/keranat-90-capsulas\/","og_site_name":"Farm\u00e1cia Moderna","article_modified_time":"2025-11-07T17:30:08+00:00","og_image":[{"width":500,"height":549,"url":"https:\/\/clientehostix.com.br\/farmaciamoderna\/wp-content\/uploads\/2025\/10\/KERANAT-90.jpg","type":"image\/jpeg"}],"twitter_card":"summary_large_image","twitter_misc":{"Est. tempo de leitura":"3 minutos"},"schema":{"@context":"https:\/\/schema.org","@graph":[{"@type":"WebPage","@id":"https:\/\/clientehostix.com.br\/farmaciamoderna\/produto\/keranat-90-capsulas\/","url":"https:\/\/clientehostix.com.br\/farmaciamoderna\/produto\/keranat-90-capsulas\/","name":"Keranat 90 c\u00e1psulas - Farm\u00e1cia Moderna","isPartOf":{"@id":"https:\/\/clientehostix.com.br\/farmaciamoderna\/#website"},"primaryImageOfPage":{"@id":"https:\/\/clientehostix.com.br\/farmaciamoderna\/produto\/keranat-90-capsulas\/#primaryimage"},"image":{"@id":"https:\/\/clientehostix.com.br\/farmaciamoderna\/produto\/keranat-90-capsulas\/#primaryimage"},"thumbnailUrl":"https:\/\/clientehostix.com.br\/farmaciamoderna\/wp-content\/uploads\/2025\/10\/KERANAT-90.jpg","datePublished":"2025-10-14T17:53:37+00:00","dateModified":"2025-11-07T17:30:08+00:00","breadcrumb":{"@id":"https:\/\/clientehostix.com.br\/farmaciamoderna\/produto\/keranat-90-capsulas\/#breadcrumb"},"inLanguage":"pt-BR","potentialAction":[{"@type":"ReadAction","target":["https:\/\/clientehostix.com.br\/farmaciamoderna\/produto\/keranat-90-capsulas\/"]}]},{"@type":"ImageObject","inLanguage":"pt-BR","@id":"https:\/\/clientehostix.com.br\/farmaciamoderna\/produto\/keranat-90-capsulas\/#primaryimage","url":"https:\/\/clientehostix.com.br\/farmaciamoderna\/wp-content\/uploads\/2025\/10\/KERANAT-90.jpg","contentUrl":"https:\/\/clientehostix.com.br\/farmaciamoderna\/wp-content\/uploads\/2025\/10\/KERANAT-90.jpg","width":500,"height":549},{"@type":"BreadcrumbList","@id":"https:\/\/clientehostix.com.br\/farmaciamoderna\/produto\/keranat-90-capsulas\/#breadcrumb","itemListElement":[{"@type":"ListItem","position":1,"name":"In\u00edcio","item":"https:\/\/clientehostix.com.br\/farmaciamoderna\/"},{"@type":"ListItem","position":2,"name":"Produtos","item":"https:\/\/clientehostix.com.br\/farmaciamoderna\/loja__trashed\/"},{"@type":"ListItem","position":3,"name":"Keranat 90 c\u00e1psulas"}]},{"@type":"WebSite","@id":"https:\/\/clientehostix.com.br\/farmaciamoderna\/#website","url":"https:\/\/clientehostix.com.br\/farmaciamoderna\/","name":"Farm\u00e1cia Moderna","description":"","publisher":{"@id":"https:\/\/clientehostix.com.br\/farmaciamoderna\/#organization"},"potentialAction":[{"@type":"SearchAction","target":{"@type":"EntryPoint","urlTemplate":"https:\/\/clientehostix.com.br\/farmaciamoderna\/?s={search_term_string}"},"query-input":{"@type":"PropertyValueSpecification","valueRequired":true,"valueName":"search_term_string"}}],"inLanguage":"pt-BR"},{"@type":"Organization","@id":"https:\/\/clientehostix.com.br\/farmaciamoderna\/#organization","name":"Farm\u00e1cia Moderna","url":"https:\/\/clientehostix.com.br\/farmaciamoderna\/","logo":{"@type":"ImageObject","inLanguage":"pt-BR","@id":"https:\/\/clientehostix.com.br\/farmaciamoderna\/#\/schema\/logo\/image\/","url":"https:\/\/clientehostix.com.br\/farmaciamoderna\/wp-content\/uploads\/2025\/10\/cropped-logo2-1.png","contentUrl":"https:\/\/clientehostix.com.br\/farmaciamoderna\/wp-content\/uploads\/2025\/10\/cropped-logo2-1.png","width":196,"height":90,"caption":"Farm\u00e1cia Moderna"},"image":{"@id":"https:\/\/clientehostix.com.br\/farmaciamoderna\/#\/schema\/logo\/image\/"}}]}},"_links":{"self":[{"href":"https:\/\/clientehostix.com.br\/farmaciamoderna\/wp-json\/wp\/v2\/product\/249","targetHints":{"allow":["GET"]}}],"collection":[{"href":"https:\/\/clientehostix.com.br\/farmaciamoderna\/wp-json\/wp\/v2\/product"}],"about":[{"href":"https:\/\/clientehostix.com.br\/farmaciamoderna\/wp-json\/wp\/v2\/types\/product"}],"replies":[{"embeddable":true,"href":"https:\/\/clientehostix.com.br\/farmaciamoderna\/wp-json\/wp\/v2\/comments?post=249"}],"wp:featuredmedia":[{"embeddable":true,"href":"https:\/\/clientehostix.com.br\/farmaciamoderna\/wp-json\/wp\/v2\/media\/273"}],"wp:attachment":[{"href":"https:\/\/clientehostix.com.br\/farmaciamoderna\/wp-json\/wp\/v2\/media?parent=249"}],"wp:term":[{"taxonomy":"product_brand","embeddable":true,"href":"https:\/\/clientehostix.com.br\/farmaciamoderna\/wp-json\/wp\/v2\/product_brand?post=249"},{"taxonomy":"product_cat","embeddable":true,"href":"https:\/\/clientehostix.com.br\/farmaciamoderna\/wp-json\/wp\/v2\/product_cat?post=249"},{"taxonomy":"product_tag","embeddable":true,"href":"https:\/\/clientehostix.com.br\/farmaciamoderna\/wp-json\/wp\/v2\/product_tag?post=249"}],"curies":[{"name":"wp","href":"https:\/\/api.w.org\/{rel}","templated":true}]}}