{"id":241,"date":"2025-10-14T14:53:37","date_gmt":"2025-10-14T17:53:37","guid":{"rendered":"https:\/\/clientehostix.com.br\/farmaciamoderna\/?post_type=product&#038;p=241"},"modified":"2025-11-07T14:18:47","modified_gmt":"2025-11-07T17:18:47","slug":"formula-restauradora-de-articulacao-60-dias","status":"publish","type":"product","link":"https:\/\/clientehostix.com.br\/farmaciamoderna\/produto\/formula-restauradora-de-articulacao-60-dias\/","title":{"rendered":"F\u00f3rmula Restauradora De Articula\u00e7\u00e3o 60 Dias"},"content":{"rendered":"<div class=\"descricao-formatada\">\n<h2>O que \u00e9 e Como Funciona?<\/h2>\n<p>A F\u00f3rmula exclusiva de restaura\u00e7\u00e3o das Articula\u00e7\u00f5es da Farm\u00e1cia Moderna nutre e lubrifica as articula\u00e7\u00f5es e cartilagens, evitando e protegendo contra dores e problemas articulares como osteoartrite, artrose, artrite, entre outros.<\/p>\n<p>Esse suplemento conta com nutrientes essenciais que agem sinergicamente para cuidar da sa\u00fade das articula\u00e7\u00f5es, promovendo mais mobilidade, flexibilidade e at\u00e9 prevenindo les\u00f5es.<\/p>\n<h3>Entendendo a Fun\u00e7\u00e3o<\/h3>\n<p>Alguns problemas articulares podem levar a degrada\u00e7\u00e3o e com isso ao aparecimento de inflama\u00e7\u00f5es e perda da lubrifica\u00e7\u00e3o apropriada, fazendo com que as articula\u00e7\u00f5es se tornem r\u00edgidas e causando dor. Uma das fun\u00e7\u00f5es desse composto \u00e9 prevenir e auxiliar o tratamento desses problemas.<\/p>\n<p>Ao nutrir as articula\u00e7\u00f5es com o composto, problemas como esse podem ser evitados. Choques mec\u00e2nicos por impactos e outras causas geram menos consequ\u00eancias negativas para o corpo.<\/p>\n<h2>Benef\u00edcios e Vantagens Principais:<\/h2>\n<p><strong>OBS:<\/strong> Todas as pessoas com dificuldade para dormir podem se beneficiar desse medicamento, mas ele pode ser particularmente \u00fatil para os seguintes casos:<\/p>\n<ul>\n<li>Contribui para promover a regenera\u00e7\u00e3o das articula\u00e7\u00f5es.<\/li>\n<li>Ajuda a fortalecer e nutrir as cartilagens.<\/li>\n<li>Auxilia a aliviar a dor e o desconforto articulares.<\/li>\n<li>Ajuda a melhorar a flexibilidade e a mobilidade das articula\u00e7\u00f5es.<\/li>\n<li>Contribui para prevenir les\u00f5es articulares.<\/li>\n<li>Suporte no tratamento de artrite, osteoartrite, artrose e osteoartrose.<\/li>\n<li>Reduz o desgaste das articula\u00e7\u00f5es causado pelo envelhecimento.<\/li>\n<li>Melhora a qualidade de vida e a independ\u00eancia funcional.<\/li>\n<li>Estimula a produ\u00e7\u00e3o de l\u00edquido sinovial para uma lubrifica\u00e7\u00e3o adequada.<\/li>\n<li>Ajuda a manter a sa\u00fade das articula\u00e7\u00f5es.<\/li>\n<li>F\u00f3rmula natural e segura, sem efeitos colaterais prejudiciais.<\/li>\n<li>Contribui para uma recupera\u00e7\u00e3o mais r\u00e1pida e eficaz ap\u00f3s cirurgias ortop\u00e9dicas.<\/li>\n<li>Ajuda a potencializar os efeitos positivos da fisioterapia e do treinamento funcional.<\/li>\n<li>Aumenta a resist\u00eancia das articula\u00e7\u00f5es durante o exerc\u00edcio.<\/li>\n<\/ul>\n<h2>Posologia e Composi\u00e7\u00e3o<\/h2>\n<p><strong>POSOLOGIA:<\/strong> TOMAR 1 DOSE (3 C\u00c1PSULAS) PELA MANH\u00c3 (Uso por 6 meses).<\/p>\n<p><strong>COMPOSI\u00c7\u00c3O:<\/strong> CTII 40mg, MSM 800mg, \u00c1CIDO HIALUR\u00d4NICO 100mg, CURCUMA 300mg.<\/p>\n<div style=\"width: 100%; margin-top: 20px; padding-top: 15px; border-top: 1px solid #eee;\"><strong>Informa\u00e7\u00f5es de Seguran\u00e7a:<\/strong> Este produto n\u00e3o deve ser utilizado por pessoas com sensibilidade aos componentes da f\u00f3rmula. Caso ocorram rea\u00e7\u00f5es adversas, suspenda o uso e consulte um profissional de sa\u00fade. Armazenar em local fresco e seco, protegido da luz, entre 15\u00b0C e 30\u00b0C. Manter fora do alcance de crian\u00e7as. N\u00e3o utilizar com o prazo de validade vencido. Este produto n\u00e3o deve ser utilizado por gestantes, lactantes ou menores de 18 anos sem orienta\u00e7\u00e3o m\u00e9dica. Os resultados podem variar conforme a resposta individual, estilo de vida, alimenta\u00e7\u00e3o e uso correto do produto. <strong>Se persistirem os sintomas, o m\u00e9dico dever\u00e1 ser consultado.<\/strong><\/div>\n<\/div>\n","protected":false},"excerpt":{"rendered":"<div class=\"flex-shrink-0 flex flex-col relative items-end\">\n<div class=\"pt-0\">\n<div class=\"gizmo-bot-avatar flex h-8 w-8 items-center justify-center overflow-hidden rounded-full\">\n<div class=\"relative p-1 rounded-sm flex items-center justify-center bg-token-main-surface-primary text-token-text-primary h-8 w-8\">\n<p data-pm-slice=\"1 1 []\">O Composto restaurador das Articula\u00e7\u00f5es da <strong>Farm\u00e1cia Moderna<\/strong> nutre e lubrifica as articula\u00e7\u00f5es e cartilagens, evitando e protegendo contra dores e problemas articulares como osteoartrite, artrose, artrite, entre outros.<\/p>\n<\/div>\n<\/div>\n<\/div>\n<\/div>\n","protected":false},"featured_media":266,"comment_status":"closed","ping_status":"closed","template":"","meta":[],"product_brand":[],"product_cat":[24,18],"product_tag":[],"class_list":{"0":"post-241","1":"product","2":"type-product","3":"status-publish","4":"has-post-thumbnail","6":"product_cat-articulacao","7":"product_cat-todas-categorias","9":"first","10":"instock","11":"featured","12":"shipping-taxable","13":"purchasable","14":"product-type-simple"},"yoast_head":"<!-- This site is optimized with the Yoast SEO plugin v26.4 - https:\/\/yoast.com\/wordpress\/plugins\/seo\/ -->\n<title>F\u00f3rmula Restauradora De Articula\u00e7\u00e3o 60 Dias - Farm\u00e1cia Moderna<\/title>\n<meta name=\"robots\" content=\"index, follow, max-snippet:-1, max-image-preview:large, max-video-preview:-1\" \/>\n<link rel=\"canonical\" href=\"https:\/\/clientehostix.com.br\/farmaciamoderna\/produto\/formula-restauradora-de-articulacao-60-dias\/\" \/>\n<meta property=\"og:locale\" content=\"pt_BR\" \/>\n<meta property=\"og:type\" content=\"article\" \/>\n<meta property=\"og:title\" content=\"F\u00f3rmula Restauradora De Articula\u00e7\u00e3o 60 Dias - Farm\u00e1cia Moderna\" \/>\n<meta property=\"og:description\" content=\"O Composto restaurador das Articula\u00e7\u00f5es da Farm\u00e1cia Moderna nutre e lubrifica as articula\u00e7\u00f5es e cartilagens, evitando e protegendo contra dores e problemas articulares como osteoartrite, artrose, artrite, entre outros.\" \/>\n<meta property=\"og:url\" content=\"https:\/\/clientehostix.com.br\/farmaciamoderna\/produto\/formula-restauradora-de-articulacao-60-dias\/\" \/>\n<meta property=\"og:site_name\" content=\"Farm\u00e1cia Moderna\" \/>\n<meta property=\"article:modified_time\" content=\"2025-11-07T17:18:47+00:00\" \/>\n<meta property=\"og:image\" content=\"https:\/\/clientehostix.com.br\/farmaciamoderna\/wp-content\/uploads\/2025\/10\/articulacoes-60-dias.jpg\" \/>\n\t<meta property=\"og:image:width\" content=\"500\" \/>\n\t<meta property=\"og:image:height\" content=\"549\" \/>\n\t<meta property=\"og:image:type\" content=\"image\/jpeg\" \/>\n<meta name=\"twitter:card\" content=\"summary_large_image\" \/>\n<meta name=\"twitter:label1\" content=\"Est. tempo de leitura\" \/>\n\t<meta name=\"twitter:data1\" content=\"3 minutos\" \/>\n<script type=\"application\/ld+json\" class=\"yoast-schema-graph\">{\"@context\":\"https:\/\/schema.org\",\"@graph\":[{\"@type\":\"WebPage\",\"@id\":\"https:\/\/clientehostix.com.br\/farmaciamoderna\/produto\/formula-restauradora-de-articulacao-60-dias\/\",\"url\":\"https:\/\/clientehostix.com.br\/farmaciamoderna\/produto\/formula-restauradora-de-articulacao-60-dias\/\",\"name\":\"F\u00f3rmula Restauradora De Articula\u00e7\u00e3o 60 Dias - Farm\u00e1cia Moderna\",\"isPartOf\":{\"@id\":\"https:\/\/clientehostix.com.br\/farmaciamoderna\/#website\"},\"primaryImageOfPage\":{\"@id\":\"https:\/\/clientehostix.com.br\/farmaciamoderna\/produto\/formula-restauradora-de-articulacao-60-dias\/#primaryimage\"},\"image\":{\"@id\":\"https:\/\/clientehostix.com.br\/farmaciamoderna\/produto\/formula-restauradora-de-articulacao-60-dias\/#primaryimage\"},\"thumbnailUrl\":\"https:\/\/clientehostix.com.br\/farmaciamoderna\/wp-content\/uploads\/2025\/10\/articulacoes-60-dias.jpg\",\"datePublished\":\"2025-10-14T17:53:37+00:00\",\"dateModified\":\"2025-11-07T17:18:47+00:00\",\"breadcrumb\":{\"@id\":\"https:\/\/clientehostix.com.br\/farmaciamoderna\/produto\/formula-restauradora-de-articulacao-60-dias\/#breadcrumb\"},\"inLanguage\":\"pt-BR\",\"potentialAction\":[{\"@type\":\"ReadAction\",\"target\":[\"https:\/\/clientehostix.com.br\/farmaciamoderna\/produto\/formula-restauradora-de-articulacao-60-dias\/\"]}]},{\"@type\":\"ImageObject\",\"inLanguage\":\"pt-BR\",\"@id\":\"https:\/\/clientehostix.com.br\/farmaciamoderna\/produto\/formula-restauradora-de-articulacao-60-dias\/#primaryimage\",\"url\":\"https:\/\/clientehostix.com.br\/farmaciamoderna\/wp-content\/uploads\/2025\/10\/articulacoes-60-dias.jpg\",\"contentUrl\":\"https:\/\/clientehostix.com.br\/farmaciamoderna\/wp-content\/uploads\/2025\/10\/articulacoes-60-dias.jpg\",\"width\":500,\"height\":549},{\"@type\":\"BreadcrumbList\",\"@id\":\"https:\/\/clientehostix.com.br\/farmaciamoderna\/produto\/formula-restauradora-de-articulacao-60-dias\/#breadcrumb\",\"itemListElement\":[{\"@type\":\"ListItem\",\"position\":1,\"name\":\"In\u00edcio\",\"item\":\"https:\/\/clientehostix.com.br\/farmaciamoderna\/\"},{\"@type\":\"ListItem\",\"position\":2,\"name\":\"Produtos\",\"item\":\"https:\/\/clientehostix.com.br\/farmaciamoderna\/loja__trashed\/\"},{\"@type\":\"ListItem\",\"position\":3,\"name\":\"F\u00f3rmula Restauradora De Articula\u00e7\u00e3o 60 Dias\"}]},{\"@type\":\"WebSite\",\"@id\":\"https:\/\/clientehostix.com.br\/farmaciamoderna\/#website\",\"url\":\"https:\/\/clientehostix.com.br\/farmaciamoderna\/\",\"name\":\"Farm\u00e1cia Moderna\",\"description\":\"\",\"publisher\":{\"@id\":\"https:\/\/clientehostix.com.br\/farmaciamoderna\/#organization\"},\"potentialAction\":[{\"@type\":\"SearchAction\",\"target\":{\"@type\":\"EntryPoint\",\"urlTemplate\":\"https:\/\/clientehostix.com.br\/farmaciamoderna\/?s={search_term_string}\"},\"query-input\":{\"@type\":\"PropertyValueSpecification\",\"valueRequired\":true,\"valueName\":\"search_term_string\"}}],\"inLanguage\":\"pt-BR\"},{\"@type\":\"Organization\",\"@id\":\"https:\/\/clientehostix.com.br\/farmaciamoderna\/#organization\",\"name\":\"Farm\u00e1cia Moderna\",\"url\":\"https:\/\/clientehostix.com.br\/farmaciamoderna\/\",\"logo\":{\"@type\":\"ImageObject\",\"inLanguage\":\"pt-BR\",\"@id\":\"https:\/\/clientehostix.com.br\/farmaciamoderna\/#\/schema\/logo\/image\/\",\"url\":\"https:\/\/clientehostix.com.br\/farmaciamoderna\/wp-content\/uploads\/2025\/10\/cropped-logo2-1.png\",\"contentUrl\":\"https:\/\/clientehostix.com.br\/farmaciamoderna\/wp-content\/uploads\/2025\/10\/cropped-logo2-1.png\",\"width\":196,\"height\":90,\"caption\":\"Farm\u00e1cia Moderna\"},\"image\":{\"@id\":\"https:\/\/clientehostix.com.br\/farmaciamoderna\/#\/schema\/logo\/image\/\"}}]}<\/script>\n<!-- \/ Yoast SEO plugin. -->","yoast_head_json":{"title":"F\u00f3rmula Restauradora De Articula\u00e7\u00e3o 60 Dias - Farm\u00e1cia Moderna","robots":{"index":"index","follow":"follow","max-snippet":"max-snippet:-1","max-image-preview":"max-image-preview:large","max-video-preview":"max-video-preview:-1"},"canonical":"https:\/\/clientehostix.com.br\/farmaciamoderna\/produto\/formula-restauradora-de-articulacao-60-dias\/","og_locale":"pt_BR","og_type":"article","og_title":"F\u00f3rmula Restauradora De Articula\u00e7\u00e3o 60 Dias - Farm\u00e1cia Moderna","og_description":"O Composto restaurador das Articula\u00e7\u00f5es da Farm\u00e1cia Moderna nutre e lubrifica as articula\u00e7\u00f5es e cartilagens, evitando e protegendo contra dores e problemas articulares como osteoartrite, artrose, artrite, entre outros.","og_url":"https:\/\/clientehostix.com.br\/farmaciamoderna\/produto\/formula-restauradora-de-articulacao-60-dias\/","og_site_name":"Farm\u00e1cia Moderna","article_modified_time":"2025-11-07T17:18:47+00:00","og_image":[{"width":500,"height":549,"url":"https:\/\/clientehostix.com.br\/farmaciamoderna\/wp-content\/uploads\/2025\/10\/articulacoes-60-dias.jpg","type":"image\/jpeg"}],"twitter_card":"summary_large_image","twitter_misc":{"Est. tempo de leitura":"3 minutos"},"schema":{"@context":"https:\/\/schema.org","@graph":[{"@type":"WebPage","@id":"https:\/\/clientehostix.com.br\/farmaciamoderna\/produto\/formula-restauradora-de-articulacao-60-dias\/","url":"https:\/\/clientehostix.com.br\/farmaciamoderna\/produto\/formula-restauradora-de-articulacao-60-dias\/","name":"F\u00f3rmula Restauradora De Articula\u00e7\u00e3o 60 Dias - Farm\u00e1cia Moderna","isPartOf":{"@id":"https:\/\/clientehostix.com.br\/farmaciamoderna\/#website"},"primaryImageOfPage":{"@id":"https:\/\/clientehostix.com.br\/farmaciamoderna\/produto\/formula-restauradora-de-articulacao-60-dias\/#primaryimage"},"image":{"@id":"https:\/\/clientehostix.com.br\/farmaciamoderna\/produto\/formula-restauradora-de-articulacao-60-dias\/#primaryimage"},"thumbnailUrl":"https:\/\/clientehostix.com.br\/farmaciamoderna\/wp-content\/uploads\/2025\/10\/articulacoes-60-dias.jpg","datePublished":"2025-10-14T17:53:37+00:00","dateModified":"2025-11-07T17:18:47+00:00","breadcrumb":{"@id":"https:\/\/clientehostix.com.br\/farmaciamoderna\/produto\/formula-restauradora-de-articulacao-60-dias\/#breadcrumb"},"inLanguage":"pt-BR","potentialAction":[{"@type":"ReadAction","target":["https:\/\/clientehostix.com.br\/farmaciamoderna\/produto\/formula-restauradora-de-articulacao-60-dias\/"]}]},{"@type":"ImageObject","inLanguage":"pt-BR","@id":"https:\/\/clientehostix.com.br\/farmaciamoderna\/produto\/formula-restauradora-de-articulacao-60-dias\/#primaryimage","url":"https:\/\/clientehostix.com.br\/farmaciamoderna\/wp-content\/uploads\/2025\/10\/articulacoes-60-dias.jpg","contentUrl":"https:\/\/clientehostix.com.br\/farmaciamoderna\/wp-content\/uploads\/2025\/10\/articulacoes-60-dias.jpg","width":500,"height":549},{"@type":"BreadcrumbList","@id":"https:\/\/clientehostix.com.br\/farmaciamoderna\/produto\/formula-restauradora-de-articulacao-60-dias\/#breadcrumb","itemListElement":[{"@type":"ListItem","position":1,"name":"In\u00edcio","item":"https:\/\/clientehostix.com.br\/farmaciamoderna\/"},{"@type":"ListItem","position":2,"name":"Produtos","item":"https:\/\/clientehostix.com.br\/farmaciamoderna\/loja__trashed\/"},{"@type":"ListItem","position":3,"name":"F\u00f3rmula Restauradora De Articula\u00e7\u00e3o 60 Dias"}]},{"@type":"WebSite","@id":"https:\/\/clientehostix.com.br\/farmaciamoderna\/#website","url":"https:\/\/clientehostix.com.br\/farmaciamoderna\/","name":"Farm\u00e1cia Moderna","description":"","publisher":{"@id":"https:\/\/clientehostix.com.br\/farmaciamoderna\/#organization"},"potentialAction":[{"@type":"SearchAction","target":{"@type":"EntryPoint","urlTemplate":"https:\/\/clientehostix.com.br\/farmaciamoderna\/?s={search_term_string}"},"query-input":{"@type":"PropertyValueSpecification","valueRequired":true,"valueName":"search_term_string"}}],"inLanguage":"pt-BR"},{"@type":"Organization","@id":"https:\/\/clientehostix.com.br\/farmaciamoderna\/#organization","name":"Farm\u00e1cia Moderna","url":"https:\/\/clientehostix.com.br\/farmaciamoderna\/","logo":{"@type":"ImageObject","inLanguage":"pt-BR","@id":"https:\/\/clientehostix.com.br\/farmaciamoderna\/#\/schema\/logo\/image\/","url":"https:\/\/clientehostix.com.br\/farmaciamoderna\/wp-content\/uploads\/2025\/10\/cropped-logo2-1.png","contentUrl":"https:\/\/clientehostix.com.br\/farmaciamoderna\/wp-content\/uploads\/2025\/10\/cropped-logo2-1.png","width":196,"height":90,"caption":"Farm\u00e1cia Moderna"},"image":{"@id":"https:\/\/clientehostix.com.br\/farmaciamoderna\/#\/schema\/logo\/image\/"}}]}},"_links":{"self":[{"href":"https:\/\/clientehostix.com.br\/farmaciamoderna\/wp-json\/wp\/v2\/product\/241","targetHints":{"allow":["GET"]}}],"collection":[{"href":"https:\/\/clientehostix.com.br\/farmaciamoderna\/wp-json\/wp\/v2\/product"}],"about":[{"href":"https:\/\/clientehostix.com.br\/farmaciamoderna\/wp-json\/wp\/v2\/types\/product"}],"replies":[{"embeddable":true,"href":"https:\/\/clientehostix.com.br\/farmaciamoderna\/wp-json\/wp\/v2\/comments?post=241"}],"wp:featuredmedia":[{"embeddable":true,"href":"https:\/\/clientehostix.com.br\/farmaciamoderna\/wp-json\/wp\/v2\/media\/266"}],"wp:attachment":[{"href":"https:\/\/clientehostix.com.br\/farmaciamoderna\/wp-json\/wp\/v2\/media?parent=241"}],"wp:term":[{"taxonomy":"product_brand","embeddable":true,"href":"https:\/\/clientehostix.com.br\/farmaciamoderna\/wp-json\/wp\/v2\/product_brand?post=241"},{"taxonomy":"product_cat","embeddable":true,"href":"https:\/\/clientehostix.com.br\/farmaciamoderna\/wp-json\/wp\/v2\/product_cat?post=241"},{"taxonomy":"product_tag","embeddable":true,"href":"https:\/\/clientehostix.com.br\/farmaciamoderna\/wp-json\/wp\/v2\/product_tag?post=241"}],"curies":[{"name":"wp","href":"https:\/\/api.w.org\/{rel}","templated":true}]}}