{"id":202,"date":"2025-10-14T14:53:25","date_gmt":"2025-10-14T17:53:25","guid":{"rendered":"https:\/\/clientehostix.com.br\/farmaciamoderna\/?post_type=product&#038;p=202"},"modified":"2025-11-07T14:41:01","modified_gmt":"2025-11-07T17:41:01","slug":"fotoprotetor-oral","status":"publish","type":"product","link":"https:\/\/clientehostix.com.br\/farmaciamoderna\/produto\/fotoprotetor-oral\/","title":{"rendered":"Fotoprotetor Oral"},"content":{"rendered":"<div class=\"descricao-formatada\">\n<h2>O que \u00e9 e Como Funciona?<\/h2>\n<p>Esse composto \u00e9 ideal para quem deseja aproveitar o ver\u00e3o, sem medo de prejudicar a pele, auxilia na preven\u00e7\u00e3o do envelhecimento precoce e outros danos causados pela exposi\u00e7\u00e3o a luz solar.<\/p>\n<h3>Por que especialistas indicam seu uso?<\/h3>\n<p>O principal benef\u00edcio do foto protetor solar oral, de acordo com estudos, \u00e9 o combate aos radicais livres gerados pela exposi\u00e7\u00e3o \u00e0 radia\u00e7\u00e3o.<\/p>\n<p>Dito isso, um dos benef\u00edcios de destaque desse produto \u00e9 a preven\u00e7\u00e3o do envelhecimento precoce da pele que se manifesta atrav\u00e9s de rugas, linhas de express\u00e3o e flacidez.<\/p>\n<p>Em outras palavras, o foto protetor solar oral ajuda o organismo a se livrar dos excessos de radicais produzidos pela exposi\u00e7\u00e3o \u00e0 luz solar e \u00e0 luz artificial. Essa a\u00e7\u00e3o poupa as c\u00e9lulas da pele do estresse oxidativo.<\/p>\n<h2>Principais Benef\u00edcios:<\/h2>\n<ul>\n<li>Ameniza os danos provocados pela radia\u00e7\u00e3o durante e depois da exposi\u00e7\u00e3o solar<\/li>\n<li>A\u00e7\u00e3o fotoprotetora com efic\u00e1cia aprovada pelos dermatologistas<\/li>\n<li>Auxilia no bronzeamento da pele<\/li>\n<li>Antioxidante e combate os radicais livres<\/li>\n<li>Auxilia na preven\u00e7\u00e3o do envelhecimento<\/li>\n<\/ul>\n<h2>Posologia e Composi\u00e7\u00e3o:<\/h2>\n<p><strong>Posologia:<\/strong> Tomar uma c\u00e1psula ao dia.<\/p>\n<h3>Composi\u00e7\u00e3o:<\/h3>\n<ul>\n<li>POLIPODIUM LEUCOTOMUS 150 mg<\/li>\n<li>PINUS PINASTER 75 mg<\/li>\n<li>LUTEINA 10 mg<\/li>\n<\/ul>\n<div style=\"width: 100%; margin-top: 20px; padding-top: 15px; border-top: 1px solid #eee;\">\n<p><strong>Informa\u00e7\u00f5es de Seguran\u00e7a:<\/strong> O produto \u00e9 geralmente bem tolerado, por\u00e9m pode causar hiperglicemia em pacientes diab\u00e9ticos e, em alguns casos, \u00falcera gastroduodenal. Pessoas com hipersensibilidade a qualquer componente da f\u00f3rmula n\u00e3o devem utiliz\u00e1-lo.<\/p>\n<p>Em caso de rea\u00e7\u00e3o adversa, recomenda-se suspender o uso e procurar orienta\u00e7\u00e3o m\u00e9dica. Este produto deve ser mantido em temperatura ambiente, entre 15\u00b0C e 30\u00b0C, protegido da luz, do calor e da umidade. Nessas condi\u00e7\u00f5es, permanecer\u00e1 pr\u00f3prio para o consumo at\u00e9 a data de validade indicada na embalagem. N\u00e3o deve ser utilizado com o prazo de validade vencido. Manter fora do alcance de crian\u00e7as. Mulheres gr\u00e1vidas ou em per\u00edodo de amamenta\u00e7\u00e3o s\u00f3 devem fazer uso do produto mediante orienta\u00e7\u00e3o m\u00e9dica. Este produto tamb\u00e9m n\u00e3o deve ser utilizado por menores de 18 anos sem acompanhamento profissional. Nunca adquira ou utilize medicamentos sem a devida orienta\u00e7\u00e3o de um profissional habilitado. Siga corretamente o modo de uso e, caso os sintomas persistam, procure orienta\u00e7\u00e3o m\u00e9dica.<\/p>\n<p>Os benef\u00edcios e indica\u00e7\u00f5es deste produto foram avaliados com base nas informa\u00e7\u00f5es fornecidas pelo fabricante do insumo farmac\u00eautico. No entanto, os resultados podem variar de pessoa para pessoa, dependendo de fatores como alimenta\u00e7\u00e3o, pr\u00e1tica de atividades f\u00edsicas, presen\u00e7a de outras condi\u00e7\u00f5es de sa\u00fade, al\u00e9m da correta utiliza\u00e7\u00e3o conforme a posologia recomendada.<\/p>\n<\/div>\n<\/div>\n","protected":false},"excerpt":{"rendered":"<div class=\"flex-shrink-0 flex flex-col relative items-end\">\n<div class=\"pt-0\">\n<div class=\"gizmo-bot-avatar flex h-8 w-8 items-center justify-center overflow-hidden rounded-full\">\n<div class=\"relative p-1 rounded-sm flex items-center justify-center bg-token-main-surface-primary text-token-text-primary h-8 w-8\">\n<p data-pm-slice=\"1 1 []\"><strong>A Farm\u00e1cia Moderna apresenta a F\u00f3rmula Fotoprotetora Oral<\/strong>, desenvolvida com ativos cuidadosamente selecionados para cuidar da sa\u00fade da pele durante e ap\u00f3s a exposi\u00e7\u00e3o solar. Com comprova\u00e7\u00e3o dermatol\u00f3gica, essa f\u00f3rmula oferece prote\u00e7\u00e3o de dentro para fora, al\u00e9m de uma potente a\u00e7\u00e3o antioxidante que ajuda a combater os radicais livres e a prevenir o envelhecimento precoce da pele.<\/p>\n<\/div>\n<\/div>\n<\/div>\n<\/div>\n","protected":false},"featured_media":228,"comment_status":"closed","ping_status":"closed","template":"","meta":[],"product_brand":[],"product_cat":[17,18],"product_tag":[],"class_list":{"0":"post-202","1":"product","2":"type-product","3":"status-publish","4":"has-post-thumbnail","6":"product_cat-beleza","7":"product_cat-todas-categorias","9":"first","10":"instock","11":"featured","12":"shipping-taxable","13":"purchasable","14":"product-type-simple"},"yoast_head":"<!-- This site is optimized with the Yoast SEO plugin v26.4 - https:\/\/yoast.com\/wordpress\/plugins\/seo\/ -->\n<title>Fotoprotetor Oral - Farm\u00e1cia Moderna<\/title>\n<meta name=\"robots\" content=\"index, follow, max-snippet:-1, max-image-preview:large, max-video-preview:-1\" \/>\n<link rel=\"canonical\" href=\"https:\/\/clientehostix.com.br\/farmaciamoderna\/produto\/fotoprotetor-oral\/\" \/>\n<meta property=\"og:locale\" content=\"pt_BR\" \/>\n<meta property=\"og:type\" content=\"article\" \/>\n<meta property=\"og:title\" content=\"Fotoprotetor Oral - Farm\u00e1cia Moderna\" \/>\n<meta property=\"og:description\" content=\"A Farm\u00e1cia Moderna apresenta a F\u00f3rmula Fotoprotetora Oral, desenvolvida com ativos cuidadosamente selecionados para cuidar da sa\u00fade da pele durante e ap\u00f3s a exposi\u00e7\u00e3o solar. Com comprova\u00e7\u00e3o dermatol\u00f3gica, essa f\u00f3rmula oferece prote\u00e7\u00e3o de dentro para fora, al\u00e9m de uma potente a\u00e7\u00e3o antioxidante que ajuda a combater os radicais livres e a prevenir o envelhecimento precoce da pele.\" \/>\n<meta property=\"og:url\" content=\"https:\/\/clientehostix.com.br\/farmaciamoderna\/produto\/fotoprotetor-oral\/\" \/>\n<meta property=\"og:site_name\" content=\"Farm\u00e1cia Moderna\" \/>\n<meta property=\"article:modified_time\" content=\"2025-11-07T17:41:01+00:00\" \/>\n<meta property=\"og:image\" content=\"https:\/\/clientehostix.com.br\/farmaciamoderna\/wp-content\/uploads\/2025\/10\/fotoprotetor-1.jpg\" \/>\n\t<meta property=\"og:image:width\" content=\"500\" \/>\n\t<meta property=\"og:image:height\" content=\"549\" \/>\n\t<meta property=\"og:image:type\" content=\"image\/jpeg\" \/>\n<meta name=\"twitter:card\" content=\"summary_large_image\" \/>\n<meta name=\"twitter:label1\" content=\"Est. tempo de leitura\" \/>\n\t<meta name=\"twitter:data1\" content=\"3 minutos\" \/>\n<script type=\"application\/ld+json\" class=\"yoast-schema-graph\">{\"@context\":\"https:\/\/schema.org\",\"@graph\":[{\"@type\":\"WebPage\",\"@id\":\"https:\/\/clientehostix.com.br\/farmaciamoderna\/produto\/fotoprotetor-oral\/\",\"url\":\"https:\/\/clientehostix.com.br\/farmaciamoderna\/produto\/fotoprotetor-oral\/\",\"name\":\"Fotoprotetor Oral - Farm\u00e1cia Moderna\",\"isPartOf\":{\"@id\":\"https:\/\/clientehostix.com.br\/farmaciamoderna\/#website\"},\"primaryImageOfPage\":{\"@id\":\"https:\/\/clientehostix.com.br\/farmaciamoderna\/produto\/fotoprotetor-oral\/#primaryimage\"},\"image\":{\"@id\":\"https:\/\/clientehostix.com.br\/farmaciamoderna\/produto\/fotoprotetor-oral\/#primaryimage\"},\"thumbnailUrl\":\"https:\/\/clientehostix.com.br\/farmaciamoderna\/wp-content\/uploads\/2025\/10\/fotoprotetor-1.jpg\",\"datePublished\":\"2025-10-14T17:53:25+00:00\",\"dateModified\":\"2025-11-07T17:41:01+00:00\",\"breadcrumb\":{\"@id\":\"https:\/\/clientehostix.com.br\/farmaciamoderna\/produto\/fotoprotetor-oral\/#breadcrumb\"},\"inLanguage\":\"pt-BR\",\"potentialAction\":[{\"@type\":\"ReadAction\",\"target\":[\"https:\/\/clientehostix.com.br\/farmaciamoderna\/produto\/fotoprotetor-oral\/\"]}]},{\"@type\":\"ImageObject\",\"inLanguage\":\"pt-BR\",\"@id\":\"https:\/\/clientehostix.com.br\/farmaciamoderna\/produto\/fotoprotetor-oral\/#primaryimage\",\"url\":\"https:\/\/clientehostix.com.br\/farmaciamoderna\/wp-content\/uploads\/2025\/10\/fotoprotetor-1.jpg\",\"contentUrl\":\"https:\/\/clientehostix.com.br\/farmaciamoderna\/wp-content\/uploads\/2025\/10\/fotoprotetor-1.jpg\",\"width\":500,\"height\":549},{\"@type\":\"BreadcrumbList\",\"@id\":\"https:\/\/clientehostix.com.br\/farmaciamoderna\/produto\/fotoprotetor-oral\/#breadcrumb\",\"itemListElement\":[{\"@type\":\"ListItem\",\"position\":1,\"name\":\"In\u00edcio\",\"item\":\"https:\/\/clientehostix.com.br\/farmaciamoderna\/\"},{\"@type\":\"ListItem\",\"position\":2,\"name\":\"Produtos\",\"item\":\"https:\/\/clientehostix.com.br\/farmaciamoderna\/loja__trashed\/\"},{\"@type\":\"ListItem\",\"position\":3,\"name\":\"Fotoprotetor Oral\"}]},{\"@type\":\"WebSite\",\"@id\":\"https:\/\/clientehostix.com.br\/farmaciamoderna\/#website\",\"url\":\"https:\/\/clientehostix.com.br\/farmaciamoderna\/\",\"name\":\"Farm\u00e1cia Moderna\",\"description\":\"\",\"publisher\":{\"@id\":\"https:\/\/clientehostix.com.br\/farmaciamoderna\/#organization\"},\"potentialAction\":[{\"@type\":\"SearchAction\",\"target\":{\"@type\":\"EntryPoint\",\"urlTemplate\":\"https:\/\/clientehostix.com.br\/farmaciamoderna\/?s={search_term_string}\"},\"query-input\":{\"@type\":\"PropertyValueSpecification\",\"valueRequired\":true,\"valueName\":\"search_term_string\"}}],\"inLanguage\":\"pt-BR\"},{\"@type\":\"Organization\",\"@id\":\"https:\/\/clientehostix.com.br\/farmaciamoderna\/#organization\",\"name\":\"Farm\u00e1cia Moderna\",\"url\":\"https:\/\/clientehostix.com.br\/farmaciamoderna\/\",\"logo\":{\"@type\":\"ImageObject\",\"inLanguage\":\"pt-BR\",\"@id\":\"https:\/\/clientehostix.com.br\/farmaciamoderna\/#\/schema\/logo\/image\/\",\"url\":\"https:\/\/clientehostix.com.br\/farmaciamoderna\/wp-content\/uploads\/2025\/10\/cropped-logo2-1.png\",\"contentUrl\":\"https:\/\/clientehostix.com.br\/farmaciamoderna\/wp-content\/uploads\/2025\/10\/cropped-logo2-1.png\",\"width\":196,\"height\":90,\"caption\":\"Farm\u00e1cia Moderna\"},\"image\":{\"@id\":\"https:\/\/clientehostix.com.br\/farmaciamoderna\/#\/schema\/logo\/image\/\"}}]}<\/script>\n<!-- \/ Yoast SEO plugin. -->","yoast_head_json":{"title":"Fotoprotetor Oral - Farm\u00e1cia Moderna","robots":{"index":"index","follow":"follow","max-snippet":"max-snippet:-1","max-image-preview":"max-image-preview:large","max-video-preview":"max-video-preview:-1"},"canonical":"https:\/\/clientehostix.com.br\/farmaciamoderna\/produto\/fotoprotetor-oral\/","og_locale":"pt_BR","og_type":"article","og_title":"Fotoprotetor Oral - Farm\u00e1cia Moderna","og_description":"A Farm\u00e1cia Moderna apresenta a F\u00f3rmula Fotoprotetora Oral, desenvolvida com ativos cuidadosamente selecionados para cuidar da sa\u00fade da pele durante e ap\u00f3s a exposi\u00e7\u00e3o solar. Com comprova\u00e7\u00e3o dermatol\u00f3gica, essa f\u00f3rmula oferece prote\u00e7\u00e3o de dentro para fora, al\u00e9m de uma potente a\u00e7\u00e3o antioxidante que ajuda a combater os radicais livres e a prevenir o envelhecimento precoce da pele.","og_url":"https:\/\/clientehostix.com.br\/farmaciamoderna\/produto\/fotoprotetor-oral\/","og_site_name":"Farm\u00e1cia Moderna","article_modified_time":"2025-11-07T17:41:01+00:00","og_image":[{"width":500,"height":549,"url":"https:\/\/clientehostix.com.br\/farmaciamoderna\/wp-content\/uploads\/2025\/10\/fotoprotetor-1.jpg","type":"image\/jpeg"}],"twitter_card":"summary_large_image","twitter_misc":{"Est. tempo de leitura":"3 minutos"},"schema":{"@context":"https:\/\/schema.org","@graph":[{"@type":"WebPage","@id":"https:\/\/clientehostix.com.br\/farmaciamoderna\/produto\/fotoprotetor-oral\/","url":"https:\/\/clientehostix.com.br\/farmaciamoderna\/produto\/fotoprotetor-oral\/","name":"Fotoprotetor Oral - Farm\u00e1cia Moderna","isPartOf":{"@id":"https:\/\/clientehostix.com.br\/farmaciamoderna\/#website"},"primaryImageOfPage":{"@id":"https:\/\/clientehostix.com.br\/farmaciamoderna\/produto\/fotoprotetor-oral\/#primaryimage"},"image":{"@id":"https:\/\/clientehostix.com.br\/farmaciamoderna\/produto\/fotoprotetor-oral\/#primaryimage"},"thumbnailUrl":"https:\/\/clientehostix.com.br\/farmaciamoderna\/wp-content\/uploads\/2025\/10\/fotoprotetor-1.jpg","datePublished":"2025-10-14T17:53:25+00:00","dateModified":"2025-11-07T17:41:01+00:00","breadcrumb":{"@id":"https:\/\/clientehostix.com.br\/farmaciamoderna\/produto\/fotoprotetor-oral\/#breadcrumb"},"inLanguage":"pt-BR","potentialAction":[{"@type":"ReadAction","target":["https:\/\/clientehostix.com.br\/farmaciamoderna\/produto\/fotoprotetor-oral\/"]}]},{"@type":"ImageObject","inLanguage":"pt-BR","@id":"https:\/\/clientehostix.com.br\/farmaciamoderna\/produto\/fotoprotetor-oral\/#primaryimage","url":"https:\/\/clientehostix.com.br\/farmaciamoderna\/wp-content\/uploads\/2025\/10\/fotoprotetor-1.jpg","contentUrl":"https:\/\/clientehostix.com.br\/farmaciamoderna\/wp-content\/uploads\/2025\/10\/fotoprotetor-1.jpg","width":500,"height":549},{"@type":"BreadcrumbList","@id":"https:\/\/clientehostix.com.br\/farmaciamoderna\/produto\/fotoprotetor-oral\/#breadcrumb","itemListElement":[{"@type":"ListItem","position":1,"name":"In\u00edcio","item":"https:\/\/clientehostix.com.br\/farmaciamoderna\/"},{"@type":"ListItem","position":2,"name":"Produtos","item":"https:\/\/clientehostix.com.br\/farmaciamoderna\/loja__trashed\/"},{"@type":"ListItem","position":3,"name":"Fotoprotetor Oral"}]},{"@type":"WebSite","@id":"https:\/\/clientehostix.com.br\/farmaciamoderna\/#website","url":"https:\/\/clientehostix.com.br\/farmaciamoderna\/","name":"Farm\u00e1cia Moderna","description":"","publisher":{"@id":"https:\/\/clientehostix.com.br\/farmaciamoderna\/#organization"},"potentialAction":[{"@type":"SearchAction","target":{"@type":"EntryPoint","urlTemplate":"https:\/\/clientehostix.com.br\/farmaciamoderna\/?s={search_term_string}"},"query-input":{"@type":"PropertyValueSpecification","valueRequired":true,"valueName":"search_term_string"}}],"inLanguage":"pt-BR"},{"@type":"Organization","@id":"https:\/\/clientehostix.com.br\/farmaciamoderna\/#organization","name":"Farm\u00e1cia Moderna","url":"https:\/\/clientehostix.com.br\/farmaciamoderna\/","logo":{"@type":"ImageObject","inLanguage":"pt-BR","@id":"https:\/\/clientehostix.com.br\/farmaciamoderna\/#\/schema\/logo\/image\/","url":"https:\/\/clientehostix.com.br\/farmaciamoderna\/wp-content\/uploads\/2025\/10\/cropped-logo2-1.png","contentUrl":"https:\/\/clientehostix.com.br\/farmaciamoderna\/wp-content\/uploads\/2025\/10\/cropped-logo2-1.png","width":196,"height":90,"caption":"Farm\u00e1cia Moderna"},"image":{"@id":"https:\/\/clientehostix.com.br\/farmaciamoderna\/#\/schema\/logo\/image\/"}}]}},"_links":{"self":[{"href":"https:\/\/clientehostix.com.br\/farmaciamoderna\/wp-json\/wp\/v2\/product\/202","targetHints":{"allow":["GET"]}}],"collection":[{"href":"https:\/\/clientehostix.com.br\/farmaciamoderna\/wp-json\/wp\/v2\/product"}],"about":[{"href":"https:\/\/clientehostix.com.br\/farmaciamoderna\/wp-json\/wp\/v2\/types\/product"}],"replies":[{"embeddable":true,"href":"https:\/\/clientehostix.com.br\/farmaciamoderna\/wp-json\/wp\/v2\/comments?post=202"}],"wp:featuredmedia":[{"embeddable":true,"href":"https:\/\/clientehostix.com.br\/farmaciamoderna\/wp-json\/wp\/v2\/media\/228"}],"wp:attachment":[{"href":"https:\/\/clientehostix.com.br\/farmaciamoderna\/wp-json\/wp\/v2\/media?parent=202"}],"wp:term":[{"taxonomy":"product_brand","embeddable":true,"href":"https:\/\/clientehostix.com.br\/farmaciamoderna\/wp-json\/wp\/v2\/product_brand?post=202"},{"taxonomy":"product_cat","embeddable":true,"href":"https:\/\/clientehostix.com.br\/farmaciamoderna\/wp-json\/wp\/v2\/product_cat?post=202"},{"taxonomy":"product_tag","embeddable":true,"href":"https:\/\/clientehostix.com.br\/farmaciamoderna\/wp-json\/wp\/v2\/product_tag?post=202"}],"curies":[{"name":"wp","href":"https:\/\/api.w.org\/{rel}","templated":true}]}}