{"id":200,"date":"2025-10-14T14:53:25","date_gmt":"2025-10-14T17:53:25","guid":{"rendered":"https:\/\/clientehostix.com.br\/farmaciamoderna\/?post_type=product&#038;p=200"},"modified":"2025-11-07T14:38:03","modified_gmt":"2025-11-07T17:38:03","slug":"gominha-de-verisol-30-unidades","status":"publish","type":"product","link":"https:\/\/clientehostix.com.br\/farmaciamoderna\/produto\/gominha-de-verisol-30-unidades\/","title":{"rendered":"Gominha de Verisol 30 unidades"},"content":{"rendered":"<div class=\"descricao-formatada\">\n<h2>O que \u00e9 e Como Funciona?<\/h2>\n<p>A Farm\u00e1cia Moderna desenvolveu Gomas formuladas com Verisol indicadas para auxiliar na suplementa\u00e7\u00e3o de col\u00e1geno, contribuindo para a melhora da sustenta\u00e7\u00e3o e hidrata\u00e7\u00e3o da pele, e ajudando na preven\u00e7\u00e3o do envelhecimento cut\u00e2neo precoce.<\/p>\n<p>Verisol \u00e9 composto por Pept\u00eddeos Bioativos de Col\u00e1geno, o que favorece a sua absor\u00e7\u00e3o pelo organismo. Apesar do col\u00e1geno ser sintetizado naturalmente pelo corpo, em m\u00e9dia aos 30 anos, \u00e9 poss\u00edvel observar o in\u00edcio de uma queda gradual nessa produ\u00e7\u00e3o, o que influencia a perda de umidade da pele, tornando-a cada vez mais suscet\u00edvel \u00e0 forma\u00e7\u00e3o de rugas e linhas de express\u00e3o.<\/p>\n<h3>Resultados Comprovados:<\/h3>\n<p>Estudos apontam que a suplementa\u00e7\u00e3o com Verisol estimula a bioss\u00edntese de col\u00e1geno e reduz a sua degrada\u00e7\u00e3o, favorecendo o aumento da hidrata\u00e7\u00e3o, elasticidade, firmeza e sustenta\u00e7\u00e3o da pele.<\/p>\n<h2>Mecanismo de A\u00e7\u00e3o:<\/h2>\n<p>Os Pept\u00eddeos Bioativos de Col\u00e1geno presentes em VERISOL\u00ae atuam diretamente nos fibroblastos da derme, desencadeando uma resposta quimiot\u00e1tica que estimula a produ\u00e7\u00e3o de col\u00e1geno tipo I e III, al\u00e9m de proteoglicanos \u2014 componentes fundamentais para a estrutura e sustenta\u00e7\u00e3o das fibras el\u00e1sticas da pele.<\/p>\n<p>Essa a\u00e7\u00e3o contribui significativamente para a redu\u00e7\u00e3o da flacidez e melhora da hidrata\u00e7\u00e3o corporal. VERISOL\u00ae possui excelente biodisponibilidade, sendo poss\u00edvel detectar seus pept\u00eddeos no plasma sangu\u00edneo j\u00e1 nas primeiras 12 horas ap\u00f3s a ingest\u00e3o.<\/p>\n<h2>Benef\u00edcios:<\/h2>\n<ul>\n<li>Melhora a firmeza e elasticidade da pele \u2013 atuando diretamente na estrutura d\u00e9rmica, estimulando a produ\u00e7\u00e3o de col\u00e1geno natural.<\/li>\n<li>Reduz rugas e linhas de express\u00e3o \u2013 com o uso cont\u00ednuo, os estudos apontam redu\u00e7\u00e3o vis\u00edvel na profundidade das rugas.<\/li>\n<li>Fortalece unhas e cabelos \u2013 melhora a resist\u00eancia e o crescimento saud\u00e1vel.<\/li>\n<li>Previne o envelhecimento precoce \u2013 protege a pele da degrada\u00e7\u00e3o natural do col\u00e1geno com o passar do tempo.<\/li>\n<li>Hidrata\u00e7\u00e3o e vi\u00e7o da pele \u2013 aumenta a reten\u00e7\u00e3o de \u00e1gua na pele, deixando-a mais bonita e saud\u00e1vel.<\/li>\n<\/ul>\n<h2>Posologia:<\/h2>\n<p>Uma goma equivale a 2,5g de VERISOL. **Tomar de 1 a 2 gomas ao dia.**<\/p>\n<div style=\"width: 100%; margin-top: 20px; padding-top: 15px; border-top: 1px solid #eee;\">\n<p><strong>Informa\u00e7\u00f5es de Seguran\u00e7a:<\/strong><\/p>\n<p>1. Nunca compre medicamento sem orienta\u00e7\u00e3o de um profissional habilitado. 2. Imagens meramente ilustrativas. 3. Pessoas com hipersensibilidade \u00e0 subst\u00e2ncia n\u00e3o devem ingerir o produto. 4. Em caso de hipersensibilidade ao produto, recomenda-se descontinuar o uso e consultar o m\u00e9dico. 5. N\u00e3o use o medicamento com o prazo de validade vencido. 6. Manter em temperatura ambiente (15 a 30\u00baC). Proteger da luz, do calor e da umidade. Nestas condi\u00e7\u00f5es, o medicamento se manter\u00e1 pr\u00f3prio para o consumo, respeitando o prazo de validade indicado na embalagem. 7. Todo medicamento deve ser mantido fora do alcance das crian\u00e7as e animais dom\u00e9sticos. 8. Este medicamento n\u00e3o deve ser utilizado por mulheres gr\u00e1vidas sem orienta\u00e7\u00e3o m\u00e9dica. 9. Embora n\u00e3o existam contraindica\u00e7\u00f5es relativas a faixas et\u00e1rias, recomendamos a utiliza\u00e7\u00e3o do produto para pacientes de idade adulta. 10. Siga corretamente o modo de usar. N\u00e3o desaparecendo os sintomas, procure orienta\u00e7\u00e3o m\u00e9dica. 11. O uso do medicamento durante o per\u00edodo de amamenta\u00e7\u00e3o tamb\u00e9m n\u00e3o \u00e9 recomendado. 12. Este medicamento n\u00e3o deve ser utilizado por menores de 18 anos sem orienta\u00e7\u00e3o m\u00e9dica. 13. A efic\u00e1cia e resultado do tratamento est\u00e1 diretamente ligado ao uso correto da posologia e dose recomendada pelo m\u00e9dico ou profissional habilitado, deve-se levar em considera\u00e7\u00e3o as diferen\u00e7as de cada indiv\u00edduo como velocidade do metabolismo, doen\u00e7as cr\u00f4nicas e gen\u00e9tica, n\u00e3o podendo ser considerado um produto que tenha efeitos iguais em todos os indiv\u00edduos. 14. **\u201cSE PERSISTIREM OS SINTOMAS, O M\u00c9DICO DEVER\u00c1 SER CONSULTADO\u201d.**<\/p>\n<\/div>\n<\/div>\n","protected":false},"excerpt":{"rendered":"<div class=\"flex-shrink-0 flex flex-col relative items-end\">\n<div class=\"pt-0\">\n<div class=\"gizmo-bot-avatar flex h-8 w-8 items-center justify-center overflow-hidden rounded-full\">\n<div class=\"relative p-1 rounded-sm flex items-center justify-center bg-token-main-surface-primary text-token-text-primary h-8 w-8\">\n<p data-pm-slice=\"1 1 []\"><strong>VERISOL\u00ae<\/strong> \u00e9 composto por Pept\u00eddeos Bioativos de Col\u00e1geno, obtidos atrav\u00e9s de um avan\u00e7ado processo de hidr\u00f3lise, especialmente desenvolvido para gerar fragmentos de col\u00e1geno com alta afinidade pelas c\u00e9lulas da pele. Esses pept\u00eddeos atuam de dentro para fora, reativando o metabolismo d\u00e9rmico e promovendo uma a\u00e7\u00e3o efetiva contra os sinais do envelhecimento. Os primeiros resultados vis\u00edveis costumam surgir a partir de 4 semanas de uso cont\u00ednuo.<\/p>\n<\/div>\n<\/div>\n<\/div>\n<\/div>\n","protected":false},"featured_media":226,"comment_status":"closed","ping_status":"closed","template":"","meta":[],"product_brand":[],"product_cat":[17,18],"product_tag":[],"class_list":{"0":"post-200","1":"product","2":"type-product","3":"status-publish","4":"has-post-thumbnail","6":"product_cat-beleza","7":"product_cat-todas-categorias","9":"first","10":"instock","11":"featured","12":"shipping-taxable","13":"purchasable","14":"product-type-simple"},"yoast_head":"<!-- This site is optimized with the Yoast SEO plugin v26.4 - https:\/\/yoast.com\/wordpress\/plugins\/seo\/ -->\n<title>Gominha de Verisol 30 unidades - Farm\u00e1cia Moderna<\/title>\n<meta name=\"robots\" content=\"index, follow, max-snippet:-1, max-image-preview:large, max-video-preview:-1\" \/>\n<link rel=\"canonical\" href=\"https:\/\/clientehostix.com.br\/farmaciamoderna\/produto\/gominha-de-verisol-30-unidades\/\" \/>\n<meta property=\"og:locale\" content=\"pt_BR\" \/>\n<meta property=\"og:type\" content=\"article\" \/>\n<meta property=\"og:title\" content=\"Gominha de Verisol 30 unidades - Farm\u00e1cia Moderna\" \/>\n<meta property=\"og:description\" content=\"VERISOL\u00ae \u00e9 composto por Pept\u00eddeos Bioativos de Col\u00e1geno, obtidos atrav\u00e9s de um avan\u00e7ado processo de hidr\u00f3lise, especialmente desenvolvido para gerar fragmentos de col\u00e1geno com alta afinidade pelas c\u00e9lulas da pele. Esses pept\u00eddeos atuam de dentro para fora, reativando o metabolismo d\u00e9rmico e promovendo uma a\u00e7\u00e3o efetiva contra os sinais do envelhecimento. Os primeiros resultados vis\u00edveis costumam surgir a partir de 4 semanas de uso cont\u00ednuo.\" \/>\n<meta property=\"og:url\" content=\"https:\/\/clientehostix.com.br\/farmaciamoderna\/produto\/gominha-de-verisol-30-unidades\/\" \/>\n<meta property=\"og:site_name\" content=\"Farm\u00e1cia Moderna\" \/>\n<meta property=\"article:modified_time\" content=\"2025-11-07T17:38:03+00:00\" \/>\n<meta property=\"og:image\" content=\"https:\/\/clientehostix.com.br\/farmaciamoderna\/wp-content\/uploads\/2025\/10\/goma-verisol-30.jpg\" \/>\n\t<meta property=\"og:image:width\" content=\"500\" \/>\n\t<meta property=\"og:image:height\" content=\"549\" \/>\n\t<meta property=\"og:image:type\" content=\"image\/jpeg\" \/>\n<meta name=\"twitter:card\" content=\"summary_large_image\" \/>\n<meta name=\"twitter:label1\" content=\"Est. tempo de leitura\" \/>\n\t<meta name=\"twitter:data1\" content=\"4 minutos\" \/>\n<script type=\"application\/ld+json\" class=\"yoast-schema-graph\">{\"@context\":\"https:\/\/schema.org\",\"@graph\":[{\"@type\":\"WebPage\",\"@id\":\"https:\/\/clientehostix.com.br\/farmaciamoderna\/produto\/gominha-de-verisol-30-unidades\/\",\"url\":\"https:\/\/clientehostix.com.br\/farmaciamoderna\/produto\/gominha-de-verisol-30-unidades\/\",\"name\":\"Gominha de Verisol 30 unidades - Farm\u00e1cia Moderna\",\"isPartOf\":{\"@id\":\"https:\/\/clientehostix.com.br\/farmaciamoderna\/#website\"},\"primaryImageOfPage\":{\"@id\":\"https:\/\/clientehostix.com.br\/farmaciamoderna\/produto\/gominha-de-verisol-30-unidades\/#primaryimage\"},\"image\":{\"@id\":\"https:\/\/clientehostix.com.br\/farmaciamoderna\/produto\/gominha-de-verisol-30-unidades\/#primaryimage\"},\"thumbnailUrl\":\"https:\/\/clientehostix.com.br\/farmaciamoderna\/wp-content\/uploads\/2025\/10\/goma-verisol-30.jpg\",\"datePublished\":\"2025-10-14T17:53:25+00:00\",\"dateModified\":\"2025-11-07T17:38:03+00:00\",\"breadcrumb\":{\"@id\":\"https:\/\/clientehostix.com.br\/farmaciamoderna\/produto\/gominha-de-verisol-30-unidades\/#breadcrumb\"},\"inLanguage\":\"pt-BR\",\"potentialAction\":[{\"@type\":\"ReadAction\",\"target\":[\"https:\/\/clientehostix.com.br\/farmaciamoderna\/produto\/gominha-de-verisol-30-unidades\/\"]}]},{\"@type\":\"ImageObject\",\"inLanguage\":\"pt-BR\",\"@id\":\"https:\/\/clientehostix.com.br\/farmaciamoderna\/produto\/gominha-de-verisol-30-unidades\/#primaryimage\",\"url\":\"https:\/\/clientehostix.com.br\/farmaciamoderna\/wp-content\/uploads\/2025\/10\/goma-verisol-30.jpg\",\"contentUrl\":\"https:\/\/clientehostix.com.br\/farmaciamoderna\/wp-content\/uploads\/2025\/10\/goma-verisol-30.jpg\",\"width\":500,\"height\":549},{\"@type\":\"BreadcrumbList\",\"@id\":\"https:\/\/clientehostix.com.br\/farmaciamoderna\/produto\/gominha-de-verisol-30-unidades\/#breadcrumb\",\"itemListElement\":[{\"@type\":\"ListItem\",\"position\":1,\"name\":\"In\u00edcio\",\"item\":\"https:\/\/clientehostix.com.br\/farmaciamoderna\/\"},{\"@type\":\"ListItem\",\"position\":2,\"name\":\"Produtos\",\"item\":\"https:\/\/clientehostix.com.br\/farmaciamoderna\/loja__trashed\/\"},{\"@type\":\"ListItem\",\"position\":3,\"name\":\"Gominha de Verisol 30 unidades\"}]},{\"@type\":\"WebSite\",\"@id\":\"https:\/\/clientehostix.com.br\/farmaciamoderna\/#website\",\"url\":\"https:\/\/clientehostix.com.br\/farmaciamoderna\/\",\"name\":\"Farm\u00e1cia Moderna\",\"description\":\"\",\"publisher\":{\"@id\":\"https:\/\/clientehostix.com.br\/farmaciamoderna\/#organization\"},\"potentialAction\":[{\"@type\":\"SearchAction\",\"target\":{\"@type\":\"EntryPoint\",\"urlTemplate\":\"https:\/\/clientehostix.com.br\/farmaciamoderna\/?s={search_term_string}\"},\"query-input\":{\"@type\":\"PropertyValueSpecification\",\"valueRequired\":true,\"valueName\":\"search_term_string\"}}],\"inLanguage\":\"pt-BR\"},{\"@type\":\"Organization\",\"@id\":\"https:\/\/clientehostix.com.br\/farmaciamoderna\/#organization\",\"name\":\"Farm\u00e1cia Moderna\",\"url\":\"https:\/\/clientehostix.com.br\/farmaciamoderna\/\",\"logo\":{\"@type\":\"ImageObject\",\"inLanguage\":\"pt-BR\",\"@id\":\"https:\/\/clientehostix.com.br\/farmaciamoderna\/#\/schema\/logo\/image\/\",\"url\":\"https:\/\/clientehostix.com.br\/farmaciamoderna\/wp-content\/uploads\/2025\/10\/cropped-logo2-1.png\",\"contentUrl\":\"https:\/\/clientehostix.com.br\/farmaciamoderna\/wp-content\/uploads\/2025\/10\/cropped-logo2-1.png\",\"width\":196,\"height\":90,\"caption\":\"Farm\u00e1cia Moderna\"},\"image\":{\"@id\":\"https:\/\/clientehostix.com.br\/farmaciamoderna\/#\/schema\/logo\/image\/\"}}]}<\/script>\n<!-- \/ Yoast SEO plugin. -->","yoast_head_json":{"title":"Gominha de Verisol 30 unidades - Farm\u00e1cia Moderna","robots":{"index":"index","follow":"follow","max-snippet":"max-snippet:-1","max-image-preview":"max-image-preview:large","max-video-preview":"max-video-preview:-1"},"canonical":"https:\/\/clientehostix.com.br\/farmaciamoderna\/produto\/gominha-de-verisol-30-unidades\/","og_locale":"pt_BR","og_type":"article","og_title":"Gominha de Verisol 30 unidades - Farm\u00e1cia Moderna","og_description":"VERISOL\u00ae \u00e9 composto por Pept\u00eddeos Bioativos de Col\u00e1geno, obtidos atrav\u00e9s de um avan\u00e7ado processo de hidr\u00f3lise, especialmente desenvolvido para gerar fragmentos de col\u00e1geno com alta afinidade pelas c\u00e9lulas da pele. Esses pept\u00eddeos atuam de dentro para fora, reativando o metabolismo d\u00e9rmico e promovendo uma a\u00e7\u00e3o efetiva contra os sinais do envelhecimento. Os primeiros resultados vis\u00edveis costumam surgir a partir de 4 semanas de uso cont\u00ednuo.","og_url":"https:\/\/clientehostix.com.br\/farmaciamoderna\/produto\/gominha-de-verisol-30-unidades\/","og_site_name":"Farm\u00e1cia Moderna","article_modified_time":"2025-11-07T17:38:03+00:00","og_image":[{"width":500,"height":549,"url":"https:\/\/clientehostix.com.br\/farmaciamoderna\/wp-content\/uploads\/2025\/10\/goma-verisol-30.jpg","type":"image\/jpeg"}],"twitter_card":"summary_large_image","twitter_misc":{"Est. tempo de leitura":"4 minutos"},"schema":{"@context":"https:\/\/schema.org","@graph":[{"@type":"WebPage","@id":"https:\/\/clientehostix.com.br\/farmaciamoderna\/produto\/gominha-de-verisol-30-unidades\/","url":"https:\/\/clientehostix.com.br\/farmaciamoderna\/produto\/gominha-de-verisol-30-unidades\/","name":"Gominha de Verisol 30 unidades - Farm\u00e1cia Moderna","isPartOf":{"@id":"https:\/\/clientehostix.com.br\/farmaciamoderna\/#website"},"primaryImageOfPage":{"@id":"https:\/\/clientehostix.com.br\/farmaciamoderna\/produto\/gominha-de-verisol-30-unidades\/#primaryimage"},"image":{"@id":"https:\/\/clientehostix.com.br\/farmaciamoderna\/produto\/gominha-de-verisol-30-unidades\/#primaryimage"},"thumbnailUrl":"https:\/\/clientehostix.com.br\/farmaciamoderna\/wp-content\/uploads\/2025\/10\/goma-verisol-30.jpg","datePublished":"2025-10-14T17:53:25+00:00","dateModified":"2025-11-07T17:38:03+00:00","breadcrumb":{"@id":"https:\/\/clientehostix.com.br\/farmaciamoderna\/produto\/gominha-de-verisol-30-unidades\/#breadcrumb"},"inLanguage":"pt-BR","potentialAction":[{"@type":"ReadAction","target":["https:\/\/clientehostix.com.br\/farmaciamoderna\/produto\/gominha-de-verisol-30-unidades\/"]}]},{"@type":"ImageObject","inLanguage":"pt-BR","@id":"https:\/\/clientehostix.com.br\/farmaciamoderna\/produto\/gominha-de-verisol-30-unidades\/#primaryimage","url":"https:\/\/clientehostix.com.br\/farmaciamoderna\/wp-content\/uploads\/2025\/10\/goma-verisol-30.jpg","contentUrl":"https:\/\/clientehostix.com.br\/farmaciamoderna\/wp-content\/uploads\/2025\/10\/goma-verisol-30.jpg","width":500,"height":549},{"@type":"BreadcrumbList","@id":"https:\/\/clientehostix.com.br\/farmaciamoderna\/produto\/gominha-de-verisol-30-unidades\/#breadcrumb","itemListElement":[{"@type":"ListItem","position":1,"name":"In\u00edcio","item":"https:\/\/clientehostix.com.br\/farmaciamoderna\/"},{"@type":"ListItem","position":2,"name":"Produtos","item":"https:\/\/clientehostix.com.br\/farmaciamoderna\/loja__trashed\/"},{"@type":"ListItem","position":3,"name":"Gominha de Verisol 30 unidades"}]},{"@type":"WebSite","@id":"https:\/\/clientehostix.com.br\/farmaciamoderna\/#website","url":"https:\/\/clientehostix.com.br\/farmaciamoderna\/","name":"Farm\u00e1cia Moderna","description":"","publisher":{"@id":"https:\/\/clientehostix.com.br\/farmaciamoderna\/#organization"},"potentialAction":[{"@type":"SearchAction","target":{"@type":"EntryPoint","urlTemplate":"https:\/\/clientehostix.com.br\/farmaciamoderna\/?s={search_term_string}"},"query-input":{"@type":"PropertyValueSpecification","valueRequired":true,"valueName":"search_term_string"}}],"inLanguage":"pt-BR"},{"@type":"Organization","@id":"https:\/\/clientehostix.com.br\/farmaciamoderna\/#organization","name":"Farm\u00e1cia Moderna","url":"https:\/\/clientehostix.com.br\/farmaciamoderna\/","logo":{"@type":"ImageObject","inLanguage":"pt-BR","@id":"https:\/\/clientehostix.com.br\/farmaciamoderna\/#\/schema\/logo\/image\/","url":"https:\/\/clientehostix.com.br\/farmaciamoderna\/wp-content\/uploads\/2025\/10\/cropped-logo2-1.png","contentUrl":"https:\/\/clientehostix.com.br\/farmaciamoderna\/wp-content\/uploads\/2025\/10\/cropped-logo2-1.png","width":196,"height":90,"caption":"Farm\u00e1cia Moderna"},"image":{"@id":"https:\/\/clientehostix.com.br\/farmaciamoderna\/#\/schema\/logo\/image\/"}}]}},"_links":{"self":[{"href":"https:\/\/clientehostix.com.br\/farmaciamoderna\/wp-json\/wp\/v2\/product\/200","targetHints":{"allow":["GET"]}}],"collection":[{"href":"https:\/\/clientehostix.com.br\/farmaciamoderna\/wp-json\/wp\/v2\/product"}],"about":[{"href":"https:\/\/clientehostix.com.br\/farmaciamoderna\/wp-json\/wp\/v2\/types\/product"}],"replies":[{"embeddable":true,"href":"https:\/\/clientehostix.com.br\/farmaciamoderna\/wp-json\/wp\/v2\/comments?post=200"}],"wp:featuredmedia":[{"embeddable":true,"href":"https:\/\/clientehostix.com.br\/farmaciamoderna\/wp-json\/wp\/v2\/media\/226"}],"wp:attachment":[{"href":"https:\/\/clientehostix.com.br\/farmaciamoderna\/wp-json\/wp\/v2\/media?parent=200"}],"wp:term":[{"taxonomy":"product_brand","embeddable":true,"href":"https:\/\/clientehostix.com.br\/farmaciamoderna\/wp-json\/wp\/v2\/product_brand?post=200"},{"taxonomy":"product_cat","embeddable":true,"href":"https:\/\/clientehostix.com.br\/farmaciamoderna\/wp-json\/wp\/v2\/product_cat?post=200"},{"taxonomy":"product_tag","embeddable":true,"href":"https:\/\/clientehostix.com.br\/farmaciamoderna\/wp-json\/wp\/v2\/product_tag?post=200"}],"curies":[{"name":"wp","href":"https:\/\/api.w.org\/{rel}","templated":true}]}}