{"id":196,"date":"2025-10-14T14:53:25","date_gmt":"2025-10-14T17:53:25","guid":{"rendered":"https:\/\/clientehostix.com.br\/farmaciamoderna\/?post_type=product&#038;p=196"},"modified":"2025-11-07T15:19:23","modified_gmt":"2025-11-07T18:19:23","slug":"oleo-de-semente-de-abobora-em-capsulas-60-capsulas","status":"publish","type":"product","link":"https:\/\/clientehostix.com.br\/farmaciamoderna\/produto\/oleo-de-semente-de-abobora-em-capsulas-60-capsulas\/","title":{"rendered":"\u00d3leo De Semente De Ab\u00f3bora Em C\u00e1psulas 60 c\u00e1psulas"},"content":{"rendered":"<div class=\"descricao-formatada\">\n<h2>O que \u00e9 e Composi\u00e7\u00e3o:<\/h2>\n<p>O \u00f3leo de semente de ab\u00f3bora \u00e9 rico em vitamina E, um potente antioxidante que ajuda a impedir a propaga\u00e7\u00e3o dos radicais livres nas membranas celulares.<\/p>\n<p>As vitaminas A e E presentes em sua composi\u00e7\u00e3o tamb\u00e9m desempenham um papel importante na manuten\u00e7\u00e3o da sa\u00fade da pele.<\/p>\n<h3>Foco na Sa\u00fade da Pr\u00f3stata e Cora\u00e7\u00e3o:<\/h3>\n<p>Seus fitoqu\u00edmicos t\u00eam sido estudados por seu potencial na preven\u00e7\u00e3o do c\u00e2ncer de pr\u00f3stata, ganhando destaque em diversas pesquisas nessa \u00e1rea. Al\u00e9m disso, os \u00e1cidos graxos essenciais presentes no \u00f3leo contribuem para a redu\u00e7\u00e3o dos n\u00edveis de LDL (colesterol ruim) e para o aumento do HDL (colesterol bom) no organismo (AL-ZUHAIR H, 1997).<\/p>\n<h2>Benef\u00edcios e A\u00e7\u00e3o:<\/h2>\n<ul>\n<li>Auxilia e previne a queda de cabelo (agente eficaz no tratamento da alop\u00e9cia androgen\u00e9tica leve a moderada)<\/li>\n<li>Estimula o crescimento e aumenta o volume e espessura dos cabelos<\/li>\n<li>Coadjuvante no tratamento de Hiperplasia prost\u00e1tica benigna<\/li>\n<li>Atua como anti-inflamat\u00f3rio natural (al\u00edvio dos sintomas de artrite reumatoide)<\/li>\n<li>Modula\u00e7\u00e3o dos n\u00edveis de colesterol (redu\u00e7\u00e3o de LDL e aumento de HDL)<\/li>\n<li>Antiparasit\u00e1rio natural (verm\u00edfugo), podendo ser utilizado por crian\u00e7as e adultos<\/li>\n<li>Promove destoxifica\u00e7\u00e3o natural do organismo<\/li>\n<li>Ajudar a hidratar e nutrir a pele de dentro para fora<\/li>\n<li>Benef\u00edcios atestados em diversos estudos (sa\u00fade cardiovascular e fortalecimento imunol\u00f3gico)<\/li>\n<\/ul>\n<h2>Estudo, Posologia e Validade:<\/h2>\n<p><strong>Benef\u00edcios atestados em diversos estudos:<\/strong> Estudos indicam que ele se destaca por sua capacidade de promover a sa\u00fade cardiovascular atrav\u00e9s dos \u00e1cidos graxos instaurados, fortalecer o sistema imunol\u00f3gico com antioxidantes e nutrientes essenciais, e apoiar a sa\u00fade da pr\u00f3stata.<\/p>\n<p><strong>Composi\u00e7\u00e3o:<\/strong> 1 C\u00e1psula cont\u00e9m 1000mg de \u00d3leo de Semente de Ab\u00f3bora.<\/p>\n<p><strong>Posologia:<\/strong> Tomar 3 c\u00e1psulas ao dia.<\/p>\n<p><strong>Validade:<\/strong> 6 meses.<\/p>\n<div style=\"width: 100%; margin-top: 20px; padding-top: 15px; border-top: 1px solid #eee;\">\n        <strong>Advert\u00eancias e Informa\u00e7\u00f5es de Seguran\u00e7a:<\/strong> ESTE PRODUTO N\u00c3O \u00c9 UM MEDICAMENTO. N\u00c3O EXCEDER A RECOMENDA\u00c7\u00c3O DI\u00c1RIA DE CONSUMO INDICADA NA EMBALAGEM. MANTENHA FORA DO ALCAN\u00c7E DE CRIAN\u00c7AS. Mantenha o frasco firmemente fechado. Conservar este produto ao abrigo de luz, calor e umidade. Esta embalagem foi selada para sua prote\u00e7\u00e3o. N\u00e3o utilize o produto em caso de viola\u00e7\u00e3o. Ap\u00f3s aberto consumir em at\u00e9 90 dias.\n    <\/div>\n<\/div>\n","protected":false},"excerpt":{"rendered":"<div class=\"flex-shrink-0 flex flex-col relative items-end\">\n<div class=\"pt-0\">\n<div class=\"gizmo-bot-avatar flex h-8 w-8 items-center justify-center overflow-hidden rounded-full\">\n<div class=\"relative p-1 rounded-sm flex items-center justify-center bg-token-main-surface-primary text-token-text-primary h-8 w-8\">\n<p data-pm-slice=\"1 1 []\">O <strong>\u00d3leo de Semente de Ab\u00f3bora<\/strong>\u00a0\u00e9 reconhecido por trazer\u00a0<strong>benef\u00edcios<\/strong>\u00a0para a sa\u00fade\u00a0<strong>cardiovascular<\/strong>\u00a0e do sistema\u00a0<strong>urin\u00e1rio<\/strong>. \u00d3leo extra\u00eddo por prensagem a frio e adicionado de\u00a0<strong>Vitamina E<\/strong>\u00a0para preservar suas\u00a0<strong>propriedades<\/strong>.<\/p>\n<\/div>\n<\/div>\n<\/div>\n<\/div>\n","protected":false},"featured_media":222,"comment_status":"open","ping_status":"closed","template":"","meta":[],"product_brand":[],"product_cat":[21,18],"product_tag":[],"class_list":{"0":"post-196","1":"product","2":"type-product","3":"status-publish","4":"has-post-thumbnail","6":"product_cat-longevidade","7":"product_cat-todas-categorias","9":"first","10":"instock","11":"shipping-taxable","12":"purchasable","13":"product-type-simple"},"yoast_head":"<!-- This site is optimized with the Yoast SEO plugin v26.4 - https:\/\/yoast.com\/wordpress\/plugins\/seo\/ -->\n<title>\u00d3leo De Semente De Ab\u00f3bora Em C\u00e1psulas 60 c\u00e1psulas - Farm\u00e1cia Moderna<\/title>\n<meta name=\"robots\" content=\"index, follow, max-snippet:-1, max-image-preview:large, max-video-preview:-1\" \/>\n<link rel=\"canonical\" href=\"https:\/\/clientehostix.com.br\/farmaciamoderna\/produto\/oleo-de-semente-de-abobora-em-capsulas-60-capsulas\/\" \/>\n<meta property=\"og:locale\" content=\"pt_BR\" \/>\n<meta property=\"og:type\" content=\"article\" \/>\n<meta property=\"og:title\" content=\"\u00d3leo De Semente De Ab\u00f3bora Em C\u00e1psulas 60 c\u00e1psulas - Farm\u00e1cia Moderna\" \/>\n<meta property=\"og:description\" content=\"O \u00d3leo de Semente de Ab\u00f3bora\u00a0\u00e9 reconhecido por trazer\u00a0benef\u00edcios\u00a0para a sa\u00fade\u00a0cardiovascular\u00a0e do sistema\u00a0urin\u00e1rio. \u00d3leo extra\u00eddo por prensagem a frio e adicionado de\u00a0Vitamina E\u00a0para preservar suas\u00a0propriedades.\" \/>\n<meta property=\"og:url\" content=\"https:\/\/clientehostix.com.br\/farmaciamoderna\/produto\/oleo-de-semente-de-abobora-em-capsulas-60-capsulas\/\" \/>\n<meta property=\"og:site_name\" content=\"Farm\u00e1cia Moderna\" \/>\n<meta property=\"article:modified_time\" content=\"2025-11-07T18:19:23+00:00\" \/>\n<meta property=\"og:image\" content=\"https:\/\/clientehostix.com.br\/farmaciamoderna\/wp-content\/uploads\/2025\/10\/semente-60.jpg\" \/>\n\t<meta property=\"og:image:width\" content=\"500\" \/>\n\t<meta property=\"og:image:height\" content=\"549\" \/>\n\t<meta property=\"og:image:type\" content=\"image\/jpeg\" \/>\n<meta name=\"twitter:card\" content=\"summary_large_image\" \/>\n<meta name=\"twitter:label1\" content=\"Est. tempo de leitura\" \/>\n\t<meta name=\"twitter:data1\" content=\"5 minutos\" \/>\n<script type=\"application\/ld+json\" class=\"yoast-schema-graph\">{\"@context\":\"https:\/\/schema.org\",\"@graph\":[{\"@type\":\"WebPage\",\"@id\":\"https:\/\/clientehostix.com.br\/farmaciamoderna\/produto\/oleo-de-semente-de-abobora-em-capsulas-60-capsulas\/\",\"url\":\"https:\/\/clientehostix.com.br\/farmaciamoderna\/produto\/oleo-de-semente-de-abobora-em-capsulas-60-capsulas\/\",\"name\":\"\u00d3leo De Semente De Ab\u00f3bora Em C\u00e1psulas 60 c\u00e1psulas - Farm\u00e1cia Moderna\",\"isPartOf\":{\"@id\":\"https:\/\/clientehostix.com.br\/farmaciamoderna\/#website\"},\"primaryImageOfPage\":{\"@id\":\"https:\/\/clientehostix.com.br\/farmaciamoderna\/produto\/oleo-de-semente-de-abobora-em-capsulas-60-capsulas\/#primaryimage\"},\"image\":{\"@id\":\"https:\/\/clientehostix.com.br\/farmaciamoderna\/produto\/oleo-de-semente-de-abobora-em-capsulas-60-capsulas\/#primaryimage\"},\"thumbnailUrl\":\"https:\/\/clientehostix.com.br\/farmaciamoderna\/wp-content\/uploads\/2025\/10\/semente-60.jpg\",\"datePublished\":\"2025-10-14T17:53:25+00:00\",\"dateModified\":\"2025-11-07T18:19:23+00:00\",\"breadcrumb\":{\"@id\":\"https:\/\/clientehostix.com.br\/farmaciamoderna\/produto\/oleo-de-semente-de-abobora-em-capsulas-60-capsulas\/#breadcrumb\"},\"inLanguage\":\"pt-BR\",\"potentialAction\":[{\"@type\":\"ReadAction\",\"target\":[\"https:\/\/clientehostix.com.br\/farmaciamoderna\/produto\/oleo-de-semente-de-abobora-em-capsulas-60-capsulas\/\"]}]},{\"@type\":\"ImageObject\",\"inLanguage\":\"pt-BR\",\"@id\":\"https:\/\/clientehostix.com.br\/farmaciamoderna\/produto\/oleo-de-semente-de-abobora-em-capsulas-60-capsulas\/#primaryimage\",\"url\":\"https:\/\/clientehostix.com.br\/farmaciamoderna\/wp-content\/uploads\/2025\/10\/semente-60.jpg\",\"contentUrl\":\"https:\/\/clientehostix.com.br\/farmaciamoderna\/wp-content\/uploads\/2025\/10\/semente-60.jpg\",\"width\":500,\"height\":549},{\"@type\":\"BreadcrumbList\",\"@id\":\"https:\/\/clientehostix.com.br\/farmaciamoderna\/produto\/oleo-de-semente-de-abobora-em-capsulas-60-capsulas\/#breadcrumb\",\"itemListElement\":[{\"@type\":\"ListItem\",\"position\":1,\"name\":\"In\u00edcio\",\"item\":\"https:\/\/clientehostix.com.br\/farmaciamoderna\/\"},{\"@type\":\"ListItem\",\"position\":2,\"name\":\"Produtos\",\"item\":\"https:\/\/clientehostix.com.br\/farmaciamoderna\/loja__trashed\/\"},{\"@type\":\"ListItem\",\"position\":3,\"name\":\"\u00d3leo De Semente De Ab\u00f3bora Em C\u00e1psulas 60 c\u00e1psulas\"}]},{\"@type\":\"WebSite\",\"@id\":\"https:\/\/clientehostix.com.br\/farmaciamoderna\/#website\",\"url\":\"https:\/\/clientehostix.com.br\/farmaciamoderna\/\",\"name\":\"Farm\u00e1cia Moderna\",\"description\":\"\",\"publisher\":{\"@id\":\"https:\/\/clientehostix.com.br\/farmaciamoderna\/#organization\"},\"potentialAction\":[{\"@type\":\"SearchAction\",\"target\":{\"@type\":\"EntryPoint\",\"urlTemplate\":\"https:\/\/clientehostix.com.br\/farmaciamoderna\/?s={search_term_string}\"},\"query-input\":{\"@type\":\"PropertyValueSpecification\",\"valueRequired\":true,\"valueName\":\"search_term_string\"}}],\"inLanguage\":\"pt-BR\"},{\"@type\":\"Organization\",\"@id\":\"https:\/\/clientehostix.com.br\/farmaciamoderna\/#organization\",\"name\":\"Farm\u00e1cia Moderna\",\"url\":\"https:\/\/clientehostix.com.br\/farmaciamoderna\/\",\"logo\":{\"@type\":\"ImageObject\",\"inLanguage\":\"pt-BR\",\"@id\":\"https:\/\/clientehostix.com.br\/farmaciamoderna\/#\/schema\/logo\/image\/\",\"url\":\"https:\/\/clientehostix.com.br\/farmaciamoderna\/wp-content\/uploads\/2025\/10\/cropped-logo2-1.png\",\"contentUrl\":\"https:\/\/clientehostix.com.br\/farmaciamoderna\/wp-content\/uploads\/2025\/10\/cropped-logo2-1.png\",\"width\":196,\"height\":90,\"caption\":\"Farm\u00e1cia Moderna\"},\"image\":{\"@id\":\"https:\/\/clientehostix.com.br\/farmaciamoderna\/#\/schema\/logo\/image\/\"}}]}<\/script>\n<!-- \/ Yoast SEO plugin. -->","yoast_head_json":{"title":"\u00d3leo De Semente De Ab\u00f3bora Em C\u00e1psulas 60 c\u00e1psulas - Farm\u00e1cia Moderna","robots":{"index":"index","follow":"follow","max-snippet":"max-snippet:-1","max-image-preview":"max-image-preview:large","max-video-preview":"max-video-preview:-1"},"canonical":"https:\/\/clientehostix.com.br\/farmaciamoderna\/produto\/oleo-de-semente-de-abobora-em-capsulas-60-capsulas\/","og_locale":"pt_BR","og_type":"article","og_title":"\u00d3leo De Semente De Ab\u00f3bora Em C\u00e1psulas 60 c\u00e1psulas - Farm\u00e1cia Moderna","og_description":"O \u00d3leo de Semente de Ab\u00f3bora\u00a0\u00e9 reconhecido por trazer\u00a0benef\u00edcios\u00a0para a sa\u00fade\u00a0cardiovascular\u00a0e do sistema\u00a0urin\u00e1rio. \u00d3leo extra\u00eddo por prensagem a frio e adicionado de\u00a0Vitamina E\u00a0para preservar suas\u00a0propriedades.","og_url":"https:\/\/clientehostix.com.br\/farmaciamoderna\/produto\/oleo-de-semente-de-abobora-em-capsulas-60-capsulas\/","og_site_name":"Farm\u00e1cia Moderna","article_modified_time":"2025-11-07T18:19:23+00:00","og_image":[{"width":500,"height":549,"url":"https:\/\/clientehostix.com.br\/farmaciamoderna\/wp-content\/uploads\/2025\/10\/semente-60.jpg","type":"image\/jpeg"}],"twitter_card":"summary_large_image","twitter_misc":{"Est. tempo de leitura":"5 minutos"},"schema":{"@context":"https:\/\/schema.org","@graph":[{"@type":"WebPage","@id":"https:\/\/clientehostix.com.br\/farmaciamoderna\/produto\/oleo-de-semente-de-abobora-em-capsulas-60-capsulas\/","url":"https:\/\/clientehostix.com.br\/farmaciamoderna\/produto\/oleo-de-semente-de-abobora-em-capsulas-60-capsulas\/","name":"\u00d3leo De Semente De Ab\u00f3bora Em C\u00e1psulas 60 c\u00e1psulas - Farm\u00e1cia Moderna","isPartOf":{"@id":"https:\/\/clientehostix.com.br\/farmaciamoderna\/#website"},"primaryImageOfPage":{"@id":"https:\/\/clientehostix.com.br\/farmaciamoderna\/produto\/oleo-de-semente-de-abobora-em-capsulas-60-capsulas\/#primaryimage"},"image":{"@id":"https:\/\/clientehostix.com.br\/farmaciamoderna\/produto\/oleo-de-semente-de-abobora-em-capsulas-60-capsulas\/#primaryimage"},"thumbnailUrl":"https:\/\/clientehostix.com.br\/farmaciamoderna\/wp-content\/uploads\/2025\/10\/semente-60.jpg","datePublished":"2025-10-14T17:53:25+00:00","dateModified":"2025-11-07T18:19:23+00:00","breadcrumb":{"@id":"https:\/\/clientehostix.com.br\/farmaciamoderna\/produto\/oleo-de-semente-de-abobora-em-capsulas-60-capsulas\/#breadcrumb"},"inLanguage":"pt-BR","potentialAction":[{"@type":"ReadAction","target":["https:\/\/clientehostix.com.br\/farmaciamoderna\/produto\/oleo-de-semente-de-abobora-em-capsulas-60-capsulas\/"]}]},{"@type":"ImageObject","inLanguage":"pt-BR","@id":"https:\/\/clientehostix.com.br\/farmaciamoderna\/produto\/oleo-de-semente-de-abobora-em-capsulas-60-capsulas\/#primaryimage","url":"https:\/\/clientehostix.com.br\/farmaciamoderna\/wp-content\/uploads\/2025\/10\/semente-60.jpg","contentUrl":"https:\/\/clientehostix.com.br\/farmaciamoderna\/wp-content\/uploads\/2025\/10\/semente-60.jpg","width":500,"height":549},{"@type":"BreadcrumbList","@id":"https:\/\/clientehostix.com.br\/farmaciamoderna\/produto\/oleo-de-semente-de-abobora-em-capsulas-60-capsulas\/#breadcrumb","itemListElement":[{"@type":"ListItem","position":1,"name":"In\u00edcio","item":"https:\/\/clientehostix.com.br\/farmaciamoderna\/"},{"@type":"ListItem","position":2,"name":"Produtos","item":"https:\/\/clientehostix.com.br\/farmaciamoderna\/loja__trashed\/"},{"@type":"ListItem","position":3,"name":"\u00d3leo De Semente De Ab\u00f3bora Em C\u00e1psulas 60 c\u00e1psulas"}]},{"@type":"WebSite","@id":"https:\/\/clientehostix.com.br\/farmaciamoderna\/#website","url":"https:\/\/clientehostix.com.br\/farmaciamoderna\/","name":"Farm\u00e1cia Moderna","description":"","publisher":{"@id":"https:\/\/clientehostix.com.br\/farmaciamoderna\/#organization"},"potentialAction":[{"@type":"SearchAction","target":{"@type":"EntryPoint","urlTemplate":"https:\/\/clientehostix.com.br\/farmaciamoderna\/?s={search_term_string}"},"query-input":{"@type":"PropertyValueSpecification","valueRequired":true,"valueName":"search_term_string"}}],"inLanguage":"pt-BR"},{"@type":"Organization","@id":"https:\/\/clientehostix.com.br\/farmaciamoderna\/#organization","name":"Farm\u00e1cia Moderna","url":"https:\/\/clientehostix.com.br\/farmaciamoderna\/","logo":{"@type":"ImageObject","inLanguage":"pt-BR","@id":"https:\/\/clientehostix.com.br\/farmaciamoderna\/#\/schema\/logo\/image\/","url":"https:\/\/clientehostix.com.br\/farmaciamoderna\/wp-content\/uploads\/2025\/10\/cropped-logo2-1.png","contentUrl":"https:\/\/clientehostix.com.br\/farmaciamoderna\/wp-content\/uploads\/2025\/10\/cropped-logo2-1.png","width":196,"height":90,"caption":"Farm\u00e1cia Moderna"},"image":{"@id":"https:\/\/clientehostix.com.br\/farmaciamoderna\/#\/schema\/logo\/image\/"}}]}},"_links":{"self":[{"href":"https:\/\/clientehostix.com.br\/farmaciamoderna\/wp-json\/wp\/v2\/product\/196","targetHints":{"allow":["GET"]}}],"collection":[{"href":"https:\/\/clientehostix.com.br\/farmaciamoderna\/wp-json\/wp\/v2\/product"}],"about":[{"href":"https:\/\/clientehostix.com.br\/farmaciamoderna\/wp-json\/wp\/v2\/types\/product"}],"replies":[{"embeddable":true,"href":"https:\/\/clientehostix.com.br\/farmaciamoderna\/wp-json\/wp\/v2\/comments?post=196"}],"wp:featuredmedia":[{"embeddable":true,"href":"https:\/\/clientehostix.com.br\/farmaciamoderna\/wp-json\/wp\/v2\/media\/222"}],"wp:attachment":[{"href":"https:\/\/clientehostix.com.br\/farmaciamoderna\/wp-json\/wp\/v2\/media?parent=196"}],"wp:term":[{"taxonomy":"product_brand","embeddable":true,"href":"https:\/\/clientehostix.com.br\/farmaciamoderna\/wp-json\/wp\/v2\/product_brand?post=196"},{"taxonomy":"product_cat","embeddable":true,"href":"https:\/\/clientehostix.com.br\/farmaciamoderna\/wp-json\/wp\/v2\/product_cat?post=196"},{"taxonomy":"product_tag","embeddable":true,"href":"https:\/\/clientehostix.com.br\/farmaciamoderna\/wp-json\/wp\/v2\/product_tag?post=196"}],"curies":[{"name":"wp","href":"https:\/\/api.w.org\/{rel}","templated":true}]}}