{"id":188,"date":"2025-10-14T14:53:24","date_gmt":"2025-10-14T17:53:24","guid":{"rendered":"https:\/\/clientehostix.com.br\/farmaciamoderna\/?post_type=product&#038;p=188"},"modified":"2025-11-07T14:43:11","modified_gmt":"2025-11-07T17:43:11","slug":"serum-para-crescimento-dos-cilios-e-sobrancelhas","status":"publish","type":"product","link":"https:\/\/clientehostix.com.br\/farmaciamoderna\/produto\/serum-para-crescimento-dos-cilios-e-sobrancelhas\/","title":{"rendered":"S\u00e9rum Para Crescimento dos C\u00edlios e Sobrancelhas"},"content":{"rendered":"<div class=\"descricao-formatada\">\n<h2>O que \u00e9 e Como Funciona?<\/h2>\n<p>Descubra a inova\u00e7\u00e3o que promove o crescimento saud\u00e1vel, fortalecendo seus c\u00edlios e sobrancelhas. Nossa f\u00f3rmula exclusiva estimula os fol\u00edculos capilares, deixando-os mais cheios, definidos e resistentes.<\/p>\n<p>O s\u00e9rum de crescimento para c\u00edlios e sobrancelhas \u00e9 uma solu\u00e7\u00e3o pr\u00e1tica e eficaz para quem busca fios mais longos, cheios e definidos. Ele atua estimulando os fol\u00edculos capilares, fortalecendo os pelos e reduzindo a queda. Al\u00e9m de promover o crescimento saud\u00e1vel, o s\u00e9rum hidrata os fios, deixando-os mais resistentes e com apar\u00eancia naturalmente volumosa, real\u00e7ando o olhar de forma impactante.<\/p>\n<h3>Mecanismo e Ativos Principais:<\/h3>\n<p><strong>A associa\u00e7\u00e3o conjunta dos ativos de Fatores de Crescimento promove est\u00edmulos e reparo tecidual.<\/strong><\/p>\n<ul>\n<li>**aFGF (Fator de Crescimento Fibrobl\u00e1stico \u00c1cido &#8211; Polipeptide-11):** Estimula o crescimento capilar, previne a despigmenta\u00e7\u00e3o por estimular melan\u00f3citos da raiz do cabelo, induz a prolifera\u00e7\u00e3o de c\u00e9lulas do endot\u00e9lio vascular e, portanto, melhora a circula\u00e7\u00e3o perif\u00e9rica.<\/li>\n<li>**VEGF (Fator de Crescimento Endotelial Vascular &#8211; Polipeptide-9):** Promove angiog\u00eanese (forma\u00e7\u00e3o de novos vasos sangu\u00edneos), promove vasodilata\u00e7\u00e3o, melhora a nutri\u00e7\u00e3o do fol\u00edculo capilar e estimula o crescimento dos cabelos.<\/li>\n<li>**Follicusan:** Estimula o funcionamento das c\u00e9lulas dos fol\u00edculos dos c\u00edlios, promovendo o aumento da bioss\u00edntese de prote\u00ednas.<\/li>\n<\/ul>\n<h2>Benef\u00edcios e Indica\u00e7\u00f5es:<\/h2>\n<ul>\n<li>Restaura naturalmente o ciclo capilar e reduz a queda dos cabelos (testado in vivo).<\/li>\n<li>Aumenta o volume e densidade dos fios.<\/li>\n<li>Melhora o brilho, a maciez e estimula o crescimento saud\u00e1vel.<\/li>\n<li>Proporciona conforto ao couro cabeludo (ajuda a prevenir caspa e seborreia) e previne desordens funcionais.<\/li>\n<li>Nutre o cabelo de dentro para fora (Suplementa\u00e7\u00e3o eficaz com comprova\u00e7\u00e3o cient\u00edfica).<\/li>\n<li>Fator de crescimento c\u00edlios e sobrancelhas da Farm\u00e1cia Moderna \u00e9 um bioativo idealizado especialmente para o tratamento preventivo.<\/li>\n<li>Ideal para homens e mulheres que desejam fios mais fortes, bonitos e resistentes.<\/li>\n<li>**Indicado para:** Falhas nas sobrancelhas, C\u00edlios curtos e fr\u00e1geis, Reposi\u00e7\u00e3o de densidade ap\u00f3s procedimentos est\u00e9ticos.<\/li>\n<li>Resultados em 8 semanas de utiliza\u00e7\u00e3o.<\/li>\n<\/ul>\n<h2>Posologia e Composi\u00e7\u00e3o:<\/h2>\n<p><strong>POSOLOGIA:<\/strong> Aplique Diariamente: Use o pincel aplicador sobre c\u00edlios ou sobrancelhas limpas. Aguarde Resultados R\u00e1pidos: Perceba a diferen\u00e7a na densidade e for\u00e7a em poucas semanas. Mantenha a Regularidade: Para um efeito prolongado, use conforme a recomenda\u00e7\u00e3o do farmac\u00eautico.<\/p>\n<h3>Composi\u00e7\u00e3o:<\/h3>\n<ul>\n<li>Fator de crescimento aFGF 1,5%<\/li>\n<li>Fator de crescimento VEGF 1,5%<\/li>\n<li>Follicusan 3%<\/li>\n<li>S\u00e9rum qsp<\/li>\n<li>M\u00e1scara para c\u00edlios 10g<\/li>\n<li><strong>Informa\u00e7\u00f5es de Seguran\u00e7a:<\/strong> Pessoas com hipersensibilidade \u00e0 subst\u00e2ncia n\u00e3o devem fazer uso do produto. Em caso de hipersensibilidade ao produto, recomenda-se descontinuar o uso e consultar o m\u00e9dico. Imagens meramente ilustrativas. N\u00e3o use o produto com o prazo de validade vencido. Manter em temperatura ambiente (15 a 30\u00baC). Proteger da luz, do calor e da umidade (nestas condi\u00e7\u00f5es, o produto se manter\u00e1 pr\u00f3prio para o consumo, respeitando o prazo de validade indicado na embalagem). Manter fora do alcance das crian\u00e7as. Nunca compre medicamento sem orienta\u00e7\u00e3o de um profissional habilitado. Este produto n\u00e3o deve ser utilizado por mulheres gr\u00e1vidas ou em per\u00edodo de amamenta\u00e7\u00e3o sem acompanhamento m\u00e9dico. Siga corretamente o modo de usar. N\u00e3o desaparecendo os sintomas, procure orienta\u00e7\u00e3o m\u00e9dica. Este produto tamb\u00e9m n\u00e3o deve ser utilizado por menores de 18 anos sem orienta\u00e7\u00e3o profissional. Os resultados e indica\u00e7\u00f5es referentes ao uso desse produto foram avaliados e comprovados pelo fabricante deste insumo farmac\u00eautico. N\u00e3o garantimos os resultados descritos, estes variam de pessoa para pessoa dependendo de diversos fatores como alimenta\u00e7\u00e3o, pr\u00e1tica de exerc\u00edcios f\u00edsicos, presen\u00e7a de outras patologias, bem como, o uso correto do produto conforme descrito na posologia. <strong>\u201cSE PERSISTIREM OS SINTOMAS, O M\u00c9DICO DEVER\u00c1 SER CONSULTADO\u201d.<\/strong><\/li>\n<\/ul>\n<\/div>\n","protected":false},"excerpt":{"rendered":"<p>Essa formula exclusiva da <strong>Farm\u00e1cia Moderna <\/strong>promove a vasodilata\u00e7\u00e3o local de forma a estimular o crescimento e fortalecimento dos fios, proporcionando mais volume e evitando quedas, confira os benef\u00edcios:<\/p>\n<div class=\"column one\" style=\"margin-bottom: 0;\">\n<ul class=\"list_check\">\n<li>Na raiz dos c\u00edlios e nas sobrancelhas<\/li>\n<li>Estimula o crescimento dos fios<\/li>\n<li>Nutri o fol\u00edculo dos fios<\/li>\n<li>Melhora a circula\u00e7\u00e3o perif\u00e9rica<\/li>\n<li>Resultados em 8 semanas de tratamento<\/li>\n<\/ul>\n<\/div>\n","protected":false},"featured_media":214,"comment_status":"closed","ping_status":"closed","template":"","meta":[],"product_brand":[],"product_cat":[17,18],"product_tag":[],"class_list":{"0":"post-188","1":"product","2":"type-product","3":"status-publish","4":"has-post-thumbnail","6":"product_cat-beleza","7":"product_cat-todas-categorias","9":"first","10":"instock","11":"sale","12":"shipping-taxable","13":"purchasable","14":"product-type-simple"},"yoast_head":"<!-- This site is optimized with the Yoast SEO plugin v26.4 - https:\/\/yoast.com\/wordpress\/plugins\/seo\/ -->\n<title>S\u00e9rum Para Crescimento dos C\u00edlios e Sobrancelhas - Farm\u00e1cia Moderna<\/title>\n<meta name=\"robots\" content=\"index, follow, max-snippet:-1, max-image-preview:large, max-video-preview:-1\" \/>\n<link rel=\"canonical\" href=\"https:\/\/clientehostix.com.br\/farmaciamoderna\/produto\/serum-para-crescimento-dos-cilios-e-sobrancelhas\/\" \/>\n<meta property=\"og:locale\" content=\"pt_BR\" \/>\n<meta property=\"og:type\" content=\"article\" \/>\n<meta property=\"og:title\" content=\"S\u00e9rum Para Crescimento dos C\u00edlios e Sobrancelhas - Farm\u00e1cia Moderna\" \/>\n<meta property=\"og:description\" content=\"Essa formula exclusiva da Farm\u00e1cia Moderna promove a vasodilata\u00e7\u00e3o local de forma a estimular o crescimento e fortalecimento dos fios, proporcionando mais volume e evitando quedas, confira os benef\u00edcios:    Na raiz dos c\u00edlios e nas sobrancelhas  Estimula o crescimento dos fios  Nutri o fol\u00edculo dos fios  Melhora a circula\u00e7\u00e3o perif\u00e9rica  Resultados em 8 semanas de tratamento\" \/>\n<meta property=\"og:url\" content=\"https:\/\/clientehostix.com.br\/farmaciamoderna\/produto\/serum-para-crescimento-dos-cilios-e-sobrancelhas\/\" \/>\n<meta property=\"og:site_name\" content=\"Farm\u00e1cia Moderna\" \/>\n<meta property=\"article:modified_time\" content=\"2025-11-07T17:43:11+00:00\" \/>\n<meta property=\"og:image\" content=\"https:\/\/clientehostix.com.br\/farmaciamoderna\/wp-content\/uploads\/2025\/10\/serum-para-cresimento-dos-cilios-farmacia-de-manipulacao-cuiaba.jpg\" \/>\n\t<meta property=\"og:image:width\" content=\"500\" \/>\n\t<meta property=\"og:image:height\" content=\"549\" \/>\n\t<meta property=\"og:image:type\" content=\"image\/jpeg\" \/>\n<meta name=\"twitter:card\" content=\"summary_large_image\" \/>\n<meta name=\"twitter:label1\" content=\"Est. tempo de leitura\" \/>\n\t<meta name=\"twitter:data1\" content=\"4 minutos\" \/>\n<script type=\"application\/ld+json\" class=\"yoast-schema-graph\">{\"@context\":\"https:\/\/schema.org\",\"@graph\":[{\"@type\":\"WebPage\",\"@id\":\"https:\/\/clientehostix.com.br\/farmaciamoderna\/produto\/serum-para-crescimento-dos-cilios-e-sobrancelhas\/\",\"url\":\"https:\/\/clientehostix.com.br\/farmaciamoderna\/produto\/serum-para-crescimento-dos-cilios-e-sobrancelhas\/\",\"name\":\"S\u00e9rum Para Crescimento dos C\u00edlios e Sobrancelhas - Farm\u00e1cia Moderna\",\"isPartOf\":{\"@id\":\"https:\/\/clientehostix.com.br\/farmaciamoderna\/#website\"},\"primaryImageOfPage\":{\"@id\":\"https:\/\/clientehostix.com.br\/farmaciamoderna\/produto\/serum-para-crescimento-dos-cilios-e-sobrancelhas\/#primaryimage\"},\"image\":{\"@id\":\"https:\/\/clientehostix.com.br\/farmaciamoderna\/produto\/serum-para-crescimento-dos-cilios-e-sobrancelhas\/#primaryimage\"},\"thumbnailUrl\":\"https:\/\/clientehostix.com.br\/farmaciamoderna\/wp-content\/uploads\/2025\/10\/serum-para-cresimento-dos-cilios-farmacia-de-manipulacao-cuiaba.jpg\",\"datePublished\":\"2025-10-14T17:53:24+00:00\",\"dateModified\":\"2025-11-07T17:43:11+00:00\",\"breadcrumb\":{\"@id\":\"https:\/\/clientehostix.com.br\/farmaciamoderna\/produto\/serum-para-crescimento-dos-cilios-e-sobrancelhas\/#breadcrumb\"},\"inLanguage\":\"pt-BR\",\"potentialAction\":[{\"@type\":\"ReadAction\",\"target\":[\"https:\/\/clientehostix.com.br\/farmaciamoderna\/produto\/serum-para-crescimento-dos-cilios-e-sobrancelhas\/\"]}]},{\"@type\":\"ImageObject\",\"inLanguage\":\"pt-BR\",\"@id\":\"https:\/\/clientehostix.com.br\/farmaciamoderna\/produto\/serum-para-crescimento-dos-cilios-e-sobrancelhas\/#primaryimage\",\"url\":\"https:\/\/clientehostix.com.br\/farmaciamoderna\/wp-content\/uploads\/2025\/10\/serum-para-cresimento-dos-cilios-farmacia-de-manipulacao-cuiaba.jpg\",\"contentUrl\":\"https:\/\/clientehostix.com.br\/farmaciamoderna\/wp-content\/uploads\/2025\/10\/serum-para-cresimento-dos-cilios-farmacia-de-manipulacao-cuiaba.jpg\",\"width\":500,\"height\":549},{\"@type\":\"BreadcrumbList\",\"@id\":\"https:\/\/clientehostix.com.br\/farmaciamoderna\/produto\/serum-para-crescimento-dos-cilios-e-sobrancelhas\/#breadcrumb\",\"itemListElement\":[{\"@type\":\"ListItem\",\"position\":1,\"name\":\"In\u00edcio\",\"item\":\"https:\/\/clientehostix.com.br\/farmaciamoderna\/\"},{\"@type\":\"ListItem\",\"position\":2,\"name\":\"Produtos\",\"item\":\"https:\/\/clientehostix.com.br\/farmaciamoderna\/loja__trashed\/\"},{\"@type\":\"ListItem\",\"position\":3,\"name\":\"S\u00e9rum Para Crescimento dos C\u00edlios e Sobrancelhas\"}]},{\"@type\":\"WebSite\",\"@id\":\"https:\/\/clientehostix.com.br\/farmaciamoderna\/#website\",\"url\":\"https:\/\/clientehostix.com.br\/farmaciamoderna\/\",\"name\":\"Farm\u00e1cia Moderna\",\"description\":\"\",\"publisher\":{\"@id\":\"https:\/\/clientehostix.com.br\/farmaciamoderna\/#organization\"},\"potentialAction\":[{\"@type\":\"SearchAction\",\"target\":{\"@type\":\"EntryPoint\",\"urlTemplate\":\"https:\/\/clientehostix.com.br\/farmaciamoderna\/?s={search_term_string}\"},\"query-input\":{\"@type\":\"PropertyValueSpecification\",\"valueRequired\":true,\"valueName\":\"search_term_string\"}}],\"inLanguage\":\"pt-BR\"},{\"@type\":\"Organization\",\"@id\":\"https:\/\/clientehostix.com.br\/farmaciamoderna\/#organization\",\"name\":\"Farm\u00e1cia Moderna\",\"url\":\"https:\/\/clientehostix.com.br\/farmaciamoderna\/\",\"logo\":{\"@type\":\"ImageObject\",\"inLanguage\":\"pt-BR\",\"@id\":\"https:\/\/clientehostix.com.br\/farmaciamoderna\/#\/schema\/logo\/image\/\",\"url\":\"https:\/\/clientehostix.com.br\/farmaciamoderna\/wp-content\/uploads\/2025\/10\/cropped-logo2-1.png\",\"contentUrl\":\"https:\/\/clientehostix.com.br\/farmaciamoderna\/wp-content\/uploads\/2025\/10\/cropped-logo2-1.png\",\"width\":196,\"height\":90,\"caption\":\"Farm\u00e1cia Moderna\"},\"image\":{\"@id\":\"https:\/\/clientehostix.com.br\/farmaciamoderna\/#\/schema\/logo\/image\/\"}}]}<\/script>\n<!-- \/ Yoast SEO plugin. -->","yoast_head_json":{"title":"S\u00e9rum Para Crescimento dos C\u00edlios e Sobrancelhas - Farm\u00e1cia Moderna","robots":{"index":"index","follow":"follow","max-snippet":"max-snippet:-1","max-image-preview":"max-image-preview:large","max-video-preview":"max-video-preview:-1"},"canonical":"https:\/\/clientehostix.com.br\/farmaciamoderna\/produto\/serum-para-crescimento-dos-cilios-e-sobrancelhas\/","og_locale":"pt_BR","og_type":"article","og_title":"S\u00e9rum Para Crescimento dos C\u00edlios e Sobrancelhas - Farm\u00e1cia Moderna","og_description":"Essa formula exclusiva da Farm\u00e1cia Moderna promove a vasodilata\u00e7\u00e3o local de forma a estimular o crescimento e fortalecimento dos fios, proporcionando mais volume e evitando quedas, confira os benef\u00edcios:    Na raiz dos c\u00edlios e nas sobrancelhas  Estimula o crescimento dos fios  Nutri o fol\u00edculo dos fios  Melhora a circula\u00e7\u00e3o perif\u00e9rica  Resultados em 8 semanas de tratamento","og_url":"https:\/\/clientehostix.com.br\/farmaciamoderna\/produto\/serum-para-crescimento-dos-cilios-e-sobrancelhas\/","og_site_name":"Farm\u00e1cia Moderna","article_modified_time":"2025-11-07T17:43:11+00:00","og_image":[{"width":500,"height":549,"url":"https:\/\/clientehostix.com.br\/farmaciamoderna\/wp-content\/uploads\/2025\/10\/serum-para-cresimento-dos-cilios-farmacia-de-manipulacao-cuiaba.jpg","type":"image\/jpeg"}],"twitter_card":"summary_large_image","twitter_misc":{"Est. tempo de leitura":"4 minutos"},"schema":{"@context":"https:\/\/schema.org","@graph":[{"@type":"WebPage","@id":"https:\/\/clientehostix.com.br\/farmaciamoderna\/produto\/serum-para-crescimento-dos-cilios-e-sobrancelhas\/","url":"https:\/\/clientehostix.com.br\/farmaciamoderna\/produto\/serum-para-crescimento-dos-cilios-e-sobrancelhas\/","name":"S\u00e9rum Para Crescimento dos C\u00edlios e Sobrancelhas - Farm\u00e1cia Moderna","isPartOf":{"@id":"https:\/\/clientehostix.com.br\/farmaciamoderna\/#website"},"primaryImageOfPage":{"@id":"https:\/\/clientehostix.com.br\/farmaciamoderna\/produto\/serum-para-crescimento-dos-cilios-e-sobrancelhas\/#primaryimage"},"image":{"@id":"https:\/\/clientehostix.com.br\/farmaciamoderna\/produto\/serum-para-crescimento-dos-cilios-e-sobrancelhas\/#primaryimage"},"thumbnailUrl":"https:\/\/clientehostix.com.br\/farmaciamoderna\/wp-content\/uploads\/2025\/10\/serum-para-cresimento-dos-cilios-farmacia-de-manipulacao-cuiaba.jpg","datePublished":"2025-10-14T17:53:24+00:00","dateModified":"2025-11-07T17:43:11+00:00","breadcrumb":{"@id":"https:\/\/clientehostix.com.br\/farmaciamoderna\/produto\/serum-para-crescimento-dos-cilios-e-sobrancelhas\/#breadcrumb"},"inLanguage":"pt-BR","potentialAction":[{"@type":"ReadAction","target":["https:\/\/clientehostix.com.br\/farmaciamoderna\/produto\/serum-para-crescimento-dos-cilios-e-sobrancelhas\/"]}]},{"@type":"ImageObject","inLanguage":"pt-BR","@id":"https:\/\/clientehostix.com.br\/farmaciamoderna\/produto\/serum-para-crescimento-dos-cilios-e-sobrancelhas\/#primaryimage","url":"https:\/\/clientehostix.com.br\/farmaciamoderna\/wp-content\/uploads\/2025\/10\/serum-para-cresimento-dos-cilios-farmacia-de-manipulacao-cuiaba.jpg","contentUrl":"https:\/\/clientehostix.com.br\/farmaciamoderna\/wp-content\/uploads\/2025\/10\/serum-para-cresimento-dos-cilios-farmacia-de-manipulacao-cuiaba.jpg","width":500,"height":549},{"@type":"BreadcrumbList","@id":"https:\/\/clientehostix.com.br\/farmaciamoderna\/produto\/serum-para-crescimento-dos-cilios-e-sobrancelhas\/#breadcrumb","itemListElement":[{"@type":"ListItem","position":1,"name":"In\u00edcio","item":"https:\/\/clientehostix.com.br\/farmaciamoderna\/"},{"@type":"ListItem","position":2,"name":"Produtos","item":"https:\/\/clientehostix.com.br\/farmaciamoderna\/loja__trashed\/"},{"@type":"ListItem","position":3,"name":"S\u00e9rum Para Crescimento dos C\u00edlios e Sobrancelhas"}]},{"@type":"WebSite","@id":"https:\/\/clientehostix.com.br\/farmaciamoderna\/#website","url":"https:\/\/clientehostix.com.br\/farmaciamoderna\/","name":"Farm\u00e1cia Moderna","description":"","publisher":{"@id":"https:\/\/clientehostix.com.br\/farmaciamoderna\/#organization"},"potentialAction":[{"@type":"SearchAction","target":{"@type":"EntryPoint","urlTemplate":"https:\/\/clientehostix.com.br\/farmaciamoderna\/?s={search_term_string}"},"query-input":{"@type":"PropertyValueSpecification","valueRequired":true,"valueName":"search_term_string"}}],"inLanguage":"pt-BR"},{"@type":"Organization","@id":"https:\/\/clientehostix.com.br\/farmaciamoderna\/#organization","name":"Farm\u00e1cia Moderna","url":"https:\/\/clientehostix.com.br\/farmaciamoderna\/","logo":{"@type":"ImageObject","inLanguage":"pt-BR","@id":"https:\/\/clientehostix.com.br\/farmaciamoderna\/#\/schema\/logo\/image\/","url":"https:\/\/clientehostix.com.br\/farmaciamoderna\/wp-content\/uploads\/2025\/10\/cropped-logo2-1.png","contentUrl":"https:\/\/clientehostix.com.br\/farmaciamoderna\/wp-content\/uploads\/2025\/10\/cropped-logo2-1.png","width":196,"height":90,"caption":"Farm\u00e1cia Moderna"},"image":{"@id":"https:\/\/clientehostix.com.br\/farmaciamoderna\/#\/schema\/logo\/image\/"}}]}},"_links":{"self":[{"href":"https:\/\/clientehostix.com.br\/farmaciamoderna\/wp-json\/wp\/v2\/product\/188","targetHints":{"allow":["GET"]}}],"collection":[{"href":"https:\/\/clientehostix.com.br\/farmaciamoderna\/wp-json\/wp\/v2\/product"}],"about":[{"href":"https:\/\/clientehostix.com.br\/farmaciamoderna\/wp-json\/wp\/v2\/types\/product"}],"replies":[{"embeddable":true,"href":"https:\/\/clientehostix.com.br\/farmaciamoderna\/wp-json\/wp\/v2\/comments?post=188"}],"wp:featuredmedia":[{"embeddable":true,"href":"https:\/\/clientehostix.com.br\/farmaciamoderna\/wp-json\/wp\/v2\/media\/214"}],"wp:attachment":[{"href":"https:\/\/clientehostix.com.br\/farmaciamoderna\/wp-json\/wp\/v2\/media?parent=188"}],"wp:term":[{"taxonomy":"product_brand","embeddable":true,"href":"https:\/\/clientehostix.com.br\/farmaciamoderna\/wp-json\/wp\/v2\/product_brand?post=188"},{"taxonomy":"product_cat","embeddable":true,"href":"https:\/\/clientehostix.com.br\/farmaciamoderna\/wp-json\/wp\/v2\/product_cat?post=188"},{"taxonomy":"product_tag","embeddable":true,"href":"https:\/\/clientehostix.com.br\/farmaciamoderna\/wp-json\/wp\/v2\/product_tag?post=188"}],"curies":[{"name":"wp","href":"https:\/\/api.w.org\/{rel}","templated":true}]}}