{"id":435,"date":"2025-10-15T15:42:48","date_gmt":"2025-10-15T18:42:48","guid":{"rendered":"https:\/\/clientehostix.com.br\/farmaciamoderna\/?page_id=435"},"modified":"2025-10-15T16:50:19","modified_gmt":"2025-10-15T19:50:19","slug":"blog","status":"publish","type":"page","link":"https:\/\/clientehostix.com.br\/farmaciamoderna\/blog\/","title":{"rendered":"Blog"},"content":{"rendered":"\t\t<div data-elementor-type=\"wp-page\" data-elementor-id=\"435\" class=\"elementor elementor-435\" data-elementor-post-type=\"page\">\n\t\t\t\t\t\t<section class=\"elementor-section elementor-top-section elementor-element elementor-element-163b869f elementor-section-boxed elementor-section-height-default elementor-section-height-default\" data-id=\"163b869f\" data-element_type=\"section\" data-settings=\"{&quot;background_background&quot;:&quot;classic&quot;}\">\n\t\t\t\t\t\t\t<div class=\"elementor-background-overlay\"><\/div>\n\t\t\t\t\t\t\t<div class=\"elementor-container elementor-column-gap-default\">\n\t\t\t\t\t<div class=\"elementor-column elementor-col-100 elementor-top-column elementor-element elementor-element-485b9ce2 elementor-invisible\" data-id=\"485b9ce2\" data-element_type=\"column\" data-settings=\"{&quot;animation&quot;:&quot;fadeInUp&quot;}\">\n\t\t\t<div class=\"elementor-widget-wrap elementor-element-populated\">\n\t\t\t\t\t\t<div class=\"elementor-element elementor-element-3435870a elementor-invisible elementor-widget elementor-widget-heading\" data-id=\"3435870a\" data-element_type=\"widget\" data-settings=\"{&quot;_animation&quot;:&quot;fadeInUp&quot;}\" data-widget_type=\"heading.default\">\n\t\t\t\t\t<h1 class=\"elementor-heading-title elementor-size-default\">Blog Farm\u00e1cia Moderna<\/h1>\t\t\t\t<\/div>\n\t\t\t\t<div class=\"elementor-element elementor-element-baf404b elementor-widget elementor-widget-text-editor\" data-id=\"baf404b\" data-element_type=\"widget\" data-widget_type=\"text-editor.default\">\n\t\t\t\t\t\t\t\t\t<p class=\"title\">Acompanhe as \u00faltimas novidades da melhor farm\u00e1cia de manipula\u00e7\u00e3o de Cuiab\u00e1<\/p>\t\t\t\t\t\t\t\t<\/div>\n\t\t\t\t\t<\/div>\n\t\t<\/div>\n\t\t\t\t\t<\/div>\n\t\t<\/section>\n\t\t\t\t<section class=\"elementor-section elementor-top-section elementor-element elementor-element-2d46efbd elementor-section-boxed elementor-section-height-default elementor-section-height-default\" data-id=\"2d46efbd\" data-element_type=\"section\">\n\t\t\t\t\t\t<div class=\"elementor-container elementor-column-gap-default\">\n\t\t\t\t\t<div class=\"elementor-column elementor-col-100 elementor-top-column elementor-element elementor-element-8d130e3\" data-id=\"8d130e3\" data-element_type=\"column\">\n\t\t\t<div class=\"elementor-widget-wrap elementor-element-populated\">\n\t\t\t\t\t\t<div class=\"elementor-element elementor-element-290c6b5 elementor-grid-3 elementor-grid-tablet-2 elementor-grid-mobile-1 elementor-posts--thumbnail-top elementor-card-shadow-yes elementor-posts__hover-gradient elementor-widget elementor-widget-posts\" data-id=\"290c6b5\" data-element_type=\"widget\" data-settings=\"{&quot;cards_columns&quot;:&quot;3&quot;,&quot;cards_columns_tablet&quot;:&quot;2&quot;,&quot;cards_columns_mobile&quot;:&quot;1&quot;,&quot;cards_row_gap&quot;:{&quot;unit&quot;:&quot;px&quot;,&quot;size&quot;:35,&quot;sizes&quot;:[]},&quot;cards_row_gap_laptop&quot;:{&quot;unit&quot;:&quot;px&quot;,&quot;size&quot;:&quot;&quot;,&quot;sizes&quot;:[]},&quot;cards_row_gap_tablet&quot;:{&quot;unit&quot;:&quot;px&quot;,&quot;size&quot;:&quot;&quot;,&quot;sizes&quot;:[]},&quot;cards_row_gap_mobile&quot;:{&quot;unit&quot;:&quot;px&quot;,&quot;size&quot;:&quot;&quot;,&quot;sizes&quot;:[]}}\" data-widget_type=\"posts.cards\">\n\t\t\t\t<div class=\"elementor-widget-container\">\n\t\t\t\t\t\t\t<div class=\"elementor-posts-container elementor-posts elementor-posts--skin-cards elementor-grid\" role=\"list\">\n\t\t\t\t<article class=\"elementor-post elementor-grid-item post-3736 post type-post status-publish format-standard has-post-thumbnail hentry category-sem-categoria\" role=\"listitem\">\n\t\t\t<div class=\"elementor-post__card\">\n\t\t\t\t<a class=\"elementor-post__thumbnail__link\" href=\"https:\/\/clientehostix.com.br\/farmaciamoderna\/2025\/12\/01\/farmacia-de-manipulacao-em-cuiaba-35-anos-de-tradicao-e-a-inovacao-da-farmacia-moderna\/\" tabindex=\"-1\" ><div class=\"elementor-post__thumbnail\"><img fetchpriority=\"high\" decoding=\"async\" width=\"1280\" height=\"720\" src=\"https:\/\/clientehostix.com.br\/farmaciamoderna\/wp-content\/uploads\/2025\/12\/Banner-2-15.11-1-1.webp\" class=\"attachment-full size-full wp-image-3738\" alt=\"\" srcset=\"https:\/\/clientehostix.com.br\/farmaciamoderna\/wp-content\/uploads\/2025\/12\/Banner-2-15.11-1-1.webp 1280w, https:\/\/clientehostix.com.br\/farmaciamoderna\/wp-content\/uploads\/2025\/12\/Banner-2-15.11-1-1-300x169.webp 300w, https:\/\/clientehostix.com.br\/farmaciamoderna\/wp-content\/uploads\/2025\/12\/Banner-2-15.11-1-1-1024x576.webp 1024w, https:\/\/clientehostix.com.br\/farmaciamoderna\/wp-content\/uploads\/2025\/12\/Banner-2-15.11-1-1-768x432.webp 768w, https:\/\/clientehostix.com.br\/farmaciamoderna\/wp-content\/uploads\/2025\/12\/Banner-2-15.11-1-1-600x338.webp 600w\" sizes=\"(max-width: 1280px) 100vw, 1280px\" \/><\/div><\/a>\n\t\t\t\t<div class=\"elementor-post__text\">\n\t\t\t\t<h3 class=\"elementor-post__title\">\n\t\t\t<a href=\"https:\/\/clientehostix.com.br\/farmaciamoderna\/2025\/12\/01\/farmacia-de-manipulacao-em-cuiaba-35-anos-de-tradicao-e-a-inovacao-da-farmacia-moderna\/\" >\n\t\t\t\tFarm\u00e1cia de Manipula\u00e7\u00e3o em Cuiab\u00e1: 35 Anos de Tradi\u00e7\u00e3o e a Inova\u00e7\u00e3o da Farm\u00e1cia Moderna\t\t\t<\/a>\n\t\t<\/h3>\n\t\t\t\t<div class=\"elementor-post__excerpt\">\n\t\t\t<p>Hoje \u00e9 15 de novembro de 2025, Feriado da Proclama\u00e7\u00e3o da Rep\u00fablica. Em suma, \u00e9 um dia que celebra a independ\u00eancia e a escolha de<\/p>\n\t\t<\/div>\n\t\t\t\t<\/div>\n\t\t\t\t<div class=\"elementor-post__meta-data\">\n\t\t\t\t\t<span class=\"elementor-post-date\">\n\t\t\t1 de dezembro de 2025\t\t<\/span>\n\t\t\t\t<\/div>\n\t\t\t\t\t<\/div>\n\t\t<\/article>\n\t\t\t\t<article class=\"elementor-post elementor-grid-item post-3733 post type-post status-publish format-standard has-post-thumbnail hentry category-sem-categoria\" role=\"listitem\">\n\t\t\t<div class=\"elementor-post__card\">\n\t\t\t\t<a class=\"elementor-post__thumbnail__link\" href=\"https:\/\/clientehostix.com.br\/farmaciamoderna\/2025\/12\/01\/qualidade-e-confianca-em-manipulados-a-receita-da-farmacia-moderna-para-aumentar-sua-imunidade-em-cuiaba\/\" tabindex=\"-1\" ><div class=\"elementor-post__thumbnail\"><img decoding=\"async\" width=\"1280\" height=\"720\" src=\"https:\/\/clientehostix.com.br\/farmaciamoderna\/wp-content\/uploads\/2025\/12\/Banner-1-01.11-1.webp\" class=\"attachment-full size-full wp-image-3734\" alt=\"\" srcset=\"https:\/\/clientehostix.com.br\/farmaciamoderna\/wp-content\/uploads\/2025\/12\/Banner-1-01.11-1.webp 1280w, https:\/\/clientehostix.com.br\/farmaciamoderna\/wp-content\/uploads\/2025\/12\/Banner-1-01.11-1-300x169.webp 300w, https:\/\/clientehostix.com.br\/farmaciamoderna\/wp-content\/uploads\/2025\/12\/Banner-1-01.11-1-1024x576.webp 1024w, https:\/\/clientehostix.com.br\/farmaciamoderna\/wp-content\/uploads\/2025\/12\/Banner-1-01.11-1-768x432.webp 768w, https:\/\/clientehostix.com.br\/farmaciamoderna\/wp-content\/uploads\/2025\/12\/Banner-1-01.11-1-600x338.webp 600w\" sizes=\"(max-width: 1280px) 100vw, 1280px\" \/><\/div><\/a>\n\t\t\t\t<div class=\"elementor-post__text\">\n\t\t\t\t<h3 class=\"elementor-post__title\">\n\t\t\t<a href=\"https:\/\/clientehostix.com.br\/farmaciamoderna\/2025\/12\/01\/qualidade-e-confianca-em-manipulados-a-receita-da-farmacia-moderna-para-aumentar-sua-imunidade-em-cuiaba\/\" >\n\t\t\t\tQualidade e Confian\u00e7a em Manipulados: A Receita da Farm\u00e1cia Moderna para Aumentar sua Imunidade em Cuiab\u00e1\t\t\t<\/a>\n\t\t<\/h3>\n\t\t\t\t<div class=\"elementor-post__excerpt\">\n\t\t\t<p>Estamos em novembro de 2025. Inegavelmente, o fim do ano se aproxima, as temperaturas sobem e, com isso, a busca pelo &#8220;projeto ver\u00e3o&#8221; e pelo<\/p>\n\t\t<\/div>\n\t\t\t\t<\/div>\n\t\t\t\t<div class=\"elementor-post__meta-data\">\n\t\t\t\t\t<span class=\"elementor-post-date\">\n\t\t\t1 de dezembro de 2025\t\t<\/span>\n\t\t\t\t<\/div>\n\t\t\t\t\t<\/div>\n\t\t<\/article>\n\t\t\t\t<article class=\"elementor-post elementor-grid-item post-3598 post type-post status-publish format-standard has-post-thumbnail hentry category-dicas-de-saude\" role=\"listitem\">\n\t\t\t<div class=\"elementor-post__card\">\n\t\t\t\t<a class=\"elementor-post__thumbnail__link\" href=\"https:\/\/clientehostix.com.br\/farmaciamoderna\/2025\/10\/27\/goma-de-verisol-vs-colageno-hidrolisado-qual-e-melhor-para-rugas\/\" tabindex=\"-1\" ><div class=\"elementor-post__thumbnail\"><img decoding=\"async\" width=\"1000\" height=\"480\" src=\"https:\/\/clientehostix.com.br\/farmaciamoderna\/wp-content\/uploads\/2025\/10\/Banner-15.10.webp\" class=\"attachment-full size-full wp-image-3653\" alt=\"\" srcset=\"https:\/\/clientehostix.com.br\/farmaciamoderna\/wp-content\/uploads\/2025\/10\/Banner-15.10.webp 1000w, https:\/\/clientehostix.com.br\/farmaciamoderna\/wp-content\/uploads\/2025\/10\/Banner-15.10-300x144.webp 300w, https:\/\/clientehostix.com.br\/farmaciamoderna\/wp-content\/uploads\/2025\/10\/Banner-15.10-768x369.webp 768w, https:\/\/clientehostix.com.br\/farmaciamoderna\/wp-content\/uploads\/2025\/10\/Banner-15.10-600x288.webp 600w\" sizes=\"(max-width: 1000px) 100vw, 1000px\" \/><\/div><\/a>\n\t\t\t\t<div class=\"elementor-post__text\">\n\t\t\t\t<h3 class=\"elementor-post__title\">\n\t\t\t<a href=\"https:\/\/clientehostix.com.br\/farmaciamoderna\/2025\/10\/27\/goma-de-verisol-vs-colageno-hidrolisado-qual-e-melhor-para-rugas\/\" >\n\t\t\t\tGoma de Verisol vs Col\u00e1geno Hidrolisado: Qual \u00e9 Melhor para Rugas?\t\t\t<\/a>\n\t\t<\/h3>\n\t\t\t\t<div class=\"elementor-post__excerpt\">\n\t\t\t<p>Envelhecer bem \u00e9 poss\u00edvel \u2013 e come\u00e7a de dentro para fora Antes de tudo, \u00e9 importante entender que o col\u00e1geno \u00e9 uma das prote\u00ednas mais<\/p>\n\t\t<\/div>\n\t\t\t\t<\/div>\n\t\t\t\t<div class=\"elementor-post__meta-data\">\n\t\t\t\t\t<span class=\"elementor-post-date\">\n\t\t\t27 de outubro de 2025\t\t<\/span>\n\t\t\t\t<\/div>\n\t\t\t\t\t<\/div>\n\t\t<\/article>\n\t\t\t\t<article class=\"elementor-post elementor-grid-item post-2777 post type-post status-publish format-standard has-post-thumbnail hentry category-dicas-de-saude\" role=\"listitem\">\n\t\t\t<div class=\"elementor-post__card\">\n\t\t\t\t<a class=\"elementor-post__thumbnail__link\" href=\"https:\/\/clientehostix.com.br\/farmaciamoderna\/2025\/10\/27\/farmacia-de-manipulacao-em-cuiaba-como-a-farmacia-moderna-personaliza-sua-formula\/\" tabindex=\"-1\" ><div class=\"elementor-post__thumbnail\"><img loading=\"lazy\" decoding=\"async\" width=\"1000\" height=\"480\" src=\"https:\/\/clientehostix.com.br\/farmaciamoderna\/wp-content\/uploads\/2025\/10\/Banner-01.10.webp\" class=\"attachment-full size-full wp-image-3652\" alt=\"\" srcset=\"https:\/\/clientehostix.com.br\/farmaciamoderna\/wp-content\/uploads\/2025\/10\/Banner-01.10.webp 1000w, https:\/\/clientehostix.com.br\/farmaciamoderna\/wp-content\/uploads\/2025\/10\/Banner-01.10-300x144.webp 300w, https:\/\/clientehostix.com.br\/farmaciamoderna\/wp-content\/uploads\/2025\/10\/Banner-01.10-768x369.webp 768w, https:\/\/clientehostix.com.br\/farmaciamoderna\/wp-content\/uploads\/2025\/10\/Banner-01.10-600x288.webp 600w\" sizes=\"(max-width: 1000px) 100vw, 1000px\" \/><\/div><\/a>\n\t\t\t\t<div class=\"elementor-post__text\">\n\t\t\t\t<h3 class=\"elementor-post__title\">\n\t\t\t<a href=\"https:\/\/clientehostix.com.br\/farmaciamoderna\/2025\/10\/27\/farmacia-de-manipulacao-em-cuiaba-como-a-farmacia-moderna-personaliza-sua-formula\/\" >\n\t\t\t\tFarm\u00e1cia de Manipula\u00e7\u00e3o em Cuiab\u00e1: Como a Farm\u00e1cia Moderna Personaliza Sua F\u00f3rmula\t\t\t<\/a>\n\t\t<\/h3>\n\t\t\t\t<div class=\"elementor-post__excerpt\">\n\t\t\t<p>Quando falamos em farm\u00e1cia de manipula\u00e7\u00e3o em Cuiab\u00e1, a primeira refer\u00eancia que surge \u00e9 a Farm\u00e1cia Moderna. Com mais de 35 anos de tradi\u00e7\u00e3o, ela<\/p>\n\t\t<\/div>\n\t\t\t\t<\/div>\n\t\t\t\t<div class=\"elementor-post__meta-data\">\n\t\t\t\t\t<span class=\"elementor-post-date\">\n\t\t\t27 de outubro de 2025\t\t<\/span>\n\t\t\t\t<\/div>\n\t\t\t\t\t<\/div>\n\t\t<\/article>\n\t\t\t\t<article class=\"elementor-post elementor-grid-item post-3597 post type-post status-publish format-standard has-post-thumbnail hentry category-dicas-de-saude\" role=\"listitem\">\n\t\t\t<div class=\"elementor-post__card\">\n\t\t\t\t<a class=\"elementor-post__thumbnail__link\" href=\"https:\/\/clientehostix.com.br\/farmaciamoderna\/2025\/10\/27\/o-que-a-manipulacao-e-capaz-de-oferecer-para-sua-saude\/\" tabindex=\"-1\" ><div class=\"elementor-post__thumbnail\"><img loading=\"lazy\" decoding=\"async\" width=\"1000\" height=\"480\" src=\"https:\/\/clientehostix.com.br\/farmaciamoderna\/wp-content\/uploads\/2025\/10\/Banner-15.09-1.webp\" class=\"attachment-full size-full wp-image-3651\" alt=\"\" srcset=\"https:\/\/clientehostix.com.br\/farmaciamoderna\/wp-content\/uploads\/2025\/10\/Banner-15.09-1.webp 1000w, https:\/\/clientehostix.com.br\/farmaciamoderna\/wp-content\/uploads\/2025\/10\/Banner-15.09-1-300x144.webp 300w, https:\/\/clientehostix.com.br\/farmaciamoderna\/wp-content\/uploads\/2025\/10\/Banner-15.09-1-768x369.webp 768w, https:\/\/clientehostix.com.br\/farmaciamoderna\/wp-content\/uploads\/2025\/10\/Banner-15.09-1-600x288.webp 600w\" sizes=\"(max-width: 1000px) 100vw, 1000px\" \/><\/div><\/a>\n\t\t\t\t<div class=\"elementor-post__text\">\n\t\t\t\t<h3 class=\"elementor-post__title\">\n\t\t\t<a href=\"https:\/\/clientehostix.com.br\/farmaciamoderna\/2025\/10\/27\/o-que-a-manipulacao-e-capaz-de-oferecer-para-sua-saude\/\" >\n\t\t\t\tO Que a Manipula\u00e7\u00e3o \u00c9 Capaz de Oferecer Para Sua Sa\u00fade\t\t\t<\/a>\n\t\t<\/h3>\n\t\t\t\t<div class=\"elementor-post__excerpt\">\n\t\t\t<p>Cuidar de Quem Voc\u00ea Ama Come\u00e7a com Escolhas Inteligentes Antes de tudo, \u00e9 importante entender que cuidar da sa\u00fade vai muito al\u00e9m de seguir receitas<\/p>\n\t\t<\/div>\n\t\t\t\t<\/div>\n\t\t\t\t<div class=\"elementor-post__meta-data\">\n\t\t\t\t\t<span class=\"elementor-post-date\">\n\t\t\t27 de outubro de 2025\t\t<\/span>\n\t\t\t\t<\/div>\n\t\t\t\t\t<\/div>\n\t\t<\/article>\n\t\t\t\t<article class=\"elementor-post elementor-grid-item post-3596 post type-post status-publish format-standard has-post-thumbnail hentry category-dicas-de-saude\" role=\"listitem\">\n\t\t\t<div class=\"elementor-post__card\">\n\t\t\t\t<a class=\"elementor-post__thumbnail__link\" href=\"https:\/\/clientehostix.com.br\/farmaciamoderna\/2025\/10\/27\/formas-farmaceuticas-explicadas-voce-sabe-as-vantagens-de-filmes-orodispersiveis-gomas-e-demais-formas-de-manipular-seus-remedios\/\" tabindex=\"-1\" ><div class=\"elementor-post__thumbnail\"><img loading=\"lazy\" decoding=\"async\" width=\"1000\" height=\"480\" src=\"https:\/\/clientehostix.com.br\/farmaciamoderna\/wp-content\/uploads\/2025\/10\/Banner-01.09.webp\" class=\"attachment-full size-full wp-image-2772\" alt=\"\" srcset=\"https:\/\/clientehostix.com.br\/farmaciamoderna\/wp-content\/uploads\/2025\/10\/Banner-01.09.webp 1000w, https:\/\/clientehostix.com.br\/farmaciamoderna\/wp-content\/uploads\/2025\/10\/Banner-01.09-300x144.webp 300w, https:\/\/clientehostix.com.br\/farmaciamoderna\/wp-content\/uploads\/2025\/10\/Banner-01.09-768x369.webp 768w, https:\/\/clientehostix.com.br\/farmaciamoderna\/wp-content\/uploads\/2025\/10\/Banner-01.09-600x288.webp 600w\" sizes=\"(max-width: 1000px) 100vw, 1000px\" \/><\/div><\/a>\n\t\t\t\t<div class=\"elementor-post__text\">\n\t\t\t\t<h3 class=\"elementor-post__title\">\n\t\t\t<a href=\"https:\/\/clientehostix.com.br\/farmaciamoderna\/2025\/10\/27\/formas-farmaceuticas-explicadas-voce-sabe-as-vantagens-de-filmes-orodispersiveis-gomas-e-demais-formas-de-manipular-seus-remedios\/\" >\n\t\t\t\tFormas farmac\u00eauticas explicadas: voc\u00ea sabe as vantagens de filmes orodispers\u00edveis, gomas e demais formas de manipular seus rem\u00e9dios?\t\t\t<\/a>\n\t\t<\/h3>\n\t\t\t\t<div class=\"elementor-post__excerpt\">\n\t\t\t<p>Quando o assunto \u00e9 sa\u00fade personalizada, a Farm\u00e1cia Moderna, refer\u00eancia em farm\u00e1cia de manipula\u00e7\u00e3o em Cuiab\u00e1, se torna essencial na busca por bem-estar e efic\u00e1cia<\/p>\n\t\t<\/div>\n\t\t\t\t<\/div>\n\t\t\t\t<div class=\"elementor-post__meta-data\">\n\t\t\t\t\t<span class=\"elementor-post-date\">\n\t\t\t27 de outubro de 2025\t\t<\/span>\n\t\t\t\t<\/div>\n\t\t\t\t\t<\/div>\n\t\t<\/article>\n\t\t\t\t<\/div>\n\t\t\n\t\t\t\t\t\t<\/div>\n\t\t\t\t<\/div>\n\t\t\t\t\t<\/div>\n\t\t<\/div>\n\t\t\t\t\t<\/div>\n\t\t<\/section>\n\t\t\t\t<\/div>\n\t\t","protected":false},"excerpt":{"rendered":"<p>Blog Farm\u00e1cia Moderna Acompanhe as \u00faltimas novidades da melhor farm\u00e1cia de manipula\u00e7\u00e3o de Cuiab\u00e1<\/p>\n","protected":false},"author":1,"featured_media":0,"parent":0,"menu_order":0,"comment_status":"closed","ping_status":"closed","template":"","meta":{"footnotes":""},"class_list":["post-435","page","type-page","status-publish","hentry"],"yoast_head":"<!-- This site is optimized with the Yoast SEO plugin v26.4 - https:\/\/yoast.com\/wordpress\/plugins\/seo\/ -->\n<title>Blog - Farm\u00e1cia Moderna<\/title>\n<meta name=\"robots\" content=\"index, follow, max-snippet:-1, max-image-preview:large, max-video-preview:-1\" \/>\n<link rel=\"canonical\" href=\"https:\/\/clientehostix.com.br\/farmaciamoderna\/blog\/\" \/>\n<meta property=\"og:locale\" content=\"pt_BR\" \/>\n<meta property=\"og:type\" content=\"article\" \/>\n<meta property=\"og:title\" content=\"Blog - Farm\u00e1cia Moderna\" \/>\n<meta property=\"og:description\" content=\"Blog Farm\u00e1cia Moderna Acompanhe as \u00faltimas novidades da melhor farm\u00e1cia de manipula\u00e7\u00e3o de Cuiab\u00e1\" \/>\n<meta property=\"og:url\" content=\"https:\/\/clientehostix.com.br\/farmaciamoderna\/blog\/\" \/>\n<meta property=\"og:site_name\" content=\"Farm\u00e1cia Moderna\" \/>\n<meta property=\"article:modified_time\" content=\"2025-10-15T19:50:19+00:00\" \/>\n<meta name=\"twitter:card\" content=\"summary_large_image\" \/>\n<script type=\"application\/ld+json\" class=\"yoast-schema-graph\">{\"@context\":\"https:\/\/schema.org\",\"@graph\":[{\"@type\":\"WebPage\",\"@id\":\"https:\/\/clientehostix.com.br\/farmaciamoderna\/blog\/\",\"url\":\"https:\/\/clientehostix.com.br\/farmaciamoderna\/blog\/\",\"name\":\"Blog - Farm\u00e1cia Moderna\",\"isPartOf\":{\"@id\":\"https:\/\/clientehostix.com.br\/farmaciamoderna\/#website\"},\"datePublished\":\"2025-10-15T18:42:48+00:00\",\"dateModified\":\"2025-10-15T19:50:19+00:00\",\"breadcrumb\":{\"@id\":\"https:\/\/clientehostix.com.br\/farmaciamoderna\/blog\/#breadcrumb\"},\"inLanguage\":\"pt-BR\",\"potentialAction\":[{\"@type\":\"ReadAction\",\"target\":[\"https:\/\/clientehostix.com.br\/farmaciamoderna\/blog\/\"]}]},{\"@type\":\"BreadcrumbList\",\"@id\":\"https:\/\/clientehostix.com.br\/farmaciamoderna\/blog\/#breadcrumb\",\"itemListElement\":[{\"@type\":\"ListItem\",\"position\":1,\"name\":\"In\u00edcio\",\"item\":\"https:\/\/clientehostix.com.br\/farmaciamoderna\/\"},{\"@type\":\"ListItem\",\"position\":2,\"name\":\"Blog\"}]},{\"@type\":\"WebSite\",\"@id\":\"https:\/\/clientehostix.com.br\/farmaciamoderna\/#website\",\"url\":\"https:\/\/clientehostix.com.br\/farmaciamoderna\/\",\"name\":\"Farm\u00e1cia Moderna\",\"description\":\"\",\"publisher\":{\"@id\":\"https:\/\/clientehostix.com.br\/farmaciamoderna\/#organization\"},\"potentialAction\":[{\"@type\":\"SearchAction\",\"target\":{\"@type\":\"EntryPoint\",\"urlTemplate\":\"https:\/\/clientehostix.com.br\/farmaciamoderna\/?s={search_term_string}\"},\"query-input\":{\"@type\":\"PropertyValueSpecification\",\"valueRequired\":true,\"valueName\":\"search_term_string\"}}],\"inLanguage\":\"pt-BR\"},{\"@type\":\"Organization\",\"@id\":\"https:\/\/clientehostix.com.br\/farmaciamoderna\/#organization\",\"name\":\"Farm\u00e1cia Moderna\",\"url\":\"https:\/\/clientehostix.com.br\/farmaciamoderna\/\",\"logo\":{\"@type\":\"ImageObject\",\"inLanguage\":\"pt-BR\",\"@id\":\"https:\/\/clientehostix.com.br\/farmaciamoderna\/#\/schema\/logo\/image\/\",\"url\":\"https:\/\/clientehostix.com.br\/farmaciamoderna\/wp-content\/uploads\/2025\/10\/cropped-logo2-1.png\",\"contentUrl\":\"https:\/\/clientehostix.com.br\/farmaciamoderna\/wp-content\/uploads\/2025\/10\/cropped-logo2-1.png\",\"width\":196,\"height\":90,\"caption\":\"Farm\u00e1cia Moderna\"},\"image\":{\"@id\":\"https:\/\/clientehostix.com.br\/farmaciamoderna\/#\/schema\/logo\/image\/\"}}]}<\/script>\n<!-- \/ Yoast SEO plugin. -->","yoast_head_json":{"title":"Blog - Farm\u00e1cia Moderna","robots":{"index":"index","follow":"follow","max-snippet":"max-snippet:-1","max-image-preview":"max-image-preview:large","max-video-preview":"max-video-preview:-1"},"canonical":"https:\/\/clientehostix.com.br\/farmaciamoderna\/blog\/","og_locale":"pt_BR","og_type":"article","og_title":"Blog - Farm\u00e1cia Moderna","og_description":"Blog Farm\u00e1cia Moderna Acompanhe as \u00faltimas novidades da melhor farm\u00e1cia de manipula\u00e7\u00e3o de Cuiab\u00e1","og_url":"https:\/\/clientehostix.com.br\/farmaciamoderna\/blog\/","og_site_name":"Farm\u00e1cia Moderna","article_modified_time":"2025-10-15T19:50:19+00:00","twitter_card":"summary_large_image","schema":{"@context":"https:\/\/schema.org","@graph":[{"@type":"WebPage","@id":"https:\/\/clientehostix.com.br\/farmaciamoderna\/blog\/","url":"https:\/\/clientehostix.com.br\/farmaciamoderna\/blog\/","name":"Blog - Farm\u00e1cia Moderna","isPartOf":{"@id":"https:\/\/clientehostix.com.br\/farmaciamoderna\/#website"},"datePublished":"2025-10-15T18:42:48+00:00","dateModified":"2025-10-15T19:50:19+00:00","breadcrumb":{"@id":"https:\/\/clientehostix.com.br\/farmaciamoderna\/blog\/#breadcrumb"},"inLanguage":"pt-BR","potentialAction":[{"@type":"ReadAction","target":["https:\/\/clientehostix.com.br\/farmaciamoderna\/blog\/"]}]},{"@type":"BreadcrumbList","@id":"https:\/\/clientehostix.com.br\/farmaciamoderna\/blog\/#breadcrumb","itemListElement":[{"@type":"ListItem","position":1,"name":"In\u00edcio","item":"https:\/\/clientehostix.com.br\/farmaciamoderna\/"},{"@type":"ListItem","position":2,"name":"Blog"}]},{"@type":"WebSite","@id":"https:\/\/clientehostix.com.br\/farmaciamoderna\/#website","url":"https:\/\/clientehostix.com.br\/farmaciamoderna\/","name":"Farm\u00e1cia Moderna","description":"","publisher":{"@id":"https:\/\/clientehostix.com.br\/farmaciamoderna\/#organization"},"potentialAction":[{"@type":"SearchAction","target":{"@type":"EntryPoint","urlTemplate":"https:\/\/clientehostix.com.br\/farmaciamoderna\/?s={search_term_string}"},"query-input":{"@type":"PropertyValueSpecification","valueRequired":true,"valueName":"search_term_string"}}],"inLanguage":"pt-BR"},{"@type":"Organization","@id":"https:\/\/clientehostix.com.br\/farmaciamoderna\/#organization","name":"Farm\u00e1cia Moderna","url":"https:\/\/clientehostix.com.br\/farmaciamoderna\/","logo":{"@type":"ImageObject","inLanguage":"pt-BR","@id":"https:\/\/clientehostix.com.br\/farmaciamoderna\/#\/schema\/logo\/image\/","url":"https:\/\/clientehostix.com.br\/farmaciamoderna\/wp-content\/uploads\/2025\/10\/cropped-logo2-1.png","contentUrl":"https:\/\/clientehostix.com.br\/farmaciamoderna\/wp-content\/uploads\/2025\/10\/cropped-logo2-1.png","width":196,"height":90,"caption":"Farm\u00e1cia Moderna"},"image":{"@id":"https:\/\/clientehostix.com.br\/farmaciamoderna\/#\/schema\/logo\/image\/"}}]}},"_links":{"self":[{"href":"https:\/\/clientehostix.com.br\/farmaciamoderna\/wp-json\/wp\/v2\/pages\/435","targetHints":{"allow":["GET"]}}],"collection":[{"href":"https:\/\/clientehostix.com.br\/farmaciamoderna\/wp-json\/wp\/v2\/pages"}],"about":[{"href":"https:\/\/clientehostix.com.br\/farmaciamoderna\/wp-json\/wp\/v2\/types\/page"}],"author":[{"embeddable":true,"href":"https:\/\/clientehostix.com.br\/farmaciamoderna\/wp-json\/wp\/v2\/users\/1"}],"replies":[{"embeddable":true,"href":"https:\/\/clientehostix.com.br\/farmaciamoderna\/wp-json\/wp\/v2\/comments?post=435"}],"version-history":[{"count":34,"href":"https:\/\/clientehostix.com.br\/farmaciamoderna\/wp-json\/wp\/v2\/pages\/435\/revisions"}],"predecessor-version":[{"id":479,"href":"https:\/\/clientehostix.com.br\/farmaciamoderna\/wp-json\/wp\/v2\/pages\/435\/revisions\/479"}],"wp:attachment":[{"href":"https:\/\/clientehostix.com.br\/farmaciamoderna\/wp-json\/wp\/v2\/media?parent=435"}],"curies":[{"name":"wp","href":"https:\/\/api.w.org\/{rel}","templated":true}]}}