{"id":388,"date":"2025-10-15T11:59:28","date_gmt":"2025-10-15T14:59:28","guid":{"rendered":"https:\/\/clientehostix.com.br\/farmaciamoderna\/?page_id=388"},"modified":"2025-11-04T17:26:41","modified_gmt":"2025-11-04T20:26:41","slug":"quem-somos","status":"publish","type":"page","link":"https:\/\/clientehostix.com.br\/farmaciamoderna\/quem-somos\/","title":{"rendered":"Quem somos"},"content":{"rendered":"\t\t<div data-elementor-type=\"wp-page\" data-elementor-id=\"388\" class=\"elementor elementor-388\" data-elementor-post-type=\"page\">\n\t\t\t\t\t\t<section class=\"elementor-section elementor-top-section elementor-element elementor-element-5cd1fc23 elementor-section-height-min-height elementor-section-boxed elementor-section-height-default elementor-section-items-middle\" data-id=\"5cd1fc23\" data-element_type=\"section\" data-settings=\"{&quot;background_background&quot;:&quot;classic&quot;}\">\n\t\t\t\t\t\t\t<div class=\"elementor-background-overlay\"><\/div>\n\t\t\t\t\t\t\t<div class=\"elementor-container elementor-column-gap-default\">\n\t\t\t\t\t<div class=\"elementor-column elementor-col-100 elementor-top-column elementor-element elementor-element-4cd2741 elementor-invisible\" data-id=\"4cd2741\" data-element_type=\"column\" data-settings=\"{&quot;animation&quot;:&quot;fadeInUp&quot;}\">\n\t\t\t<div class=\"elementor-widget-wrap elementor-element-populated\">\n\t\t\t\t\t\t<div class=\"elementor-element elementor-element-1004d5c6 elementor-invisible elementor-widget elementor-widget-heading\" data-id=\"1004d5c6\" data-element_type=\"widget\" data-settings=\"{&quot;_animation&quot;:&quot;fadeInUp&quot;}\" data-widget_type=\"heading.default\">\n\t\t\t\t\t<h1 class=\"elementor-heading-title elementor-size-default\">Quem somos<\/h1>\t\t\t\t<\/div>\n\t\t\t\t\t<\/div>\n\t\t<\/div>\n\t\t\t\t\t<\/div>\n\t\t<\/section>\n\t\t\t\t<section class=\"elementor-section elementor-top-section elementor-element elementor-element-1673ca52 elementor-section-boxed elementor-section-height-default elementor-section-height-default\" data-id=\"1673ca52\" data-element_type=\"section\" data-settings=\"{&quot;background_background&quot;:&quot;classic&quot;}\">\n\t\t\t\t\t\t\t<div class=\"elementor-background-overlay\"><\/div>\n\t\t\t\t\t\t\t<div class=\"elementor-container elementor-column-gap-default\">\n\t\t\t\t\t<div class=\"elementor-column elementor-col-50 elementor-top-column elementor-element elementor-element-536898a6 elementor-invisible\" data-id=\"536898a6\" data-element_type=\"column\" data-settings=\"{&quot;animation&quot;:&quot;fadeInLeft&quot;}\">\n\t\t\t<div class=\"elementor-widget-wrap elementor-element-populated\">\n\t\t\t\t\t\t<div class=\"elementor-element elementor-element-574c9411 elementor-widget elementor-widget-heading\" data-id=\"574c9411\" data-element_type=\"widget\" data-widget_type=\"heading.default\">\n\t\t\t\t\t<h6 class=\"elementor-heading-title elementor-size-default\">sobre<\/h6>\t\t\t\t<\/div>\n\t\t\t\t<div class=\"elementor-element elementor-element-7c833bc6 elementor-widget elementor-widget-heading\" data-id=\"7c833bc6\" data-element_type=\"widget\" data-widget_type=\"heading.default\">\n\t\t\t\t\t<h2 class=\"elementor-heading-title elementor-size-default\">A Farm\u00e1cia moderna alia experi\u00eancia com moderna estrutura. <\/h2>\t\t\t\t<\/div>\n\t\t\t\t<div class=\"elementor-element elementor-element-20145673 elementor-widget elementor-widget-text-editor\" data-id=\"20145673\" data-element_type=\"widget\" data-widget_type=\"text-editor.default\">\n\t\t\t\t\t\t\t\t\t<p>A Farm\u00e1cia Moderna \u00e9 uma empresa que manipula medicamentos e cosm\u00e9ticos sob receita m\u00e9dica.<\/p><p>Atua h\u00e1 mais de 30 anos em Cuiab\u00e1, onde conquistou o reconhecimento da classe m\u00e9dica e o carinho dos cidad\u00e3os em fun\u00e7\u00e3o da qualidade dos servi\u00e7os que presta e excel\u00eancia t\u00e9cnica nos manipulados que produz.<\/p><p>Os laborat\u00f3rios da Farm\u00e1cia Moderna foram projetados segundo normas internacionais de G.M.P. (Boas Pr\u00e1ticas de Laborat\u00f3rio): possuem \u00e1reas de assepsia, sistemas de exaust\u00e3o para eliminar riscos de contamina\u00e7\u00e3o cruzada, pisos, paredes e mobili\u00e1rios que permitem uma f\u00e1cil elimina\u00e7\u00e3o de contamina\u00e7\u00e3o microbiana, setores individualizados para diferentes manipula\u00e7\u00f5es e setores de controle de qualidade espec\u00edficos.<\/p><p>Nossos laborat\u00f3rios receberam o grau m\u00e1ximo de avalia\u00e7\u00e3o em inspe\u00e7\u00f5es e auditorias, o que os torna uma refer\u00eancia do padr\u00e3o de qualidade.<\/p>\t\t\t\t\t\t\t\t<\/div>\n\t\t\t\t\t<\/div>\n\t\t<\/div>\n\t\t\t\t<div class=\"elementor-column elementor-col-50 elementor-top-column elementor-element elementor-element-70a1dbfa elementor-invisible\" data-id=\"70a1dbfa\" data-element_type=\"column\" data-settings=\"{&quot;animation&quot;:&quot;rollIn&quot;}\">\n\t\t\t<div class=\"elementor-widget-wrap elementor-element-populated\">\n\t\t\t\t\t\t<div class=\"elementor-element elementor-element-5e74ec30 elementor-widget elementor-widget-image\" data-id=\"5e74ec30\" data-element_type=\"widget\" data-widget_type=\"image.default\">\n\t\t\t\t\t\t\t\t\t\t\t\t\t\t\t<img fetchpriority=\"high\" decoding=\"async\" width=\"864\" height=\"942\" src=\"https:\/\/clientehostix.com.br\/farmaciamoderna\/wp-content\/uploads\/2025\/11\/farm-1.jpg\" class=\"attachment-full size-full wp-image-2060\" alt=\"\" srcset=\"https:\/\/clientehostix.com.br\/farmaciamoderna\/wp-content\/uploads\/2025\/11\/farm-1.jpg 864w, https:\/\/clientehostix.com.br\/farmaciamoderna\/wp-content\/uploads\/2025\/11\/farm-1-275x300.jpg 275w, https:\/\/clientehostix.com.br\/farmaciamoderna\/wp-content\/uploads\/2025\/11\/farm-1-768x837.jpg 768w, https:\/\/clientehostix.com.br\/farmaciamoderna\/wp-content\/uploads\/2025\/11\/farm-1-600x654.jpg 600w\" sizes=\"(max-width: 864px) 100vw, 864px\" \/>\t\t\t\t\t\t\t\t\t\t\t\t\t\t\t<\/div>\n\t\t\t\t\t<\/div>\n\t\t<\/div>\n\t\t\t\t\t<\/div>\n\t\t<\/section>\n\t\t<div class=\"elementor-element elementor-element-cd6dfe4 e-con-full e-flex e-con e-parent\" data-id=\"cd6dfe4\" data-element_type=\"container\" data-settings=\"{&quot;background_background&quot;:&quot;classic&quot;}\">\n\t\t\t\t<\/div>\n\t\t\t\t<\/div>\n\t\t","protected":false},"excerpt":{"rendered":"<p>sobre A Farm\u00e1cia moderna alia experi\u00eancia com moderna estrutura. A Farm\u00e1cia Moderna \u00e9 uma empresa que manipula medicamentos e cosm\u00e9ticos sob receita m\u00e9dica. Atua h\u00e1 mais de 30 anos em Cuiab\u00e1, onde conquistou o reconhecimento da classe m\u00e9dica e o carinho dos cidad\u00e3os em fun\u00e7\u00e3o da qualidade dos servi\u00e7os que presta e excel\u00eancia t\u00e9cnica nos [&hellip;]<\/p>\n","protected":false},"author":1,"featured_media":0,"parent":0,"menu_order":0,"comment_status":"closed","ping_status":"closed","template":"elementor_header_footer","meta":{"footnotes":""},"class_list":["post-388","page","type-page","status-publish","hentry"],"yoast_head":"<!-- This site is optimized with the Yoast SEO plugin v26.4 - https:\/\/yoast.com\/wordpress\/plugins\/seo\/ -->\n<title>Quem somos - Farm\u00e1cia Moderna<\/title>\n<meta name=\"robots\" content=\"index, follow, max-snippet:-1, max-image-preview:large, max-video-preview:-1\" \/>\n<link rel=\"canonical\" href=\"https:\/\/clientehostix.com.br\/farmaciamoderna\/quem-somos\/\" \/>\n<meta property=\"og:locale\" content=\"pt_BR\" \/>\n<meta property=\"og:type\" content=\"article\" \/>\n<meta property=\"og:title\" content=\"Quem somos - Farm\u00e1cia Moderna\" \/>\n<meta property=\"og:description\" content=\"sobre A Farm\u00e1cia moderna alia experi\u00eancia com moderna estrutura. A Farm\u00e1cia Moderna \u00e9 uma empresa que manipula medicamentos e cosm\u00e9ticos sob receita m\u00e9dica. Atua h\u00e1 mais de 30 anos em Cuiab\u00e1, onde conquistou o reconhecimento da classe m\u00e9dica e o carinho dos cidad\u00e3os em fun\u00e7\u00e3o da qualidade dos servi\u00e7os que presta e excel\u00eancia t\u00e9cnica nos [&hellip;]\" \/>\n<meta property=\"og:url\" content=\"https:\/\/clientehostix.com.br\/farmaciamoderna\/quem-somos\/\" \/>\n<meta property=\"og:site_name\" content=\"Farm\u00e1cia Moderna\" \/>\n<meta property=\"article:modified_time\" content=\"2025-11-04T20:26:41+00:00\" \/>\n<meta property=\"og:image\" content=\"https:\/\/clientehostix.com.br\/farmaciamoderna\/wp-content\/uploads\/2025\/11\/farm-1.jpg\" \/>\n\t<meta property=\"og:image:width\" content=\"864\" \/>\n\t<meta property=\"og:image:height\" content=\"942\" \/>\n\t<meta property=\"og:image:type\" content=\"image\/jpeg\" \/>\n<meta name=\"twitter:card\" content=\"summary_large_image\" \/>\n<meta name=\"twitter:label1\" content=\"Est. tempo de leitura\" \/>\n\t<meta name=\"twitter:data1\" content=\"1 minuto\" \/>\n<script type=\"application\/ld+json\" class=\"yoast-schema-graph\">{\"@context\":\"https:\/\/schema.org\",\"@graph\":[{\"@type\":\"WebPage\",\"@id\":\"https:\/\/clientehostix.com.br\/farmaciamoderna\/quem-somos\/\",\"url\":\"https:\/\/clientehostix.com.br\/farmaciamoderna\/quem-somos\/\",\"name\":\"Quem somos - Farm\u00e1cia Moderna\",\"isPartOf\":{\"@id\":\"https:\/\/clientehostix.com.br\/farmaciamoderna\/#website\"},\"primaryImageOfPage\":{\"@id\":\"https:\/\/clientehostix.com.br\/farmaciamoderna\/quem-somos\/#primaryimage\"},\"image\":{\"@id\":\"https:\/\/clientehostix.com.br\/farmaciamoderna\/quem-somos\/#primaryimage\"},\"thumbnailUrl\":\"https:\/\/clientehostix.com.br\/farmaciamoderna\/wp-content\/uploads\/2025\/11\/farm-1.jpg\",\"datePublished\":\"2025-10-15T14:59:28+00:00\",\"dateModified\":\"2025-11-04T20:26:41+00:00\",\"breadcrumb\":{\"@id\":\"https:\/\/clientehostix.com.br\/farmaciamoderna\/quem-somos\/#breadcrumb\"},\"inLanguage\":\"pt-BR\",\"potentialAction\":[{\"@type\":\"ReadAction\",\"target\":[\"https:\/\/clientehostix.com.br\/farmaciamoderna\/quem-somos\/\"]}]},{\"@type\":\"ImageObject\",\"inLanguage\":\"pt-BR\",\"@id\":\"https:\/\/clientehostix.com.br\/farmaciamoderna\/quem-somos\/#primaryimage\",\"url\":\"https:\/\/clientehostix.com.br\/farmaciamoderna\/wp-content\/uploads\/2025\/11\/farm-1.jpg\",\"contentUrl\":\"https:\/\/clientehostix.com.br\/farmaciamoderna\/wp-content\/uploads\/2025\/11\/farm-1.jpg\",\"width\":864,\"height\":942},{\"@type\":\"BreadcrumbList\",\"@id\":\"https:\/\/clientehostix.com.br\/farmaciamoderna\/quem-somos\/#breadcrumb\",\"itemListElement\":[{\"@type\":\"ListItem\",\"position\":1,\"name\":\"In\u00edcio\",\"item\":\"https:\/\/clientehostix.com.br\/farmaciamoderna\/\"},{\"@type\":\"ListItem\",\"position\":2,\"name\":\"Quem somos\"}]},{\"@type\":\"WebSite\",\"@id\":\"https:\/\/clientehostix.com.br\/farmaciamoderna\/#website\",\"url\":\"https:\/\/clientehostix.com.br\/farmaciamoderna\/\",\"name\":\"Farm\u00e1cia Moderna\",\"description\":\"\",\"publisher\":{\"@id\":\"https:\/\/clientehostix.com.br\/farmaciamoderna\/#organization\"},\"potentialAction\":[{\"@type\":\"SearchAction\",\"target\":{\"@type\":\"EntryPoint\",\"urlTemplate\":\"https:\/\/clientehostix.com.br\/farmaciamoderna\/?s={search_term_string}\"},\"query-input\":{\"@type\":\"PropertyValueSpecification\",\"valueRequired\":true,\"valueName\":\"search_term_string\"}}],\"inLanguage\":\"pt-BR\"},{\"@type\":\"Organization\",\"@id\":\"https:\/\/clientehostix.com.br\/farmaciamoderna\/#organization\",\"name\":\"Farm\u00e1cia Moderna\",\"url\":\"https:\/\/clientehostix.com.br\/farmaciamoderna\/\",\"logo\":{\"@type\":\"ImageObject\",\"inLanguage\":\"pt-BR\",\"@id\":\"https:\/\/clientehostix.com.br\/farmaciamoderna\/#\/schema\/logo\/image\/\",\"url\":\"https:\/\/clientehostix.com.br\/farmaciamoderna\/wp-content\/uploads\/2025\/10\/cropped-logo2-1.png\",\"contentUrl\":\"https:\/\/clientehostix.com.br\/farmaciamoderna\/wp-content\/uploads\/2025\/10\/cropped-logo2-1.png\",\"width\":196,\"height\":90,\"caption\":\"Farm\u00e1cia Moderna\"},\"image\":{\"@id\":\"https:\/\/clientehostix.com.br\/farmaciamoderna\/#\/schema\/logo\/image\/\"}}]}<\/script>\n<!-- \/ Yoast SEO plugin. -->","yoast_head_json":{"title":"Quem somos - Farm\u00e1cia Moderna","robots":{"index":"index","follow":"follow","max-snippet":"max-snippet:-1","max-image-preview":"max-image-preview:large","max-video-preview":"max-video-preview:-1"},"canonical":"https:\/\/clientehostix.com.br\/farmaciamoderna\/quem-somos\/","og_locale":"pt_BR","og_type":"article","og_title":"Quem somos - Farm\u00e1cia Moderna","og_description":"sobre A Farm\u00e1cia moderna alia experi\u00eancia com moderna estrutura. A Farm\u00e1cia Moderna \u00e9 uma empresa que manipula medicamentos e cosm\u00e9ticos sob receita m\u00e9dica. Atua h\u00e1 mais de 30 anos em Cuiab\u00e1, onde conquistou o reconhecimento da classe m\u00e9dica e o carinho dos cidad\u00e3os em fun\u00e7\u00e3o da qualidade dos servi\u00e7os que presta e excel\u00eancia t\u00e9cnica nos [&hellip;]","og_url":"https:\/\/clientehostix.com.br\/farmaciamoderna\/quem-somos\/","og_site_name":"Farm\u00e1cia Moderna","article_modified_time":"2025-11-04T20:26:41+00:00","og_image":[{"width":864,"height":942,"url":"https:\/\/clientehostix.com.br\/farmaciamoderna\/wp-content\/uploads\/2025\/11\/farm-1.jpg","type":"image\/jpeg"}],"twitter_card":"summary_large_image","twitter_misc":{"Est. tempo de leitura":"1 minuto"},"schema":{"@context":"https:\/\/schema.org","@graph":[{"@type":"WebPage","@id":"https:\/\/clientehostix.com.br\/farmaciamoderna\/quem-somos\/","url":"https:\/\/clientehostix.com.br\/farmaciamoderna\/quem-somos\/","name":"Quem somos - Farm\u00e1cia Moderna","isPartOf":{"@id":"https:\/\/clientehostix.com.br\/farmaciamoderna\/#website"},"primaryImageOfPage":{"@id":"https:\/\/clientehostix.com.br\/farmaciamoderna\/quem-somos\/#primaryimage"},"image":{"@id":"https:\/\/clientehostix.com.br\/farmaciamoderna\/quem-somos\/#primaryimage"},"thumbnailUrl":"https:\/\/clientehostix.com.br\/farmaciamoderna\/wp-content\/uploads\/2025\/11\/farm-1.jpg","datePublished":"2025-10-15T14:59:28+00:00","dateModified":"2025-11-04T20:26:41+00:00","breadcrumb":{"@id":"https:\/\/clientehostix.com.br\/farmaciamoderna\/quem-somos\/#breadcrumb"},"inLanguage":"pt-BR","potentialAction":[{"@type":"ReadAction","target":["https:\/\/clientehostix.com.br\/farmaciamoderna\/quem-somos\/"]}]},{"@type":"ImageObject","inLanguage":"pt-BR","@id":"https:\/\/clientehostix.com.br\/farmaciamoderna\/quem-somos\/#primaryimage","url":"https:\/\/clientehostix.com.br\/farmaciamoderna\/wp-content\/uploads\/2025\/11\/farm-1.jpg","contentUrl":"https:\/\/clientehostix.com.br\/farmaciamoderna\/wp-content\/uploads\/2025\/11\/farm-1.jpg","width":864,"height":942},{"@type":"BreadcrumbList","@id":"https:\/\/clientehostix.com.br\/farmaciamoderna\/quem-somos\/#breadcrumb","itemListElement":[{"@type":"ListItem","position":1,"name":"In\u00edcio","item":"https:\/\/clientehostix.com.br\/farmaciamoderna\/"},{"@type":"ListItem","position":2,"name":"Quem somos"}]},{"@type":"WebSite","@id":"https:\/\/clientehostix.com.br\/farmaciamoderna\/#website","url":"https:\/\/clientehostix.com.br\/farmaciamoderna\/","name":"Farm\u00e1cia Moderna","description":"","publisher":{"@id":"https:\/\/clientehostix.com.br\/farmaciamoderna\/#organization"},"potentialAction":[{"@type":"SearchAction","target":{"@type":"EntryPoint","urlTemplate":"https:\/\/clientehostix.com.br\/farmaciamoderna\/?s={search_term_string}"},"query-input":{"@type":"PropertyValueSpecification","valueRequired":true,"valueName":"search_term_string"}}],"inLanguage":"pt-BR"},{"@type":"Organization","@id":"https:\/\/clientehostix.com.br\/farmaciamoderna\/#organization","name":"Farm\u00e1cia Moderna","url":"https:\/\/clientehostix.com.br\/farmaciamoderna\/","logo":{"@type":"ImageObject","inLanguage":"pt-BR","@id":"https:\/\/clientehostix.com.br\/farmaciamoderna\/#\/schema\/logo\/image\/","url":"https:\/\/clientehostix.com.br\/farmaciamoderna\/wp-content\/uploads\/2025\/10\/cropped-logo2-1.png","contentUrl":"https:\/\/clientehostix.com.br\/farmaciamoderna\/wp-content\/uploads\/2025\/10\/cropped-logo2-1.png","width":196,"height":90,"caption":"Farm\u00e1cia Moderna"},"image":{"@id":"https:\/\/clientehostix.com.br\/farmaciamoderna\/#\/schema\/logo\/image\/"}}]}},"_links":{"self":[{"href":"https:\/\/clientehostix.com.br\/farmaciamoderna\/wp-json\/wp\/v2\/pages\/388","targetHints":{"allow":["GET"]}}],"collection":[{"href":"https:\/\/clientehostix.com.br\/farmaciamoderna\/wp-json\/wp\/v2\/pages"}],"about":[{"href":"https:\/\/clientehostix.com.br\/farmaciamoderna\/wp-json\/wp\/v2\/types\/page"}],"author":[{"embeddable":true,"href":"https:\/\/clientehostix.com.br\/farmaciamoderna\/wp-json\/wp\/v2\/users\/1"}],"replies":[{"embeddable":true,"href":"https:\/\/clientehostix.com.br\/farmaciamoderna\/wp-json\/wp\/v2\/comments?post=388"}],"version-history":[{"count":52,"href":"https:\/\/clientehostix.com.br\/farmaciamoderna\/wp-json\/wp\/v2\/pages\/388\/revisions"}],"predecessor-version":[{"id":2266,"href":"https:\/\/clientehostix.com.br\/farmaciamoderna\/wp-json\/wp\/v2\/pages\/388\/revisions\/2266"}],"wp:attachment":[{"href":"https:\/\/clientehostix.com.br\/farmaciamoderna\/wp-json\/wp\/v2\/media?parent=388"}],"curies":[{"name":"wp","href":"https:\/\/api.w.org\/{rel}","templated":true}]}}