{"id":115,"date":"2025-07-21T11:10:18","date_gmt":"2025-07-21T14:10:18","guid":{"rendered":"https:\/\/clientehostix.com.br\/construfirme_site\/?page_id=115"},"modified":"2025-07-22T15:25:28","modified_gmt":"2025-07-22T18:25:28","slug":"jornada-construtiva","status":"publish","type":"page","link":"https:\/\/clientehostix.com.br\/construfirme_site\/jornada-construtiva\/","title":{"rendered":"Jornada Construtiva"},"content":{"rendered":"\t\t<div data-elementor-type=\"wp-page\" data-elementor-id=\"115\" class=\"elementor elementor-115\" data-elementor-post-type=\"page\">\n\t\t\t\t<div class=\"elementor-element elementor-element-45407d4d e-flex e-con-boxed e-con e-parent\" data-id=\"45407d4d\" data-element_type=\"container\" data-settings=\"{&quot;background_background&quot;:&quot;classic&quot;}\">\n\t\t\t\t\t<div class=\"e-con-inner\">\n\t\t<div class=\"elementor-element elementor-element-7001cc1 e-flex e-con-boxed e-con e-child\" data-id=\"7001cc1\" data-element_type=\"container\">\n\t\t\t\t\t<div class=\"e-con-inner\">\n\t\t\t\t<div class=\"elementor-element elementor-element-80b751a elementor-invisible elementor-widget elementor-widget-heading\" data-id=\"80b751a\" data-element_type=\"widget\" data-settings=\"{&quot;_animation&quot;:&quot;fadeInDown&quot;}\" data-widget_type=\"heading.default\">\n\t\t\t\t\t<h1 class=\"elementor-heading-title elementor-size-default\">Como Trabalhamos<\/h1>\t\t\t\t<\/div>\n\t\t\t\t<div class=\"elementor-element elementor-element-7bcd73ff elementor-widget__width-initial elementor-invisible elementor-widget elementor-widget-text-editor\" data-id=\"7bcd73ff\" data-element_type=\"widget\" data-settings=\"{&quot;_animation&quot;:&quot;fadeInUp&quot;}\" data-widget_type=\"text-editor.default\">\n\t\t\t\t\t\t\t\t\t<p>Construir n\u00e3o precisa ser complicado. Com a Construfirme, voc\u00ea vive uma jornada clara, organizada e segura \u2014 do sonho \u00e0 entrega das chaves.<\/p>\t\t\t\t\t\t\t\t<\/div>\n\t\t\t\t\t<\/div>\n\t\t\t\t<\/div>\n\t\t\t\t\t<\/div>\n\t\t\t\t<\/div>\n\t\t<div class=\"elementor-element elementor-element-6afc8836 e-flex e-con-boxed e-con e-parent\" data-id=\"6afc8836\" data-element_type=\"container\">\n\t\t\t\t\t<div class=\"e-con-inner\">\n\t\t<div class=\"elementor-element elementor-element-4de54b4a e-con-full e-flex e-con e-child\" data-id=\"4de54b4a\" data-element_type=\"container\">\n\t\t\t\t<div class=\"elementor-element elementor-element-f696664 elementor-view-default elementor-position-top elementor-mobile-position-top elementor-widget elementor-widget-icon-box\" data-id=\"f696664\" data-element_type=\"widget\" data-widget_type=\"icon-box.default\">\n\t\t\t\t\t\t\t<div class=\"elementor-icon-box-wrapper\">\n\n\t\t\t\t\t\t<div class=\"elementor-icon-box-icon\">\n\t\t\t\t<span  class=\"elementor-icon elementor-animation-grow\">\n\t\t\t\t<svg xmlns=\"http:\/\/www.w3.org\/2000\/svg\" id=\"Layer_1\" viewBox=\"0 0 409.6 409.6\"><defs><style>      .st0 {        fill: #fff;      }    <\/style><\/defs><path class=\"st0\" d=\"M22.4,409.6c-1.2-1.1-5.6-4.6-5.6-6v-212c-10.9,1.7-21.4-3.4-12.8-14.8L176,4.8c6.2-5.2,8.4-5.5,14.8-.4,26.3,30.2,62.6,57.4,87.8,87.8,3.1,3.7,5.7,6.8,2.7,11.6s-9.2,4.9-13.5.8L183.4,20.8,28.7,175.7h29.1l120.9-121c3-2.5,6.7-2.5,9.6,0l100.3,100.2c7.2-4.7,12-13.6,20-17.3,16.9-7.8,37.8-12.6,55.3-19.8,4.2-.6,8.7,3,8.9,7.2l-21.1,58.8-65.1,65c-8.1,2.4-13.9-5.3-9.2-12.4l56.2-56.3-23.4-22.7-144.7,144.5.4,2,22,21.9,51.5-51.4c8.4-5.5,16.9,3.9,10.8,11.6-25.1,24.1-48.4,50.4-74.6,73.1-30.6,15.7-61.9-18.6-41.9-47.5s7.2-7.3,9.9-11.7l.4-97c1.5-2.7,3.9-5.4,7.2-5.6h65.4c5.2,1.5,8.9,6.8,5.6,12s-4,4-4.8,4h-57.9v71.1l118.2-117.8-94.5-93.8-116.3,116.1c-.7.6-4,2.8-4.4,2.8h-29.9v202h120.2c1.1,0,4,2.2,4.8,3.2,4.2,5.2.9,10.4-4.4,12.8H22.4ZM351.3,138.9l-25.5,10,15.6,16.3,10-26.3ZM153,314.6c-24.6,19,5,47.1,23.4,22.7l-23.4-22.7Z\"><\/path><path class=\"st0\" d=\"M173.3,409.6c-6.7-3.7-7.4-9.6-2-15.2,76-75.1,150.5-152.1,227.4-226.1,5.3-2,8.3.8,11,5v236.3h-236.3ZM393.6,393.6v-198l-30.3,29.9c4.6,4.3,14.8,12.9,7.1,19.1s-12.8-3.9-18.6-7.5l-19.3,19.1c-1,1.9,4.6,5.8,6,7.6,6,7.8,1.2,16.5-8,13.6s-9.2-9.2-9.9-9.2l-20.3,20.3c4.7,4.4,14.3,12.5,7.1,19.1s-14.2-2.9-18.7-7.5l-20.3,20.3c0,.8,8.4,7.3,9.2,9.9,2.9,9.2-5.7,14-13.6,8s-5.7-7-7.6-6l-19.1,19.3c3.6,5.8,13.8,10.8,7.5,18.6-6.2,7.7-14.8-2.6-19.1-7.1l-29.9,30.3h198Z\"><\/path><path class=\"st0\" d=\"M54.9,226.1l66.1-.2c4.5.6,7.2,4,7.6,8.4,1.9,20.3-1.5,43.4,0,63.9-.6,4.5-4,7.2-8.4,7.6-20.3,1.9-43.4-1.5-63.9,0-4.5-.6-7.2-4-7.6-8.4-1.9-20.3,1.5-43.4,0-63.9,0-2.9,3.5-6.8,6.2-7.4ZM112.6,241.9h-47.9v47.9h47.9v-47.9Z\"><\/path><path class=\"st0\" d=\"M213.9,151.7c0,16.7-13.5,30.2-30.2,30.2s-30.2-13.5-30.2-30.2,13.5-30.2,30.2-30.2,30.2,13.5,30.2,30.2ZM198,151.7c0-7.9-6.4-14.4-14.4-14.4s-14.4,6.4-14.4,14.4,6.4,14.4,14.4,14.4,14.4-6.4,14.4-14.4Z\"><\/path><circle class=\"st0\" cx=\"264\" cy=\"261.1\" r=\"7.9\"><\/circle><circle class=\"st0\" cx=\"294.6\" cy=\"119.8\" r=\"7.8\"><\/circle><path class=\"st0\" d=\"M359.1,264.5c5.9-1.4,9.8,1.6,10.6,7.4-2,28.8,2.6,61.1,0,89.5s-3.5,8.3-8.4,8.4c-28.4-2.1-60.7,2.7-88.7,0-7.7-.7-10.8-6.5-6.7-13.2l90.2-90.2c.8-.8,1.8-1.5,3-1.8ZM353.7,353.7v-62.3l-62.3,62.3h62.3Z\"><\/path><\/svg>\t\t\t\t<\/span>\n\t\t\t<\/div>\n\t\t\t\n\t\t\t\t\t\t<div class=\"elementor-icon-box-content\">\n\n\t\t\t\t\t\t\t\t\t<h5 class=\"elementor-icon-box-title\">\n\t\t\t\t\t\t<span  >\n\t\t\t\t\t\t\tProjeto Arquitet\u00f4nico\t\t\t\t\t\t<\/span>\n\t\t\t\t\t<\/h5>\n\t\t\t\t\n\t\t\t\t\t\t\t\t\t<p class=\"elementor-icon-box-description\">\n\t\t\t\t\t\tDesenvolvemos o projeto sob medida para sua realidade e seu terreno, com foco em funcionalidade, est\u00e9tica e aprova\u00e7\u00f5es r\u00e1pidas. Garantimos a compatibiliza\u00e7\u00e3o t\u00e9cnica com a execu\u00e7\u00e3o da obra e cuidamos de toda a parte de aprova\u00e7\u00e3o em prefeituras e \u00f3rg\u00e3os competentes.\t\t\t\t\t<\/p>\n\t\t\t\t\n\t\t\t<\/div>\n\t\t\t\n\t\t<\/div>\n\t\t\t\t\t\t<\/div>\n\t\t\t\t<\/div>\n\t\t<div class=\"elementor-element elementor-element-60c86c8 e-con-full e-flex e-con e-child\" data-id=\"60c86c8\" data-element_type=\"container\">\n\t\t\t\t<div class=\"elementor-element elementor-element-2fd86f26 elementor-view-default elementor-position-top elementor-mobile-position-top elementor-widget elementor-widget-icon-box\" data-id=\"2fd86f26\" data-element_type=\"widget\" data-widget_type=\"icon-box.default\">\n\t\t\t\t\t\t\t<div class=\"elementor-icon-box-wrapper\">\n\n\t\t\t\t\t\t<div class=\"elementor-icon-box-icon\">\n\t\t\t\t<span  class=\"elementor-icon elementor-animation-grow\">\n\t\t\t\t<i aria-hidden=\"true\" class=\"icon icon-brickwall\"><\/i>\t\t\t\t<\/span>\n\t\t\t<\/div>\n\t\t\t\n\t\t\t\t\t\t<div class=\"elementor-icon-box-content\">\n\n\t\t\t\t\t\t\t\t\t<h5 class=\"elementor-icon-box-title\">\n\t\t\t\t\t\t<span  >\n\t\t\t\t\t\t\tConstru\u00e7\u00e3o com Padr\u00e3o Garantido\t\t\t\t\t\t<\/span>\n\t\t\t\t\t<\/h5>\n\t\t\t\t\n\t\t\t\t\t\t\t\t\t<p class=\"elementor-icon-box-description\">\n\t\t\t\t\t\tExecutamos a obra com equipe pr\u00f3pria, materiais de qualidade e cronograma realista. Cada etapa \u00e9 acompanhada de perto, com atualiza\u00e7\u00f5es ao cliente e supervis\u00e3o t\u00e9cnica. Entregamos uma constru\u00e7\u00e3o s\u00f3lida, segura e com os acabamentos definidos em contrato.\t\t\t\t\t<\/p>\n\t\t\t\t\n\t\t\t<\/div>\n\t\t\t\n\t\t<\/div>\n\t\t\t\t\t\t<\/div>\n\t\t\t\t<\/div>\n\t\t<div class=\"elementor-element elementor-element-1df91b6f e-con-full e-flex e-con e-child\" data-id=\"1df91b6f\" data-element_type=\"container\">\n\t\t\t\t<div class=\"elementor-element elementor-element-574553df elementor-view-default elementor-position-top elementor-mobile-position-top elementor-widget elementor-widget-icon-box\" data-id=\"574553df\" data-element_type=\"widget\" data-widget_type=\"icon-box.default\">\n\t\t\t\t\t\t\t<div class=\"elementor-icon-box-wrapper\">\n\n\t\t\t\t\t\t<div class=\"elementor-icon-box-icon\">\n\t\t\t\t<span  class=\"elementor-icon elementor-animation-grow\">\n\t\t\t\t<i aria-hidden=\"true\" class=\"icon icon-document\"><\/i>\t\t\t\t<\/span>\n\t\t\t<\/div>\n\t\t\t\n\t\t\t\t\t\t<div class=\"elementor-icon-box-content\">\n\n\t\t\t\t\t\t\t\t\t<h5 class=\"elementor-icon-box-title\">\n\t\t\t\t\t\t<span  >\n\t\t\t\t\t\t\tDocumenta\u00e7\u00e3o Completa\t\t\t\t\t\t<\/span>\n\t\t\t\t\t<\/h5>\n\t\t\t\t\n\t\t\t\t\t\t\t\t\t<p class=\"elementor-icon-box-description\">\n\t\t\t\t\t\tCuidamos de todos os tr\u00e2mites legais: alvar\u00e1 de constru\u00e7\u00e3o, habite-se, CND da Receita Federal, averba\u00e7\u00e3o no cart\u00f3rio e matr\u00edcula final atualizada. Voc\u00ea recebe seu im\u00f3vel totalmente regularizado, pronto para morar, alugar ou financiar.\t\t\t\t\t<\/p>\n\t\t\t\t\n\t\t\t<\/div>\n\t\t\t\n\t\t<\/div>\n\t\t\t\t\t\t<\/div>\n\t\t\t\t<\/div>\n\t\t<div class=\"elementor-element elementor-element-7368dbdf e-con-full e-flex e-con e-child\" data-id=\"7368dbdf\" data-element_type=\"container\">\n\t\t\t\t<div class=\"elementor-element elementor-element-2e732541 elementor-view-default elementor-position-top elementor-mobile-position-top elementor-widget elementor-widget-icon-box\" data-id=\"2e732541\" data-element_type=\"widget\" data-widget_type=\"icon-box.default\">\n\t\t\t\t\t\t\t<div class=\"elementor-icon-box-wrapper\">\n\n\t\t\t\t\t\t<div class=\"elementor-icon-box-icon\">\n\t\t\t\t<span  class=\"elementor-icon elementor-animation-grow\">\n\t\t\t\t<i aria-hidden=\"true\" class=\"icon icon-Safe-house\"><\/i>\t\t\t\t<\/span>\n\t\t\t<\/div>\n\t\t\t\n\t\t\t\t\t\t<div class=\"elementor-icon-box-content\">\n\n\t\t\t\t\t\t\t\t\t<h5 class=\"elementor-icon-box-title\">\n\t\t\t\t\t\t<span  >\n\t\t\t\t\t\t\tComercializa\u00e7\u00e3o de Im\u00f3veis Prontos\t\t\t\t\t\t<\/span>\n\t\t\t\t\t<\/h5>\n\t\t\t\t\n\t\t\t\t\t\t\t\t\t<p class=\"elementor-icon-box-description\">\n\t\t\t\t\t\tAl\u00e9m da constru\u00e7\u00e3o personalizada, oferecemos casas j\u00e1 finalizadas e dispon\u00edveis para compra direta com a Construfirme. Todas com documenta\u00e7\u00e3o em dia, acabamentos de qualidade e o padr\u00e3o de excel\u00eancia que \u00e9 marca registrada da nossa empresa.\t\t\t\t\t<\/p>\n\t\t\t\t\n\t\t\t<\/div>\n\t\t\t\n\t\t<\/div>\n\t\t\t\t\t\t<\/div>\n\t\t\t\t<\/div>\n\t\t\t\t\t<\/div>\n\t\t\t\t<\/div>\n\t\t<div class=\"elementor-element elementor-element-670f694 e-flex e-con-boxed e-con e-parent\" data-id=\"670f694\" data-element_type=\"container\" data-settings=\"{&quot;background_background&quot;:&quot;video&quot;,&quot;background_motion_fx_translateY_effect&quot;:&quot;yes&quot;,&quot;background_video_link&quot;:&quot;https:\\\/\\\/www.youtube.com\\\/watch?v=ScZpkJREMpQ&quot;,&quot;background_video_start&quot;:10,&quot;background_video_end&quot;:20,&quot;background_play_on_mobile&quot;:&quot;yes&quot;,&quot;background_motion_fx_translateY_speed&quot;:{&quot;unit&quot;:&quot;px&quot;,&quot;size&quot;:4,&quot;sizes&quot;:[]},&quot;background_motion_fx_translateY_affectedRange&quot;:{&quot;unit&quot;:&quot;%&quot;,&quot;size&quot;:&quot;&quot;,&quot;sizes&quot;:{&quot;start&quot;:0,&quot;end&quot;:100}},&quot;background_motion_fx_devices&quot;:[&quot;desktop&quot;,&quot;laptop&quot;,&quot;tablet&quot;,&quot;mobile&quot;]}\">\n\t\t\t\t\t<div class=\"e-con-inner\">\n\t\t<div class=\"elementor-background-video-container\">\n\t\t\t\t\t\t\t<div class=\"elementor-background-video-embed\"><\/div>\n\t\t\t\t\t\t<\/div><div class=\"elementor-element elementor-element-3187f941 e-con-full e-flex e-con e-child\" data-id=\"3187f941\" data-element_type=\"container\">\n\t\t\t\t<div class=\"elementor-element elementor-element-e883dd2 elementor-position-left elementor-widget__width-auto elementor-vertical-align-middle elementor-view-default elementor-mobile-position-top elementor-widget elementor-widget-icon-box\" data-id=\"e883dd2\" data-element_type=\"widget\" data-widget_type=\"icon-box.default\">\n\t\t\t\t\t\t\t<div class=\"elementor-icon-box-wrapper\">\n\n\t\t\t\t\t\t<div class=\"elementor-icon-box-icon\">\n\t\t\t\t<a href=\"#elementor-action%3Aaction%3Dlightbox%26settings%3DeyJ0eXBlIjoidmlkZW8iLCJ2aWRlb1R5cGUiOiJ5b3V0dWJlIiwidXJsIjoiaHR0cHM6XC9cL3d3dy55b3V0dWJlLmNvbVwvZW1iZWRcL1NjWnBrSlJFTXBRP2ZlYXR1cmU9b2VtYmVkIn0%3D\" class=\"elementor-icon\" tabindex=\"-1\" aria-label=\"Play Video\">\n\t\t\t\t<i aria-hidden=\"true\" class=\"icon icon-vplay\"><\/i>\t\t\t\t<\/a>\n\t\t\t<\/div>\n\t\t\t\n\t\t\t\t\t\t<div class=\"elementor-icon-box-content\">\n\n\t\t\t\t\t\t\t\t\t<h5 class=\"elementor-icon-box-title\">\n\t\t\t\t\t\t<a href=\"#elementor-action%3Aaction%3Dlightbox%26settings%3DeyJ0eXBlIjoidmlkZW8iLCJ2aWRlb1R5cGUiOiJ5b3V0dWJlIiwidXJsIjoiaHR0cHM6XC9cL3d3dy55b3V0dWJlLmNvbVwvZW1iZWRcL1NjWnBrSlJFTXBRP2ZlYXR1cmU9b2VtYmVkIn0%3D\" >\n\t\t\t\t\t\t\tPlay Video\t\t\t\t\t\t<\/a>\n\t\t\t\t\t<\/h5>\n\t\t\t\t\n\t\t\t\t\n\t\t\t<\/div>\n\t\t\t\n\t\t<\/div>\n\t\t\t\t\t\t<\/div>\n\t\t\t\t<\/div>\n\t\t\t\t\t<\/div>\n\t\t\t\t<\/div>\n\t\t<div class=\"elementor-element elementor-element-392f1d8b e-flex e-con-boxed e-con e-parent\" data-id=\"392f1d8b\" data-element_type=\"container\" data-settings=\"{&quot;background_background&quot;:&quot;classic&quot;}\">\n\t\t\t\t\t<div class=\"e-con-inner\">\n\t\t<div class=\"elementor-element elementor-element-a0548d4 e-flex e-con-boxed e-con e-child\" data-id=\"a0548d4\" data-element_type=\"container\">\n\t\t\t\t\t<div class=\"e-con-inner\">\n\t\t\t\t<div class=\"elementor-element elementor-element-557c2deb elementor-widget__width-initial elementor-hidden-desktop elementor-widget-laptop__width-inherit elementor-widget elementor-widget-heading\" data-id=\"557c2deb\" data-element_type=\"widget\" data-widget_type=\"heading.default\">\n\t\t\t\t\t<h2 class=\"elementor-heading-title elementor-size-default\">Seu sonho come\u00e7a com uma boa conversa.<\/h2>\t\t\t\t<\/div>\n\t\t\t\t<div class=\"elementor-element elementor-element-7690029b elementor-widget__width-initial elementor-widget-mobile__width-inherit elementor-widget-laptop__width-inherit elementor-widget elementor-widget-text-editor\" data-id=\"7690029b\" data-element_type=\"widget\" data-widget_type=\"text-editor.default\">\n\t\t\t\t\t\t\t\t\t<p>Vamos falar sobre o que voc\u00ea deseja construir? Agende uma consulta gratuita e descubra como transformar seu projeto em realidade com tranquilidade e confian\u00e7a.<\/p>\t\t\t\t\t\t\t\t<\/div>\n\t\t\t\t<div class=\"elementor-element elementor-element-5aedecb5 elementor-align-center elementor-mobile-align-center elementor-widget elementor-widget-button\" data-id=\"5aedecb5\" data-element_type=\"widget\" data-widget_type=\"button.default\">\n\t\t\t\t\t\t\t\t\t\t<a class=\"elementor-button elementor-button-link elementor-size-md\" href=\"#\">\n\t\t\t\t\t\t<span class=\"elementor-button-content-wrapper\">\n\t\t\t\t\t\t\t\t\t<span class=\"elementor-button-text\">Fale Conosco<\/span>\n\t\t\t\t\t<\/span>\n\t\t\t\t\t<\/a>\n\t\t\t\t\t\t\t\t<\/div>\n\t\t\t\t\t<\/div>\n\t\t\t\t<\/div>\n\t\t\t\t\t<\/div>\n\t\t\t\t<\/div>\n\t\t\t\t<\/div>\n\t\t","protected":false},"excerpt":{"rendered":"<p>Como Trabalhamos Construir n\u00e3o precisa ser complicado. Com a Construfirme, voc\u00ea vive uma jornada clara, organizada e segura \u2014 do sonho \u00e0 entrega das chaves. Projeto Arquitet\u00f4nico Desenvolvemos o projeto sob medida para sua realidade e seu terreno, com foco em funcionalidade, est\u00e9tica e aprova\u00e7\u00f5es r\u00e1pidas. Garantimos a compatibiliza\u00e7\u00e3o t\u00e9cnica com a execu\u00e7\u00e3o da obra [&hellip;]<\/p>\n","protected":false},"author":1,"featured_media":0,"parent":0,"menu_order":0,"comment_status":"closed","ping_status":"closed","template":"","meta":{"_joinchat":[],"footnotes":""},"class_list":["post-115","page","type-page","status-publish","hentry"],"_links":{"self":[{"href":"https:\/\/clientehostix.com.br\/construfirme_site\/wp-json\/wp\/v2\/pages\/115","targetHints":{"allow":["GET"]}}],"collection":[{"href":"https:\/\/clientehostix.com.br\/construfirme_site\/wp-json\/wp\/v2\/pages"}],"about":[{"href":"https:\/\/clientehostix.com.br\/construfirme_site\/wp-json\/wp\/v2\/types\/page"}],"author":[{"embeddable":true,"href":"https:\/\/clientehostix.com.br\/construfirme_site\/wp-json\/wp\/v2\/users\/1"}],"replies":[{"embeddable":true,"href":"https:\/\/clientehostix.com.br\/construfirme_site\/wp-json\/wp\/v2\/comments?post=115"}],"version-history":[{"count":37,"href":"https:\/\/clientehostix.com.br\/construfirme_site\/wp-json\/wp\/v2\/pages\/115\/revisions"}],"predecessor-version":[{"id":604,"href":"https:\/\/clientehostix.com.br\/construfirme_site\/wp-json\/wp\/v2\/pages\/115\/revisions\/604"}],"wp:attachment":[{"href":"https:\/\/clientehostix.com.br\/construfirme_site\/wp-json\/wp\/v2\/media?parent=115"}],"curies":[{"name":"wp","href":"https:\/\/api.w.org\/{rel}","templated":true}]}}