{"id":404,"date":"2025-03-17T13:59:56","date_gmt":"2025-03-17T16:59:56","guid":{"rendered":"https:\/\/clientehostix.com.br\/blogtimo\/?page_id=404"},"modified":"2025-04-22T16:05:50","modified_gmt":"2025-04-22T19:05:50","slug":"todos","status":"publish","type":"page","link":"https:\/\/clientehostix.com.br\/blogtimo\/todos\/","title":{"rendered":"Todos"},"content":{"rendered":"\t\t<div data-elementor-type=\"wp-page\" data-elementor-id=\"404\" class=\"elementor elementor-404\" data-elementor-post-type=\"page\">\n\t\t\t\t<div class=\"elementor-element elementor-element-ddddcae e-flex e-con-boxed wpr-particle-no wpr-jarallax-no wpr-parallax-no wpr-sticky-section-no e-con e-parent\" data-id=\"ddddcae\" data-element_type=\"container\" data-settings=\"{&quot;background_background&quot;:&quot;classic&quot;,&quot;shape_divider_bottom&quot;:&quot;curve&quot;,&quot;shape_divider_bottom_negative&quot;:&quot;yes&quot;}\">\n\t\t\t\t\t<div class=\"e-con-inner\">\n\t\t\t\t<div class=\"elementor-shape elementor-shape-bottom\" data-negative=\"true\">\n\t\t\t<svg xmlns=\"http:\/\/www.w3.org\/2000\/svg\" viewBox=\"0 0 1000 100\" preserveAspectRatio=\"none\">\n\t<path class=\"elementor-shape-fill\" d=\"M500,97C126.7,96.3,0.8,19.8,0,0v100l1000,0V1C1000,19.4,873.3,97.8,500,97z\"\/>\n<\/svg>\t\t<\/div>\n\t\t\t\t<div class=\"elementor-element elementor-element-f6e4734 elementor-widget elementor-widget-heading\" data-id=\"f6e4734\" data-element_type=\"widget\" data-widget_type=\"heading.default\">\n\t\t\t\t<div class=\"elementor-widget-container\">\n\t\t\t\t\t<h2 class=\"elementor-heading-title elementor-size-default\">Blog TimoKids<\/h2>\t\t\t\t<\/div>\n\t\t\t\t<\/div>\n\t\t\t\t\t<\/div>\n\t\t\t\t<\/div>\n\t\t<div class=\"elementor-element elementor-element-a2f69ac e-flex e-con-boxed wpr-particle-no wpr-jarallax-no wpr-parallax-no wpr-sticky-section-no e-con e-parent\" data-id=\"a2f69ac\" data-element_type=\"container\">\n\t\t\t\t\t<div class=\"e-con-inner\">\n\t\t\t\t<div class=\"elementor-element elementor-element-e86d4fb elementor-widget elementor-widget-wpr-magazine-grid\" data-id=\"e86d4fb\" data-element_type=\"widget\" data-widget_type=\"wpr-magazine-grid.default\">\n\t\t\t\t<div class=\"elementor-widget-container\">\n\t\t\t\t\t<div class=\"wpr-magazine-grid-wrap\"  data-slide-effect=\"\"><section class=\"wpr-magazine-grid wpr-mgzn-grid-2-3 wpr-mgzn-grid-rows-1\"><article class=\"wpr-mgzn-grid-item elementor-clearfix post-554 post type-post status-publish format-standard has-post-thumbnail hentry category-dicas-timo\"><div class=\"wpr-grid-item-inner\"><div class=\"wpr-grid-media-wrap\" data-overlay-link=\"yes\"><div class=\"wpr-grid-image-wrap\" data-src=\"https:\/\/clientehostix.com.br\/blogtimo\/wp-content\/uploads\/2025\/04\/Banner-2-1.jpg\" style=\"background-image: url(https:\/\/clientehostix.com.br\/blogtimo\/wp-content\/uploads\/2025\/04\/Banner-2-1.jpg)\"><\/div><div class=\"wpr-grid-media-hover wpr-animation-wrap\"><div class=\"wpr-grid-media-hover-bg  wpr-overlay-fade-out wpr-anim-size-medium wpr-anim-timing-ease-default wpr-anim-transparency\" data-url=\"https:\/\/clientehostix.com.br\/blogtimo\/2025\/04\/22\/como-montar-o-guarda-roupa-infantil-ideal-para-cada-fase-da-crianca\/\"><\/div><div class=\"wpr-grid-media-hover-bottom elementor-clearfix\"><div class=\"wpr-grid-item-category elementor-repeater-item-87e5d5d wpr-grid-item-display-block wpr-grid-item-align-left wpr-pointer-none wpr-pointer-line-fx wpr-pointer-fx-fade wpr-grid-tax-style-1\"><div class=\"inner-block\"><a class=\" wpr-tax-id-1\" href=\"https:\/\/clientehostix.com.br\/blogtimo\/category\/dicas-timo\/\">Dicas Timo<\/a><\/div><\/div><h2 class=\"wpr-grid-item-title elementor-repeater-item-54c2e7a wpr-grid-item-display-block wpr-grid-item-align-left wpr-pointer-none wpr-pointer-line-fx wpr-pointer-fx-fade\"><div class=\"inner-block\"><a  target=\"_self\"  href=\"https:\/\/clientehostix.com.br\/blogtimo\/2025\/04\/22\/como-montar-o-guarda-roupa-infantil-ideal-para-cada-fase-da-crianca\/\">Como montar o guarda-roupa infantil ideal para cada fase da crian\u00e7a<\/a><\/div><\/h2><div class=\"wpr-grid-item-author elementor-repeater-item-cc15563 wpr-grid-item-display-inline wpr-grid-item-align-left\"><div class=\"inner-block\"><a href=\"https:\/\/clientehostix.com.br\/blogtimo\/author\/timo_kids\/\"><span>Timo Kids<\/span><\/a><\/div><\/div><div class=\"wpr-grid-item-separator elementor-repeater-item-5d88df8 wpr-grid-item-display-inline wpr-grid-item-align-left wpr-grid-sep-style-1\"><div class=\"inner-block\"><span><\/span><\/div><\/div><div class=\"wpr-grid-item-date elementor-repeater-item-b597ee4 wpr-grid-item-display-inline wpr-grid-item-align-left\"><div class=\"inner-block\"><span>22 de abril de 2025<\/span><\/div><\/div><\/div><\/div><\/div><\/div><\/article><article class=\"wpr-mgzn-grid-item elementor-clearfix post-552 post type-post status-publish format-standard has-post-thumbnail hentry category-dicas-timo\"><div class=\"wpr-grid-item-inner\"><div class=\"wpr-grid-media-wrap\" data-overlay-link=\"yes\"><div class=\"wpr-grid-image-wrap\" data-src=\"https:\/\/clientehostix.com.br\/blogtimo\/wp-content\/uploads\/2025\/04\/Banner-1.jpg\" style=\"background-image: url(https:\/\/clientehostix.com.br\/blogtimo\/wp-content\/uploads\/2025\/04\/Banner-1.jpg)\"><\/div><div class=\"wpr-grid-media-hover wpr-animation-wrap\"><div class=\"wpr-grid-media-hover-bg  wpr-overlay-fade-out wpr-anim-size-medium wpr-anim-timing-ease-default wpr-anim-transparency\" data-url=\"https:\/\/clientehostix.com.br\/blogtimo\/2025\/04\/22\/presentes-que-vestem-amor-como-as-maes-estao-escolhendo-roupas-infantis-que-fazem-a-diferenca-no-dia-a-dia\/\"><\/div><div class=\"wpr-grid-media-hover-bottom elementor-clearfix\"><div class=\"wpr-grid-item-category elementor-repeater-item-87e5d5d wpr-grid-item-display-block wpr-grid-item-align-left wpr-pointer-none wpr-pointer-line-fx wpr-pointer-fx-fade wpr-grid-tax-style-1\"><div class=\"inner-block\"><a class=\" wpr-tax-id-1\" href=\"https:\/\/clientehostix.com.br\/blogtimo\/category\/dicas-timo\/\">Dicas Timo<\/a><\/div><\/div><h2 class=\"wpr-grid-item-title elementor-repeater-item-54c2e7a wpr-grid-item-display-block wpr-grid-item-align-left wpr-pointer-none wpr-pointer-line-fx wpr-pointer-fx-fade\"><div class=\"inner-block\"><a  target=\"_self\"  href=\"https:\/\/clientehostix.com.br\/blogtimo\/2025\/04\/22\/presentes-que-vestem-amor-como-as-maes-estao-escolhendo-roupas-infantis-que-fazem-a-diferenca-no-dia-a-dia\/\">Presentes que vestem amor: como as m\u00e3es est\u00e3o escolhendo roupas infantis que fazem a diferen\u00e7a no dia a dia<\/a><\/div><\/h2><div class=\"wpr-grid-item-author elementor-repeater-item-cc15563 wpr-grid-item-display-inline wpr-grid-item-align-left\"><div class=\"inner-block\"><a href=\"https:\/\/clientehostix.com.br\/blogtimo\/author\/timo_kids\/\"><span>Timo Kids<\/span><\/a><\/div><\/div><div class=\"wpr-grid-item-separator elementor-repeater-item-5d88df8 wpr-grid-item-display-inline wpr-grid-item-align-left wpr-grid-sep-style-1\"><div class=\"inner-block\"><span><\/span><\/div><\/div><div class=\"wpr-grid-item-date elementor-repeater-item-b597ee4 wpr-grid-item-display-inline wpr-grid-item-align-left\"><div class=\"inner-block\"><span>22 de abril de 2025<\/span><\/div><\/div><\/div><\/div><\/div><\/div><\/article><article class=\"wpr-mgzn-grid-item elementor-clearfix post-519 post type-post status-publish format-standard has-post-thumbnail hentry category-dicas-timo\"><div class=\"wpr-grid-item-inner\"><div class=\"wpr-grid-media-wrap\" data-overlay-link=\"yes\"><div class=\"wpr-grid-image-wrap\" data-src=\"https:\/\/clientehostix.com.br\/blogtimo\/wp-content\/uploads\/2025\/04\/Banner-2-1280x720-1.jpg\" style=\"background-image: url(https:\/\/clientehostix.com.br\/blogtimo\/wp-content\/uploads\/2025\/04\/Banner-2-1280x720-1.jpg)\"><\/div><div class=\"wpr-grid-media-hover wpr-animation-wrap\"><div class=\"wpr-grid-media-hover-bg  wpr-overlay-fade-out wpr-anim-size-medium wpr-anim-timing-ease-default wpr-anim-transparency\" data-url=\"https:\/\/clientehostix.com.br\/blogtimo\/2025\/04\/22\/moda-infantil-confortavel-como-escolher-as-melhores-pecas-para-o-dia-a-dia\/\"><\/div><div class=\"wpr-grid-media-hover-bottom elementor-clearfix\"><div class=\"wpr-grid-item-category elementor-repeater-item-87e5d5d wpr-grid-item-display-block wpr-grid-item-align-left wpr-pointer-none wpr-pointer-line-fx wpr-pointer-fx-fade wpr-grid-tax-style-1\"><div class=\"inner-block\"><a class=\" wpr-tax-id-1\" href=\"https:\/\/clientehostix.com.br\/blogtimo\/category\/dicas-timo\/\">Dicas Timo<\/a><\/div><\/div><h2 class=\"wpr-grid-item-title elementor-repeater-item-54c2e7a wpr-grid-item-display-block wpr-grid-item-align-left wpr-pointer-none wpr-pointer-line-fx wpr-pointer-fx-fade\"><div class=\"inner-block\"><a  target=\"_self\"  href=\"https:\/\/clientehostix.com.br\/blogtimo\/2025\/04\/22\/moda-infantil-confortavel-como-escolher-as-melhores-pecas-para-o-dia-a-dia\/\">Moda Infantil Confort\u00e1vel: Como Escolher as Melhores Pe\u00e7as para o Dia a Dia<\/a><\/div><\/h2><div class=\"wpr-grid-item-author elementor-repeater-item-cc15563 wpr-grid-item-display-inline wpr-grid-item-align-left\"><div class=\"inner-block\"><a href=\"https:\/\/clientehostix.com.br\/blogtimo\/author\/timo_kids\/\"><span>Timo Kids<\/span><\/a><\/div><\/div><div class=\"wpr-grid-item-separator elementor-repeater-item-5d88df8 wpr-grid-item-display-inline wpr-grid-item-align-left wpr-grid-sep-style-1\"><div class=\"inner-block\"><span><\/span><\/div><\/div><div class=\"wpr-grid-item-date elementor-repeater-item-b597ee4 wpr-grid-item-display-inline wpr-grid-item-align-left\"><div class=\"inner-block\"><span>22 de abril de 2025<\/span><\/div><\/div><\/div><\/div><\/div><\/div><\/article><article class=\"wpr-mgzn-grid-item elementor-clearfix post-516 post type-post status-publish format-standard has-post-thumbnail hentry category-dicas-timo\"><div class=\"wpr-grid-item-inner\"><div class=\"wpr-grid-media-wrap\" data-overlay-link=\"yes\"><div class=\"wpr-grid-image-wrap\" data-src=\"https:\/\/clientehostix.com.br\/blogtimo\/wp-content\/uploads\/2025\/04\/Banner-1-1280x720-1.jpg\" style=\"background-image: url(https:\/\/clientehostix.com.br\/blogtimo\/wp-content\/uploads\/2025\/04\/Banner-1-1280x720-1.jpg)\"><\/div><div class=\"wpr-grid-media-hover wpr-animation-wrap\"><div class=\"wpr-grid-media-hover-bg  wpr-overlay-fade-out wpr-anim-size-medium wpr-anim-timing-ease-default wpr-anim-transparency\" data-url=\"https:\/\/clientehostix.com.br\/blogtimo\/2025\/04\/15\/top-5-marcas-de-moda-infantil-que-unem-qualidade-e-preco-acessivel\/\"><\/div><div class=\"wpr-grid-media-hover-bottom elementor-clearfix\"><div class=\"wpr-grid-item-category elementor-repeater-item-87e5d5d wpr-grid-item-display-block wpr-grid-item-align-left wpr-pointer-none wpr-pointer-line-fx wpr-pointer-fx-fade wpr-grid-tax-style-1\"><div class=\"inner-block\"><a class=\" wpr-tax-id-1\" href=\"https:\/\/clientehostix.com.br\/blogtimo\/category\/dicas-timo\/\">Dicas Timo<\/a><\/div><\/div><h2 class=\"wpr-grid-item-title elementor-repeater-item-54c2e7a wpr-grid-item-display-block wpr-grid-item-align-left wpr-pointer-none wpr-pointer-line-fx wpr-pointer-fx-fade\"><div class=\"inner-block\"><a  target=\"_self\"  href=\"https:\/\/clientehostix.com.br\/blogtimo\/2025\/04\/15\/top-5-marcas-de-moda-infantil-que-unem-qualidade-e-preco-acessivel\/\">Top 5 Marcas de Moda Infantil que Unem Qualidade e Pre\u00e7o Acess\u00edvel<\/a><\/div><\/h2><div class=\"wpr-grid-item-author elementor-repeater-item-cc15563 wpr-grid-item-display-inline wpr-grid-item-align-left\"><div class=\"inner-block\"><a href=\"https:\/\/clientehostix.com.br\/blogtimo\/author\/timo_kids\/\"><span>Timo Kids<\/span><\/a><\/div><\/div><div class=\"wpr-grid-item-separator elementor-repeater-item-5d88df8 wpr-grid-item-display-inline wpr-grid-item-align-left wpr-grid-sep-style-1\"><div class=\"inner-block\"><span><\/span><\/div><\/div><div class=\"wpr-grid-item-date elementor-repeater-item-b597ee4 wpr-grid-item-display-inline wpr-grid-item-align-left\"><div class=\"inner-block\"><span>15 de abril de 2025<\/span><\/div><\/div><\/div><\/div><\/div><\/div><\/article><\/section><\/div>\t\t\t\t<\/div>\n\t\t\t\t<\/div>\n\t\t\t\t\t<\/div>\n\t\t\t\t<\/div>\n\t\t<div class=\"elementor-element elementor-element-ff54db8 e-flex e-con-boxed wpr-particle-no wpr-jarallax-no wpr-parallax-no wpr-sticky-section-no e-con e-parent\" data-id=\"ff54db8\" data-element_type=\"container\" data-settings=\"{&quot;background_background&quot;:&quot;classic&quot;,&quot;shape_divider_top&quot;:&quot;clouds&quot;}\">\n\t\t\t\t\t<div class=\"e-con-inner\">\n\t\t\t\t<div class=\"elementor-shape elementor-shape-top\" data-negative=\"false\">\n\t\t\t<svg xmlns=\"http:\/\/www.w3.org\/2000\/svg\" viewBox=\"0 0 283.5 27.8\" preserveAspectRatio=\"xMidYMax slice\">\n  <path class=\"elementor-shape-fill\" d=\"M0 0v6.7c1.9-.8 4.7-1.4 8.5-1 9.5 1.1 11.1 6 11.1 6s2.1-.7 4.3-.2c2.1.5 2.8 2.6 2.8 2.6s.2-.5 1.4-.7c1.2-.2 1.7.2 1.7.2s0-2.1 1.9-2.8c1.9-.7 3.6.7 3.6.7s.7-2.9 3.1-4.1 4.7 0 4.7 0 1.2-.5 2.4 0 1.7 1.4 1.7 1.4h1.4c.7 0 1.2.7 1.2.7s.8-1.8 4-2.2c3.5-.4 5.3 2.4 6.2 4.4.4-.4 1-.7 1.8-.9 2.8-.7 4 .7 4 .7s1.7-5 11.1-6c9.5-1.1 12.3 3.9 12.3 3.9s1.2-4.8 5.7-5.7c4.5-.9 6.8 1.8 6.8 1.8s.6-.6 1.5-.9c.9-.2 1.9-.2 1.9-.2s5.2-6.4 12.6-3.3c7.3 3.1 4.7 9 4.7 9s1.9-.9 4 0 2.8 2.4 2.8 2.4 1.9-1.2 4.5-1.2 4.3 1.2 4.3 1.2.2-1 1.4-1.7 2.1-.7 2.1-.7-.5-3.1 2.1-5.5 5.7-1.4 5.7-1.4 1.5-2.3 4.2-1.1c2.7 1.2 1.7 5.2 1.7 5.2s.3-.1 1.3.5c.5.4.8.8.9 1.1.5-1.4 2.4-5.8 8.4-4 7.1 2.1 3.5 8.9 3.5 8.9s.8-.4 2 0 1.1 1.1 1.1 1.1 1.1-1.1 2.3-1.1 2.1.5 2.1.5 1.9-3.6 6.2-1.2 1.9 6.4 1.9 6.4 2.6-2.4 7.4 0c3.4 1.7 3.9 4.9 3.9 4.9s3.3-6.9 10.4-7.9 11.5 2.6 11.5 2.6.8 0 1.2.2c.4.2.9.9.9.9s4.4-3.1 8.3.2c1.9 1.7 1.5 5 1.5 5s.3-1.1 1.6-1.4c1.3-.3 2.3.2 2.3.2s-.1-1.2.5-1.9 1.9-.9 1.9-.9-4.7-9.3 4.4-13.4c5.6-2.5 9.2.9 9.2.9s5-6.2 15.9-6.2 16.1 8.1 16.1 8.1.7-.2 1.6-.4V0H0z\"\/>\n<\/svg>\n\t\t<\/div>\n\t\t<div class=\"elementor-element elementor-element-1a6147f e-con-full e-flex wpr-particle-no wpr-jarallax-no wpr-parallax-no wpr-sticky-section-no e-con e-child\" data-id=\"1a6147f\" data-element_type=\"container\">\n\t\t<div class=\"elementor-element elementor-element-a3dcba8 e-con-full e-flex wpr-particle-no wpr-jarallax-no wpr-parallax-no wpr-sticky-section-no e-con e-child\" data-id=\"a3dcba8\" data-element_type=\"container\">\n\t\t\t\t<\/div>\n\t\t<div class=\"elementor-element elementor-element-1bf0274 e-con-full e-flex wpr-particle-no wpr-jarallax-no wpr-parallax-no wpr-sticky-section-no e-con e-child\" data-id=\"1bf0274\" data-element_type=\"container\" data-settings=\"{&quot;background_background&quot;:&quot;classic&quot;}\">\n\t\t\t\t<div class=\"elementor-element elementor-element-4af9a1e elementor-widget elementor-widget-heading\" data-id=\"4af9a1e\" data-element_type=\"widget\" data-widget_type=\"heading.default\">\n\t\t\t\t<div class=\"elementor-widget-container\">\n\t\t\t\t\t<h2 class=\"elementor-heading-title elementor-size-default\">NEWS<b>LETTER<\/b><\/h2>\t\t\t\t<\/div>\n\t\t\t\t<\/div>\n\t\t\t\t<div class=\"elementor-element elementor-element-c5a9712 elementor-button-align-stretch elementor-widget elementor-widget-form\" data-id=\"c5a9712\" data-element_type=\"widget\" data-settings=\"{&quot;button_width&quot;:&quot;33&quot;,&quot;step_next_label&quot;:&quot;Next&quot;,&quot;step_previous_label&quot;:&quot;Previous&quot;,&quot;step_type&quot;:&quot;number_text&quot;,&quot;step_icon_shape&quot;:&quot;circle&quot;}\" data-widget_type=\"form.default\">\n\t\t\t\t<div class=\"elementor-widget-container\">\n\t\t\t\t\t\t\t<form class=\"elementor-form\" method=\"post\" name=\"Form\">\n\t\t\t<input type=\"hidden\" name=\"post_id\" value=\"404\"\/>\n\t\t\t<input type=\"hidden\" name=\"form_id\" value=\"c5a9712\"\/>\n\t\t\t<input type=\"hidden\" name=\"referer_title\" value=\"Blog &#8211; TimoKids\" \/>\n\n\t\t\t\n\t\t\t<div class=\"elementor-form-fields-wrapper elementor-labels-\">\n\t\t\t\t\t\t\t\t<div class=\"elementor-field-type-text elementor-field-group elementor-column elementor-field-group-name elementor-col-33\">\n\t\t\t\t\t\t\t\t\t\t\t\t<label for=\"form-field-name\" class=\"elementor-field-label elementor-screen-only\">\n\t\t\t\t\t\t\t\tName\t\t\t\t\t\t\t<\/label>\n\t\t\t\t\t\t\t\t\t\t\t\t\t\t<input size=\"1\" type=\"text\" name=\"form_fields[name]\" id=\"form-field-name\" class=\"elementor-field elementor-size-sm  elementor-field-textual\" placeholder=\"Name\">\n\t\t\t\t\t\t\t\t\t\t\t<\/div>\n\t\t\t\t\t\t\t\t<div class=\"elementor-field-type-email elementor-field-group elementor-column elementor-field-group-email elementor-col-33 elementor-field-required\">\n\t\t\t\t\t\t\t\t\t\t\t\t<label for=\"form-field-email\" class=\"elementor-field-label elementor-screen-only\">\n\t\t\t\t\t\t\t\tEmail\t\t\t\t\t\t\t<\/label>\n\t\t\t\t\t\t\t\t\t\t\t\t\t\t<input size=\"1\" type=\"email\" name=\"form_fields[email]\" id=\"form-field-email\" class=\"elementor-field elementor-size-sm  elementor-field-textual\" placeholder=\"Email\" required=\"required\" aria-required=\"true\">\n\t\t\t\t\t\t\t\t\t\t\t<\/div>\n\t\t\t\t\t\t\t\t<div class=\"elementor-field-group elementor-column elementor-field-type-submit elementor-col-33 e-form__buttons\">\n\t\t\t\t\t<button type=\"submit\" class=\"elementor-button elementor-size-sm\">\n\t\t\t\t\t\t<span >\n\t\t\t\t\t\t\t\t\t\t\t\t\t\t\t<span class=\" elementor-button-icon\">\n\t\t\t\t\t\t\t\t\t\t\t\t\t\t\t\t\t\t\t\t\t\t\t\t\t\t<\/span>\n\t\t\t\t\t\t\t\t\t\t\t\t\t\t\t\t\t\t\t\t\t\t<span class=\"elementor-button-text\">Enviar<\/span>\n\t\t\t\t\t\t\t\t\t\t\t\t\t<\/span>\n\t\t\t\t\t<\/button>\n\t\t\t\t<\/div>\n\t\t\t<\/div>\n\t\t<\/form>\n\t\t\t\t\t\t<\/div>\n\t\t\t\t<\/div>\n\t\t\t\t<\/div>\n\t\t<div class=\"elementor-element elementor-element-1f43932 e-con-full e-flex wpr-particle-no wpr-jarallax-no wpr-parallax-no wpr-sticky-section-no e-con e-child\" data-id=\"1f43932\" data-element_type=\"container\">\n\t\t\t\t<\/div>\n\t\t\t\t<\/div>\n\t\t\t\t\t<\/div>\n\t\t\t\t<\/div>\n\t\t\t\t<\/div>\n\t\t","protected":false},"excerpt":{"rendered":"<p>Blog TimoKids Dicas Timo Como montar o guarda-roupa infantil ideal para cada fase da crian\u00e7a Timo Kids22 de abril de 2025 Dicas Timo Presentes que vestem amor: como as m\u00e3es est\u00e3o escolhendo roupas infantis que fazem a diferen\u00e7a no dia a dia Timo Kids22 de abril de 2025 Dicas Timo Moda Infantil Confort\u00e1vel: Como Escolher as Melhores Pe\u00e7as para o Dia a Dia Timo Kids22 de abril de 2025 Dicas Timo Top 5 Marcas de Moda Infantil que Unem Qualidade e Pre\u00e7o Acess\u00edvel Timo Kids15 de abril de 2025 NEWSLETTER<\/p>\n","protected":false},"author":2,"featured_media":0,"parent":0,"menu_order":0,"comment_status":"closed","ping_status":"closed","template":"","meta":{"footnotes":""},"class_list":["post-404","page","type-page","status-publish","hentry"],"yoast_head":"<!-- This site is optimized with the Yoast SEO plugin v24.7 - https:\/\/yoast.com\/wordpress\/plugins\/seo\/ -->\n<title>Todos - Blog - TimoKids<\/title>\n<meta name=\"robots\" content=\"index, follow, max-snippet:-1, max-image-preview:large, max-video-preview:-1\" \/>\n<link rel=\"canonical\" href=\"https:\/\/clientehostix.com.br\/blogtimo\/todos\/\" \/>\n<meta property=\"og:locale\" content=\"pt_BR\" \/>\n<meta property=\"og:type\" content=\"article\" \/>\n<meta property=\"og:title\" content=\"Todos - Blog - TimoKids\" \/>\n<meta property=\"og:description\" content=\"Blog TimoKids Dicas Timo Como montar o guarda-roupa infantil ideal para cada fase da crian\u00e7a Timo Kids22 de abril de 2025 Dicas Timo Presentes que vestem amor: como as m\u00e3es est\u00e3o escolhendo roupas infantis que fazem a diferen\u00e7a no dia a dia Timo Kids22 de abril de 2025 Dicas Timo Moda Infantil Confort\u00e1vel: Como Escolher as Melhores Pe\u00e7as para o Dia a Dia Timo Kids22 de abril de 2025 Dicas Timo Top 5 Marcas de Moda Infantil que Unem Qualidade e Pre\u00e7o Acess\u00edvel Timo Kids15 de abril de 2025 NEWSLETTER\" \/>\n<meta property=\"og:url\" content=\"https:\/\/clientehostix.com.br\/blogtimo\/todos\/\" \/>\n<meta property=\"og:site_name\" content=\"Blog - TimoKids\" \/>\n<meta property=\"article:modified_time\" content=\"2025-04-22T19:05:50+00:00\" \/>\n<meta name=\"twitter:card\" content=\"summary_large_image\" \/>\n<meta name=\"twitter:label1\" content=\"Est. tempo de leitura\" \/>\n\t<meta name=\"twitter:data1\" content=\"1 minuto\" \/>\n<script type=\"application\/ld+json\" class=\"yoast-schema-graph\">{\"@context\":\"https:\/\/schema.org\",\"@graph\":[{\"@type\":\"WebPage\",\"@id\":\"https:\/\/clientehostix.com.br\/blogtimo\/todos\/\",\"url\":\"https:\/\/clientehostix.com.br\/blogtimo\/todos\/\",\"name\":\"Todos - Blog - TimoKids\",\"isPartOf\":{\"@id\":\"https:\/\/clientehostix.com.br\/blogtimo\/#website\"},\"datePublished\":\"2025-03-17T16:59:56+00:00\",\"dateModified\":\"2025-04-22T19:05:50+00:00\",\"breadcrumb\":{\"@id\":\"https:\/\/clientehostix.com.br\/blogtimo\/todos\/#breadcrumb\"},\"inLanguage\":\"pt-BR\",\"potentialAction\":[{\"@type\":\"ReadAction\",\"target\":[\"https:\/\/clientehostix.com.br\/blogtimo\/todos\/\"]}]},{\"@type\":\"BreadcrumbList\",\"@id\":\"https:\/\/clientehostix.com.br\/blogtimo\/todos\/#breadcrumb\",\"itemListElement\":[{\"@type\":\"ListItem\",\"position\":1,\"name\":\"In\u00edcio\",\"item\":\"https:\/\/clientehostix.com.br\/blogtimo\/\"},{\"@type\":\"ListItem\",\"position\":2,\"name\":\"Todos\"}]},{\"@type\":\"WebSite\",\"@id\":\"https:\/\/clientehostix.com.br\/blogtimo\/#website\",\"url\":\"https:\/\/clientehostix.com.br\/blogtimo\/\",\"name\":\"Blog\",\"description\":\"\",\"publisher\":{\"@id\":\"https:\/\/clientehostix.com.br\/blogtimo\/#organization\"},\"potentialAction\":[{\"@type\":\"SearchAction\",\"target\":{\"@type\":\"EntryPoint\",\"urlTemplate\":\"https:\/\/clientehostix.com.br\/blogtimo\/?s={search_term_string}\"},\"query-input\":{\"@type\":\"PropertyValueSpecification\",\"valueRequired\":true,\"valueName\":\"search_term_string\"}}],\"inLanguage\":\"pt-BR\"},{\"@type\":\"Organization\",\"@id\":\"https:\/\/clientehostix.com.br\/blogtimo\/#organization\",\"name\":\"Blog\",\"url\":\"https:\/\/clientehostix.com.br\/blogtimo\/\",\"logo\":{\"@type\":\"ImageObject\",\"inLanguage\":\"pt-BR\",\"@id\":\"https:\/\/clientehostix.com.br\/blogtimo\/#\/schema\/logo\/image\/\",\"url\":\"https:\/\/clientehostix.com.br\/blogtimo\/wp-content\/uploads\/2024\/03\/fa3482addd.webp\",\"contentUrl\":\"https:\/\/clientehostix.com.br\/blogtimo\/wp-content\/uploads\/2024\/03\/fa3482addd.webp\",\"width\":1920,\"height\":650,\"caption\":\"Blog\"},\"image\":{\"@id\":\"https:\/\/clientehostix.com.br\/blogtimo\/#\/schema\/logo\/image\/\"}}]}<\/script>\n<!-- \/ Yoast SEO plugin. -->","yoast_head_json":{"title":"Todos - Blog - TimoKids","robots":{"index":"index","follow":"follow","max-snippet":"max-snippet:-1","max-image-preview":"max-image-preview:large","max-video-preview":"max-video-preview:-1"},"canonical":"https:\/\/clientehostix.com.br\/blogtimo\/todos\/","og_locale":"pt_BR","og_type":"article","og_title":"Todos - Blog - TimoKids","og_description":"Blog TimoKids Dicas Timo Como montar o guarda-roupa infantil ideal para cada fase da crian\u00e7a Timo Kids22 de abril de 2025 Dicas Timo Presentes que vestem amor: como as m\u00e3es est\u00e3o escolhendo roupas infantis que fazem a diferen\u00e7a no dia a dia Timo Kids22 de abril de 2025 Dicas Timo Moda Infantil Confort\u00e1vel: Como Escolher as Melhores Pe\u00e7as para o Dia a Dia Timo Kids22 de abril de 2025 Dicas Timo Top 5 Marcas de Moda Infantil que Unem Qualidade e Pre\u00e7o Acess\u00edvel Timo Kids15 de abril de 2025 NEWSLETTER","og_url":"https:\/\/clientehostix.com.br\/blogtimo\/todos\/","og_site_name":"Blog - TimoKids","article_modified_time":"2025-04-22T19:05:50+00:00","twitter_card":"summary_large_image","twitter_misc":{"Est. tempo de leitura":"1 minuto"},"schema":{"@context":"https:\/\/schema.org","@graph":[{"@type":"WebPage","@id":"https:\/\/clientehostix.com.br\/blogtimo\/todos\/","url":"https:\/\/clientehostix.com.br\/blogtimo\/todos\/","name":"Todos - Blog - TimoKids","isPartOf":{"@id":"https:\/\/clientehostix.com.br\/blogtimo\/#website"},"datePublished":"2025-03-17T16:59:56+00:00","dateModified":"2025-04-22T19:05:50+00:00","breadcrumb":{"@id":"https:\/\/clientehostix.com.br\/blogtimo\/todos\/#breadcrumb"},"inLanguage":"pt-BR","potentialAction":[{"@type":"ReadAction","target":["https:\/\/clientehostix.com.br\/blogtimo\/todos\/"]}]},{"@type":"BreadcrumbList","@id":"https:\/\/clientehostix.com.br\/blogtimo\/todos\/#breadcrumb","itemListElement":[{"@type":"ListItem","position":1,"name":"In\u00edcio","item":"https:\/\/clientehostix.com.br\/blogtimo\/"},{"@type":"ListItem","position":2,"name":"Todos"}]},{"@type":"WebSite","@id":"https:\/\/clientehostix.com.br\/blogtimo\/#website","url":"https:\/\/clientehostix.com.br\/blogtimo\/","name":"Blog","description":"","publisher":{"@id":"https:\/\/clientehostix.com.br\/blogtimo\/#organization"},"potentialAction":[{"@type":"SearchAction","target":{"@type":"EntryPoint","urlTemplate":"https:\/\/clientehostix.com.br\/blogtimo\/?s={search_term_string}"},"query-input":{"@type":"PropertyValueSpecification","valueRequired":true,"valueName":"search_term_string"}}],"inLanguage":"pt-BR"},{"@type":"Organization","@id":"https:\/\/clientehostix.com.br\/blogtimo\/#organization","name":"Blog","url":"https:\/\/clientehostix.com.br\/blogtimo\/","logo":{"@type":"ImageObject","inLanguage":"pt-BR","@id":"https:\/\/clientehostix.com.br\/blogtimo\/#\/schema\/logo\/image\/","url":"https:\/\/clientehostix.com.br\/blogtimo\/wp-content\/uploads\/2024\/03\/fa3482addd.webp","contentUrl":"https:\/\/clientehostix.com.br\/blogtimo\/wp-content\/uploads\/2024\/03\/fa3482addd.webp","width":1920,"height":650,"caption":"Blog"},"image":{"@id":"https:\/\/clientehostix.com.br\/blogtimo\/#\/schema\/logo\/image\/"}}]}},"_links":{"self":[{"href":"https:\/\/clientehostix.com.br\/blogtimo\/wp-json\/wp\/v2\/pages\/404","targetHints":{"allow":["GET"]}}],"collection":[{"href":"https:\/\/clientehostix.com.br\/blogtimo\/wp-json\/wp\/v2\/pages"}],"about":[{"href":"https:\/\/clientehostix.com.br\/blogtimo\/wp-json\/wp\/v2\/types\/page"}],"author":[{"embeddable":true,"href":"https:\/\/clientehostix.com.br\/blogtimo\/wp-json\/wp\/v2\/users\/2"}],"replies":[{"embeddable":true,"href":"https:\/\/clientehostix.com.br\/blogtimo\/wp-json\/wp\/v2\/comments?post=404"}],"version-history":[{"count":13,"href":"https:\/\/clientehostix.com.br\/blogtimo\/wp-json\/wp\/v2\/pages\/404\/revisions"}],"predecessor-version":[{"id":581,"href":"https:\/\/clientehostix.com.br\/blogtimo\/wp-json\/wp\/v2\/pages\/404\/revisions\/581"}],"wp:attachment":[{"href":"https:\/\/clientehostix.com.br\/blogtimo\/wp-json\/wp\/v2\/media?parent=404"}],"curies":[{"name":"wp","href":"https:\/\/api.w.org\/{rel}","templated":true}]}}